{"id":22,"date":"2023-11-07T06:58:55","date_gmt":"2023-11-07T06:58:55","guid":{"rendered":"https:\/\/alllira.com\/?page_id=180"},"modified":"2023-11-07T06:58:55","modified_gmt":"2023-11-07T06:58:55","slug":"frequently-asked-questions","status":"publish","type":"page","link":"https:\/\/alllira.com\/es\/frequently-asked-questions\/","title":{"rendered":"Preguntas Frecuentes"},"content":{"rendered":"<h3>\u00bfC\u00f3mo buscar productos?<\/h3>\n<p>Busque productos ingresando el nombre del producto o la palabra clave en la barra de b\u00fasqueda en la parte superior de cualquier p\u00e1gina. Intente ingresar una descripci\u00f3n general. Cuantas m\u00e1s palabras clave utilice, menos productos obtendr\u00e1 en la p\u00e1gina de resultados. Cuando encuentre un producto que le interese, simplemente haga clic en el nombre del producto o en la imagen del producto para obtener m\u00e1s detalles. <em>Search Bar<\/em> at the top of any page. Try to enter a general description. The more keywords you use, the less products you will get in the results page. When you find a product you\u2019re interested in, simply click the product name or the product image for more details.<\/p>\n<h3>\u00bfC\u00f3mo se calculan los costos de env\u00edo?<\/h3>\n<p>Los costos de env\u00edo se calculan en funci\u00f3n del m\u00e9todo de env\u00edo (a\u00e9reo, mar\u00edtimo o terrestre) y el peso\/volumen del producto. Las diferentes compa\u00f1\u00edas navieras tienen diferentes tarifas, por lo que es mejor comprobar y comparar cu\u00e1l es la m\u00e1s asequible y econ\u00f3mica. Para obtener m\u00e1s detalles sobre c\u00f3mo se calculan los costos de env\u00edo, cont\u00e1ctenos directamente. <a href=\"\/es\/contact-us\/\">contact us<\/a> directly.<\/p>\n<h3>\u00bfQu\u00e9 es la protecci\u00f3n al comprador?<\/h3>\n<p>La Protecci\u00f3n del Comprador es un conjunto de garant\u00edas que permite a los compradores comprar con confianza en nuestro sitio web.<\/p>\n<p>Est\u00e1s protegido cuando:<\/p>\n<ul>\n<li>El art\u00edculo que pediste no lleg\u00f3 dentro del tiempo prometido por el vendedor.<\/li>\n<li>El art\u00edculo que recibi\u00f3 no se corresponde con la descripci\u00f3n.<\/li>\n<li>El art\u00edculo que recibi\u00f3 y que se asegur\u00f3 que tiene fallas.<\/li>\n<\/ul>","protected":false},"excerpt":{"rendered":"<p>How to search products? Search for products by entering the product name or keyword into the Search Bar at the top of any page. Try to enter a general description. The more keywords you use, the less products you will get in the results page. When you find a product you\u2019re interested in, simply click [&hellip;]<\/p>\n","protected":false},"author":1,"featured_media":0,"parent":0,"menu_order":8,"comment_status":"closed","ping_status":"closed","template":"page-templates\/page-narrow.php","meta":{"footnotes":""},"class_list":["post-22","page","type-page","status-publish","hentry"],"yoast_head":"<!-- This site is optimized with the Yoast SEO plugin v27.5 - https:\/\/yoast.com\/product\/yoast-seo-wordpress\/ -->\n<title>Frequently asked questions - Alllira<\/title>\n<meta name=\"robots\" content=\"index, follow, max-snippet:-1, max-image-preview:large, max-video-preview:-1\" \/>\n<link rel=\"canonical\" href=\"https:\/\/alllira.com\/es\/frequently-asked-questions\/\" \/>\n<meta property=\"og:locale\" content=\"es_ES\" \/>\n<meta property=\"og:type\" content=\"article\" \/>\n<meta property=\"og:title\" content=\"Frequently asked questions - Alllira\" \/>\n<meta property=\"og:description\" content=\"How to search products? Search for products by entering the product name or keyword into the Search Bar at the top of any page. Try to enter a general description. The more keywords you use, the less products you will get in the results page. When you find a product you\u2019re interested in, simply click [&hellip;]\" \/>\n<meta property=\"og:url\" content=\"https:\/\/alllira.com\/es\/frequently-asked-questions\/\" \/>\n<meta property=\"og:site_name\" content=\"Alllira\" \/>\n<meta property=\"article:publisher\" content=\"https:\/\/www.facebook.com\/profile.php?id=61553163366147\" \/>\n<meta name=\"twitter:card\" content=\"summary_large_image\" \/>\n<meta name=\"twitter:label1\" content=\"Tiempo de lectura\" \/>\n\t<meta name=\"twitter:data1\" content=\"1 minuto\" \/>\n<script type=\"application\/ld+json\" class=\"yoast-schema-graph\">{\"@context\":\"https:\\\/\\\/schema.org\",\"@graph\":[{\"@type\":\"WebPage\",\"@id\":\"https:\\\/\\\/alllira.com\\\/frequently-asked-questions\\\/\",\"url\":\"https:\\\/\\\/alllira.com\\\/frequently-asked-questions\\\/\",\"name\":\"Frequently asked questions - Alllira\",\"isPartOf\":{\"@id\":\"https:\\\/\\\/alllira.com\\\/#website\"},\"datePublished\":\"2023-11-07T06:58:55+00:00\",\"breadcrumb\":{\"@id\":\"https:\\\/\\\/alllira.com\\\/frequently-asked-questions\\\/#breadcrumb\"},\"inLanguage\":\"es\",\"potentialAction\":[{\"@type\":\"ReadAction\",\"target\":[\"https:\\\/\\\/alllira.com\\\/frequently-asked-questions\\\/\"]}]},{\"@type\":\"BreadcrumbList\",\"@id\":\"https:\\\/\\\/alllira.com\\\/frequently-asked-questions\\\/#breadcrumb\",\"itemListElement\":[{\"@type\":\"ListItem\",\"position\":1,\"name\":\"Home\",\"item\":\"https:\\\/\\\/alllira.com\\\/\"},{\"@type\":\"ListItem\",\"position\":2,\"name\":\"Frequently asked questions\"}]},{\"@type\":\"WebSite\",\"@id\":\"https:\\\/\\\/alllira.com\\\/#website\",\"url\":\"https:\\\/\\\/alllira.com\\\/\",\"name\":\"Alllira\",\"description\":\"\",\"publisher\":{\"@id\":\"https:\\\/\\\/alllira.com\\\/#organization\"},\"potentialAction\":[{\"@type\":\"SearchAction\",\"target\":{\"@type\":\"EntryPoint\",\"urlTemplate\":\"https:\\\/\\\/alllira.com\\\/?s={search_term_string}\"},\"query-input\":{\"@type\":\"PropertyValueSpecification\",\"valueRequired\":true,\"valueName\":\"search_term_string\"}}],\"inLanguage\":\"es\"},{\"@type\":\"Organization\",\"@id\":\"https:\\\/\\\/alllira.com\\\/#organization\",\"name\":\"Alllira\",\"url\":\"https:\\\/\\\/alllira.com\\\/\",\"logo\":{\"@type\":\"ImageObject\",\"inLanguage\":\"es\",\"@id\":\"https:\\\/\\\/alllira.com\\\/#\\\/schema\\\/logo\\\/image\\\/\",\"url\":\"https:\\\/\\\/alllira.com\\\/wp-content\\\/uploads\\\/2023\\\/11\\\/399982192_122102027870105445_276710788166891880_n.jpg\",\"contentUrl\":\"https:\\\/\\\/alllira.com\\\/wp-content\\\/uploads\\\/2023\\\/11\\\/399982192_122102027870105445_276710788166891880_n.jpg\",\"width\":400,\"height\":400,\"caption\":\"Alllira\"},\"image\":{\"@id\":\"https:\\\/\\\/alllira.com\\\/#\\\/schema\\\/logo\\\/image\\\/\"},\"sameAs\":[\"https:\\\/\\\/www.facebook.com\\\/profile.php?id=61553163366147\"]}]}<\/script>\n<!-- \/ Yoast SEO plugin. -->","yoast_head_json":{"title":"Frequently asked questions - Alllira","robots":{"index":"index","follow":"follow","max-snippet":"max-snippet:-1","max-image-preview":"max-image-preview:large","max-video-preview":"max-video-preview:-1"},"canonical":"https:\/\/alllira.com\/es\/frequently-asked-questions\/","og_locale":"es_ES","og_type":"article","og_title":"Frequently asked questions - Alllira","og_description":"How to search products? Search for products by entering the product name or keyword into the Search Bar at the top of any page. Try to enter a general description. The more keywords you use, the less products you will get in the results page. When you find a product you\u2019re interested in, simply click [&hellip;]","og_url":"https:\/\/alllira.com\/es\/frequently-asked-questions\/","og_site_name":"Alllira","article_publisher":"https:\/\/www.facebook.com\/profile.php?id=61553163366147","twitter_card":"summary_large_image","twitter_misc":{"Tiempo de lectura":"1 minuto"},"schema":{"@context":"https:\/\/schema.org","@graph":[{"@type":"WebPage","@id":"https:\/\/alllira.com\/frequently-asked-questions\/","url":"https:\/\/alllira.com\/frequently-asked-questions\/","name":"Frequently asked questions - Alllira","isPartOf":{"@id":"https:\/\/alllira.com\/#website"},"datePublished":"2023-11-07T06:58:55+00:00","breadcrumb":{"@id":"https:\/\/alllira.com\/frequently-asked-questions\/#breadcrumb"},"inLanguage":"es","potentialAction":[{"@type":"ReadAction","target":["https:\/\/alllira.com\/frequently-asked-questions\/"]}]},{"@type":"BreadcrumbList","@id":"https:\/\/alllira.com\/frequently-asked-questions\/#breadcrumb","itemListElement":[{"@type":"ListItem","position":1,"name":"Home","item":"https:\/\/alllira.com\/"},{"@type":"ListItem","position":2,"name":"Frequently asked questions"}]},{"@type":"WebSite","@id":"https:\/\/alllira.com\/#website","url":"https:\/\/alllira.com\/","name":"Alllira","description":"","publisher":{"@id":"https:\/\/alllira.com\/#organization"},"potentialAction":[{"@type":"SearchAction","target":{"@type":"EntryPoint","urlTemplate":"https:\/\/alllira.com\/?s={search_term_string}"},"query-input":{"@type":"PropertyValueSpecification","valueRequired":true,"valueName":"search_term_string"}}],"inLanguage":"es"},{"@type":"Organization","@id":"https:\/\/alllira.com\/#organization","name":"Alllira","url":"https:\/\/alllira.com\/","logo":{"@type":"ImageObject","inLanguage":"es","@id":"https:\/\/alllira.com\/#\/schema\/logo\/image\/","url":"https:\/\/alllira.com\/wp-content\/uploads\/2023\/11\/399982192_122102027870105445_276710788166891880_n.jpg","contentUrl":"https:\/\/alllira.com\/wp-content\/uploads\/2023\/11\/399982192_122102027870105445_276710788166891880_n.jpg","width":400,"height":400,"caption":"Alllira"},"image":{"@id":"https:\/\/alllira.com\/#\/schema\/logo\/image\/"},"sameAs":["https:\/\/www.facebook.com\/profile.php?id=61553163366147"]}]}},"jetpack_sharing_enabled":true,"_links":{"self":[{"href":"https:\/\/alllira.com\/es\/wp-json\/wp\/v2\/pages\/22","targetHints":{"allow":["GET"]}}],"collection":[{"href":"https:\/\/alllira.com\/es\/wp-json\/wp\/v2\/pages"}],"about":[{"href":"https:\/\/alllira.com\/es\/wp-json\/wp\/v2\/types\/page"}],"author":[{"embeddable":true,"href":"https:\/\/alllira.com\/es\/wp-json\/wp\/v2\/users\/1"}],"replies":[{"embeddable":true,"href":"https:\/\/alllira.com\/es\/wp-json\/wp\/v2\/comments?post=22"}],"version-history":[{"count":0,"href":"https:\/\/alllira.com\/es\/wp-json\/wp\/v2\/pages\/22\/revisions"}],"wp:attachment":[{"href":"https:\/\/alllira.com\/es\/wp-json\/wp\/v2\/media?parent=22"}],"curies":[{"name":"wp","href":"https:\/\/api.w.org\/{rel}","templated":true}]}}