{"id":23,"date":"2023-11-07T06:58:55","date_gmt":"2023-11-07T06:58:55","guid":{"rendered":"https:\/\/alllira.com\/?page_id=200"},"modified":"2023-11-07T06:58:55","modified_gmt":"2023-11-07T06:58:55","slug":"payment-methods","status":"publish","type":"page","link":"https:\/\/alllira.com\/es\/payment-methods\/","title":{"rendered":"M\u00e9todos De Pago"},"content":{"rendered":"<p>Los m\u00e9todos de pago incluyen PayPal y tarjetas de cr\u00e9dito.<\/p>\n<p>PayPal es una forma m\u00e1s segura y sencilla de enviar y recibir dinero en l\u00ednea. Cuando seleccione PayPal como m\u00e9todo de pago, se le vincular\u00e1 al sitio de PayPal donde podr\u00e1 realizar el pago.<\/p>\n<p>PayPal se puede utilizar para comprar art\u00edculos con tarjeta de cr\u00e9dito (Visa, MasterCard, Discover y American Express), tarjeta de d\u00e9bito o cheque electr\u00f3nico (es decir, utilizando su cuenta bancaria habitual).<\/p>\n<ol>\n<li>Despu\u00e9s de ver sus art\u00edculos en la p\u00e1gina de su carrito de compras, puede hacer clic y pagar con PayPal. Luego abandonar\u00e1 nuestro sitio e ingresar\u00e1 al sitio web de PayPal.<\/li>\n<li> Puede iniciar sesi\u00f3n en su cuenta PayPal o puede crear una nueva si no tiene una.<\/li>\n<li> Puede utilizar PayPal como desee seg\u00fan las instrucciones que aparecen en pantalla.<\/li>\n<\/ol>\n<p>Por lo general, el cheque electr\u00f3nico de PayPal tardar\u00e1 entre 3 y 5 d\u00edas h\u00e1biles en ser confirmado por PayPal.<\/p>\n<p>Las razones por las que le sugerimos utilizar PayPal:<\/p>\n<ul>\n<li>El pago es rastreable. Al utilizar su cuenta PayPal, puede rastrear el estado de su pago.<\/li>\n<li>Cuando realiza el pago de su pedido, no necesita utilizar su tarjeta de cr\u00e9dito en l\u00ednea (puede transferir directamente desde su cuenta bancaria).<\/li>\n<li>Cuando utilice su tarjeta de cr\u00e9dito a trav\u00e9s de PayPal, nadie ver\u00e1 su n\u00famero de tarjeta de cr\u00e9dito, lo que minimizar\u00e1 el riesgo de uso no autorizado.<\/li>\n<\/ul>","protected":false},"excerpt":{"rendered":"<p>Payment methods include PayPal and Credit cards. PayPal is a safer, easier way to send and receive money online. When you select PayPal as the payment method, you will be linked to the PayPal site where you can make payment. PayPal can be used to purchase items by Credit Card (Visa, MasterCard, Discover, and American [&hellip;]<\/p>\n","protected":false},"author":1,"featured_media":0,"parent":0,"menu_order":10,"comment_status":"closed","ping_status":"closed","template":"page-templates\/page-semi-narrow.php","meta":{"footnotes":""},"class_list":["post-23","page","type-page","status-publish","hentry"],"yoast_head":"<!-- This site is optimized with the Yoast SEO plugin v27.5 - https:\/\/yoast.com\/product\/yoast-seo-wordpress\/ -->\n<title>Payment methods - Alllira<\/title>\n<meta name=\"robots\" content=\"index, follow, max-snippet:-1, max-image-preview:large, max-video-preview:-1\" \/>\n<link rel=\"canonical\" href=\"https:\/\/alllira.com\/es\/payment-methods\/\" \/>\n<meta property=\"og:locale\" content=\"es_ES\" \/>\n<meta property=\"og:type\" content=\"article\" \/>\n<meta property=\"og:title\" content=\"Payment methods - Alllira\" \/>\n<meta property=\"og:description\" content=\"Payment methods include PayPal and Credit cards. PayPal is a safer, easier way to send and receive money online. When you select PayPal as the payment method, you will be linked to the PayPal site where you can make payment. PayPal can be used to purchase items by Credit Card (Visa, MasterCard, Discover, and American [&hellip;]\" \/>\n<meta property=\"og:url\" content=\"https:\/\/alllira.com\/es\/payment-methods\/\" \/>\n<meta property=\"og:site_name\" content=\"Alllira\" \/>\n<meta property=\"article:publisher\" content=\"https:\/\/www.facebook.com\/profile.php?id=61553163366147\" \/>\n<meta name=\"twitter:card\" content=\"summary_large_image\" \/>\n<meta name=\"twitter:label1\" content=\"Tiempo de lectura\" \/>\n\t<meta name=\"twitter:data1\" content=\"1 minuto\" \/>\n<script type=\"application\/ld+json\" class=\"yoast-schema-graph\">{\"@context\":\"https:\\\/\\\/schema.org\",\"@graph\":[{\"@type\":\"WebPage\",\"@id\":\"https:\\\/\\\/alllira.com\\\/payment-methods\\\/\",\"url\":\"https:\\\/\\\/alllira.com\\\/payment-methods\\\/\",\"name\":\"Payment methods - Alllira\",\"isPartOf\":{\"@id\":\"https:\\\/\\\/alllira.com\\\/#website\"},\"datePublished\":\"2023-11-07T06:58:55+00:00\",\"breadcrumb\":{\"@id\":\"https:\\\/\\\/alllira.com\\\/payment-methods\\\/#breadcrumb\"},\"inLanguage\":\"es\",\"potentialAction\":[{\"@type\":\"ReadAction\",\"target\":[\"https:\\\/\\\/alllira.com\\\/payment-methods\\\/\"]}]},{\"@type\":\"BreadcrumbList\",\"@id\":\"https:\\\/\\\/alllira.com\\\/payment-methods\\\/#breadcrumb\",\"itemListElement\":[{\"@type\":\"ListItem\",\"position\":1,\"name\":\"Home\",\"item\":\"https:\\\/\\\/alllira.com\\\/\"},{\"@type\":\"ListItem\",\"position\":2,\"name\":\"Payment methods\"}]},{\"@type\":\"WebSite\",\"@id\":\"https:\\\/\\\/alllira.com\\\/#website\",\"url\":\"https:\\\/\\\/alllira.com\\\/\",\"name\":\"Alllira\",\"description\":\"\",\"publisher\":{\"@id\":\"https:\\\/\\\/alllira.com\\\/#organization\"},\"potentialAction\":[{\"@type\":\"SearchAction\",\"target\":{\"@type\":\"EntryPoint\",\"urlTemplate\":\"https:\\\/\\\/alllira.com\\\/?s={search_term_string}\"},\"query-input\":{\"@type\":\"PropertyValueSpecification\",\"valueRequired\":true,\"valueName\":\"search_term_string\"}}],\"inLanguage\":\"es\"},{\"@type\":\"Organization\",\"@id\":\"https:\\\/\\\/alllira.com\\\/#organization\",\"name\":\"Alllira\",\"url\":\"https:\\\/\\\/alllira.com\\\/\",\"logo\":{\"@type\":\"ImageObject\",\"inLanguage\":\"es\",\"@id\":\"https:\\\/\\\/alllira.com\\\/#\\\/schema\\\/logo\\\/image\\\/\",\"url\":\"https:\\\/\\\/alllira.com\\\/wp-content\\\/uploads\\\/2023\\\/11\\\/399982192_122102027870105445_276710788166891880_n.jpg\",\"contentUrl\":\"https:\\\/\\\/alllira.com\\\/wp-content\\\/uploads\\\/2023\\\/11\\\/399982192_122102027870105445_276710788166891880_n.jpg\",\"width\":400,\"height\":400,\"caption\":\"Alllira\"},\"image\":{\"@id\":\"https:\\\/\\\/alllira.com\\\/#\\\/schema\\\/logo\\\/image\\\/\"},\"sameAs\":[\"https:\\\/\\\/www.facebook.com\\\/profile.php?id=61553163366147\"]}]}<\/script>\n<!-- \/ Yoast SEO plugin. -->","yoast_head_json":{"title":"Payment methods - Alllira","robots":{"index":"index","follow":"follow","max-snippet":"max-snippet:-1","max-image-preview":"max-image-preview:large","max-video-preview":"max-video-preview:-1"},"canonical":"https:\/\/alllira.com\/es\/payment-methods\/","og_locale":"es_ES","og_type":"article","og_title":"Payment methods - Alllira","og_description":"Payment methods include PayPal and Credit cards. PayPal is a safer, easier way to send and receive money online. When you select PayPal as the payment method, you will be linked to the PayPal site where you can make payment. PayPal can be used to purchase items by Credit Card (Visa, MasterCard, Discover, and American [&hellip;]","og_url":"https:\/\/alllira.com\/es\/payment-methods\/","og_site_name":"Alllira","article_publisher":"https:\/\/www.facebook.com\/profile.php?id=61553163366147","twitter_card":"summary_large_image","twitter_misc":{"Tiempo de lectura":"1 minuto"},"schema":{"@context":"https:\/\/schema.org","@graph":[{"@type":"WebPage","@id":"https:\/\/alllira.com\/payment-methods\/","url":"https:\/\/alllira.com\/payment-methods\/","name":"Payment methods - Alllira","isPartOf":{"@id":"https:\/\/alllira.com\/#website"},"datePublished":"2023-11-07T06:58:55+00:00","breadcrumb":{"@id":"https:\/\/alllira.com\/payment-methods\/#breadcrumb"},"inLanguage":"es","potentialAction":[{"@type":"ReadAction","target":["https:\/\/alllira.com\/payment-methods\/"]}]},{"@type":"BreadcrumbList","@id":"https:\/\/alllira.com\/payment-methods\/#breadcrumb","itemListElement":[{"@type":"ListItem","position":1,"name":"Home","item":"https:\/\/alllira.com\/"},{"@type":"ListItem","position":2,"name":"Payment methods"}]},{"@type":"WebSite","@id":"https:\/\/alllira.com\/#website","url":"https:\/\/alllira.com\/","name":"Alllira","description":"","publisher":{"@id":"https:\/\/alllira.com\/#organization"},"potentialAction":[{"@type":"SearchAction","target":{"@type":"EntryPoint","urlTemplate":"https:\/\/alllira.com\/?s={search_term_string}"},"query-input":{"@type":"PropertyValueSpecification","valueRequired":true,"valueName":"search_term_string"}}],"inLanguage":"es"},{"@type":"Organization","@id":"https:\/\/alllira.com\/#organization","name":"Alllira","url":"https:\/\/alllira.com\/","logo":{"@type":"ImageObject","inLanguage":"es","@id":"https:\/\/alllira.com\/#\/schema\/logo\/image\/","url":"https:\/\/alllira.com\/wp-content\/uploads\/2023\/11\/399982192_122102027870105445_276710788166891880_n.jpg","contentUrl":"https:\/\/alllira.com\/wp-content\/uploads\/2023\/11\/399982192_122102027870105445_276710788166891880_n.jpg","width":400,"height":400,"caption":"Alllira"},"image":{"@id":"https:\/\/alllira.com\/#\/schema\/logo\/image\/"},"sameAs":["https:\/\/www.facebook.com\/profile.php?id=61553163366147"]}]}},"jetpack_sharing_enabled":true,"_links":{"self":[{"href":"https:\/\/alllira.com\/es\/wp-json\/wp\/v2\/pages\/23","targetHints":{"allow":["GET"]}}],"collection":[{"href":"https:\/\/alllira.com\/es\/wp-json\/wp\/v2\/pages"}],"about":[{"href":"https:\/\/alllira.com\/es\/wp-json\/wp\/v2\/types\/page"}],"author":[{"embeddable":true,"href":"https:\/\/alllira.com\/es\/wp-json\/wp\/v2\/users\/1"}],"replies":[{"embeddable":true,"href":"https:\/\/alllira.com\/es\/wp-json\/wp\/v2\/comments?post=23"}],"version-history":[{"count":0,"href":"https:\/\/alllira.com\/es\/wp-json\/wp\/v2\/pages\/23\/revisions"}],"wp:attachment":[{"href":"https:\/\/alllira.com\/es\/wp-json\/wp\/v2\/media?parent=23"}],"curies":[{"name":"wp","href":"https:\/\/api.w.org\/{rel}","templated":true}]}}