{"id":24,"date":"2023-11-07T06:58:55","date_gmt":"2023-11-07T06:58:55","guid":{"rendered":"https:\/\/alllira.com\/?page_id=210"},"modified":"2023-11-07T06:58:55","modified_gmt":"2023-11-07T06:58:55","slug":"privacy-policy","status":"publish","type":"page","link":"https:\/\/alllira.com\/es\/privacy-policy\/","title":{"rendered":"Pol\u00edtica De Privacidad"},"content":{"rendered":"<p>alllira.com cumple con el Reglamento general de protecci\u00f3n de datos (GDPR) (UE) 2016\/679.<\/p>\n<p>Significa que somos abiertos sobre nuestros m\u00e9todos de seguimiento y uso de los datos personales de los visitantes, y usted puede comprobar libremente qu\u00e9 estamos haciendo exactamente con ellos.<\/p>\n<p>En alllira.com, recopilamos:<\/p>\n<ul>\n<li>Tu nombre y apellido<\/li>\n<li>Su direcci\u00f3n de correo electr\u00f3nico<\/li>\n<li>Tu direcci\u00f3n f\u00edsica<\/li>\n<li>Su n\u00famero de tel\u00e9fono<\/li>\n<li>Los datos sobre el navegador y el dispositivo que utiliza para ver la tienda.<\/li>\n<li>La forma en que navegas por la tienda<\/li>\n<\/ul>\n<p>Recopilamos sus datos de contacto porque son necesarios para aceptar y procesar sus pedidos y para asegurarnos de que recibi\u00f3 sus paquetes.<\/p>\n<p>Recopilamos los detalles de su equipo t\u00e9cnico y comportamiento en el sitio para hacer que nuestra tienda sea m\u00e1s f\u00e1cil de usar y personalizar nuestros servicios para usted (por ejemplo, para cambiar autom\u00e1ticamente la tienda a la versi\u00f3n m\u00f3vil).<\/p>\n<p>Nuestra tienda trabaja con empresas externas que nos ayudan a brindarle el mejor servicio, y estos terceros tambi\u00e9n utilizan algunos de los datos personales que usted proporciona. Limitamos los datos a los que pueden acceder solo a los que son necesarios para cumplir con sus obligaciones.<\/p>\n<ul>\n<li>Los servicios de pago utilizan su n\u00famero de tarjeta de cr\u00e9dito, su nombre y apellido para verificar y procesar sus pagos de nuestros productos.<\/li>\n<li>Nuestros fabricantes y encargados de stock utilizan los datos del contenido de su pedido para ensamblar el paquete necesario para usted.<\/li>\n<li>Los servicios postales utilizan su nombre, apellido y direcci\u00f3n f\u00edsica para organizar la entrega del producto por usted.<\/li>\n<li>Los servicios de correo masivo utilizan su direcci\u00f3n de correo electr\u00f3nico para enviarle correos electr\u00f3nicos (si se ha suscrito a ellos)<\/li>\n<\/ul>\n<p>Si contin\u00faa navegando en nuestra tienda web despu\u00e9s de leer esta Pol\u00edtica de Privacidad, nos da su consentimiento para utilizar sus datos personales para los fines explicados anteriormente.<\/p>\n<p>Si no est\u00e1 de acuerdo con estos t\u00e9rminos, abandone el sitio web.<\/p>\n<p>Puede enviarnos un correo electr\u00f3nico a support@alllira.com y preguntar:<\/p>\n<ul>\n<li>Para recibir la copia de sus datos personales que hemos recopilado<\/li>\n<li>Para eliminar sus datos personales de nuestro sistema<\/li>\n<li>Retirar su consentimiento (si previamente acept\u00f3 facilitarnos los datos, pero luego cambi\u00f3 de opini\u00f3n)<\/li>\n<\/ul>\n<p>Estamos haciendo todo lo posible para garantizar la seguridad de sus datos personales mientras los conservamos y utilizamos.<\/p>\n<p>\u00a1Gracias por su cooperaci\u00f3n!<\/p>","protected":false},"excerpt":{"rendered":"<p>alllira.com is compliant with The General Data Protection Regulation (GDPR) (EU) 2016\/679. It means that we are open about our methods of tracking and use of the visitors\u2019 personal data, and you can freely check what exactly we\u2019re doing to it. At alllira.com, we collect: Your name and surname Your email address Your physical address [&hellip;]<\/p>\n","protected":false},"author":1,"featured_media":0,"parent":0,"menu_order":11,"comment_status":"closed","ping_status":"closed","template":"page-templates\/page-semi-narrow.php","meta":{"footnotes":""},"class_list":["post-24","page","type-page","status-publish","hentry"],"yoast_head":"<!-- This site is optimized with the Yoast SEO plugin v27.5 - https:\/\/yoast.com\/product\/yoast-seo-wordpress\/ -->\n<title>Privacy Policy - Alllira<\/title>\n<meta name=\"robots\" content=\"index, follow, max-snippet:-1, max-image-preview:large, max-video-preview:-1\" \/>\n<link rel=\"canonical\" href=\"https:\/\/alllira.com\/es\/privacy-policy\/\" \/>\n<meta property=\"og:locale\" content=\"es_ES\" \/>\n<meta property=\"og:type\" content=\"article\" \/>\n<meta property=\"og:title\" content=\"Privacy Policy - Alllira\" \/>\n<meta property=\"og:description\" content=\"alllira.com is compliant with The General Data Protection Regulation (GDPR) (EU) 2016\/679. It means that we are open about our methods of tracking and use of the visitors\u2019 personal data, and you can freely check what exactly we\u2019re doing to it. At alllira.com, we collect: Your name and surname Your email address Your physical address [&hellip;]\" \/>\n<meta property=\"og:url\" content=\"https:\/\/alllira.com\/es\/privacy-policy\/\" \/>\n<meta property=\"og:site_name\" content=\"Alllira\" \/>\n<meta property=\"article:publisher\" content=\"https:\/\/www.facebook.com\/profile.php?id=61553163366147\" \/>\n<meta name=\"twitter:card\" content=\"summary_large_image\" \/>\n<meta name=\"twitter:label1\" content=\"Tiempo de lectura\" \/>\n\t<meta name=\"twitter:data1\" content=\"2 minutos\" \/>\n<script type=\"application\/ld+json\" class=\"yoast-schema-graph\">{\"@context\":\"https:\\\/\\\/schema.org\",\"@graph\":[{\"@type\":\"WebPage\",\"@id\":\"https:\\\/\\\/alllira.com\\\/privacy-policy\\\/\",\"url\":\"https:\\\/\\\/alllira.com\\\/privacy-policy\\\/\",\"name\":\"Privacy Policy - Alllira\",\"isPartOf\":{\"@id\":\"https:\\\/\\\/alllira.com\\\/#website\"},\"datePublished\":\"2023-11-07T06:58:55+00:00\",\"breadcrumb\":{\"@id\":\"https:\\\/\\\/alllira.com\\\/privacy-policy\\\/#breadcrumb\"},\"inLanguage\":\"es\",\"potentialAction\":[{\"@type\":\"ReadAction\",\"target\":[\"https:\\\/\\\/alllira.com\\\/privacy-policy\\\/\"]}]},{\"@type\":\"BreadcrumbList\",\"@id\":\"https:\\\/\\\/alllira.com\\\/privacy-policy\\\/#breadcrumb\",\"itemListElement\":[{\"@type\":\"ListItem\",\"position\":1,\"name\":\"Home\",\"item\":\"https:\\\/\\\/alllira.com\\\/\"},{\"@type\":\"ListItem\",\"position\":2,\"name\":\"Privacy Policy\"}]},{\"@type\":\"WebSite\",\"@id\":\"https:\\\/\\\/alllira.com\\\/#website\",\"url\":\"https:\\\/\\\/alllira.com\\\/\",\"name\":\"Alllira\",\"description\":\"\",\"publisher\":{\"@id\":\"https:\\\/\\\/alllira.com\\\/#organization\"},\"potentialAction\":[{\"@type\":\"SearchAction\",\"target\":{\"@type\":\"EntryPoint\",\"urlTemplate\":\"https:\\\/\\\/alllira.com\\\/?s={search_term_string}\"},\"query-input\":{\"@type\":\"PropertyValueSpecification\",\"valueRequired\":true,\"valueName\":\"search_term_string\"}}],\"inLanguage\":\"es\"},{\"@type\":\"Organization\",\"@id\":\"https:\\\/\\\/alllira.com\\\/#organization\",\"name\":\"Alllira\",\"url\":\"https:\\\/\\\/alllira.com\\\/\",\"logo\":{\"@type\":\"ImageObject\",\"inLanguage\":\"es\",\"@id\":\"https:\\\/\\\/alllira.com\\\/#\\\/schema\\\/logo\\\/image\\\/\",\"url\":\"https:\\\/\\\/alllira.com\\\/wp-content\\\/uploads\\\/2023\\\/11\\\/399982192_122102027870105445_276710788166891880_n.jpg\",\"contentUrl\":\"https:\\\/\\\/alllira.com\\\/wp-content\\\/uploads\\\/2023\\\/11\\\/399982192_122102027870105445_276710788166891880_n.jpg\",\"width\":400,\"height\":400,\"caption\":\"Alllira\"},\"image\":{\"@id\":\"https:\\\/\\\/alllira.com\\\/#\\\/schema\\\/logo\\\/image\\\/\"},\"sameAs\":[\"https:\\\/\\\/www.facebook.com\\\/profile.php?id=61553163366147\"]}]}<\/script>\n<!-- \/ Yoast SEO plugin. -->","yoast_head_json":{"title":"Privacy Policy - Alllira","robots":{"index":"index","follow":"follow","max-snippet":"max-snippet:-1","max-image-preview":"max-image-preview:large","max-video-preview":"max-video-preview:-1"},"canonical":"https:\/\/alllira.com\/es\/privacy-policy\/","og_locale":"es_ES","og_type":"article","og_title":"Privacy Policy - Alllira","og_description":"alllira.com is compliant with The General Data Protection Regulation (GDPR) (EU) 2016\/679. It means that we are open about our methods of tracking and use of the visitors\u2019 personal data, and you can freely check what exactly we\u2019re doing to it. At alllira.com, we collect: Your name and surname Your email address Your physical address [&hellip;]","og_url":"https:\/\/alllira.com\/es\/privacy-policy\/","og_site_name":"Alllira","article_publisher":"https:\/\/www.facebook.com\/profile.php?id=61553163366147","twitter_card":"summary_large_image","twitter_misc":{"Tiempo de lectura":"2 minutos"},"schema":{"@context":"https:\/\/schema.org","@graph":[{"@type":"WebPage","@id":"https:\/\/alllira.com\/privacy-policy\/","url":"https:\/\/alllira.com\/privacy-policy\/","name":"Privacy Policy - Alllira","isPartOf":{"@id":"https:\/\/alllira.com\/#website"},"datePublished":"2023-11-07T06:58:55+00:00","breadcrumb":{"@id":"https:\/\/alllira.com\/privacy-policy\/#breadcrumb"},"inLanguage":"es","potentialAction":[{"@type":"ReadAction","target":["https:\/\/alllira.com\/privacy-policy\/"]}]},{"@type":"BreadcrumbList","@id":"https:\/\/alllira.com\/privacy-policy\/#breadcrumb","itemListElement":[{"@type":"ListItem","position":1,"name":"Home","item":"https:\/\/alllira.com\/"},{"@type":"ListItem","position":2,"name":"Privacy Policy"}]},{"@type":"WebSite","@id":"https:\/\/alllira.com\/#website","url":"https:\/\/alllira.com\/","name":"Alllira","description":"","publisher":{"@id":"https:\/\/alllira.com\/#organization"},"potentialAction":[{"@type":"SearchAction","target":{"@type":"EntryPoint","urlTemplate":"https:\/\/alllira.com\/?s={search_term_string}"},"query-input":{"@type":"PropertyValueSpecification","valueRequired":true,"valueName":"search_term_string"}}],"inLanguage":"es"},{"@type":"Organization","@id":"https:\/\/alllira.com\/#organization","name":"Alllira","url":"https:\/\/alllira.com\/","logo":{"@type":"ImageObject","inLanguage":"es","@id":"https:\/\/alllira.com\/#\/schema\/logo\/image\/","url":"https:\/\/alllira.com\/wp-content\/uploads\/2023\/11\/399982192_122102027870105445_276710788166891880_n.jpg","contentUrl":"https:\/\/alllira.com\/wp-content\/uploads\/2023\/11\/399982192_122102027870105445_276710788166891880_n.jpg","width":400,"height":400,"caption":"Alllira"},"image":{"@id":"https:\/\/alllira.com\/#\/schema\/logo\/image\/"},"sameAs":["https:\/\/www.facebook.com\/profile.php?id=61553163366147"]}]}},"jetpack_sharing_enabled":true,"_links":{"self":[{"href":"https:\/\/alllira.com\/es\/wp-json\/wp\/v2\/pages\/24","targetHints":{"allow":["GET"]}}],"collection":[{"href":"https:\/\/alllira.com\/es\/wp-json\/wp\/v2\/pages"}],"about":[{"href":"https:\/\/alllira.com\/es\/wp-json\/wp\/v2\/types\/page"}],"author":[{"embeddable":true,"href":"https:\/\/alllira.com\/es\/wp-json\/wp\/v2\/users\/1"}],"replies":[{"embeddable":true,"href":"https:\/\/alllira.com\/es\/wp-json\/wp\/v2\/comments?post=24"}],"version-history":[{"count":0,"href":"https:\/\/alllira.com\/es\/wp-json\/wp\/v2\/pages\/24\/revisions"}],"wp:attachment":[{"href":"https:\/\/alllira.com\/es\/wp-json\/wp\/v2\/media?parent=24"}],"curies":[{"name":"wp","href":"https:\/\/api.w.org\/{rel}","templated":true}]}}