{"id":27,"date":"2023-11-07T06:58:55","date_gmt":"2023-11-07T06:58:55","guid":{"rendered":"https:\/\/alllira.com\/?page_id=240"},"modified":"2023-11-07T06:58:55","modified_gmt":"2023-11-07T06:58:55","slug":"terms-and-conditions","status":"publish","type":"page","link":"https:\/\/alllira.com\/es\/terms-and-conditions\/","title":{"rendered":"T\u00e9rminos Y Condiciones"},"content":{"rendered":"<p>Le brindamos servicios sujetos a los avisos, t\u00e9rminos y condiciones establecidos en este acuerdo. Adem\u00e1s, obedecer\u00e1 las reglas, pautas, pol\u00edticas, t\u00e9rminos y condiciones aplicables a dichos servicios antes de utilizarlos. Nos reservamos el derecho de cambiar este sitio y estos t\u00e9rminos y condiciones en cualquier momento.<\/p>\n<p>Antes de continuar, lea este acuerdo porque acceder, navegar o utilizar el Sitio indica que acepta todos los t\u00e9rminos y condiciones de este acuerdo.<\/p>\n<p>No deber\u00e1 cargar, distribuir ni publicar a trav\u00e9s de este Sitio ning\u00fan Contenido, informaci\u00f3n u otro material que (a) incluya errores, virus, gusanos, trampillas, caballos de Troya u otros c\u00f3digos o propiedades da\u00f1inos; (b) sea calumnioso, amenazante, difamatorio, obsceno, indecente, pornogr\u00e1fico, discriminatorio o pueda dar lugar a cualquier responsabilidad civil o penal seg\u00fan las leyes de los EE. UU. o las leyes de cualquier otro pa\u00eds que puedan aplicarse; o (c) viola o infringe los derechos de autor, patentes, marcas comerciales, marcas de servicio, secretos comerciales u otros derechos de propiedad de cualquier persona. alllira.com puede proporcionarle una identificaci\u00f3n de cuenta y una contrase\u00f1a para permitirle acceder y utilizar ciertas partes de este Sitio. Cada vez que utiliza una contrase\u00f1a o identificaci\u00f3n, se considera que est\u00e1 autorizado a acceder y utilizar el Sitio de manera consistente con los t\u00e9rminos y condiciones de este acuerdo, y alllira.com no tiene la obligaci\u00f3n de investigar la fuente de dicho acceso o uso del Sitio. <a href=\"https:\/\/alllira.com\/es\/\">alllira.com<\/a> may give you an account identification and password to enable you to access and use certain portions of this Site. Each time you use a password or identification, you are deemed to be authorized to access and use the Site in a manner consistent with the terms and conditions of this agreement, and <a href=\"https:\/\/alllira.com\/es\/\">alllira.com<\/a> has no obligation to investigate the source of any such access or use of the Site.<\/p>\n<p>Al aceptar estos T\u00e9rminos de uso mediante el uso del Sitio, usted certifica que tiene 18 a\u00f1os de edad o m\u00e1s. Si es menor de 18 a\u00f1os, utilice este Sitio \u00fanicamente bajo la supervisi\u00f3n de un padre o tutor legal. Sujeto a los t\u00e9rminos y condiciones de este acuerdo, por el presente le otorga una licencia limitada, revocable, intransferible y no exclusiva para acceder y utilizar el Sitio mostr\u00e1ndolo en su navegador de Internet solo con el fin de realizar compras y no para cualquier uso comercial o uso en nombre de cualquier tercero, excepto que alllira.com lo permita expl\u00edcitamente por adelantado. Cualquier violaci\u00f3n de este Acuerdo resultar\u00e1 en la revocaci\u00f3n inmediata de la licencia otorgada en este p\u00e1rrafo sin previo aviso. <a href=\"https:\/\/alllira.com\/es\/\">alllira.com<\/a> in advance. Any violation of this Agreement shall result in the immediate revocation of the license granted in this paragraph without notice to you.<\/p>\n<p>A menos que nuestra empresa lo permita expl\u00edcitamente por adelantado, todos los materiales, incluidas im\u00e1genes, textos, ilustraciones, dise\u00f1os, \u00edconos, fotograf\u00edas, programas, clips o descargas de m\u00fasica, videoclips y materiales escritos y de otro tipo que forman parte de este Sitio (colectivamente, el \" Contenidos\u201d) est\u00e1n destinados \u00fanicamente para uso personal y no comercial. No puede hacer ning\u00fan uso comercial de la informaci\u00f3n proporcionada en el Sitio ni hacer ning\u00fan uso del Sitio en beneficio de otra empresa. Nos reservamos el derecho de rechazar el servicio, cancelar cuentas y\/o cancelar pedidos a su discreci\u00f3n, incluso, entre otros, si creemos que la conducta del cliente viola las leyes aplicables o es perjudicial para nuestros intereses. No puede reproducir, distribuir, mostrar, vender, arrendar, transmitir, crear trabajos derivados, traducir, modificar, realizar ingenier\u00eda inversa, desensamblar, descompilar o explotar de otro modo este Sitio o cualquier parte del mismo, a menos que nuestra empresa lo permita expresamente por escrito.<\/p>\n<p>Usted ser\u00e1 el \u00fanico responsable de todo el acceso y uso de este sitio por parte de cualquier persona que utilice la contrase\u00f1a y la identificaci\u00f3n originalmente asignadas a usted, independientemente de que dicho acceso y uso de este sitio est\u00e9 realmente autorizado por usted, incluidas, entre otras, todas las comunicaciones y transmisiones. y todas las obligaciones (incluidas, entre otras, obligaciones financieras) incurridas a trav\u00e9s de dicho acceso o uso. Usted es el \u00fanico responsable de proteger la seguridad y confidencialidad de la contrase\u00f1a e identificaci\u00f3n que se le asigna. Deber\u00e1 notificar inmediatamente a alllira.com sobre cualquier uso no autorizado de su contrase\u00f1a o identificaci\u00f3n o cualquier otra violaci\u00f3n o amenaza de violaci\u00f3n de la seguridad de este Sitio.  <a href=\"https:\/\/alllira.com\/es\/\">alllira.com<\/a> of any unauthorized use of your password or identification or any other breach or threatened breach of this Site\u2019s security.<\/p>","protected":false},"excerpt":{"rendered":"<p>We provide services to you subject to the notices, terms, and conditions set forth in this agreement. Besides, you will obey the rules, guidelines, policies, terms, and conditions applicable to such services before you use them. We reserve the right to change this site and these terms and conditions at any time. Before proceeding, please [&hellip;]<\/p>\n","protected":false},"author":1,"featured_media":0,"parent":0,"menu_order":14,"comment_status":"closed","ping_status":"closed","template":"page-templates\/page-semi-narrow.php","meta":{"footnotes":""},"class_list":["post-27","page","type-page","status-publish","hentry"],"yoast_head":"<!-- This site is optimized with the Yoast SEO plugin v27.5 - https:\/\/yoast.com\/product\/yoast-seo-wordpress\/ -->\n<title>Terms and conditions - Alllira<\/title>\n<meta name=\"robots\" content=\"index, follow, max-snippet:-1, max-image-preview:large, max-video-preview:-1\" \/>\n<link rel=\"canonical\" href=\"https:\/\/alllira.com\/es\/terms-and-conditions\/\" \/>\n<meta property=\"og:locale\" content=\"es_ES\" \/>\n<meta property=\"og:type\" content=\"article\" \/>\n<meta property=\"og:title\" content=\"Terms and conditions - Alllira\" \/>\n<meta property=\"og:description\" content=\"We provide services to you subject to the notices, terms, and conditions set forth in this agreement. Besides, you will obey the rules, guidelines, policies, terms, and conditions applicable to such services before you use them. We reserve the right to change this site and these terms and conditions at any time. Before proceeding, please [&hellip;]\" \/>\n<meta property=\"og:url\" content=\"https:\/\/alllira.com\/es\/terms-and-conditions\/\" \/>\n<meta property=\"og:site_name\" content=\"Alllira\" \/>\n<meta property=\"article:publisher\" content=\"https:\/\/www.facebook.com\/profile.php?id=61553163366147\" \/>\n<meta name=\"twitter:card\" content=\"summary_large_image\" \/>\n<meta name=\"twitter:label1\" content=\"Tiempo de lectura\" \/>\n\t<meta name=\"twitter:data1\" content=\"3 minutos\" \/>\n<script type=\"application\/ld+json\" class=\"yoast-schema-graph\">{\"@context\":\"https:\\\/\\\/schema.org\",\"@graph\":[{\"@type\":\"WebPage\",\"@id\":\"https:\\\/\\\/alllira.com\\\/terms-and-conditions\\\/\",\"url\":\"https:\\\/\\\/alllira.com\\\/terms-and-conditions\\\/\",\"name\":\"Terms and conditions - Alllira\",\"isPartOf\":{\"@id\":\"https:\\\/\\\/alllira.com\\\/#website\"},\"datePublished\":\"2023-11-07T06:58:55+00:00\",\"breadcrumb\":{\"@id\":\"https:\\\/\\\/alllira.com\\\/terms-and-conditions\\\/#breadcrumb\"},\"inLanguage\":\"es\",\"potentialAction\":[{\"@type\":\"ReadAction\",\"target\":[\"https:\\\/\\\/alllira.com\\\/terms-and-conditions\\\/\"]}]},{\"@type\":\"BreadcrumbList\",\"@id\":\"https:\\\/\\\/alllira.com\\\/terms-and-conditions\\\/#breadcrumb\",\"itemListElement\":[{\"@type\":\"ListItem\",\"position\":1,\"name\":\"Home\",\"item\":\"https:\\\/\\\/alllira.com\\\/\"},{\"@type\":\"ListItem\",\"position\":2,\"name\":\"Terms and conditions\"}]},{\"@type\":\"WebSite\",\"@id\":\"https:\\\/\\\/alllira.com\\\/#website\",\"url\":\"https:\\\/\\\/alllira.com\\\/\",\"name\":\"Alllira\",\"description\":\"\",\"publisher\":{\"@id\":\"https:\\\/\\\/alllira.com\\\/#organization\"},\"potentialAction\":[{\"@type\":\"SearchAction\",\"target\":{\"@type\":\"EntryPoint\",\"urlTemplate\":\"https:\\\/\\\/alllira.com\\\/?s={search_term_string}\"},\"query-input\":{\"@type\":\"PropertyValueSpecification\",\"valueRequired\":true,\"valueName\":\"search_term_string\"}}],\"inLanguage\":\"es\"},{\"@type\":\"Organization\",\"@id\":\"https:\\\/\\\/alllira.com\\\/#organization\",\"name\":\"Alllira\",\"url\":\"https:\\\/\\\/alllira.com\\\/\",\"logo\":{\"@type\":\"ImageObject\",\"inLanguage\":\"es\",\"@id\":\"https:\\\/\\\/alllira.com\\\/#\\\/schema\\\/logo\\\/image\\\/\",\"url\":\"https:\\\/\\\/alllira.com\\\/wp-content\\\/uploads\\\/2023\\\/11\\\/399982192_122102027870105445_276710788166891880_n.jpg\",\"contentUrl\":\"https:\\\/\\\/alllira.com\\\/wp-content\\\/uploads\\\/2023\\\/11\\\/399982192_122102027870105445_276710788166891880_n.jpg\",\"width\":400,\"height\":400,\"caption\":\"Alllira\"},\"image\":{\"@id\":\"https:\\\/\\\/alllira.com\\\/#\\\/schema\\\/logo\\\/image\\\/\"},\"sameAs\":[\"https:\\\/\\\/www.facebook.com\\\/profile.php?id=61553163366147\"]}]}<\/script>\n<!-- \/ Yoast SEO plugin. -->","yoast_head_json":{"title":"Terms and conditions - Alllira","robots":{"index":"index","follow":"follow","max-snippet":"max-snippet:-1","max-image-preview":"max-image-preview:large","max-video-preview":"max-video-preview:-1"},"canonical":"https:\/\/alllira.com\/es\/terms-and-conditions\/","og_locale":"es_ES","og_type":"article","og_title":"Terms and conditions - Alllira","og_description":"We provide services to you subject to the notices, terms, and conditions set forth in this agreement. Besides, you will obey the rules, guidelines, policies, terms, and conditions applicable to such services before you use them. We reserve the right to change this site and these terms and conditions at any time. Before proceeding, please [&hellip;]","og_url":"https:\/\/alllira.com\/es\/terms-and-conditions\/","og_site_name":"Alllira","article_publisher":"https:\/\/www.facebook.com\/profile.php?id=61553163366147","twitter_card":"summary_large_image","twitter_misc":{"Tiempo de lectura":"3 minutos"},"schema":{"@context":"https:\/\/schema.org","@graph":[{"@type":"WebPage","@id":"https:\/\/alllira.com\/terms-and-conditions\/","url":"https:\/\/alllira.com\/terms-and-conditions\/","name":"Terms and conditions - Alllira","isPartOf":{"@id":"https:\/\/alllira.com\/#website"},"datePublished":"2023-11-07T06:58:55+00:00","breadcrumb":{"@id":"https:\/\/alllira.com\/terms-and-conditions\/#breadcrumb"},"inLanguage":"es","potentialAction":[{"@type":"ReadAction","target":["https:\/\/alllira.com\/terms-and-conditions\/"]}]},{"@type":"BreadcrumbList","@id":"https:\/\/alllira.com\/terms-and-conditions\/#breadcrumb","itemListElement":[{"@type":"ListItem","position":1,"name":"Home","item":"https:\/\/alllira.com\/"},{"@type":"ListItem","position":2,"name":"Terms and conditions"}]},{"@type":"WebSite","@id":"https:\/\/alllira.com\/#website","url":"https:\/\/alllira.com\/","name":"Alllira","description":"","publisher":{"@id":"https:\/\/alllira.com\/#organization"},"potentialAction":[{"@type":"SearchAction","target":{"@type":"EntryPoint","urlTemplate":"https:\/\/alllira.com\/?s={search_term_string}"},"query-input":{"@type":"PropertyValueSpecification","valueRequired":true,"valueName":"search_term_string"}}],"inLanguage":"es"},{"@type":"Organization","@id":"https:\/\/alllira.com\/#organization","name":"Alllira","url":"https:\/\/alllira.com\/","logo":{"@type":"ImageObject","inLanguage":"es","@id":"https:\/\/alllira.com\/#\/schema\/logo\/image\/","url":"https:\/\/alllira.com\/wp-content\/uploads\/2023\/11\/399982192_122102027870105445_276710788166891880_n.jpg","contentUrl":"https:\/\/alllira.com\/wp-content\/uploads\/2023\/11\/399982192_122102027870105445_276710788166891880_n.jpg","width":400,"height":400,"caption":"Alllira"},"image":{"@id":"https:\/\/alllira.com\/#\/schema\/logo\/image\/"},"sameAs":["https:\/\/www.facebook.com\/profile.php?id=61553163366147"]}]}},"jetpack_sharing_enabled":true,"_links":{"self":[{"href":"https:\/\/alllira.com\/es\/wp-json\/wp\/v2\/pages\/27","targetHints":{"allow":["GET"]}}],"collection":[{"href":"https:\/\/alllira.com\/es\/wp-json\/wp\/v2\/pages"}],"about":[{"href":"https:\/\/alllira.com\/es\/wp-json\/wp\/v2\/types\/page"}],"author":[{"embeddable":true,"href":"https:\/\/alllira.com\/es\/wp-json\/wp\/v2\/users\/1"}],"replies":[{"embeddable":true,"href":"https:\/\/alllira.com\/es\/wp-json\/wp\/v2\/comments?post=27"}],"version-history":[{"count":0,"href":"https:\/\/alllira.com\/es\/wp-json\/wp\/v2\/pages\/27\/revisions"}],"wp:attachment":[{"href":"https:\/\/alllira.com\/es\/wp-json\/wp\/v2\/media?parent=27"}],"curies":[{"name":"wp","href":"https:\/\/api.w.org\/{rel}","templated":true}]}}