{"id":11571,"date":"2024-01-18T00:46:14","date_gmt":"2024-01-18T05:46:14","guid":{"rendered":"https:\/\/alllira.com\/es\/producto\/newboler-bolsa-de-ciclismo-para-cuadro-de-tubo-frontal-superior-funda-de-telefono-impermeable-de-65-pulgadas-almacenamiento-con-pantalla-tactil-para-bicicleta-de-montana-y-carretera\/"},"modified":"2025-07-22T12:25:35","modified_gmt":"2025-07-22T17:25:35","slug":"newboler-bolsa-de-ciclismo-para-cuadro-de-tubo-frontal-superior-funda-de-telefono-impermeable-de-65-pulgadas-almacenamiento-con-pantalla-tactil-para-bicicleta-de-montana-y-carretera","status":"publish","type":"product","link":"https:\/\/alllira.com\/es\/producto\/newboler-bolsa-de-ciclismo-para-cuadro-de-tubo-frontal-superior-funda-de-telefono-impermeable-de-65-pulgadas-almacenamiento-con-pantalla-tactil-para-bicicleta-de-montana-y-carretera\/","title":{"rendered":"Bolsa de ciclismo para cuadro de tubo frontal superior, funda de tel\u00e9fono impermeable de 6,5 pulgadas"},"content":{"rendered":"<div>\n<div>\n<div>\n<p id=\"tl_1\" style=\"font-family: OpenSans; font-size: 14px; font-weight: 300; line-height: 20px; margin-bottom: 12px;\">\u2022 Funci\u00f3n impermeable: mantenga sus pertenencias secas durante los paseos lluviosos con la funci\u00f3n impermeable de esta bolsa de bicicleta.<\/p>\n<\/div>\n<div>\n<p id=\"tl_2\" style=\"font-family: OpenSans; font-size: 14px; font-weight: 300; line-height: 20px; margin-bottom: 12px;\">\u2022 Funda de tel\u00e9fono con pantalla t\u00e1ctil: La funda de tel\u00e9fono con pantalla t\u00e1ctil de 6,5 pulgadas le permite acceder f\u00e1cilmente a su tel\u00e9fono mientras anda en bicicleta.<\/p>\n<\/div>\n<div>\n<p id=\"tl_3\" style=\"font-family: OpenSans; font-size: 14px; font-weight: 300; line-height: 20px; margin-bottom: 12px;\">\u2022 Material de nylon: hecho de material de nylon duradero, esta bolsa de bicicleta est\u00e1 dise\u00f1ada para durar y soportar el desgaste.<\/p>\n<\/div>\n<div>\n<p id=\"tl_4\" style=\"font-family: OpenSans; font-size: 14px; font-weight: 300; line-height: 20px; margin-bottom: 12px;\">\u2022 Tama\u00f1o personalizable: La bolsa es personalizable para adaptarse a sus necesidades, por lo que es perfecta tanto para bicicletas de monta\u00f1a como de carretera.<\/p>\n<\/div>\n<div>\n<p id=\"tl_5\" style=\"font-family: OpenSans; font-size: 14px; font-weight: 300; line-height: 20px; margin-bottom: 12px;\">\u2022 Funci\u00f3n impermeable: mantenga sus pertenencias secas durante los paseos lluviosos con la funci\u00f3n impermeable de esta bolsa de bicicleta.<\/p>\n<\/div>\n<div>\n<p id=\"tl_6\" style=\"font-family: OpenSans; font-size: 14px; font-weight: 300; line-height: 20px; margin-bottom: 12px;\">\u2022 Funda de tel\u00e9fono con pantalla t\u00e1ctil: La funda de tel\u00e9fono con pantalla t\u00e1ctil de 6,5 pulgadas le permite acceder f\u00e1cilmente a su tel\u00e9fono mientras va en bicicleta.<\/p>\n<\/div>\n<div>\n<p id=\"tl_7\" style=\"font-family: OpenSans; font-size: 14px; font-weight: 300; line-height: 20px; margin-bottom: 12px;\">\u2022 Material de nylon: hecho de material de nylon duradero, esta bolsa de bicicleta est\u00e1 dise\u00f1ada para durar y soportar el desgaste.<\/p>\n<\/div>\n<div>\n<p id=\"tl_8\" style=\"font-family: OpenSans; font-size: 14px; font-weight: 300; line-height: 20px; margin-bottom: 12px;\">\u2022 Tama\u00f1o personalizable: La bolsa es personalizable para adaptarse a sus necesidades, por lo que es perfecta tanto para bicicletas de monta\u00f1a como de carretera.<\/p>\n<\/div>\n<div>\n<p id=\"tl_9\" style=\"font-family: OpenSans; font-size: 14px; font-weight: 300; line-height: 20px; margin-bottom: 12px;\">Informaci\u00f3n del producto<\/p>\n<p>Informaci\u00f3n del producto<br \/>\nCaracter\u00edsticas:<br \/>\nImpermeable, resistente al desgaste, a prueba de sol, pantalla t\u00e1ctil sensible a TPU<br \/>\nEspecificaciones:<br \/>\n1. [Nombre del producto] Bolsa de tubo en la pantalla t\u00e1ctil<br \/>\n2. [Material] Nylon<br \/>\n3. [Peso] 167G<br \/>\n4. [Color] Negro<br \/>\n5. [Tama\u00f1o]<br \/>\n25cm * 15cm * 15cm, tel\u00e9fono de 6,9 pulgadas, capacidad de 1L<br \/>\n6. [Forma fija] Fijaci\u00f3n estable de hebilla de nailon tridimensional y resistente<br \/>\nNota: Adecuado para tel\u00e9fonos de 4 pulgadas a 6,9 pulgadas<\/p>\n<\/div>\n<div><img decoding=\"async\" src=\"\/\/ae01.alicdn.com\/kf\/S00430364412e41ed821c36771b3faae1q.jpg\" \/><\/p>\n<p><img decoding=\"async\" src=\"\/\/ae01.alicdn.com\/kf\/S8f22a96624d8489faf96ade4f9bce266r.jpg\" \/><br \/>\n<img decoding=\"async\" src=\"\/\/ae01.alicdn.com\/kf\/S1dac830aac384559b0e94df25ef148b35.jpg\" \/><br \/>\n<img decoding=\"async\" src=\"\/\/ae01.alicdn.com\/kf\/Se32773c604934970a82a59787cd158645.jpg\" \/><br \/>\n<img decoding=\"async\" src=\"\/\/ae01.alicdn.com\/kf\/Scdeca111475f4e33bf534531438c783cz.jpg\" \/><br \/>\n<img decoding=\"async\" src=\"\/\/ae01.alicdn.com\/kf\/S7a1561d4b4824a419267ceb5dc0ced28H.jpg\" \/><\/div>\n<div><img decoding=\"async\" src=\"\/\/ae01.alicdn.com\/kf\/S77719c162fa74b688fd878d38a2859a1X.jpg\" \/><br \/>\n<img decoding=\"async\" src=\"\/\/ae01.alicdn.com\/kf\/S986d4d41cb7640ada3a0beed2d1104f3o.jpg\" \/><br \/>\n<img decoding=\"async\" src=\"\/\/ae01.alicdn.com\/kf\/S8d8876eab97b41f6aa46167eeee816b3x.jpg\" \/><br \/>\n<img decoding=\"async\" src=\"\/\/ae01.alicdn.com\/kf\/S53f3d94a66e04270b9ff154bd1de70d3d.jpg\" \/><br \/>\n<img decoding=\"async\" src=\"\/\/ae01.alicdn.com\/kf\/S123594ce2ccf4ef887a955a6cbf2d18dE.jpg\" \/><br \/>\n<img decoding=\"async\" src=\"\/\/ae01.alicdn.com\/kf\/S99e77c112d6941aa8190902816a9bb5eg.jpg\" \/><br \/>\n<img decoding=\"async\" src=\"\/\/ae01.alicdn.com\/kf\/S8f0b78ece5534ff6bacc9d7cd6243974k.jpg\" \/><br \/>\n<img decoding=\"async\" src=\"\/\/ae01.alicdn.com\/kf\/Sc28d42f49424432bbbeeec04ad1d32e4s.jpg\" \/><br \/>\n<img decoding=\"async\" src=\"\/\/ae01.alicdn.com\/kf\/S3100e5e0ca154bb399d4d46906c465510.jpg\" \/><\/div>\n<p>&nbsp;<\/p>\n<\/div>\n<\/div>\n","protected":false},"excerpt":{"rendered":"<p>\u2022 Funci\u00f3n impermeable: mantenga sus pertenencias secas durante los paseos lluviosos con la funci\u00f3n impermeable de esta bolsa de bicicleta. \u2022 Funda de tel\u00e9fono con pantalla t\u00e1ctil: La funda de tel\u00e9fono con pantalla t\u00e1ctil de 6,5 pulgadas le permite acceder f\u00e1cilmente a su tel\u00e9fono mientras anda en bicicleta. \u2022 Material de nylon: hecho de material [&hellip;]<\/p>\n","protected":false},"featured_media":11573,"comment_status":"open","ping_status":"closed","template":"","meta":[],"product_brand":[],"product_cat":[34],"product_tag":[],"class_list":{"0":"post-11571","1":"product","2":"type-product","3":"status-publish","4":"has-post-thumbnail","6":"product_cat-sports","8":"first","9":"instock","10":"sale","11":"taxable","12":"shipping-taxable","13":"purchasable","14":"product-type-variable"},"yoast_head":"<!-- This site is optimized with the Yoast SEO plugin v27.5 - https:\/\/yoast.com\/product\/yoast-seo-wordpress\/ -->\n<title>Bolsa de ciclismo para cuadro de tubo frontal superior, funda de tel\u00e9fono impermeable de 6,5 pulgadas - Alllira<\/title>\n<meta name=\"robots\" content=\"index, follow, max-snippet:-1, max-image-preview:large, max-video-preview:-1\" \/>\n<link rel=\"canonical\" href=\"https:\/\/alllira.com\/es\/producto\/newboler-bolsa-de-ciclismo-para-cuadro-de-tubo-frontal-superior-funda-de-telefono-impermeable-de-65-pulgadas-almacenamiento-con-pantalla-tactil-para-bicicleta-de-montana-y-carretera\/\" \/>\n<meta property=\"og:locale\" content=\"es_ES\" \/>\n<meta property=\"og:type\" content=\"article\" \/>\n<meta property=\"og:title\" content=\"Bolsa de ciclismo para cuadro de tubo frontal superior, funda de tel\u00e9fono impermeable de 6,5 pulgadas - Alllira\" \/>\n<meta property=\"og:description\" content=\"\u2022 Funci\u00f3n impermeable: mantenga sus pertenencias secas durante los paseos lluviosos con la funci\u00f3n impermeable de esta bolsa de bicicleta. \u2022 Funda de tel\u00e9fono con pantalla t\u00e1ctil: La funda de tel\u00e9fono con pantalla t\u00e1ctil de 6,5 pulgadas le permite acceder f\u00e1cilmente a su tel\u00e9fono mientras anda en bicicleta. \u2022 Material de nylon: hecho de material [&hellip;]\" \/>\n<meta property=\"og:url\" content=\"https:\/\/alllira.com\/es\/producto\/newboler-bolsa-de-ciclismo-para-cuadro-de-tubo-frontal-superior-funda-de-telefono-impermeable-de-65-pulgadas-almacenamiento-con-pantalla-tactil-para-bicicleta-de-montana-y-carretera\/\" \/>\n<meta property=\"og:site_name\" content=\"Alllira\" \/>\n<meta property=\"article:publisher\" content=\"https:\/\/www.facebook.com\/profile.php?id=61553163366147\" \/>\n<meta property=\"article:modified_time\" content=\"2025-07-22T17:25:35+00:00\" \/>\n<meta property=\"og:image\" content=\"https:\/\/ae01.alicdn.com\/kf\/S24ee3b381bde4808bbc5d920ea611f8d6\/NEWBOLER-Bolsa-de-ciclismo-para-cuadro-de-tubo-frontal-superior-funda-de-tel-fono-impermeable-de.jpg\" \/>\n\t<meta property=\"og:image:width\" content=\"800\" \/>\n\t<meta property=\"og:image:height\" content=\"800\" \/>\n\t<meta property=\"og:image:type\" content=\"image\/jpeg\" \/>\n<meta name=\"twitter:card\" content=\"summary_large_image\" \/>\n<meta name=\"twitter:label1\" content=\"Tiempo de lectura\" \/>\n\t<meta name=\"twitter:data1\" content=\"5 minutos\" \/>\n<script type=\"application\/ld+json\" class=\"yoast-schema-graph\">{\"@context\":\"https:\\\/\\\/schema.org\",\"@graph\":[{\"@type\":\"WebPage\",\"@id\":\"https:\\\/\\\/alllira.com\\\/product\\\/newboler-bolsa-de-ciclismo-para-cuadro-de-tubo-frontal-superior-funda-de-telefono-impermeable-de-65-pulgadas-almacenamiento-con-pantalla-tactil-para-bicicleta-de-montana-y-carretera\\\/\",\"url\":\"https:\\\/\\\/alllira.com\\\/product\\\/newboler-bolsa-de-ciclismo-para-cuadro-de-tubo-frontal-superior-funda-de-telefono-impermeable-de-65-pulgadas-almacenamiento-con-pantalla-tactil-para-bicicleta-de-montana-y-carretera\\\/\",\"name\":\"Bolsa de ciclismo para cuadro de tubo frontal superior, funda de tel\u00e9fono impermeable de 6,5 pulgadas - Alllira\",\"isPartOf\":{\"@id\":\"https:\\\/\\\/alllira.com\\\/#website\"},\"primaryImageOfPage\":{\"@id\":\"https:\\\/\\\/alllira.com\\\/product\\\/newboler-bolsa-de-ciclismo-para-cuadro-de-tubo-frontal-superior-funda-de-telefono-impermeable-de-65-pulgadas-almacenamiento-con-pantalla-tactil-para-bicicleta-de-montana-y-carretera\\\/#primaryimage\"},\"image\":{\"@id\":\"https:\\\/\\\/alllira.com\\\/product\\\/newboler-bolsa-de-ciclismo-para-cuadro-de-tubo-frontal-superior-funda-de-telefono-impermeable-de-65-pulgadas-almacenamiento-con-pantalla-tactil-para-bicicleta-de-montana-y-carretera\\\/#primaryimage\"},\"thumbnailUrl\":\"https:\\\/\\\/ae01.alicdn.com\\\/kf\\\/S24ee3b381bde4808bbc5d920ea611f8d6\\\/NEWBOLER-Bolsa-de-ciclismo-para-cuadro-de-tubo-frontal-superior-funda-de-tel-fono-impermeable-de.jpg\",\"datePublished\":\"2024-01-18T05:46:14+00:00\",\"dateModified\":\"2025-07-22T17:25:35+00:00\",\"breadcrumb\":{\"@id\":\"https:\\\/\\\/alllira.com\\\/product\\\/newboler-bolsa-de-ciclismo-para-cuadro-de-tubo-frontal-superior-funda-de-telefono-impermeable-de-65-pulgadas-almacenamiento-con-pantalla-tactil-para-bicicleta-de-montana-y-carretera\\\/#breadcrumb\"},\"inLanguage\":\"es\",\"potentialAction\":[{\"@type\":\"ReadAction\",\"target\":[\"https:\\\/\\\/alllira.com\\\/product\\\/newboler-bolsa-de-ciclismo-para-cuadro-de-tubo-frontal-superior-funda-de-telefono-impermeable-de-65-pulgadas-almacenamiento-con-pantalla-tactil-para-bicicleta-de-montana-y-carretera\\\/\"]}]},{\"@type\":\"ImageObject\",\"inLanguage\":\"es\",\"@id\":\"https:\\\/\\\/alllira.com\\\/product\\\/newboler-bolsa-de-ciclismo-para-cuadro-de-tubo-frontal-superior-funda-de-telefono-impermeable-de-65-pulgadas-almacenamiento-con-pantalla-tactil-para-bicicleta-de-montana-y-carretera\\\/#primaryimage\",\"url\":\"https:\\\/\\\/ae01.alicdn.com\\\/kf\\\/S24ee3b381bde4808bbc5d920ea611f8d6\\\/NEWBOLER-Bolsa-de-ciclismo-para-cuadro-de-tubo-frontal-superior-funda-de-tel-fono-impermeable-de.jpg\",\"contentUrl\":\"https:\\\/\\\/ae01.alicdn.com\\\/kf\\\/S24ee3b381bde4808bbc5d920ea611f8d6\\\/NEWBOLER-Bolsa-de-ciclismo-para-cuadro-de-tubo-frontal-superior-funda-de-tel-fono-impermeable-de.jpg\",\"width\":800,\"height\":800,\"caption\":\"11571-b5136c.jpg\"},{\"@type\":\"BreadcrumbList\",\"@id\":\"https:\\\/\\\/alllira.com\\\/product\\\/newboler-bolsa-de-ciclismo-para-cuadro-de-tubo-frontal-superior-funda-de-telefono-impermeable-de-65-pulgadas-almacenamiento-con-pantalla-tactil-para-bicicleta-de-montana-y-carretera\\\/#breadcrumb\",\"itemListElement\":[{\"@type\":\"ListItem\",\"position\":1,\"name\":\"Home\",\"item\":\"https:\\\/\\\/alllira.com\\\/\"},{\"@type\":\"ListItem\",\"position\":2,\"name\":\"Shop\",\"item\":\"https:\\\/\\\/alllira.com\\\/shop\\\/\"},{\"@type\":\"ListItem\",\"position\":3,\"name\":\"Bolsa de ciclismo para cuadro de tubo frontal superior, funda de tel\u00e9fono impermeable de 6,5 pulgadas\"}]},{\"@type\":\"WebSite\",\"@id\":\"https:\\\/\\\/alllira.com\\\/#website\",\"url\":\"https:\\\/\\\/alllira.com\\\/\",\"name\":\"Alllira\",\"description\":\"\",\"publisher\":{\"@id\":\"https:\\\/\\\/alllira.com\\\/#organization\"},\"potentialAction\":[{\"@type\":\"SearchAction\",\"target\":{\"@type\":\"EntryPoint\",\"urlTemplate\":\"https:\\\/\\\/alllira.com\\\/?s={search_term_string}\"},\"query-input\":{\"@type\":\"PropertyValueSpecification\",\"valueRequired\":true,\"valueName\":\"search_term_string\"}}],\"inLanguage\":\"es\"},{\"@type\":\"Organization\",\"@id\":\"https:\\\/\\\/alllira.com\\\/#organization\",\"name\":\"Alllira\",\"url\":\"https:\\\/\\\/alllira.com\\\/\",\"logo\":{\"@type\":\"ImageObject\",\"inLanguage\":\"es\",\"@id\":\"https:\\\/\\\/alllira.com\\\/#\\\/schema\\\/logo\\\/image\\\/\",\"url\":\"https:\\\/\\\/alllira.com\\\/wp-content\\\/uploads\\\/2023\\\/11\\\/399982192_122102027870105445_276710788166891880_n.jpg\",\"contentUrl\":\"https:\\\/\\\/alllira.com\\\/wp-content\\\/uploads\\\/2023\\\/11\\\/399982192_122102027870105445_276710788166891880_n.jpg\",\"width\":400,\"height\":400,\"caption\":\"Alllira\"},\"image\":{\"@id\":\"https:\\\/\\\/alllira.com\\\/#\\\/schema\\\/logo\\\/image\\\/\"},\"sameAs\":[\"https:\\\/\\\/www.facebook.com\\\/profile.php?id=61553163366147\"]}]}<\/script>\n<!-- \/ Yoast SEO plugin. -->","yoast_head_json":{"title":"Bolsa de ciclismo para cuadro de tubo frontal superior, funda de tel\u00e9fono impermeable de 6,5 pulgadas - Alllira","robots":{"index":"index","follow":"follow","max-snippet":"max-snippet:-1","max-image-preview":"max-image-preview:large","max-video-preview":"max-video-preview:-1"},"canonical":"https:\/\/alllira.com\/es\/producto\/newboler-bolsa-de-ciclismo-para-cuadro-de-tubo-frontal-superior-funda-de-telefono-impermeable-de-65-pulgadas-almacenamiento-con-pantalla-tactil-para-bicicleta-de-montana-y-carretera\/","og_locale":"es_ES","og_type":"article","og_title":"Bolsa de ciclismo para cuadro de tubo frontal superior, funda de tel\u00e9fono impermeable de 6,5 pulgadas - Alllira","og_description":"\u2022 Funci\u00f3n impermeable: mantenga sus pertenencias secas durante los paseos lluviosos con la funci\u00f3n impermeable de esta bolsa de bicicleta. \u2022 Funda de tel\u00e9fono con pantalla t\u00e1ctil: La funda de tel\u00e9fono con pantalla t\u00e1ctil de 6,5 pulgadas le permite acceder f\u00e1cilmente a su tel\u00e9fono mientras anda en bicicleta. \u2022 Material de nylon: hecho de material [&hellip;]","og_url":"https:\/\/alllira.com\/es\/producto\/newboler-bolsa-de-ciclismo-para-cuadro-de-tubo-frontal-superior-funda-de-telefono-impermeable-de-65-pulgadas-almacenamiento-con-pantalla-tactil-para-bicicleta-de-montana-y-carretera\/","og_site_name":"Alllira","article_publisher":"https:\/\/www.facebook.com\/profile.php?id=61553163366147","article_modified_time":"2025-07-22T17:25:35+00:00","og_image":[{"width":800,"height":800,"url":"https:\/\/ae01.alicdn.com\/kf\/S24ee3b381bde4808bbc5d920ea611f8d6\/NEWBOLER-Bolsa-de-ciclismo-para-cuadro-de-tubo-frontal-superior-funda-de-tel-fono-impermeable-de.jpg","type":"image\/jpeg"}],"twitter_card":"summary_large_image","twitter_misc":{"Tiempo de lectura":"5 minutos"},"schema":{"@context":"https:\/\/schema.org","@graph":[{"@type":"WebPage","@id":"https:\/\/alllira.com\/product\/newboler-bolsa-de-ciclismo-para-cuadro-de-tubo-frontal-superior-funda-de-telefono-impermeable-de-65-pulgadas-almacenamiento-con-pantalla-tactil-para-bicicleta-de-montana-y-carretera\/","url":"https:\/\/alllira.com\/product\/newboler-bolsa-de-ciclismo-para-cuadro-de-tubo-frontal-superior-funda-de-telefono-impermeable-de-65-pulgadas-almacenamiento-con-pantalla-tactil-para-bicicleta-de-montana-y-carretera\/","name":"Bolsa de ciclismo para cuadro de tubo frontal superior, funda de tel\u00e9fono impermeable de 6,5 pulgadas - Alllira","isPartOf":{"@id":"https:\/\/alllira.com\/#website"},"primaryImageOfPage":{"@id":"https:\/\/alllira.com\/product\/newboler-bolsa-de-ciclismo-para-cuadro-de-tubo-frontal-superior-funda-de-telefono-impermeable-de-65-pulgadas-almacenamiento-con-pantalla-tactil-para-bicicleta-de-montana-y-carretera\/#primaryimage"},"image":{"@id":"https:\/\/alllira.com\/product\/newboler-bolsa-de-ciclismo-para-cuadro-de-tubo-frontal-superior-funda-de-telefono-impermeable-de-65-pulgadas-almacenamiento-con-pantalla-tactil-para-bicicleta-de-montana-y-carretera\/#primaryimage"},"thumbnailUrl":"https:\/\/ae01.alicdn.com\/kf\/S24ee3b381bde4808bbc5d920ea611f8d6\/NEWBOLER-Bolsa-de-ciclismo-para-cuadro-de-tubo-frontal-superior-funda-de-tel-fono-impermeable-de.jpg","datePublished":"2024-01-18T05:46:14+00:00","dateModified":"2025-07-22T17:25:35+00:00","breadcrumb":{"@id":"https:\/\/alllira.com\/product\/newboler-bolsa-de-ciclismo-para-cuadro-de-tubo-frontal-superior-funda-de-telefono-impermeable-de-65-pulgadas-almacenamiento-con-pantalla-tactil-para-bicicleta-de-montana-y-carretera\/#breadcrumb"},"inLanguage":"es","potentialAction":[{"@type":"ReadAction","target":["https:\/\/alllira.com\/product\/newboler-bolsa-de-ciclismo-para-cuadro-de-tubo-frontal-superior-funda-de-telefono-impermeable-de-65-pulgadas-almacenamiento-con-pantalla-tactil-para-bicicleta-de-montana-y-carretera\/"]}]},{"@type":"ImageObject","inLanguage":"es","@id":"https:\/\/alllira.com\/product\/newboler-bolsa-de-ciclismo-para-cuadro-de-tubo-frontal-superior-funda-de-telefono-impermeable-de-65-pulgadas-almacenamiento-con-pantalla-tactil-para-bicicleta-de-montana-y-carretera\/#primaryimage","url":"https:\/\/ae01.alicdn.com\/kf\/S24ee3b381bde4808bbc5d920ea611f8d6\/NEWBOLER-Bolsa-de-ciclismo-para-cuadro-de-tubo-frontal-superior-funda-de-tel-fono-impermeable-de.jpg","contentUrl":"https:\/\/ae01.alicdn.com\/kf\/S24ee3b381bde4808bbc5d920ea611f8d6\/NEWBOLER-Bolsa-de-ciclismo-para-cuadro-de-tubo-frontal-superior-funda-de-tel-fono-impermeable-de.jpg","width":800,"height":800,"caption":"11571-b5136c.jpg"},{"@type":"BreadcrumbList","@id":"https:\/\/alllira.com\/product\/newboler-bolsa-de-ciclismo-para-cuadro-de-tubo-frontal-superior-funda-de-telefono-impermeable-de-65-pulgadas-almacenamiento-con-pantalla-tactil-para-bicicleta-de-montana-y-carretera\/#breadcrumb","itemListElement":[{"@type":"ListItem","position":1,"name":"Home","item":"https:\/\/alllira.com\/"},{"@type":"ListItem","position":2,"name":"Shop","item":"https:\/\/alllira.com\/shop\/"},{"@type":"ListItem","position":3,"name":"Bolsa de ciclismo para cuadro de tubo frontal superior, funda de tel\u00e9fono impermeable de 6,5 pulgadas"}]},{"@type":"WebSite","@id":"https:\/\/alllira.com\/#website","url":"https:\/\/alllira.com\/","name":"Alllira","description":"","publisher":{"@id":"https:\/\/alllira.com\/#organization"},"potentialAction":[{"@type":"SearchAction","target":{"@type":"EntryPoint","urlTemplate":"https:\/\/alllira.com\/?s={search_term_string}"},"query-input":{"@type":"PropertyValueSpecification","valueRequired":true,"valueName":"search_term_string"}}],"inLanguage":"es"},{"@type":"Organization","@id":"https:\/\/alllira.com\/#organization","name":"Alllira","url":"https:\/\/alllira.com\/","logo":{"@type":"ImageObject","inLanguage":"es","@id":"https:\/\/alllira.com\/#\/schema\/logo\/image\/","url":"https:\/\/alllira.com\/wp-content\/uploads\/2023\/11\/399982192_122102027870105445_276710788166891880_n.jpg","contentUrl":"https:\/\/alllira.com\/wp-content\/uploads\/2023\/11\/399982192_122102027870105445_276710788166891880_n.jpg","width":400,"height":400,"caption":"Alllira"},"image":{"@id":"https:\/\/alllira.com\/#\/schema\/logo\/image\/"},"sameAs":["https:\/\/www.facebook.com\/profile.php?id=61553163366147"]}]}},"jetpack_sharing_enabled":true,"_links":{"self":[{"href":"https:\/\/alllira.com\/es\/wp-json\/wp\/v2\/product\/11571","targetHints":{"allow":["GET"]}}],"collection":[{"href":"https:\/\/alllira.com\/es\/wp-json\/wp\/v2\/product"}],"about":[{"href":"https:\/\/alllira.com\/es\/wp-json\/wp\/v2\/types\/product"}],"replies":[{"embeddable":true,"href":"https:\/\/alllira.com\/es\/wp-json\/wp\/v2\/comments?post=11571"}],"wp:featuredmedia":[{"embeddable":true,"href":"https:\/\/alllira.com\/es\/wp-json\/wp\/v2\/media\/11573"}],"wp:attachment":[{"href":"https:\/\/alllira.com\/es\/wp-json\/wp\/v2\/media?parent=11571"}],"wp:term":[{"taxonomy":"product_brand","embeddable":true,"href":"https:\/\/alllira.com\/es\/wp-json\/wp\/v2\/product_brand?post=11571"},{"taxonomy":"product_cat","embeddable":true,"href":"https:\/\/alllira.com\/es\/wp-json\/wp\/v2\/product_cat?post=11571"},{"taxonomy":"product_tag","embeddable":true,"href":"https:\/\/alllira.com\/es\/wp-json\/wp\/v2\/product_tag?post=11571"}],"curies":[{"name":"wp","href":"https:\/\/api.w.org\/{rel}","templated":true}]}}