{"id":11581,"date":"2024-01-18T00:58:25","date_gmt":"2024-01-18T05:58:25","guid":{"rendered":"https:\/\/alllira.com\/es\/producto\/bolsa-para-manillar-de-bicicleta-de-montana-bolsa-para-tubo-superior-delantero-soporte-para-telefono-con-pantalla-tactil-1l\/"},"modified":"2025-07-22T12:25:41","modified_gmt":"2025-07-22T17:25:41","slug":"bolsa-para-manillar-de-bicicleta-de-montana-bolsa-para-tubo-superior-delantero-soporte-para-telefono-con-pantalla-tactil-1l","status":"publish","type":"product","link":"https:\/\/alllira.com\/es\/producto\/bolsa-para-manillar-de-bicicleta-de-montana-bolsa-para-tubo-superior-delantero-soporte-para-telefono-con-pantalla-tactil-1l\/","title":{"rendered":"Bolsa para manillar de bicicleta de monta\u00f1a, bolsa para tubo superior delantero, soporte para tel\u00e9fono con pantalla t\u00e1ctil"},"content":{"rendered":"<p>Bolsa para manillar de bicicleta de monta\u00f1a, bolsa para tubo superior delantero, soporte para tel\u00e9fono con pantalla t\u00e1ctil<\/p>\n<p><strong style=\"font-family: 'Open Sans', sans-serif; font-size: 14px;\">\u2022 Tenedor del tel\u00e9fono de la pantalla t\u00e1ctil :<\/strong><span style=\"font-family: 'Open Sans', sans-serif; font-size: 14px;\">La bolsa viene con un soporte para tel\u00e9fono de pantalla t\u00e1ctil, lo que le permite acceder f\u00e1cilmente a su tel\u00e9fono mientras anda en bicicleta.<\/span><\/p>\n<div>\n<p>&nbsp;<\/p>\n<p style=\"font-family: 'Open Sans', sans-serif; font-size: 14px; font-weight: 400; letter-spacing: normal; line-height: inherit; text-align: start; margin: 0px; padding: 0px;\" align=\"start\"><strong>\u2022 Funci\u00f3n Rainproof :<\/strong>La bolsa est\u00e1 dise\u00f1ada para ser a prueba de lluvia, asegurando que sus pertenencias permanezcan secas incluso en condiciones h\u00famedas.<\/p>\n<p>&nbsp;<\/p>\n<p style=\"font-family: 'Open Sans', sans-serif; font-size: 14px; font-weight: 400; letter-spacing: normal; line-height: inherit; text-align: start; margin: 0px; padding: 0px;\" align=\"start\"><strong>\u2022 Material de Polyster :<\/strong>Hecho de material de poli\u00e9ster duradero, la bolsa est\u00e1 construida para durar y soportar el desgaste.<\/p>\n<p>&nbsp;<\/p>\n<p style=\"font-family: 'Open Sans', sans-serif; font-size: 14px; font-weight: 400; letter-spacing: normal; line-height: inherit; text-align: start; margin: 0px; padding: 0px;\" align=\"start\"><strong>\u2022 Marco frontal superior tubo de dise\u00f1o :<\/strong>El dise\u00f1o del tubo superior frontal del marco de la bolsa permite una f\u00e1cil instalaci\u00f3n y extracci\u00f3n, lo que lo hace conveniente de usar.<\/p>\n<p>&nbsp;<\/p>\n<\/div>\n<p style=\"font-family: OpenSans; font-size: 20px; font-weight: 900; line-height: 28px; margin-bottom: 12px;\">Bolsa de bicicleta impermeable 1l marco frontal superior tubo bicicleta bolsa manillar MTB pantalla t\u00e1ctil ciclismo bolsa tel\u00e9fono titular bicicleta accesorios<\/p>\n<p>&nbsp;<\/p>\n<p><span style=\"font-size: 10.5pt; font-family: arial, helvetica, sans-serif;\"><strong>[Descripci\u00f3n del producto]:<\/strong><\/span><\/p>\n<p><span style=\"font-size: 14px; font-family: arial, helvetica, sans-serif;\">Material: Poli\u00e9ster<\/span><\/p>\n<p><span style=\"font-size: 14px; font-family: arial, helvetica, sans-serif;\">Color: negro, gris<\/span><\/p>\n<p><span style=\"font-size: 14px; font-family: arial, helvetica, sans-serif;\">Tama\u00f1o: 18,5*9,5*8,5 cm<\/span><\/p>\n<p><span style=\"font-size: 14px; font-family: arial, helvetica, sans-serif;\">Peso: 100g<\/span><\/p>\n<p>&nbsp;<\/p>\n<p><span style=\"font-size: 10.5pt; font-family: arial, helvetica, sans-serif;\"><strong>[Caracter\u00edsticas]:<\/strong><\/span><\/p>\n<p><span style=\"font-size: 14px; font-family: arial, helvetica, sans-serif;\">1. Pantalla t\u00e1ctil sensible: La bolsa de manillar de bicicleta con alta Ventana de pel\u00edcula de TPU sensible que conveniencia para usted para opretate en el tel\u00e9fono con bolsa de bicicleta mientras protege sus tel\u00e9fonos de forma segura en el manillar. Perfecto compatible con iPhone x 8 7 6s 6 Plus 5S\/Samsung Galaxy S8 S7 Nota 7 tel\u00e9fono m\u00f3vil por debajo de 6,5 pulgadas<\/span><\/p>\n<p><span style=\"font-size: 14px; font-family: arial, helvetica, sans-serif;\">2. Soporte de tel\u00e9fono de carbono resistente al agua: La bolsa de tel\u00e9fono de bicicleta utiliza el material resistente al agua + proceso de mano de obra de alta costura que una doble bolsa de bicicleta impermeable (aseg\u00farese de que su enchufe de auriculares est\u00e9 cerrado)<\/span><\/p>\n<p><span style=\"font-size: 14px; font-family: arial, helvetica, sans-serif;\">3. GRAN CAPACIDAD DE ALMACENAMIENTO: La bolsa de montaje de tel\u00e9fono para bicicleta tiene suficiente espacio interior para paseos largos, tiene muchas cosas como iPhone, bater\u00eda, gel de energ\u00eda, bomba de neum\u00e1tico peque\u00f1o, kits de reparaci\u00f3n, llaves, cartera etc.<\/span><\/p>\n<p><span style=\"font-size: 14px; font-family: arial, helvetica, sans-serif;\">4. tiras reflectantes: considere aumentar su visibilidad de Ciclismo de noche, la bolsa de bicicleta adopta dos cintas reflectantes en ambos lados de las bolsas de bicicleta para mantener su seguridad de paseo nocturno. El parasol y el tablero que destella es gran uso para el d\u00eda lluvioso o soleado. La resistencia a las salpicaduras puede mantener el interior seco y fresco tanto en el sol como en la lluvia<\/span><\/p>\n<p><span style=\"font-size: 14px; font-family: arial, helvetica, sans-serif;\">5. multi-Aplicaciones: bolsas de bicicleta puede usar como bolsa de bicicleta de monta\u00f1a, bolsa de bicicleta de carretera, bolsa de bicicleta plegable, bicicletas el\u00e9ctricas. El orificio oculto para auriculares le permite contestar el tel\u00e9fono o disfrutar de la m\u00fasica libremente mientras anda en bicicleta (Nota: Touch ID NO funcion\u00f3 a trav\u00e9s de la cubierta de la pantalla)<\/span><\/p>\n<p>&nbsp;<\/p>\n<p><span style=\"font-size: 10.5pt; font-family: arial, helvetica, sans-serif;\"><strong>[Paquete incluido]:<\/strong><\/span><\/p>\n<p><span style=\"font-size: 14px; font-family: arial, helvetica, sans-serif;\">1 * bolsa de bicicleta<\/span><\/p>\n<p>&nbsp;<\/p>\n<p><span style=\"font-size: 14px; font-family: arial, helvetica, sans-serif;\"><strong>[Aviso]:<\/strong><\/span><\/p>\n<p><span style=\"font-size: 14px; font-family: arial, helvetica, sans-serif;\">Cuando Mida el tama\u00f1o de una pantalla, mida esquina a esquina en lugar de medir la longitud de la pantalla. Si la pantalla es de 6,5 &#8220;o m\u00e1s peque\u00f1a desde una esquina hasta la esquina opuesta, entonces se ajustar\u00e1 a esta bolsa de bicicleta.<\/span><\/p>\n<p>&nbsp;<\/p>\n<p><img decoding=\"async\" src=\"\/\/ae01.alicdn.com\/kf\/S2a1cce01ad564fffbc1052ed4536a4e4d.jpg\" \/><\/p>\n<p><img loading=\"lazy\" decoding=\"async\" src=\"\/\/ae01.alicdn.com\/kf\/Sd35786309e15418bbbbc7d0f197f35252.jpg\" width=\"944\" height=\"944\" \/><\/p>\n<p style=\"font-family: OpenSans; font-size: 14px; font-weight: 300; line-height: 20px; margin-bottom: 12px;\"><img decoding=\"async\" src=\"\/\/ae01.alicdn.com\/kf\/S2a231c525605437aa489c60a1cd25ac5v.jpg\" \/><img decoding=\"async\" src=\"\/\/ae01.alicdn.com\/kf\/S0ae333265b0d4d499cfb3dd0525398b9o.jpg\" \/><img decoding=\"async\" src=\"\/\/ae01.alicdn.com\/kf\/S17377cdf9ed34afc85ab84e86d0d67e5H.jpg\" \/><img decoding=\"async\" src=\"\/\/ae01.alicdn.com\/kf\/Sca17249e1c394786add2610d7fdf28b2a.jpg\" \/><img decoding=\"async\" src=\"\/\/ae01.alicdn.com\/kf\/Sad1f89fa82624f9684be447d9b96ab5cX.jpg\" \/><img decoding=\"async\" src=\"\/\/ae01.alicdn.com\/kf\/S7f5ccccca4244e28b617ee8226554d9dI.jpg\" \/><img decoding=\"async\" src=\"\/\/ae01.alicdn.com\/kf\/Sc9d44fc198f4440a949f831ef75160b24.jpg\" \/><img decoding=\"async\" src=\"\/\/ae01.alicdn.com\/kf\/S6a19cb7652a54007a277e5c12b6a6aab5.jpg\" \/><img decoding=\"async\" src=\"\/\/ae01.alicdn.com\/kf\/S9480bf779ff946da9499589e52cc8f91C.jpg\" \/><img decoding=\"async\" src=\"\/\/ae01.alicdn.com\/kf\/S93a56dae46c64be7a43295a790f70255P.jpg\" \/><img decoding=\"async\" src=\"\/\/ae01.alicdn.com\/kf\/Se11d9a45f4f0480f82550310887c0449A.jpg\" \/><img decoding=\"async\" src=\"\/\/ae01.alicdn.com\/kf\/S6d40158fcfdb46e3b59292cd95e0e090x.jpg\" \/><img decoding=\"async\" src=\"\/\/ae01.alicdn.com\/kf\/S475ab5bacbd44c98b7aa8475d3bd90262.jpg\" \/><img decoding=\"async\" src=\"\/\/ae01.alicdn.com\/kf\/S42df407c3f05481687f1dd40ffd7ce79p.jpg\" \/><img loading=\"lazy\" decoding=\"async\" src=\"\/\/ae01.alicdn.com\/kf\/Sd9ee463d1913498fb753e8e21a103638j.jpg\" width=\"944\" height=\"944\" \/><\/p>\n","protected":false},"excerpt":{"rendered":"<p>Bolsa para manillar de bicicleta de monta\u00f1a, bolsa para tubo superior delantero, soporte para tel\u00e9fono con pantalla t\u00e1ctil \u2022 Tenedor del tel\u00e9fono de la pantalla t\u00e1ctil :La bolsa viene con un soporte para tel\u00e9fono de pantalla t\u00e1ctil, lo que le permite acceder f\u00e1cilmente a su tel\u00e9fono mientras anda en bicicleta. &nbsp; \u2022 Funci\u00f3n Rainproof :La [&hellip;]<\/p>\n","protected":false},"featured_media":11584,"comment_status":"open","ping_status":"closed","template":"","meta":[],"product_brand":[],"product_cat":[34],"product_tag":[],"class_list":{"0":"post-11581","1":"product","2":"type-product","3":"status-publish","4":"has-post-thumbnail","6":"product_cat-sports","8":"first","9":"instock","10":"sale","11":"taxable","12":"shipping-taxable","13":"purchasable","14":"product-type-variable"},"yoast_head":"<!-- This site is optimized with the Yoast SEO plugin v27.5 - https:\/\/yoast.com\/product\/yoast-seo-wordpress\/ -->\n<title>Bolsa para manillar de bicicleta de monta\u00f1a, bolsa para tubo superior delantero, soporte para tel\u00e9fono con pantalla t\u00e1ctil - Alllira<\/title>\n<meta name=\"robots\" content=\"index, follow, max-snippet:-1, max-image-preview:large, max-video-preview:-1\" \/>\n<link rel=\"canonical\" href=\"https:\/\/alllira.com\/es\/producto\/bolsa-para-manillar-de-bicicleta-de-montana-bolsa-para-tubo-superior-delantero-soporte-para-telefono-con-pantalla-tactil-1l\/\" \/>\n<meta property=\"og:locale\" content=\"es_ES\" \/>\n<meta property=\"og:type\" content=\"article\" \/>\n<meta property=\"og:title\" content=\"Bolsa para manillar de bicicleta de monta\u00f1a, bolsa para tubo superior delantero, soporte para tel\u00e9fono con pantalla t\u00e1ctil - Alllira\" \/>\n<meta property=\"og:description\" content=\"Bolsa para manillar de bicicleta de monta\u00f1a, bolsa para tubo superior delantero, soporte para tel\u00e9fono con pantalla t\u00e1ctil \u2022 Tenedor del tel\u00e9fono de la pantalla t\u00e1ctil :La bolsa viene con un soporte para tel\u00e9fono de pantalla t\u00e1ctil, lo que le permite acceder f\u00e1cilmente a su tel\u00e9fono mientras anda en bicicleta. &nbsp; \u2022 Funci\u00f3n Rainproof :La [&hellip;]\" \/>\n<meta property=\"og:url\" content=\"https:\/\/alllira.com\/es\/producto\/bolsa-para-manillar-de-bicicleta-de-montana-bolsa-para-tubo-superior-delantero-soporte-para-telefono-con-pantalla-tactil-1l\/\" \/>\n<meta property=\"og:site_name\" content=\"Alllira\" \/>\n<meta property=\"article:publisher\" content=\"https:\/\/www.facebook.com\/profile.php?id=61553163366147\" \/>\n<meta property=\"article:modified_time\" content=\"2025-07-22T17:25:41+00:00\" \/>\n<meta property=\"og:image\" content=\"https:\/\/ae01.alicdn.com\/kf\/S8ad4a652517d4d6bb9048882e5d6f452U\/Bolsa-para-manillar-de-bicicleta-de-monta-a-bolsa-para-tubo-superior-delantero-soporte-para-tel.jpg\" \/>\n\t<meta property=\"og:image:width\" content=\"800\" \/>\n\t<meta property=\"og:image:height\" content=\"800\" \/>\n\t<meta property=\"og:image:type\" content=\"image\/jpeg\" \/>\n<meta name=\"twitter:card\" content=\"summary_large_image\" \/>\n<meta name=\"twitter:label1\" content=\"Tiempo de lectura\" \/>\n\t<meta name=\"twitter:data1\" content=\"6 minutos\" \/>\n<script type=\"application\/ld+json\" class=\"yoast-schema-graph\">{\"@context\":\"https:\\\/\\\/schema.org\",\"@graph\":[{\"@type\":\"WebPage\",\"@id\":\"https:\\\/\\\/alllira.com\\\/product\\\/bolsa-para-manillar-de-bicicleta-de-montana-bolsa-para-tubo-superior-delantero-soporte-para-telefono-con-pantalla-tactil-1l\\\/\",\"url\":\"https:\\\/\\\/alllira.com\\\/product\\\/bolsa-para-manillar-de-bicicleta-de-montana-bolsa-para-tubo-superior-delantero-soporte-para-telefono-con-pantalla-tactil-1l\\\/\",\"name\":\"Bolsa para manillar de bicicleta de monta\u00f1a, bolsa para tubo superior delantero, soporte para tel\u00e9fono con pantalla t\u00e1ctil - Alllira\",\"isPartOf\":{\"@id\":\"https:\\\/\\\/alllira.com\\\/#website\"},\"primaryImageOfPage\":{\"@id\":\"https:\\\/\\\/alllira.com\\\/product\\\/bolsa-para-manillar-de-bicicleta-de-montana-bolsa-para-tubo-superior-delantero-soporte-para-telefono-con-pantalla-tactil-1l\\\/#primaryimage\"},\"image\":{\"@id\":\"https:\\\/\\\/alllira.com\\\/product\\\/bolsa-para-manillar-de-bicicleta-de-montana-bolsa-para-tubo-superior-delantero-soporte-para-telefono-con-pantalla-tactil-1l\\\/#primaryimage\"},\"thumbnailUrl\":\"https:\\\/\\\/ae01.alicdn.com\\\/kf\\\/S8ad4a652517d4d6bb9048882e5d6f452U\\\/Bolsa-para-manillar-de-bicicleta-de-monta-a-bolsa-para-tubo-superior-delantero-soporte-para-tel.jpg\",\"datePublished\":\"2024-01-18T05:58:25+00:00\",\"dateModified\":\"2025-07-22T17:25:41+00:00\",\"breadcrumb\":{\"@id\":\"https:\\\/\\\/alllira.com\\\/product\\\/bolsa-para-manillar-de-bicicleta-de-montana-bolsa-para-tubo-superior-delantero-soporte-para-telefono-con-pantalla-tactil-1l\\\/#breadcrumb\"},\"inLanguage\":\"es\",\"potentialAction\":[{\"@type\":\"ReadAction\",\"target\":[\"https:\\\/\\\/alllira.com\\\/product\\\/bolsa-para-manillar-de-bicicleta-de-montana-bolsa-para-tubo-superior-delantero-soporte-para-telefono-con-pantalla-tactil-1l\\\/\"]}]},{\"@type\":\"ImageObject\",\"inLanguage\":\"es\",\"@id\":\"https:\\\/\\\/alllira.com\\\/product\\\/bolsa-para-manillar-de-bicicleta-de-montana-bolsa-para-tubo-superior-delantero-soporte-para-telefono-con-pantalla-tactil-1l\\\/#primaryimage\",\"url\":\"https:\\\/\\\/ae01.alicdn.com\\\/kf\\\/S8ad4a652517d4d6bb9048882e5d6f452U\\\/Bolsa-para-manillar-de-bicicleta-de-monta-a-bolsa-para-tubo-superior-delantero-soporte-para-tel.jpg\",\"contentUrl\":\"https:\\\/\\\/ae01.alicdn.com\\\/kf\\\/S8ad4a652517d4d6bb9048882e5d6f452U\\\/Bolsa-para-manillar-de-bicicleta-de-monta-a-bolsa-para-tubo-superior-delantero-soporte-para-tel.jpg\",\"width\":800,\"height\":800,\"caption\":\"11581-8740ee.jpg\"},{\"@type\":\"BreadcrumbList\",\"@id\":\"https:\\\/\\\/alllira.com\\\/product\\\/bolsa-para-manillar-de-bicicleta-de-montana-bolsa-para-tubo-superior-delantero-soporte-para-telefono-con-pantalla-tactil-1l\\\/#breadcrumb\",\"itemListElement\":[{\"@type\":\"ListItem\",\"position\":1,\"name\":\"Home\",\"item\":\"https:\\\/\\\/alllira.com\\\/\"},{\"@type\":\"ListItem\",\"position\":2,\"name\":\"Shop\",\"item\":\"https:\\\/\\\/alllira.com\\\/shop\\\/\"},{\"@type\":\"ListItem\",\"position\":3,\"name\":\"Bolsa para manillar de bicicleta de monta\u00f1a, bolsa para tubo superior delantero, soporte para tel\u00e9fono con pantalla t\u00e1ctil\"}]},{\"@type\":\"WebSite\",\"@id\":\"https:\\\/\\\/alllira.com\\\/#website\",\"url\":\"https:\\\/\\\/alllira.com\\\/\",\"name\":\"Alllira\",\"description\":\"\",\"publisher\":{\"@id\":\"https:\\\/\\\/alllira.com\\\/#organization\"},\"potentialAction\":[{\"@type\":\"SearchAction\",\"target\":{\"@type\":\"EntryPoint\",\"urlTemplate\":\"https:\\\/\\\/alllira.com\\\/?s={search_term_string}\"},\"query-input\":{\"@type\":\"PropertyValueSpecification\",\"valueRequired\":true,\"valueName\":\"search_term_string\"}}],\"inLanguage\":\"es\"},{\"@type\":\"Organization\",\"@id\":\"https:\\\/\\\/alllira.com\\\/#organization\",\"name\":\"Alllira\",\"url\":\"https:\\\/\\\/alllira.com\\\/\",\"logo\":{\"@type\":\"ImageObject\",\"inLanguage\":\"es\",\"@id\":\"https:\\\/\\\/alllira.com\\\/#\\\/schema\\\/logo\\\/image\\\/\",\"url\":\"https:\\\/\\\/alllira.com\\\/wp-content\\\/uploads\\\/2023\\\/11\\\/399982192_122102027870105445_276710788166891880_n.jpg\",\"contentUrl\":\"https:\\\/\\\/alllira.com\\\/wp-content\\\/uploads\\\/2023\\\/11\\\/399982192_122102027870105445_276710788166891880_n.jpg\",\"width\":400,\"height\":400,\"caption\":\"Alllira\"},\"image\":{\"@id\":\"https:\\\/\\\/alllira.com\\\/#\\\/schema\\\/logo\\\/image\\\/\"},\"sameAs\":[\"https:\\\/\\\/www.facebook.com\\\/profile.php?id=61553163366147\"]}]}<\/script>\n<!-- \/ Yoast SEO plugin. -->","yoast_head_json":{"title":"Bolsa para manillar de bicicleta de monta\u00f1a, bolsa para tubo superior delantero, soporte para tel\u00e9fono con pantalla t\u00e1ctil - Alllira","robots":{"index":"index","follow":"follow","max-snippet":"max-snippet:-1","max-image-preview":"max-image-preview:large","max-video-preview":"max-video-preview:-1"},"canonical":"https:\/\/alllira.com\/es\/producto\/bolsa-para-manillar-de-bicicleta-de-montana-bolsa-para-tubo-superior-delantero-soporte-para-telefono-con-pantalla-tactil-1l\/","og_locale":"es_ES","og_type":"article","og_title":"Bolsa para manillar de bicicleta de monta\u00f1a, bolsa para tubo superior delantero, soporte para tel\u00e9fono con pantalla t\u00e1ctil - Alllira","og_description":"Bolsa para manillar de bicicleta de monta\u00f1a, bolsa para tubo superior delantero, soporte para tel\u00e9fono con pantalla t\u00e1ctil \u2022 Tenedor del tel\u00e9fono de la pantalla t\u00e1ctil :La bolsa viene con un soporte para tel\u00e9fono de pantalla t\u00e1ctil, lo que le permite acceder f\u00e1cilmente a su tel\u00e9fono mientras anda en bicicleta. &nbsp; \u2022 Funci\u00f3n Rainproof :La [&hellip;]","og_url":"https:\/\/alllira.com\/es\/producto\/bolsa-para-manillar-de-bicicleta-de-montana-bolsa-para-tubo-superior-delantero-soporte-para-telefono-con-pantalla-tactil-1l\/","og_site_name":"Alllira","article_publisher":"https:\/\/www.facebook.com\/profile.php?id=61553163366147","article_modified_time":"2025-07-22T17:25:41+00:00","og_image":[{"width":800,"height":800,"url":"https:\/\/ae01.alicdn.com\/kf\/S8ad4a652517d4d6bb9048882e5d6f452U\/Bolsa-para-manillar-de-bicicleta-de-monta-a-bolsa-para-tubo-superior-delantero-soporte-para-tel.jpg","type":"image\/jpeg"}],"twitter_card":"summary_large_image","twitter_misc":{"Tiempo de lectura":"6 minutos"},"schema":{"@context":"https:\/\/schema.org","@graph":[{"@type":"WebPage","@id":"https:\/\/alllira.com\/product\/bolsa-para-manillar-de-bicicleta-de-montana-bolsa-para-tubo-superior-delantero-soporte-para-telefono-con-pantalla-tactil-1l\/","url":"https:\/\/alllira.com\/product\/bolsa-para-manillar-de-bicicleta-de-montana-bolsa-para-tubo-superior-delantero-soporte-para-telefono-con-pantalla-tactil-1l\/","name":"Bolsa para manillar de bicicleta de monta\u00f1a, bolsa para tubo superior delantero, soporte para tel\u00e9fono con pantalla t\u00e1ctil - Alllira","isPartOf":{"@id":"https:\/\/alllira.com\/#website"},"primaryImageOfPage":{"@id":"https:\/\/alllira.com\/product\/bolsa-para-manillar-de-bicicleta-de-montana-bolsa-para-tubo-superior-delantero-soporte-para-telefono-con-pantalla-tactil-1l\/#primaryimage"},"image":{"@id":"https:\/\/alllira.com\/product\/bolsa-para-manillar-de-bicicleta-de-montana-bolsa-para-tubo-superior-delantero-soporte-para-telefono-con-pantalla-tactil-1l\/#primaryimage"},"thumbnailUrl":"https:\/\/ae01.alicdn.com\/kf\/S8ad4a652517d4d6bb9048882e5d6f452U\/Bolsa-para-manillar-de-bicicleta-de-monta-a-bolsa-para-tubo-superior-delantero-soporte-para-tel.jpg","datePublished":"2024-01-18T05:58:25+00:00","dateModified":"2025-07-22T17:25:41+00:00","breadcrumb":{"@id":"https:\/\/alllira.com\/product\/bolsa-para-manillar-de-bicicleta-de-montana-bolsa-para-tubo-superior-delantero-soporte-para-telefono-con-pantalla-tactil-1l\/#breadcrumb"},"inLanguage":"es","potentialAction":[{"@type":"ReadAction","target":["https:\/\/alllira.com\/product\/bolsa-para-manillar-de-bicicleta-de-montana-bolsa-para-tubo-superior-delantero-soporte-para-telefono-con-pantalla-tactil-1l\/"]}]},{"@type":"ImageObject","inLanguage":"es","@id":"https:\/\/alllira.com\/product\/bolsa-para-manillar-de-bicicleta-de-montana-bolsa-para-tubo-superior-delantero-soporte-para-telefono-con-pantalla-tactil-1l\/#primaryimage","url":"https:\/\/ae01.alicdn.com\/kf\/S8ad4a652517d4d6bb9048882e5d6f452U\/Bolsa-para-manillar-de-bicicleta-de-monta-a-bolsa-para-tubo-superior-delantero-soporte-para-tel.jpg","contentUrl":"https:\/\/ae01.alicdn.com\/kf\/S8ad4a652517d4d6bb9048882e5d6f452U\/Bolsa-para-manillar-de-bicicleta-de-monta-a-bolsa-para-tubo-superior-delantero-soporte-para-tel.jpg","width":800,"height":800,"caption":"11581-8740ee.jpg"},{"@type":"BreadcrumbList","@id":"https:\/\/alllira.com\/product\/bolsa-para-manillar-de-bicicleta-de-montana-bolsa-para-tubo-superior-delantero-soporte-para-telefono-con-pantalla-tactil-1l\/#breadcrumb","itemListElement":[{"@type":"ListItem","position":1,"name":"Home","item":"https:\/\/alllira.com\/"},{"@type":"ListItem","position":2,"name":"Shop","item":"https:\/\/alllira.com\/shop\/"},{"@type":"ListItem","position":3,"name":"Bolsa para manillar de bicicleta de monta\u00f1a, bolsa para tubo superior delantero, soporte para tel\u00e9fono con pantalla t\u00e1ctil"}]},{"@type":"WebSite","@id":"https:\/\/alllira.com\/#website","url":"https:\/\/alllira.com\/","name":"Alllira","description":"","publisher":{"@id":"https:\/\/alllira.com\/#organization"},"potentialAction":[{"@type":"SearchAction","target":{"@type":"EntryPoint","urlTemplate":"https:\/\/alllira.com\/?s={search_term_string}"},"query-input":{"@type":"PropertyValueSpecification","valueRequired":true,"valueName":"search_term_string"}}],"inLanguage":"es"},{"@type":"Organization","@id":"https:\/\/alllira.com\/#organization","name":"Alllira","url":"https:\/\/alllira.com\/","logo":{"@type":"ImageObject","inLanguage":"es","@id":"https:\/\/alllira.com\/#\/schema\/logo\/image\/","url":"https:\/\/alllira.com\/wp-content\/uploads\/2023\/11\/399982192_122102027870105445_276710788166891880_n.jpg","contentUrl":"https:\/\/alllira.com\/wp-content\/uploads\/2023\/11\/399982192_122102027870105445_276710788166891880_n.jpg","width":400,"height":400,"caption":"Alllira"},"image":{"@id":"https:\/\/alllira.com\/#\/schema\/logo\/image\/"},"sameAs":["https:\/\/www.facebook.com\/profile.php?id=61553163366147"]}]}},"jetpack_sharing_enabled":true,"_links":{"self":[{"href":"https:\/\/alllira.com\/es\/wp-json\/wp\/v2\/product\/11581","targetHints":{"allow":["GET"]}}],"collection":[{"href":"https:\/\/alllira.com\/es\/wp-json\/wp\/v2\/product"}],"about":[{"href":"https:\/\/alllira.com\/es\/wp-json\/wp\/v2\/types\/product"}],"replies":[{"embeddable":true,"href":"https:\/\/alllira.com\/es\/wp-json\/wp\/v2\/comments?post=11581"}],"wp:featuredmedia":[{"embeddable":true,"href":"https:\/\/alllira.com\/es\/wp-json\/wp\/v2\/media\/11584"}],"wp:attachment":[{"href":"https:\/\/alllira.com\/es\/wp-json\/wp\/v2\/media?parent=11581"}],"wp:term":[{"taxonomy":"product_brand","embeddable":true,"href":"https:\/\/alllira.com\/es\/wp-json\/wp\/v2\/product_brand?post=11581"},{"taxonomy":"product_cat","embeddable":true,"href":"https:\/\/alllira.com\/es\/wp-json\/wp\/v2\/product_cat?post=11581"},{"taxonomy":"product_tag","embeddable":true,"href":"https:\/\/alllira.com\/es\/wp-json\/wp\/v2\/product_tag?post=11581"}],"curies":[{"name":"wp","href":"https:\/\/api.w.org\/{rel}","templated":true}]}}