{"id":14045,"date":"2024-04-26T12:19:40","date_gmt":"2024-04-26T17:19:40","guid":{"rendered":"https:\/\/alllira.com\/es\/producto\/hilo-de-lana-de-algodon-suave-para-tejer-a-mano-hilo-de-fibra-gruesa-hilo-de-terciopelo-para-tejer-a-mano-hilo-de-ganchillo-para-sweate-diy-25g\/"},"modified":"2025-07-22T12:27:24","modified_gmt":"2025-07-22T17:27:24","slug":"hilo-de-lana-de-algodon-suave-para-tejer-a-mano-hilo-de-fibra-gruesa-hilo-de-terciopelo-para-tejer-a-mano-hilo-de-ganchillo-para-sweate-diy-25g","status":"publish","type":"product","link":"https:\/\/alllira.com\/es\/producto\/hilo-de-lana-de-algodon-suave-para-tejer-a-mano-hilo-de-fibra-gruesa-hilo-de-terciopelo-para-tejer-a-mano-hilo-de-ganchillo-para-sweate-diy-25g\/","title":{"rendered":"Hilo de lana de algod\u00f3n suave 25G"},"content":{"rendered":"<div><\/div>\n<div>\n<div>\n<div>\n<p id=\"tl_1\" style=\"font-family: OpenSans; font-size: 20px; font-weight: 900; line-height: 28px; margin-bottom: 12px;\">Hilo Grueso de Algod\u00f3n Suave para Beb\u00e9, Hilo de Terciopelo de Fibra para Tejer a Mano, 25g<\/p>\n<\/div>\n<\/div>\n<\/div>\n<div>\n<p id=\"tl_3\" style=\"font-family: OpenSans; font-size: 14px; font-weight: 300; line-height: 20px; margin-bottom: 12px;\">Longitud: aproximadamente 68m<br \/>\nMaterial: fibra natural + algod\u00f3n<br \/>\nHerramienta recomendada: Aguja de acero n. \u00b0 9, ganchillo 2,5\/3mm<br \/>\nLista del paquete: 1 hilo de algod\u00f3n de leche<\/p>\n<\/div>\n<div><img decoding=\"async\" src=\"\/\/ae01.alicdn.com\/kf\/S7f70805ec1094346babbe5ac0c6007fd2.jpg\" \/><br \/>\n<img decoding=\"async\" src=\"\/\/ae01.alicdn.com\/kf\/Sd6d26bf964c8431eb6c604c3ac288b48x.jpg\" \/><br \/>\n<img decoding=\"async\" src=\"\/\/ae01.alicdn.com\/kf\/Sd09aabe0adbc4af4b4d0ffc3982a76835.jpg\" \/><br \/>\n<img decoding=\"async\" src=\"\/\/ae01.alicdn.com\/kf\/S35b2f67d17b3401fbb066e6961270830e.jpg\" \/><\/div>\n<div><img decoding=\"async\" src=\"\/\/ae01.alicdn.com\/kf\/Sad1908661cf24eba9840618ec5334e437.jpg\" \/><br \/>\n<img decoding=\"async\" src=\"\/\/ae01.alicdn.com\/kf\/S543bacc880db447ea8e5a1a9182a85e04.jpg\" \/><br \/>\n<img decoding=\"async\" src=\"\/\/ae01.alicdn.com\/kf\/S5c8fea61d5fd41a3b7964e8f9e88e5acD.jpg\" \/><br \/>\n<img decoding=\"async\" src=\"\/\/ae01.alicdn.com\/kf\/Sfae7659300d14eb1b9ca3947d7575a21o.jpg\" \/><br \/>\n<img decoding=\"async\" src=\"\/\/ae01.alicdn.com\/kf\/Sfcc7b36b96024152919d4df06b2645524.jpg\" \/><\/div>\n<div><img decoding=\"async\" src=\"\/\/ae01.alicdn.com\/kf\/S456bf201ceaa46c3868db63389be781dx.jpg\" \/><br \/>\n<img decoding=\"async\" src=\"\/\/ae01.alicdn.com\/kf\/S2ad5f0a7a4014dd49ce0afc633a6e870B.jpg\" \/><br \/>\n<img decoding=\"async\" src=\"\/\/ae01.alicdn.com\/kf\/S2d533fec9c314b26a2692700189d0bfbv.jpg\" \/><br \/>\n<img decoding=\"async\" src=\"\/\/ae01.alicdn.com\/kf\/S09e30ab3a0ef4c6f8bdc3dba603fb604F.jpg\" \/><br \/>\n<img decoding=\"async\" src=\"\/\/ae01.alicdn.com\/kf\/S7b3f7a2433d04c97b4b59e344a79db50q.jpg\" \/><\/div>\n<p>&nbsp;<\/p>","protected":false},"excerpt":{"rendered":"<p>Hilo Grueso de Algod\u00f3n Suave para Beb\u00e9, Hilo de Terciopelo de Fibra para Tejer a Mano, 25g Longitud: aproximadamente 68m Material: fibra natural + algod\u00f3n Herramienta recomendada: Aguja de acero n. \u00b0 9, ganchillo 2,5\/3mm Lista del paquete: 1 hilo de algod\u00f3n de leche &nbsp;<\/p>","protected":false},"featured_media":14099,"comment_status":"open","ping_status":"closed","template":"","meta":[],"product_brand":[],"product_cat":[36],"product_tag":[],"class_list":{"0":"post-14045","1":"product","2":"type-product","3":"status-publish","4":"has-post-thumbnail","6":"product_cat-textile","8":"first","9":"instock","10":"taxable","11":"shipping-taxable","12":"purchasable","13":"product-type-variable"},"yoast_head":"<!-- This site is optimized with the Yoast SEO plugin v27.5 - https:\/\/yoast.com\/product\/yoast-seo-wordpress\/ -->\n<title>Hilo de lana de algod\u00f3n suave 25G - Alllira<\/title>\n<meta name=\"robots\" content=\"index, follow, max-snippet:-1, max-image-preview:large, max-video-preview:-1\" \/>\n<link rel=\"canonical\" href=\"https:\/\/alllira.com\/es\/producto\/hilo-de-lana-de-algodon-suave-para-tejer-a-mano-hilo-de-fibra-gruesa-hilo-de-terciopelo-para-tejer-a-mano-hilo-de-ganchillo-para-sweate-diy-25g\/\" \/>\n<meta property=\"og:locale\" content=\"es_ES\" \/>\n<meta property=\"og:type\" content=\"article\" \/>\n<meta property=\"og:title\" content=\"Hilo de lana de algod\u00f3n suave 25G - Alllira\" \/>\n<meta property=\"og:description\" content=\"Hilo Grueso de Algod\u00f3n Suave para Beb\u00e9, Hilo de Terciopelo de Fibra para Tejer a Mano, 25g Longitud: aproximadamente 68m Material: fibra natural + algod\u00f3n Herramienta recomendada: Aguja de acero n. \u00b0 9, ganchillo 2,5\/3mm Lista del paquete: 1 hilo de algod\u00f3n de leche &nbsp;\" \/>\n<meta property=\"og:url\" content=\"https:\/\/alllira.com\/es\/producto\/hilo-de-lana-de-algodon-suave-para-tejer-a-mano-hilo-de-fibra-gruesa-hilo-de-terciopelo-para-tejer-a-mano-hilo-de-ganchillo-para-sweate-diy-25g\/\" \/>\n<meta property=\"og:site_name\" content=\"Alllira\" \/>\n<meta property=\"article:publisher\" content=\"https:\/\/www.facebook.com\/profile.php?id=61553163366147\" \/>\n<meta property=\"article:modified_time\" content=\"2025-07-22T17:27:24+00:00\" \/>\n<meta property=\"og:image\" content=\"https:\/\/ae01.alicdn.com\/kf\/Se5ceae3c6aee470cbe1c3e88c4d817daS.jpg\" \/>\n\t<meta property=\"og:image:width\" content=\"800\" \/>\n\t<meta property=\"og:image:height\" content=\"800\" \/>\n\t<meta property=\"og:image:type\" content=\"image\/jpeg\" \/>\n<meta name=\"twitter:card\" content=\"summary_large_image\" \/>\n<meta name=\"twitter:label1\" content=\"Tiempo de lectura\" \/>\n\t<meta name=\"twitter:data1\" content=\"4 minutos\" \/>\n<script type=\"application\/ld+json\" class=\"yoast-schema-graph\">{\"@context\":\"https:\\\/\\\/schema.org\",\"@graph\":[{\"@type\":\"WebPage\",\"@id\":\"https:\\\/\\\/alllira.com\\\/product\\\/hilo-de-lana-de-algodon-suave-para-tejer-a-mano-hilo-de-fibra-gruesa-hilo-de-terciopelo-para-tejer-a-mano-hilo-de-ganchillo-para-sweate-diy-25g\\\/\",\"url\":\"https:\\\/\\\/alllira.com\\\/product\\\/hilo-de-lana-de-algodon-suave-para-tejer-a-mano-hilo-de-fibra-gruesa-hilo-de-terciopelo-para-tejer-a-mano-hilo-de-ganchillo-para-sweate-diy-25g\\\/\",\"name\":\"Hilo de lana de algod\u00f3n suave 25G - Alllira\",\"isPartOf\":{\"@id\":\"https:\\\/\\\/alllira.com\\\/#website\"},\"primaryImageOfPage\":{\"@id\":\"https:\\\/\\\/alllira.com\\\/product\\\/hilo-de-lana-de-algodon-suave-para-tejer-a-mano-hilo-de-fibra-gruesa-hilo-de-terciopelo-para-tejer-a-mano-hilo-de-ganchillo-para-sweate-diy-25g\\\/#primaryimage\"},\"image\":{\"@id\":\"https:\\\/\\\/alllira.com\\\/product\\\/hilo-de-lana-de-algodon-suave-para-tejer-a-mano-hilo-de-fibra-gruesa-hilo-de-terciopelo-para-tejer-a-mano-hilo-de-ganchillo-para-sweate-diy-25g\\\/#primaryimage\"},\"thumbnailUrl\":\"https:\\\/\\\/ae01.alicdn.com\\\/kf\\\/Se5ceae3c6aee470cbe1c3e88c4d817daS.jpg\",\"datePublished\":\"2024-04-26T17:19:40+00:00\",\"dateModified\":\"2025-07-22T17:27:24+00:00\",\"breadcrumb\":{\"@id\":\"https:\\\/\\\/alllira.com\\\/product\\\/hilo-de-lana-de-algodon-suave-para-tejer-a-mano-hilo-de-fibra-gruesa-hilo-de-terciopelo-para-tejer-a-mano-hilo-de-ganchillo-para-sweate-diy-25g\\\/#breadcrumb\"},\"inLanguage\":\"es\",\"potentialAction\":[{\"@type\":\"ReadAction\",\"target\":[\"https:\\\/\\\/alllira.com\\\/product\\\/hilo-de-lana-de-algodon-suave-para-tejer-a-mano-hilo-de-fibra-gruesa-hilo-de-terciopelo-para-tejer-a-mano-hilo-de-ganchillo-para-sweate-diy-25g\\\/\"]}]},{\"@type\":\"ImageObject\",\"inLanguage\":\"es\",\"@id\":\"https:\\\/\\\/alllira.com\\\/product\\\/hilo-de-lana-de-algodon-suave-para-tejer-a-mano-hilo-de-fibra-gruesa-hilo-de-terciopelo-para-tejer-a-mano-hilo-de-ganchillo-para-sweate-diy-25g\\\/#primaryimage\",\"url\":\"https:\\\/\\\/ae01.alicdn.com\\\/kf\\\/Se5ceae3c6aee470cbe1c3e88c4d817daS.jpg\",\"contentUrl\":\"https:\\\/\\\/ae01.alicdn.com\\\/kf\\\/Se5ceae3c6aee470cbe1c3e88c4d817daS.jpg\",\"width\":800,\"height\":800,\"caption\":\"14045-1c9855.jpg\"},{\"@type\":\"BreadcrumbList\",\"@id\":\"https:\\\/\\\/alllira.com\\\/product\\\/hilo-de-lana-de-algodon-suave-para-tejer-a-mano-hilo-de-fibra-gruesa-hilo-de-terciopelo-para-tejer-a-mano-hilo-de-ganchillo-para-sweate-diy-25g\\\/#breadcrumb\",\"itemListElement\":[{\"@type\":\"ListItem\",\"position\":1,\"name\":\"Home\",\"item\":\"https:\\\/\\\/alllira.com\\\/\"},{\"@type\":\"ListItem\",\"position\":2,\"name\":\"Shop\",\"item\":\"https:\\\/\\\/alllira.com\\\/shop\\\/\"},{\"@type\":\"ListItem\",\"position\":3,\"name\":\"Hilo de lana de algod\u00f3n suave 25G\"}]},{\"@type\":\"WebSite\",\"@id\":\"https:\\\/\\\/alllira.com\\\/#website\",\"url\":\"https:\\\/\\\/alllira.com\\\/\",\"name\":\"Alllira\",\"description\":\"\",\"publisher\":{\"@id\":\"https:\\\/\\\/alllira.com\\\/#organization\"},\"potentialAction\":[{\"@type\":\"SearchAction\",\"target\":{\"@type\":\"EntryPoint\",\"urlTemplate\":\"https:\\\/\\\/alllira.com\\\/?s={search_term_string}\"},\"query-input\":{\"@type\":\"PropertyValueSpecification\",\"valueRequired\":true,\"valueName\":\"search_term_string\"}}],\"inLanguage\":\"es\"},{\"@type\":\"Organization\",\"@id\":\"https:\\\/\\\/alllira.com\\\/#organization\",\"name\":\"Alllira\",\"url\":\"https:\\\/\\\/alllira.com\\\/\",\"logo\":{\"@type\":\"ImageObject\",\"inLanguage\":\"es\",\"@id\":\"https:\\\/\\\/alllira.com\\\/#\\\/schema\\\/logo\\\/image\\\/\",\"url\":\"https:\\\/\\\/alllira.com\\\/wp-content\\\/uploads\\\/2023\\\/11\\\/399982192_122102027870105445_276710788166891880_n.jpg\",\"contentUrl\":\"https:\\\/\\\/alllira.com\\\/wp-content\\\/uploads\\\/2023\\\/11\\\/399982192_122102027870105445_276710788166891880_n.jpg\",\"width\":400,\"height\":400,\"caption\":\"Alllira\"},\"image\":{\"@id\":\"https:\\\/\\\/alllira.com\\\/#\\\/schema\\\/logo\\\/image\\\/\"},\"sameAs\":[\"https:\\\/\\\/www.facebook.com\\\/profile.php?id=61553163366147\"]}]}<\/script>\n<!-- \/ Yoast SEO plugin. -->","yoast_head_json":{"title":"Hilo de lana de algod\u00f3n suave 25G - Alllira","robots":{"index":"index","follow":"follow","max-snippet":"max-snippet:-1","max-image-preview":"max-image-preview:large","max-video-preview":"max-video-preview:-1"},"canonical":"https:\/\/alllira.com\/es\/producto\/hilo-de-lana-de-algodon-suave-para-tejer-a-mano-hilo-de-fibra-gruesa-hilo-de-terciopelo-para-tejer-a-mano-hilo-de-ganchillo-para-sweate-diy-25g\/","og_locale":"es_ES","og_type":"article","og_title":"Hilo de lana de algod\u00f3n suave 25G - Alllira","og_description":"Hilo Grueso de Algod\u00f3n Suave para Beb\u00e9, Hilo de Terciopelo de Fibra para Tejer a Mano, 25g Longitud: aproximadamente 68m Material: fibra natural + algod\u00f3n Herramienta recomendada: Aguja de acero n. \u00b0 9, ganchillo 2,5\/3mm Lista del paquete: 1 hilo de algod\u00f3n de leche &nbsp;","og_url":"https:\/\/alllira.com\/es\/producto\/hilo-de-lana-de-algodon-suave-para-tejer-a-mano-hilo-de-fibra-gruesa-hilo-de-terciopelo-para-tejer-a-mano-hilo-de-ganchillo-para-sweate-diy-25g\/","og_site_name":"Alllira","article_publisher":"https:\/\/www.facebook.com\/profile.php?id=61553163366147","article_modified_time":"2025-07-22T17:27:24+00:00","og_image":[{"width":800,"height":800,"url":"https:\/\/ae01.alicdn.com\/kf\/Se5ceae3c6aee470cbe1c3e88c4d817daS.jpg","type":"image\/jpeg"}],"twitter_card":"summary_large_image","twitter_misc":{"Tiempo de lectura":"4 minutos"},"schema":{"@context":"https:\/\/schema.org","@graph":[{"@type":"WebPage","@id":"https:\/\/alllira.com\/product\/hilo-de-lana-de-algodon-suave-para-tejer-a-mano-hilo-de-fibra-gruesa-hilo-de-terciopelo-para-tejer-a-mano-hilo-de-ganchillo-para-sweate-diy-25g\/","url":"https:\/\/alllira.com\/product\/hilo-de-lana-de-algodon-suave-para-tejer-a-mano-hilo-de-fibra-gruesa-hilo-de-terciopelo-para-tejer-a-mano-hilo-de-ganchillo-para-sweate-diy-25g\/","name":"Hilo de lana de algod\u00f3n suave 25G - Alllira","isPartOf":{"@id":"https:\/\/alllira.com\/#website"},"primaryImageOfPage":{"@id":"https:\/\/alllira.com\/product\/hilo-de-lana-de-algodon-suave-para-tejer-a-mano-hilo-de-fibra-gruesa-hilo-de-terciopelo-para-tejer-a-mano-hilo-de-ganchillo-para-sweate-diy-25g\/#primaryimage"},"image":{"@id":"https:\/\/alllira.com\/product\/hilo-de-lana-de-algodon-suave-para-tejer-a-mano-hilo-de-fibra-gruesa-hilo-de-terciopelo-para-tejer-a-mano-hilo-de-ganchillo-para-sweate-diy-25g\/#primaryimage"},"thumbnailUrl":"https:\/\/ae01.alicdn.com\/kf\/Se5ceae3c6aee470cbe1c3e88c4d817daS.jpg","datePublished":"2024-04-26T17:19:40+00:00","dateModified":"2025-07-22T17:27:24+00:00","breadcrumb":{"@id":"https:\/\/alllira.com\/product\/hilo-de-lana-de-algodon-suave-para-tejer-a-mano-hilo-de-fibra-gruesa-hilo-de-terciopelo-para-tejer-a-mano-hilo-de-ganchillo-para-sweate-diy-25g\/#breadcrumb"},"inLanguage":"es","potentialAction":[{"@type":"ReadAction","target":["https:\/\/alllira.com\/product\/hilo-de-lana-de-algodon-suave-para-tejer-a-mano-hilo-de-fibra-gruesa-hilo-de-terciopelo-para-tejer-a-mano-hilo-de-ganchillo-para-sweate-diy-25g\/"]}]},{"@type":"ImageObject","inLanguage":"es","@id":"https:\/\/alllira.com\/product\/hilo-de-lana-de-algodon-suave-para-tejer-a-mano-hilo-de-fibra-gruesa-hilo-de-terciopelo-para-tejer-a-mano-hilo-de-ganchillo-para-sweate-diy-25g\/#primaryimage","url":"https:\/\/ae01.alicdn.com\/kf\/Se5ceae3c6aee470cbe1c3e88c4d817daS.jpg","contentUrl":"https:\/\/ae01.alicdn.com\/kf\/Se5ceae3c6aee470cbe1c3e88c4d817daS.jpg","width":800,"height":800,"caption":"14045-1c9855.jpg"},{"@type":"BreadcrumbList","@id":"https:\/\/alllira.com\/product\/hilo-de-lana-de-algodon-suave-para-tejer-a-mano-hilo-de-fibra-gruesa-hilo-de-terciopelo-para-tejer-a-mano-hilo-de-ganchillo-para-sweate-diy-25g\/#breadcrumb","itemListElement":[{"@type":"ListItem","position":1,"name":"Home","item":"https:\/\/alllira.com\/"},{"@type":"ListItem","position":2,"name":"Shop","item":"https:\/\/alllira.com\/shop\/"},{"@type":"ListItem","position":3,"name":"Hilo de lana de algod\u00f3n suave 25G"}]},{"@type":"WebSite","@id":"https:\/\/alllira.com\/#website","url":"https:\/\/alllira.com\/","name":"Alllira","description":"","publisher":{"@id":"https:\/\/alllira.com\/#organization"},"potentialAction":[{"@type":"SearchAction","target":{"@type":"EntryPoint","urlTemplate":"https:\/\/alllira.com\/?s={search_term_string}"},"query-input":{"@type":"PropertyValueSpecification","valueRequired":true,"valueName":"search_term_string"}}],"inLanguage":"es"},{"@type":"Organization","@id":"https:\/\/alllira.com\/#organization","name":"Alllira","url":"https:\/\/alllira.com\/","logo":{"@type":"ImageObject","inLanguage":"es","@id":"https:\/\/alllira.com\/#\/schema\/logo\/image\/","url":"https:\/\/alllira.com\/wp-content\/uploads\/2023\/11\/399982192_122102027870105445_276710788166891880_n.jpg","contentUrl":"https:\/\/alllira.com\/wp-content\/uploads\/2023\/11\/399982192_122102027870105445_276710788166891880_n.jpg","width":400,"height":400,"caption":"Alllira"},"image":{"@id":"https:\/\/alllira.com\/#\/schema\/logo\/image\/"},"sameAs":["https:\/\/www.facebook.com\/profile.php?id=61553163366147"]}]}},"jetpack_sharing_enabled":true,"_links":{"self":[{"href":"https:\/\/alllira.com\/es\/wp-json\/wp\/v2\/product\/14045","targetHints":{"allow":["GET"]}}],"collection":[{"href":"https:\/\/alllira.com\/es\/wp-json\/wp\/v2\/product"}],"about":[{"href":"https:\/\/alllira.com\/es\/wp-json\/wp\/v2\/types\/product"}],"replies":[{"embeddable":true,"href":"https:\/\/alllira.com\/es\/wp-json\/wp\/v2\/comments?post=14045"}],"wp:featuredmedia":[{"embeddable":true,"href":"https:\/\/alllira.com\/es\/wp-json\/wp\/v2\/media\/14099"}],"wp:attachment":[{"href":"https:\/\/alllira.com\/es\/wp-json\/wp\/v2\/media?parent=14045"}],"wp:term":[{"taxonomy":"product_brand","embeddable":true,"href":"https:\/\/alllira.com\/es\/wp-json\/wp\/v2\/product_brand?post=14045"},{"taxonomy":"product_cat","embeddable":true,"href":"https:\/\/alllira.com\/es\/wp-json\/wp\/v2\/product_cat?post=14045"},{"taxonomy":"product_tag","embeddable":true,"href":"https:\/\/alllira.com\/es\/wp-json\/wp\/v2\/product_tag?post=14045"}],"curies":[{"name":"wp","href":"https:\/\/api.w.org\/{rel}","templated":true}]}}