{"id":14158,"date":"2024-04-26T12:19:47","date_gmt":"2024-04-26T17:19:47","guid":{"rendered":"https:\/\/alllira.com\/es\/producto\/hilo-de-algodon-select-de-5-piezas-1763-oz-500g-grueso-de-estambre-ligero-para-tejer-lana-de-bebe-ganchillo-bufanda-sueter\/"},"modified":"2025-07-22T12:27:32","modified_gmt":"2025-07-22T17:27:32","slug":"hilo-de-algodon-select-de-5-piezas-1763-oz-500g-grueso-de-estambre-ligero-para-tejer-lana-de-bebe-ganchillo-bufanda-sueter","status":"publish","type":"product","link":"https:\/\/alllira.com\/es\/producto\/hilo-de-algodon-select-de-5-piezas-1763-oz-500g-grueso-de-estambre-ligero-para-tejer-lana-de-bebe-ganchillo-bufanda-sueter\/","title":{"rendered":"Hilo de algod\u00f3n Select de 5 piezas, 17,63 oz\/500g, grueso de estambre ligero para tejer lana de beb\u00e9, ganchillo, bufanda, su\u00e9ter"},"content":{"rendered":"<div>\n<div>\n<p><span style=\"font-size: 20px; font-family: tahoma, geneva, sans-serif;\"><strong id=\"tl_1\">Hilo selecto de algod\u00f3n de 5 piezas, 17,63 oz\/500g, hilo grueso de estambre ligero para tejer lana de beb\u00e9, bufanda de ganchillo, su\u00e9ter, hilo tejido<\/strong><\/span><\/p>\n<p>&nbsp;<\/p>\n<p><span id=\"tl_2\" style=\"font-size: 14px; font-family: tahoma, geneva, sans-serif;\">Uso: hogar (sombreros, bufanda, ropa), deportes, hotel, cocina y otros<\/span><\/p>\n<p><span id=\"tl_3\" style=\"font-size: 14px; font-family: tahoma, geneva, sans-serif;\">Material: algod\u00f3n<\/span><\/p>\n<p><span id=\"tl_4\" style=\"font-size: 14px; font-family: tahoma, geneva, sans-serif;\">Cuenta de hilo: 8<\/span><\/p>\n<p><span id=\"tl_5\" style=\"font-size: 14px; font-family: tahoma, geneva, sans-serif;\">Aguja de palo: 5-6 # aguja<\/span><\/p>\n<p><span id=\"tl_6\" style=\"font-size: 14px; font-family: tahoma, geneva, sans-serif;\">Color: Consulte la foto (Color 01 &#8212; color 60)<\/span><\/p>\n<p><span id=\"tl_7\" style=\"font-size: 14px; font-family: tahoma, geneva, sans-serif;\">Peso: aprox. 100g\/3,52 oz &#8211; 1 piezas<\/span><\/p>\n<p><span id=\"tl_8\" style=\"font-size: 14px; font-family: tahoma, geneva, sans-serif;\">Instrucciones de cuidado del producto: Lavar a mano, secar plano<\/span><\/p>\n<p>&nbsp;<\/p>\n<p><img decoding=\"async\" src=\"\/\/ae01.alicdn.com\/kf\/Sfcf2535dd44248e5979cd6b9485c1ae9M.jpg\" \/><img decoding=\"async\" src=\"\/\/ae01.alicdn.com\/kf\/Seb2f1c126002441ca5e9adbe32f389a81.jpg\" \/><img decoding=\"async\" src=\"\/\/ae01.alicdn.com\/kf\/S6252c34b42fd4bae8beae1ec0d94ba7e3.jpg\" \/><img decoding=\"async\" src=\"\/\/ae01.alicdn.com\/kf\/S9e007df9f30a40408eee9360ec44bef2e.jpg\" \/><img decoding=\"async\" src=\"\/\/ae01.alicdn.com\/kf\/S45f07a7a87d448e59b132f696221edee7.jpg\" \/><img decoding=\"async\" src=\"\/\/ae01.alicdn.com\/kf\/Sed875f95e23a430e9473a7023a8103bcL.jpg\" \/><img decoding=\"async\" src=\"\/\/ae01.alicdn.com\/kf\/S2ac371bae5f14eec88ba2b1f11680c9fz.jpg\" \/><img decoding=\"async\" src=\"\/\/ae01.alicdn.com\/kf\/Sd78136884b2f484f97d463a8aeb274da2.jpg\" \/><img decoding=\"async\" src=\"\/\/ae01.alicdn.com\/kf\/S9e4cdb7fdb244c34b607b5b2b133fbe2x.jpg\" \/><img decoding=\"async\" src=\"\/\/ae01.alicdn.com\/kf\/S77fbc0524f6a4ddf9967d96998628005p.jpg\" \/><img decoding=\"async\" src=\"\/\/ae01.alicdn.com\/kf\/Sae2d3897a9cb4530bf86bb0ef331cef7W.jpg\" \/><img decoding=\"async\" src=\"\/\/ae01.alicdn.com\/kf\/Sdb87c564fa204b0c8e9447a7aa76d4d0G.jpg\" \/><img decoding=\"async\" src=\"\/\/ae01.alicdn.com\/kf\/S6bdddbbf5d1c45e29cb55d1572ec05bfG.jpg\" \/><img decoding=\"async\" src=\"\/\/ae01.alicdn.com\/kf\/S572a5e334f6f463e94bf5029cf47f138D.jpg\" \/><img decoding=\"async\" src=\"\/\/ae01.alicdn.com\/kf\/S0639e3d9911648d791f81645bf481b470.jpg\" \/><img decoding=\"async\" src=\"\/\/ae01.alicdn.com\/kf\/S2b4a25b363234656bc75181fa05c78034.jpg\" \/><\/p>\n<\/div>\n<\/div>","protected":false},"excerpt":{"rendered":"<p>Hilo selecto de algod\u00f3n de 5 piezas, 17,63 oz\/500g, hilo grueso de estambre ligero para tejer lana de beb\u00e9, bufanda de ganchillo, su\u00e9ter, hilo tejido &nbsp; Uso: hogar (sombreros, bufanda, ropa), deportes, hotel, cocina y otros Material: algod\u00f3n Cuenta de hilo: 8 Aguja de palo: 5-6 # aguja Color: Consulte la foto (Color 01 &#8212; [&hellip;]<\/p>\n","protected":false},"featured_media":14176,"comment_status":"open","ping_status":"closed","template":"","meta":[],"product_brand":[],"product_cat":[36],"product_tag":[],"class_list":{"0":"post-14158","1":"product","2":"type-product","3":"status-publish","4":"has-post-thumbnail","6":"product_cat-textile","8":"first","9":"instock","10":"sale","11":"taxable","12":"shipping-taxable","13":"purchasable","14":"product-type-variable"},"yoast_head":"<!-- This site is optimized with the Yoast SEO plugin v27.5 - https:\/\/yoast.com\/product\/yoast-seo-wordpress\/ -->\n<title>Hilo de algod\u00f3n Select de 5 piezas, 17,63 oz\/500g, grueso de estambre ligero para tejer lana de beb\u00e9, ganchillo, bufanda, su\u00e9ter - Alllira<\/title>\n<meta name=\"robots\" content=\"index, follow, max-snippet:-1, max-image-preview:large, max-video-preview:-1\" \/>\n<link rel=\"canonical\" href=\"https:\/\/alllira.com\/es\/producto\/hilo-de-algodon-select-de-5-piezas-1763-oz-500g-grueso-de-estambre-ligero-para-tejer-lana-de-bebe-ganchillo-bufanda-sueter\/\" \/>\n<meta property=\"og:locale\" content=\"es_ES\" \/>\n<meta property=\"og:type\" content=\"article\" \/>\n<meta property=\"og:title\" content=\"Hilo de algod\u00f3n Select de 5 piezas, 17,63 oz\/500g, grueso de estambre ligero para tejer lana de beb\u00e9, ganchillo, bufanda, su\u00e9ter - Alllira\" \/>\n<meta property=\"og:description\" content=\"Hilo selecto de algod\u00f3n de 5 piezas, 17,63 oz\/500g, hilo grueso de estambre ligero para tejer lana de beb\u00e9, bufanda de ganchillo, su\u00e9ter, hilo tejido &nbsp; Uso: hogar (sombreros, bufanda, ropa), deportes, hotel, cocina y otros Material: algod\u00f3n Cuenta de hilo: 8 Aguja de palo: 5-6 # aguja Color: Consulte la foto (Color 01 &#8212; [&hellip;]\" \/>\n<meta property=\"og:url\" content=\"https:\/\/alllira.com\/es\/producto\/hilo-de-algodon-select-de-5-piezas-1763-oz-500g-grueso-de-estambre-ligero-para-tejer-lana-de-bebe-ganchillo-bufanda-sueter\/\" \/>\n<meta property=\"og:site_name\" content=\"Alllira\" \/>\n<meta property=\"article:publisher\" content=\"https:\/\/www.facebook.com\/profile.php?id=61553163366147\" \/>\n<meta property=\"article:modified_time\" content=\"2025-07-22T17:27:32+00:00\" \/>\n<meta property=\"og:image\" content=\"https:\/\/ae01.alicdn.com\/kf\/S9d71bee3169d4890a2e90ebc4c020586r.jpg\" \/>\n\t<meta property=\"og:image:width\" content=\"800\" \/>\n\t<meta property=\"og:image:height\" content=\"800\" \/>\n\t<meta property=\"og:image:type\" content=\"image\/jpeg\" \/>\n<meta name=\"twitter:card\" content=\"summary_large_image\" \/>\n<meta name=\"twitter:label1\" content=\"Tiempo de lectura\" \/>\n\t<meta name=\"twitter:data1\" content=\"4 minutos\" \/>\n<script type=\"application\/ld+json\" class=\"yoast-schema-graph\">{\"@context\":\"https:\\\/\\\/schema.org\",\"@graph\":[{\"@type\":\"WebPage\",\"@id\":\"https:\\\/\\\/alllira.com\\\/product\\\/hilo-de-algodon-select-de-5-piezas-1763-oz-500g-grueso-de-estambre-ligero-para-tejer-lana-de-bebe-ganchillo-bufanda-sueter\\\/\",\"url\":\"https:\\\/\\\/alllira.com\\\/product\\\/hilo-de-algodon-select-de-5-piezas-1763-oz-500g-grueso-de-estambre-ligero-para-tejer-lana-de-bebe-ganchillo-bufanda-sueter\\\/\",\"name\":\"Hilo de algod\u00f3n Select de 5 piezas, 17,63 oz\\\/500g, grueso de estambre ligero para tejer lana de beb\u00e9, ganchillo, bufanda, su\u00e9ter - Alllira\",\"isPartOf\":{\"@id\":\"https:\\\/\\\/alllira.com\\\/#website\"},\"primaryImageOfPage\":{\"@id\":\"https:\\\/\\\/alllira.com\\\/product\\\/hilo-de-algodon-select-de-5-piezas-1763-oz-500g-grueso-de-estambre-ligero-para-tejer-lana-de-bebe-ganchillo-bufanda-sueter\\\/#primaryimage\"},\"image\":{\"@id\":\"https:\\\/\\\/alllira.com\\\/product\\\/hilo-de-algodon-select-de-5-piezas-1763-oz-500g-grueso-de-estambre-ligero-para-tejer-lana-de-bebe-ganchillo-bufanda-sueter\\\/#primaryimage\"},\"thumbnailUrl\":\"https:\\\/\\\/ae01.alicdn.com\\\/kf\\\/S9d71bee3169d4890a2e90ebc4c020586r.jpg\",\"datePublished\":\"2024-04-26T17:19:47+00:00\",\"dateModified\":\"2025-07-22T17:27:32+00:00\",\"breadcrumb\":{\"@id\":\"https:\\\/\\\/alllira.com\\\/product\\\/hilo-de-algodon-select-de-5-piezas-1763-oz-500g-grueso-de-estambre-ligero-para-tejer-lana-de-bebe-ganchillo-bufanda-sueter\\\/#breadcrumb\"},\"inLanguage\":\"es\",\"potentialAction\":[{\"@type\":\"ReadAction\",\"target\":[\"https:\\\/\\\/alllira.com\\\/product\\\/hilo-de-algodon-select-de-5-piezas-1763-oz-500g-grueso-de-estambre-ligero-para-tejer-lana-de-bebe-ganchillo-bufanda-sueter\\\/\"]}]},{\"@type\":\"ImageObject\",\"inLanguage\":\"es\",\"@id\":\"https:\\\/\\\/alllira.com\\\/product\\\/hilo-de-algodon-select-de-5-piezas-1763-oz-500g-grueso-de-estambre-ligero-para-tejer-lana-de-bebe-ganchillo-bufanda-sueter\\\/#primaryimage\",\"url\":\"https:\\\/\\\/ae01.alicdn.com\\\/kf\\\/S9d71bee3169d4890a2e90ebc4c020586r.jpg\",\"contentUrl\":\"https:\\\/\\\/ae01.alicdn.com\\\/kf\\\/S9d71bee3169d4890a2e90ebc4c020586r.jpg\",\"width\":800,\"height\":800,\"caption\":\"14158-a7d4f4.jpg\"},{\"@type\":\"BreadcrumbList\",\"@id\":\"https:\\\/\\\/alllira.com\\\/product\\\/hilo-de-algodon-select-de-5-piezas-1763-oz-500g-grueso-de-estambre-ligero-para-tejer-lana-de-bebe-ganchillo-bufanda-sueter\\\/#breadcrumb\",\"itemListElement\":[{\"@type\":\"ListItem\",\"position\":1,\"name\":\"Home\",\"item\":\"https:\\\/\\\/alllira.com\\\/\"},{\"@type\":\"ListItem\",\"position\":2,\"name\":\"Shop\",\"item\":\"https:\\\/\\\/alllira.com\\\/shop\\\/\"},{\"@type\":\"ListItem\",\"position\":3,\"name\":\"Hilo de algod\u00f3n Select de 5 piezas, 17,63 oz\\\/500g, grueso de estambre ligero para tejer lana de beb\u00e9, ganchillo, bufanda, su\u00e9ter\"}]},{\"@type\":\"WebSite\",\"@id\":\"https:\\\/\\\/alllira.com\\\/#website\",\"url\":\"https:\\\/\\\/alllira.com\\\/\",\"name\":\"Alllira\",\"description\":\"\",\"publisher\":{\"@id\":\"https:\\\/\\\/alllira.com\\\/#organization\"},\"potentialAction\":[{\"@type\":\"SearchAction\",\"target\":{\"@type\":\"EntryPoint\",\"urlTemplate\":\"https:\\\/\\\/alllira.com\\\/?s={search_term_string}\"},\"query-input\":{\"@type\":\"PropertyValueSpecification\",\"valueRequired\":true,\"valueName\":\"search_term_string\"}}],\"inLanguage\":\"es\"},{\"@type\":\"Organization\",\"@id\":\"https:\\\/\\\/alllira.com\\\/#organization\",\"name\":\"Alllira\",\"url\":\"https:\\\/\\\/alllira.com\\\/\",\"logo\":{\"@type\":\"ImageObject\",\"inLanguage\":\"es\",\"@id\":\"https:\\\/\\\/alllira.com\\\/#\\\/schema\\\/logo\\\/image\\\/\",\"url\":\"https:\\\/\\\/alllira.com\\\/wp-content\\\/uploads\\\/2023\\\/11\\\/399982192_122102027870105445_276710788166891880_n.jpg\",\"contentUrl\":\"https:\\\/\\\/alllira.com\\\/wp-content\\\/uploads\\\/2023\\\/11\\\/399982192_122102027870105445_276710788166891880_n.jpg\",\"width\":400,\"height\":400,\"caption\":\"Alllira\"},\"image\":{\"@id\":\"https:\\\/\\\/alllira.com\\\/#\\\/schema\\\/logo\\\/image\\\/\"},\"sameAs\":[\"https:\\\/\\\/www.facebook.com\\\/profile.php?id=61553163366147\"]}]}<\/script>\n<!-- \/ Yoast SEO plugin. -->","yoast_head_json":{"title":"Hilo de algod\u00f3n Select de 5 piezas, 17,63 oz\/500g, grueso de estambre ligero para tejer lana de beb\u00e9, ganchillo, bufanda, su\u00e9ter - Alllira","robots":{"index":"index","follow":"follow","max-snippet":"max-snippet:-1","max-image-preview":"max-image-preview:large","max-video-preview":"max-video-preview:-1"},"canonical":"https:\/\/alllira.com\/es\/producto\/hilo-de-algodon-select-de-5-piezas-1763-oz-500g-grueso-de-estambre-ligero-para-tejer-lana-de-bebe-ganchillo-bufanda-sueter\/","og_locale":"es_ES","og_type":"article","og_title":"Hilo de algod\u00f3n Select de 5 piezas, 17,63 oz\/500g, grueso de estambre ligero para tejer lana de beb\u00e9, ganchillo, bufanda, su\u00e9ter - Alllira","og_description":"Hilo selecto de algod\u00f3n de 5 piezas, 17,63 oz\/500g, hilo grueso de estambre ligero para tejer lana de beb\u00e9, bufanda de ganchillo, su\u00e9ter, hilo tejido &nbsp; Uso: hogar (sombreros, bufanda, ropa), deportes, hotel, cocina y otros Material: algod\u00f3n Cuenta de hilo: 8 Aguja de palo: 5-6 # aguja Color: Consulte la foto (Color 01 &#8212; [&hellip;]","og_url":"https:\/\/alllira.com\/es\/producto\/hilo-de-algodon-select-de-5-piezas-1763-oz-500g-grueso-de-estambre-ligero-para-tejer-lana-de-bebe-ganchillo-bufanda-sueter\/","og_site_name":"Alllira","article_publisher":"https:\/\/www.facebook.com\/profile.php?id=61553163366147","article_modified_time":"2025-07-22T17:27:32+00:00","og_image":[{"width":800,"height":800,"url":"https:\/\/ae01.alicdn.com\/kf\/S9d71bee3169d4890a2e90ebc4c020586r.jpg","type":"image\/jpeg"}],"twitter_card":"summary_large_image","twitter_misc":{"Tiempo de lectura":"4 minutos"},"schema":{"@context":"https:\/\/schema.org","@graph":[{"@type":"WebPage","@id":"https:\/\/alllira.com\/product\/hilo-de-algodon-select-de-5-piezas-1763-oz-500g-grueso-de-estambre-ligero-para-tejer-lana-de-bebe-ganchillo-bufanda-sueter\/","url":"https:\/\/alllira.com\/product\/hilo-de-algodon-select-de-5-piezas-1763-oz-500g-grueso-de-estambre-ligero-para-tejer-lana-de-bebe-ganchillo-bufanda-sueter\/","name":"Hilo de algod\u00f3n Select de 5 piezas, 17,63 oz\/500g, grueso de estambre ligero para tejer lana de beb\u00e9, ganchillo, bufanda, su\u00e9ter - Alllira","isPartOf":{"@id":"https:\/\/alllira.com\/#website"},"primaryImageOfPage":{"@id":"https:\/\/alllira.com\/product\/hilo-de-algodon-select-de-5-piezas-1763-oz-500g-grueso-de-estambre-ligero-para-tejer-lana-de-bebe-ganchillo-bufanda-sueter\/#primaryimage"},"image":{"@id":"https:\/\/alllira.com\/product\/hilo-de-algodon-select-de-5-piezas-1763-oz-500g-grueso-de-estambre-ligero-para-tejer-lana-de-bebe-ganchillo-bufanda-sueter\/#primaryimage"},"thumbnailUrl":"https:\/\/ae01.alicdn.com\/kf\/S9d71bee3169d4890a2e90ebc4c020586r.jpg","datePublished":"2024-04-26T17:19:47+00:00","dateModified":"2025-07-22T17:27:32+00:00","breadcrumb":{"@id":"https:\/\/alllira.com\/product\/hilo-de-algodon-select-de-5-piezas-1763-oz-500g-grueso-de-estambre-ligero-para-tejer-lana-de-bebe-ganchillo-bufanda-sueter\/#breadcrumb"},"inLanguage":"es","potentialAction":[{"@type":"ReadAction","target":["https:\/\/alllira.com\/product\/hilo-de-algodon-select-de-5-piezas-1763-oz-500g-grueso-de-estambre-ligero-para-tejer-lana-de-bebe-ganchillo-bufanda-sueter\/"]}]},{"@type":"ImageObject","inLanguage":"es","@id":"https:\/\/alllira.com\/product\/hilo-de-algodon-select-de-5-piezas-1763-oz-500g-grueso-de-estambre-ligero-para-tejer-lana-de-bebe-ganchillo-bufanda-sueter\/#primaryimage","url":"https:\/\/ae01.alicdn.com\/kf\/S9d71bee3169d4890a2e90ebc4c020586r.jpg","contentUrl":"https:\/\/ae01.alicdn.com\/kf\/S9d71bee3169d4890a2e90ebc4c020586r.jpg","width":800,"height":800,"caption":"14158-a7d4f4.jpg"},{"@type":"BreadcrumbList","@id":"https:\/\/alllira.com\/product\/hilo-de-algodon-select-de-5-piezas-1763-oz-500g-grueso-de-estambre-ligero-para-tejer-lana-de-bebe-ganchillo-bufanda-sueter\/#breadcrumb","itemListElement":[{"@type":"ListItem","position":1,"name":"Home","item":"https:\/\/alllira.com\/"},{"@type":"ListItem","position":2,"name":"Shop","item":"https:\/\/alllira.com\/shop\/"},{"@type":"ListItem","position":3,"name":"Hilo de algod\u00f3n Select de 5 piezas, 17,63 oz\/500g, grueso de estambre ligero para tejer lana de beb\u00e9, ganchillo, bufanda, su\u00e9ter"}]},{"@type":"WebSite","@id":"https:\/\/alllira.com\/#website","url":"https:\/\/alllira.com\/","name":"Alllira","description":"","publisher":{"@id":"https:\/\/alllira.com\/#organization"},"potentialAction":[{"@type":"SearchAction","target":{"@type":"EntryPoint","urlTemplate":"https:\/\/alllira.com\/?s={search_term_string}"},"query-input":{"@type":"PropertyValueSpecification","valueRequired":true,"valueName":"search_term_string"}}],"inLanguage":"es"},{"@type":"Organization","@id":"https:\/\/alllira.com\/#organization","name":"Alllira","url":"https:\/\/alllira.com\/","logo":{"@type":"ImageObject","inLanguage":"es","@id":"https:\/\/alllira.com\/#\/schema\/logo\/image\/","url":"https:\/\/alllira.com\/wp-content\/uploads\/2023\/11\/399982192_122102027870105445_276710788166891880_n.jpg","contentUrl":"https:\/\/alllira.com\/wp-content\/uploads\/2023\/11\/399982192_122102027870105445_276710788166891880_n.jpg","width":400,"height":400,"caption":"Alllira"},"image":{"@id":"https:\/\/alllira.com\/#\/schema\/logo\/image\/"},"sameAs":["https:\/\/www.facebook.com\/profile.php?id=61553163366147"]}]}},"jetpack_sharing_enabled":true,"_links":{"self":[{"href":"https:\/\/alllira.com\/es\/wp-json\/wp\/v2\/product\/14158","targetHints":{"allow":["GET"]}}],"collection":[{"href":"https:\/\/alllira.com\/es\/wp-json\/wp\/v2\/product"}],"about":[{"href":"https:\/\/alllira.com\/es\/wp-json\/wp\/v2\/types\/product"}],"replies":[{"embeddable":true,"href":"https:\/\/alllira.com\/es\/wp-json\/wp\/v2\/comments?post=14158"}],"wp:featuredmedia":[{"embeddable":true,"href":"https:\/\/alllira.com\/es\/wp-json\/wp\/v2\/media\/14176"}],"wp:attachment":[{"href":"https:\/\/alllira.com\/es\/wp-json\/wp\/v2\/media?parent=14158"}],"wp:term":[{"taxonomy":"product_brand","embeddable":true,"href":"https:\/\/alllira.com\/es\/wp-json\/wp\/v2\/product_brand?post=14158"},{"taxonomy":"product_cat","embeddable":true,"href":"https:\/\/alllira.com\/es\/wp-json\/wp\/v2\/product_cat?post=14158"},{"taxonomy":"product_tag","embeddable":true,"href":"https:\/\/alllira.com\/es\/wp-json\/wp\/v2\/product_tag?post=14158"}],"curies":[{"name":"wp","href":"https:\/\/api.w.org\/{rel}","templated":true}]}}