{"id":14414,"date":"2024-04-26T16:30:07","date_gmt":"2024-04-26T21:30:07","guid":{"rendered":"https:\/\/alllira.com\/es\/producto\/hilo-de-lana-de-ganchillo-para-tejer-hilo-de-tricota-para-tejer-cardigan-mezclas-wol-2-piezas-x-100g-a-la-venta\/"},"modified":"2025-07-22T12:27:51","modified_gmt":"2025-07-22T17:27:51","slug":"hilo-de-lana-de-ganchillo-para-tejer-hilo-de-tricota-para-tejer-cardigan-mezclas-wol-2-piezas-x-100g-a-la-venta","status":"publish","type":"product","link":"https:\/\/alllira.com\/es\/producto\/hilo-de-lana-de-ganchillo-para-tejer-hilo-de-tricota-para-tejer-cardigan-mezclas-wol-2-piezas-x-100g-a-la-venta\/","title":{"rendered":"Hilo de lana para tejer, hilo de tricota para tejer c\u00e1rdigan, mezclas Wol, 2 piezas x 100g"},"content":{"rendered":"<div>\n<div>\n<div id=\"root\">\n<div>\n<div>\n<div>\n<div id=\"product-detail\">\n<div>\n<div>\n<div>\n<div>\n<div>\n<div id=\"product-description\">\n<div>\n<div style=\"font-family: arial, helvetica, sans-serif; font-size: 13px; letter-spacing: normal; line-height: inherit; text-align: center; border: 0px; margin: 0px; padding: 0px 0px 0px 0em; padding-bottom: 0px; padding-top: 0px; padding-right: 0px;\" align=\"center\">\n<div style=\"font-weight: 400;\"><span style=\"font-size: 16px;\"><span style=\"font-family: georgia, serif;\"><span style=\"font-size: 18px;\"><span id=\"tl_1\">Material:<\/span><\/span><\/span><\/span><br \/>\n<span style=\"font-family: georgia, serif;\"><span id=\"tl_2\" style=\"font-size: 16px;\">Lana, Acr\u00edlico<\/span><\/span><\/div>\n<div style=\"font-size: 13px; line-height: inherit; text-align: center; border: 0px; margin: 0px; padding: 0px 0px 0px 0em; padding-bottom: 0px; padding-top: 0px; padding-right: 0px;\" align=\"center\">\n<p style=\"font-size: inherit; line-height: inherit; border: 0px; margin: 0px; padding: 0px 0px 0px 0em; padding-bottom: 0px; padding-top: 0px; padding-right: 0px;\"><span id=\"tl_3\" style=\"font-size: 18px; font-family: georgia, serif;\">Di\u00e1metro<\/span><span style=\"font-size: 18px; font-family: georgia, serif;\"><span style=\"font-size: 16px;\"><span style=\"font-family: georgia, serif;\"><span style=\"font-size: 18px;\">:\u00a0<\/span><\/span><\/span><\/span><span id=\"tl_4\" style=\"font-size: 16px; font-family: georgia, serif;\">Aproximadamente 2,5mm<\/span><\/p>\n<div style=\"font-family: arial, helvetica, sans-serif; font-size: 13px; font-weight: 400; letter-spacing: normal; line-height: inherit; text-align: center; border: 0px; margin: 0px; padding: 0px 0px 0px 0em; padding-bottom: 0px; padding-top: 0px; padding-right: 0px;\" align=\"center\">\n<div style=\"font-size: 13px; line-height: inherit; text-align: center; border: 0px; margin: 0px; padding: 0px 0px 0px 0em; padding-bottom: 0px; padding-top: 0px; padding-right: 0px;\" align=\"center\">\n<div style=\"font-family: arial, helvetica, sans-serif; font-size: 13px; font-weight: 400; letter-spacing: normal; line-height: inherit; text-align: center; border: 0px; margin: 0px; padding: 0px 0px 0px 0em; padding-bottom: 0px; padding-top: 0px; padding-right: 0px;\" align=\"center\">\n<div style=\"font-size: 13px; line-height: inherit; text-align: center; border: 0px; margin: 0px; padding: 0px 0px 0px 0em; padding-bottom: 0px; padding-top: 0px; padding-right: 0px;\" align=\"center\">\n<p style=\"font-size: inherit; line-height: inherit; border: 0px; margin: 0px; padding: 0px 0px 0px 0em; padding-bottom: 0px; padding-top: 0px; padding-right: 0px;\"><span id=\"tl_5\" style=\"font-size: 20px; font-family: georgia, serif;\">Longitud<\/span><span style=\"font-size: 20px; font-family: georgia, serif;\"><strong>:<\/strong><\/span><span id=\"tl_6\" style=\"font-size: 16px; font-family: georgia, serif;\">Aproximadamente 115M<\/span><\/p>\n<\/div>\n<\/div>\n<\/div>\n<\/div>\n<div style=\"font-family: arial, helvetica, sans-serif; font-size: inherit; font-weight: 400; line-height: inherit; text-align: left; border: 0px; margin: 0px; padding: 0px 0px 0px 0em; padding-bottom: 0px; padding-top: 0px; padding-right: 0px;\" align=\"left\">\n<p style=\"font-weight: inherit; line-height: inherit; text-align: center; border: 0px; margin: 0px; padding: 0px 0px 0px 0em; padding-bottom: 0px; padding-top: 0px; padding-right: 0px;\" align=\"center\"><span style=\"font-size: 18px; font-family: georgia, serif;\"><span id=\"tl_7\">Sugerir crochet:<\/span><\/span><span style=\"font-size: 16px; font-family: georgia, serif;\"><span id=\"tl_8\">Aproximadamente 3,5mm<\/span><\/span><\/p>\n<p style=\"font-weight: inherit; line-height: inherit; text-align: center; border: 0px; margin: 0px; padding: 0px 0px 0px 0em; padding-bottom: 0px; padding-top: 0px; padding-right: 0px;\" align=\"center\"><span id=\"tl_9\" style=\"font-size: 18px; font-family: georgia, serif;\">Sugerir <\/span><span style=\"font-size: 18px; font-family: georgia, serif;\"><span id=\"tl_10\">Aguja de acero:<\/span><\/span><span style=\"font-size: 16px; font-family: georgia, serif;\"><span id=\"tl_11\">Aproximadamente 4,5mm<\/span><\/span><\/p>\n<div style=\"text-align: center;\" align=\"center\"><span style=\"font-size: 18px; font-family: georgia, serif;\"><span id=\"tl_12\">Peso:<\/span><\/span><br \/>\n<span style=\"font-size: inherit; font-family: georgia, serif;\"><span style=\"font-size: inherit;\"><span id=\"tl_13\" style=\"font-size: 16px;\">Acerca de<\/span><\/span><\/span><br \/>\n<span style=\"font-size: inherit; font-family: georgia, serif;\"><span style=\"font-size: inherit;\"><span style=\"font-size: 16px;\"><span id=\"tl_14\">100 g\/pc<\/span><\/span><\/span><\/span><br \/>\n<span style=\"font-size: 18px; font-family: georgia, serif;\">(<\/span><br \/>\n<span id=\"tl_15\">Permita una diferencia de 1-8g<\/span><br \/>\n<span style=\"font-size: 18px; font-family: georgia, serif;\">)<\/span><\/div>\n<\/div>\n<\/div>\n<div style=\"font-weight: 400; line-height: inherit; text-align: center; border: 0px; margin: 0px; padding: 0px 0px 0px 0em; padding-bottom: 0px; padding-top: 0px; padding-right: 0px;\" align=\"center\">\n<div><span style=\"font-family: georgia, serif;\"><span style=\"font-size: 16px;\"><span id=\"tl_16\" style=\"font-size: 18px;\">El paquete contiene:<\/span><\/span><\/span><br \/>\n<span style=\"font-family: georgia, serif;\"><span id=\"tl_17\" style=\"font-size: 16px;\">2 * piezas<\/span><\/span><\/div>\n<p style=\"font-family: arial, helvetica, sans-serif; font-size: inherit; font-weight: inherit; letter-spacing: normal; line-height: inherit; text-align: center; border: 0px; margin: 0px; padding: 0px;\" align=\"center\"><span style=\"font-size: 20px;\"><span style=\"font-size: inherit;\"><span id=\"tl_18\">Aviso:<\/span><\/span><\/span><\/p>\n<p style=\"font-family: arial, helvetica, sans-serif; font-size: inherit; font-weight: inherit; letter-spacing: normal; line-height: inherit; text-align: center; border: 0px; margin: 0px; padding: 0px;\" align=\"center\"><span style=\"font-size: inherit;\"><span id=\"tl_19\" style=\"font-size: 18px;\">1. Puede haber una ligera diferencia los parches de color entre causada por la producci\u00f3n en f\u00e1brica, le sugerimos que compre un color cada vez.<br \/>\n2. Hay peque\u00f1as diferencias de color entre los productos y las im\u00e1genes, lo cual es inevitable.<\/span><\/span><\/p>\n<\/div>\n<\/div>\n<\/div>\n<\/div>\n<\/div>\n<\/div>\n<\/div>\n<\/div>\n<\/div>\n<\/div>\n<\/div>\n<\/div>\n<\/div>\n<\/div>\n<p style=\"text-align: left; margin: 0px;\" align=\"left\"><img decoding=\"async\" src=\"\/\/ae01.alicdn.com\/kf\/S507a3fb6901a44ca96f8f776f6070695c.jpg\" \/><img decoding=\"async\" src=\"\/\/ae01.alicdn.com\/kf\/S3e8fac6bf64b4329a42b53b83dbd654eO.jpg\" \/><img decoding=\"async\" src=\"\/\/ae01.alicdn.com\/kf\/Sc17d86e6766543ffae2d9cfe39885ae1p.jpg\" \/><img decoding=\"async\" src=\"\/\/ae01.alicdn.com\/kf\/Sdc40a75b43104213962cd5da313e11dbD.jpg\" \/><img decoding=\"async\" src=\"\/\/ae01.alicdn.com\/kf\/S6428dd757f64476cb87ec19f8112c213J.jpg?width=800&amp;height=800&amp;hash=1600\" \/><img decoding=\"async\" src=\"\/\/ae01.alicdn.com\/kf\/S807a863ce7474eb7af8a9dd893c662654.jpg\" \/><img decoding=\"async\" src=\"\/\/ae01.alicdn.com\/kf\/Sc8b9d1b46f15434fb93b7ba72d435213A.jpg\" \/><img decoding=\"async\" src=\"\/\/ae01.alicdn.com\/kf\/S06c02b05c98e46c1ac8c6ab7f4389334n.jpg?width=800&amp;height=800&amp;hash=1600\" \/><\/p>\n<p>&nbsp;<\/p>\n<\/div>\n<\/div>","protected":false},"excerpt":{"rendered":"<p>Material: Lana, Acr\u00edlico Di\u00e1metro:\u00a0Aproximadamente 2,5mm Longitud:Aproximadamente 115M Sugerir crochet:Aproximadamente 3,5mm Sugerir Aguja de acero:Aproximadamente 4,5mm Peso: Acerca de 100 g\/pc ( Permita una diferencia de 1-8g ) El paquete contiene: 2 * piezas Aviso: 1. Puede haber una ligera diferencia los parches de color entre causada por la producci\u00f3n en f\u00e1brica, le sugerimos que compre [&hellip;]<\/p>\n","protected":false},"featured_media":14440,"comment_status":"open","ping_status":"closed","template":"","meta":[],"product_brand":[],"product_cat":[36],"product_tag":[],"class_list":{"0":"post-14414","1":"product","2":"type-product","3":"status-publish","4":"has-post-thumbnail","6":"product_cat-textile","8":"first","9":"instock","10":"sale","11":"taxable","12":"shipping-taxable","13":"purchasable","14":"product-type-variable"},"yoast_head":"<!-- This site is optimized with the Yoast SEO plugin v27.5 - https:\/\/yoast.com\/product\/yoast-seo-wordpress\/ -->\n<title>Hilo de lana para tejer, hilo de tricota para tejer c\u00e1rdigan, mezclas Wol, 2 piezas x 100g - Alllira<\/title>\n<meta name=\"robots\" content=\"index, follow, max-snippet:-1, max-image-preview:large, max-video-preview:-1\" \/>\n<link rel=\"canonical\" href=\"https:\/\/alllira.com\/es\/producto\/hilo-de-lana-de-ganchillo-para-tejer-hilo-de-tricota-para-tejer-cardigan-mezclas-wol-2-piezas-x-100g-a-la-venta\/\" \/>\n<meta property=\"og:locale\" content=\"es_ES\" \/>\n<meta property=\"og:type\" content=\"article\" \/>\n<meta property=\"og:title\" content=\"Hilo de lana para tejer, hilo de tricota para tejer c\u00e1rdigan, mezclas Wol, 2 piezas x 100g - Alllira\" \/>\n<meta property=\"og:description\" content=\"Material: Lana, Acr\u00edlico Di\u00e1metro:\u00a0Aproximadamente 2,5mm Longitud:Aproximadamente 115M Sugerir crochet:Aproximadamente 3,5mm Sugerir Aguja de acero:Aproximadamente 4,5mm Peso: Acerca de 100 g\/pc ( Permita una diferencia de 1-8g ) El paquete contiene: 2 * piezas Aviso: 1. Puede haber una ligera diferencia los parches de color entre causada por la producci\u00f3n en f\u00e1brica, le sugerimos que compre [&hellip;]\" \/>\n<meta property=\"og:url\" content=\"https:\/\/alllira.com\/es\/producto\/hilo-de-lana-de-ganchillo-para-tejer-hilo-de-tricota-para-tejer-cardigan-mezclas-wol-2-piezas-x-100g-a-la-venta\/\" \/>\n<meta property=\"og:site_name\" content=\"Alllira\" \/>\n<meta property=\"article:publisher\" content=\"https:\/\/www.facebook.com\/profile.php?id=61553163366147\" \/>\n<meta property=\"article:modified_time\" content=\"2025-07-22T17:27:51+00:00\" \/>\n<meta property=\"og:image\" content=\"https:\/\/ae01.alicdn.com\/kf\/S3e8fac6bf64b4329a42b53b83dbd654eO.jpg\" \/>\n\t<meta property=\"og:image:width\" content=\"800\" \/>\n\t<meta property=\"og:image:height\" content=\"800\" \/>\n\t<meta property=\"og:image:type\" content=\"image\/jpeg\" \/>\n<meta name=\"twitter:card\" content=\"summary_large_image\" \/>\n<meta name=\"twitter:label1\" content=\"Tiempo de lectura\" \/>\n\t<meta name=\"twitter:data1\" content=\"3 minutos\" \/>\n<script type=\"application\/ld+json\" class=\"yoast-schema-graph\">{\"@context\":\"https:\\\/\\\/schema.org\",\"@graph\":[{\"@type\":\"WebPage\",\"@id\":\"https:\\\/\\\/alllira.com\\\/product\\\/hilo-de-lana-de-ganchillo-para-tejer-hilo-de-tricota-para-tejer-cardigan-mezclas-wol-2-piezas-x-100g-a-la-venta\\\/\",\"url\":\"https:\\\/\\\/alllira.com\\\/product\\\/hilo-de-lana-de-ganchillo-para-tejer-hilo-de-tricota-para-tejer-cardigan-mezclas-wol-2-piezas-x-100g-a-la-venta\\\/\",\"name\":\"Hilo de lana para tejer, hilo de tricota para tejer c\u00e1rdigan, mezclas Wol, 2 piezas x 100g - Alllira\",\"isPartOf\":{\"@id\":\"https:\\\/\\\/alllira.com\\\/#website\"},\"primaryImageOfPage\":{\"@id\":\"https:\\\/\\\/alllira.com\\\/product\\\/hilo-de-lana-de-ganchillo-para-tejer-hilo-de-tricota-para-tejer-cardigan-mezclas-wol-2-piezas-x-100g-a-la-venta\\\/#primaryimage\"},\"image\":{\"@id\":\"https:\\\/\\\/alllira.com\\\/product\\\/hilo-de-lana-de-ganchillo-para-tejer-hilo-de-tricota-para-tejer-cardigan-mezclas-wol-2-piezas-x-100g-a-la-venta\\\/#primaryimage\"},\"thumbnailUrl\":\"https:\\\/\\\/ae01.alicdn.com\\\/kf\\\/S3e8fac6bf64b4329a42b53b83dbd654eO.jpg\",\"datePublished\":\"2024-04-26T21:30:07+00:00\",\"dateModified\":\"2025-07-22T17:27:51+00:00\",\"breadcrumb\":{\"@id\":\"https:\\\/\\\/alllira.com\\\/product\\\/hilo-de-lana-de-ganchillo-para-tejer-hilo-de-tricota-para-tejer-cardigan-mezclas-wol-2-piezas-x-100g-a-la-venta\\\/#breadcrumb\"},\"inLanguage\":\"es\",\"potentialAction\":[{\"@type\":\"ReadAction\",\"target\":[\"https:\\\/\\\/alllira.com\\\/product\\\/hilo-de-lana-de-ganchillo-para-tejer-hilo-de-tricota-para-tejer-cardigan-mezclas-wol-2-piezas-x-100g-a-la-venta\\\/\"]}]},{\"@type\":\"ImageObject\",\"inLanguage\":\"es\",\"@id\":\"https:\\\/\\\/alllira.com\\\/product\\\/hilo-de-lana-de-ganchillo-para-tejer-hilo-de-tricota-para-tejer-cardigan-mezclas-wol-2-piezas-x-100g-a-la-venta\\\/#primaryimage\",\"url\":\"https:\\\/\\\/ae01.alicdn.com\\\/kf\\\/S3e8fac6bf64b4329a42b53b83dbd654eO.jpg\",\"contentUrl\":\"https:\\\/\\\/ae01.alicdn.com\\\/kf\\\/S3e8fac6bf64b4329a42b53b83dbd654eO.jpg\",\"width\":800,\"height\":800,\"caption\":\"14414-9c4173.jpg\"},{\"@type\":\"BreadcrumbList\",\"@id\":\"https:\\\/\\\/alllira.com\\\/product\\\/hilo-de-lana-de-ganchillo-para-tejer-hilo-de-tricota-para-tejer-cardigan-mezclas-wol-2-piezas-x-100g-a-la-venta\\\/#breadcrumb\",\"itemListElement\":[{\"@type\":\"ListItem\",\"position\":1,\"name\":\"Home\",\"item\":\"https:\\\/\\\/alllira.com\\\/\"},{\"@type\":\"ListItem\",\"position\":2,\"name\":\"Shop\",\"item\":\"https:\\\/\\\/alllira.com\\\/shop\\\/\"},{\"@type\":\"ListItem\",\"position\":3,\"name\":\"Hilo de lana para tejer, hilo de tricota para tejer c\u00e1rdigan, mezclas Wol, 2 piezas x 100g\"}]},{\"@type\":\"WebSite\",\"@id\":\"https:\\\/\\\/alllira.com\\\/#website\",\"url\":\"https:\\\/\\\/alllira.com\\\/\",\"name\":\"Alllira\",\"description\":\"\",\"publisher\":{\"@id\":\"https:\\\/\\\/alllira.com\\\/#organization\"},\"potentialAction\":[{\"@type\":\"SearchAction\",\"target\":{\"@type\":\"EntryPoint\",\"urlTemplate\":\"https:\\\/\\\/alllira.com\\\/?s={search_term_string}\"},\"query-input\":{\"@type\":\"PropertyValueSpecification\",\"valueRequired\":true,\"valueName\":\"search_term_string\"}}],\"inLanguage\":\"es\"},{\"@type\":\"Organization\",\"@id\":\"https:\\\/\\\/alllira.com\\\/#organization\",\"name\":\"Alllira\",\"url\":\"https:\\\/\\\/alllira.com\\\/\",\"logo\":{\"@type\":\"ImageObject\",\"inLanguage\":\"es\",\"@id\":\"https:\\\/\\\/alllira.com\\\/#\\\/schema\\\/logo\\\/image\\\/\",\"url\":\"https:\\\/\\\/alllira.com\\\/wp-content\\\/uploads\\\/2023\\\/11\\\/399982192_122102027870105445_276710788166891880_n.jpg\",\"contentUrl\":\"https:\\\/\\\/alllira.com\\\/wp-content\\\/uploads\\\/2023\\\/11\\\/399982192_122102027870105445_276710788166891880_n.jpg\",\"width\":400,\"height\":400,\"caption\":\"Alllira\"},\"image\":{\"@id\":\"https:\\\/\\\/alllira.com\\\/#\\\/schema\\\/logo\\\/image\\\/\"},\"sameAs\":[\"https:\\\/\\\/www.facebook.com\\\/profile.php?id=61553163366147\"]}]}<\/script>\n<!-- \/ Yoast SEO plugin. -->","yoast_head_json":{"title":"Hilo de lana para tejer, hilo de tricota para tejer c\u00e1rdigan, mezclas Wol, 2 piezas x 100g - Alllira","robots":{"index":"index","follow":"follow","max-snippet":"max-snippet:-1","max-image-preview":"max-image-preview:large","max-video-preview":"max-video-preview:-1"},"canonical":"https:\/\/alllira.com\/es\/producto\/hilo-de-lana-de-ganchillo-para-tejer-hilo-de-tricota-para-tejer-cardigan-mezclas-wol-2-piezas-x-100g-a-la-venta\/","og_locale":"es_ES","og_type":"article","og_title":"Hilo de lana para tejer, hilo de tricota para tejer c\u00e1rdigan, mezclas Wol, 2 piezas x 100g - Alllira","og_description":"Material: Lana, Acr\u00edlico Di\u00e1metro:\u00a0Aproximadamente 2,5mm Longitud:Aproximadamente 115M Sugerir crochet:Aproximadamente 3,5mm Sugerir Aguja de acero:Aproximadamente 4,5mm Peso: Acerca de 100 g\/pc ( Permita una diferencia de 1-8g ) El paquete contiene: 2 * piezas Aviso: 1. Puede haber una ligera diferencia los parches de color entre causada por la producci\u00f3n en f\u00e1brica, le sugerimos que compre [&hellip;]","og_url":"https:\/\/alllira.com\/es\/producto\/hilo-de-lana-de-ganchillo-para-tejer-hilo-de-tricota-para-tejer-cardigan-mezclas-wol-2-piezas-x-100g-a-la-venta\/","og_site_name":"Alllira","article_publisher":"https:\/\/www.facebook.com\/profile.php?id=61553163366147","article_modified_time":"2025-07-22T17:27:51+00:00","og_image":[{"width":800,"height":800,"url":"https:\/\/ae01.alicdn.com\/kf\/S3e8fac6bf64b4329a42b53b83dbd654eO.jpg","type":"image\/jpeg"}],"twitter_card":"summary_large_image","twitter_misc":{"Tiempo de lectura":"3 minutos"},"schema":{"@context":"https:\/\/schema.org","@graph":[{"@type":"WebPage","@id":"https:\/\/alllira.com\/product\/hilo-de-lana-de-ganchillo-para-tejer-hilo-de-tricota-para-tejer-cardigan-mezclas-wol-2-piezas-x-100g-a-la-venta\/","url":"https:\/\/alllira.com\/product\/hilo-de-lana-de-ganchillo-para-tejer-hilo-de-tricota-para-tejer-cardigan-mezclas-wol-2-piezas-x-100g-a-la-venta\/","name":"Hilo de lana para tejer, hilo de tricota para tejer c\u00e1rdigan, mezclas Wol, 2 piezas x 100g - Alllira","isPartOf":{"@id":"https:\/\/alllira.com\/#website"},"primaryImageOfPage":{"@id":"https:\/\/alllira.com\/product\/hilo-de-lana-de-ganchillo-para-tejer-hilo-de-tricota-para-tejer-cardigan-mezclas-wol-2-piezas-x-100g-a-la-venta\/#primaryimage"},"image":{"@id":"https:\/\/alllira.com\/product\/hilo-de-lana-de-ganchillo-para-tejer-hilo-de-tricota-para-tejer-cardigan-mezclas-wol-2-piezas-x-100g-a-la-venta\/#primaryimage"},"thumbnailUrl":"https:\/\/ae01.alicdn.com\/kf\/S3e8fac6bf64b4329a42b53b83dbd654eO.jpg","datePublished":"2024-04-26T21:30:07+00:00","dateModified":"2025-07-22T17:27:51+00:00","breadcrumb":{"@id":"https:\/\/alllira.com\/product\/hilo-de-lana-de-ganchillo-para-tejer-hilo-de-tricota-para-tejer-cardigan-mezclas-wol-2-piezas-x-100g-a-la-venta\/#breadcrumb"},"inLanguage":"es","potentialAction":[{"@type":"ReadAction","target":["https:\/\/alllira.com\/product\/hilo-de-lana-de-ganchillo-para-tejer-hilo-de-tricota-para-tejer-cardigan-mezclas-wol-2-piezas-x-100g-a-la-venta\/"]}]},{"@type":"ImageObject","inLanguage":"es","@id":"https:\/\/alllira.com\/product\/hilo-de-lana-de-ganchillo-para-tejer-hilo-de-tricota-para-tejer-cardigan-mezclas-wol-2-piezas-x-100g-a-la-venta\/#primaryimage","url":"https:\/\/ae01.alicdn.com\/kf\/S3e8fac6bf64b4329a42b53b83dbd654eO.jpg","contentUrl":"https:\/\/ae01.alicdn.com\/kf\/S3e8fac6bf64b4329a42b53b83dbd654eO.jpg","width":800,"height":800,"caption":"14414-9c4173.jpg"},{"@type":"BreadcrumbList","@id":"https:\/\/alllira.com\/product\/hilo-de-lana-de-ganchillo-para-tejer-hilo-de-tricota-para-tejer-cardigan-mezclas-wol-2-piezas-x-100g-a-la-venta\/#breadcrumb","itemListElement":[{"@type":"ListItem","position":1,"name":"Home","item":"https:\/\/alllira.com\/"},{"@type":"ListItem","position":2,"name":"Shop","item":"https:\/\/alllira.com\/shop\/"},{"@type":"ListItem","position":3,"name":"Hilo de lana para tejer, hilo de tricota para tejer c\u00e1rdigan, mezclas Wol, 2 piezas x 100g"}]},{"@type":"WebSite","@id":"https:\/\/alllira.com\/#website","url":"https:\/\/alllira.com\/","name":"Alllira","description":"","publisher":{"@id":"https:\/\/alllira.com\/#organization"},"potentialAction":[{"@type":"SearchAction","target":{"@type":"EntryPoint","urlTemplate":"https:\/\/alllira.com\/?s={search_term_string}"},"query-input":{"@type":"PropertyValueSpecification","valueRequired":true,"valueName":"search_term_string"}}],"inLanguage":"es"},{"@type":"Organization","@id":"https:\/\/alllira.com\/#organization","name":"Alllira","url":"https:\/\/alllira.com\/","logo":{"@type":"ImageObject","inLanguage":"es","@id":"https:\/\/alllira.com\/#\/schema\/logo\/image\/","url":"https:\/\/alllira.com\/wp-content\/uploads\/2023\/11\/399982192_122102027870105445_276710788166891880_n.jpg","contentUrl":"https:\/\/alllira.com\/wp-content\/uploads\/2023\/11\/399982192_122102027870105445_276710788166891880_n.jpg","width":400,"height":400,"caption":"Alllira"},"image":{"@id":"https:\/\/alllira.com\/#\/schema\/logo\/image\/"},"sameAs":["https:\/\/www.facebook.com\/profile.php?id=61553163366147"]}]}},"jetpack_sharing_enabled":true,"_links":{"self":[{"href":"https:\/\/alllira.com\/es\/wp-json\/wp\/v2\/product\/14414","targetHints":{"allow":["GET"]}}],"collection":[{"href":"https:\/\/alllira.com\/es\/wp-json\/wp\/v2\/product"}],"about":[{"href":"https:\/\/alllira.com\/es\/wp-json\/wp\/v2\/types\/product"}],"replies":[{"embeddable":true,"href":"https:\/\/alllira.com\/es\/wp-json\/wp\/v2\/comments?post=14414"}],"wp:featuredmedia":[{"embeddable":true,"href":"https:\/\/alllira.com\/es\/wp-json\/wp\/v2\/media\/14440"}],"wp:attachment":[{"href":"https:\/\/alllira.com\/es\/wp-json\/wp\/v2\/media?parent=14414"}],"wp:term":[{"taxonomy":"product_brand","embeddable":true,"href":"https:\/\/alllira.com\/es\/wp-json\/wp\/v2\/product_brand?post=14414"},{"taxonomy":"product_cat","embeddable":true,"href":"https:\/\/alllira.com\/es\/wp-json\/wp\/v2\/product_cat?post=14414"},{"taxonomy":"product_tag","embeddable":true,"href":"https:\/\/alllira.com\/es\/wp-json\/wp\/v2\/product_tag?post=14414"}],"curies":[{"name":"wp","href":"https:\/\/api.w.org\/{rel}","templated":true}]}}