{"id":14667,"date":"2024-04-26T16:30:39","date_gmt":"2024-04-26T21:30:39","guid":{"rendered":"https:\/\/alllira.com\/es\/producto\/dolphin-baby-hilo-de-felpa-suave-de-chenilla-para-tejer-100-poliester-terciopelo-accesorios-de-amigurumi-1-madeja-100g-130m\/"},"modified":"2025-07-22T12:28:17","modified_gmt":"2025-07-22T17:28:17","slug":"dolphin-baby-hilo-de-felpa-suave-de-chenilla-para-tejer-100-poliester-terciopelo-accesorios-de-amigurumi-1-madeja-100g-130m","status":"publish","type":"product","link":"https:\/\/alllira.com\/es\/producto\/dolphin-baby-hilo-de-felpa-suave-de-chenilla-para-tejer-100-poliester-terciopelo-accesorios-de-amigurumi-1-madeja-100g-130m\/","title":{"rendered":"Hilo de felpa suave para tejer, 100% poli\u00e9ster, terciopelo, accesorios de Amigurumi, 1 madeja, 100g"},"content":{"rendered":"<div>\n<div>\n<div><\/div>\n<div><\/div>\n<div>\n<div style=\"font-family: arial;\"><\/div>\n<div style=\"font-family: arial;\"><\/div>\n<div style=\"font-family: arial;\"><img decoding=\"async\" src=\"\/\/ae01.alicdn.com\/kf\/H03ff2d4163f048fcb5df5fe074d9e7e9S.jpg?width=990&amp;height=24&amp;hash=1014\" \/><\/div>\n<div style=\"font-family: arial;\"><\/div>\n<div style=\"font-family: arial;\"><\/div>\n<div>\n<div class=\"table-responsive\"><table class=\"table table-bordered\" style=\"border-collapse: collapse;\" border=\"1\" cellspacing=\"0\" cellpadding=\"0\">\n<tbody>\n<tr>\n<td style=\"width: 1018px;\">\n<p style=\"text-align: left;\" align=\"left\"><span style=\"font-size: 20px;\"><span id=\"tl_1\" style=\"font-family: arial, helvetica, sans-serif;\">100g\/bola hilo de chenilla suave 100% poli\u00e9ster invierno calor Pleuche hilo de Cachemira hilo de lana de beb\u00e9 para tejer a mano ganchillo JK498<\/span><\/span><\/p>\n<p style=\"text-align: left;\" align=\"left\"><span style=\"font-size: 20px;\"><span id=\"tl_2\" style=\"font-family: arial, helvetica, sans-serif;\">Material: poli\u00e9ster<\/span><\/span><\/p>\n<p style=\"text-align: left;\" align=\"left\"><span style=\"font-size: 20px;\"><span id=\"tl_3\" style=\"font-family: arial, helvetica, sans-serif;\">Peso: 100g\/bola 130 m<\/span><\/span><\/p>\n<p style=\"text-align: left;\" align=\"left\"><span style=\"font-size: 20px;\"><span id=\"tl_4\" style=\"font-family: arial, helvetica, sans-serif;\">Herramientas de tejer recomendadas: Aguja de acero n. \u00b0 8 ~ 9 o aguja de bamb\u00fa n. \u00b0 5<\/span><\/span><\/p>\n<p style=\"text-align: left;\" align=\"left\"><span style=\"font-size: 20px;\"><span id=\"tl_5\" style=\"font-family: arial, helvetica, sans-serif;\">Lista de embalaje<\/span><\/span><\/p>\n<p style=\"text-align: left;\" align=\"left\"><span style=\"font-size: 20px;\"><span id=\"tl_6\" style=\"font-family: arial, helvetica, sans-serif;\">1 ovillo de hilo de chenilla<\/span><\/span><\/p>\n<\/td>\n<\/tr>\n<\/tbody>\n<\/table><\/div>\n<\/div>\n<p style=\"text-align: center;\" align=\"center\"><img decoding=\"async\" src=\"\/\/ae01.alicdn.com\/kf\/H81cc63f633d040f78c534454cf84cfebJ.jpg?width=990&amp;height=24&amp;hash=1014\" \/><\/p>\n<p style=\"text-align: center;\" align=\"center\"><img decoding=\"async\" src=\"\/\/ae01.alicdn.com\/kf\/S803b28a100904265aace8ca690382839G.jpg?width=800&amp;height=800&amp;hash=1600\" \/><\/p>\n<p style=\"text-align: center;\" align=\"center\"><img decoding=\"async\" src=\"\/\/ae01.alicdn.com\/kf\/S477130961c3d4592b9fb6fd80d3e0c4br.jpg?width=800&amp;height=800&amp;hash=1600\" \/><\/p>\n<p style=\"text-align: center;\" align=\"center\"><img decoding=\"async\" src=\"\/\/ae01.alicdn.com\/kf\/S06e45273886f485f851ddbf94bf6421ce.jpg?width=800&amp;height=800&amp;hash=1600\" \/><\/p>\n<p style=\"text-align: center;\" align=\"center\"><img decoding=\"async\" src=\"\/\/ae01.alicdn.com\/kf\/Sa2202c3bc9d1426b887ed560c64731c8t.jpg?width=800&amp;height=800&amp;hash=1600\" \/><\/p>\n<p style=\"text-align: left; margin: 0px;\" align=\"left\"><img decoding=\"async\" src=\"\/\/ae01.alicdn.com\/kf\/S7957846aa23d49d9a67f49d3e6648c60m.jpg?width=800&amp;height=800&amp;hash=1600\" \/><img decoding=\"async\" src=\"\/\/ae01.alicdn.com\/kf\/S3a6877357e474a12a541913c20641017M.jpg?width=800&amp;height=800&amp;hash=1600\" \/><img decoding=\"async\" src=\"\/\/ae01.alicdn.com\/kf\/Sc54b352cb7624dc59b83037bad2fa4f0Q.jpg?width=800&amp;height=800&amp;hash=1600\" \/><img decoding=\"async\" src=\"\/\/ae01.alicdn.com\/kf\/Sac6a1334d23a4e498345854b994c139aD.jpg?width=800&amp;height=800&amp;hash=1600\" \/><img decoding=\"async\" src=\"\/\/ae01.alicdn.com\/kf\/Sc52d3ce63fa54ee084ef01221fc7b8dep.jpg?width=800&amp;height=800&amp;hash=1600\" \/><img decoding=\"async\" src=\"\/\/ae01.alicdn.com\/kf\/S1f09a4e8480d4f4c95201c04f22d5c59M.jpg?width=800&amp;height=800&amp;hash=1600\" \/><img decoding=\"async\" src=\"\/\/ae01.alicdn.com\/kf\/Sad4bdc318b5541a08ec3ee4580506b87k.jpg?width=800&amp;height=800&amp;hash=1600\" \/><img decoding=\"async\" src=\"\/\/ae01.alicdn.com\/kf\/S170110ef61b241bc958548e16cd548f3S.jpg?width=800&amp;height=800&amp;hash=1600\" \/><img decoding=\"async\" src=\"\/\/ae01.alicdn.com\/kf\/S61b565eaffab40219a113bbe0fb9c230x.jpg?width=800&amp;height=800&amp;hash=1600\" \/><img decoding=\"async\" src=\"\/\/ae01.alicdn.com\/kf\/S72000a4bff244d2690d15f9afece0a1co.jpg?width=800&amp;height=800&amp;hash=1600\" \/><img decoding=\"async\" src=\"\/\/ae01.alicdn.com\/kf\/S6d711f906c464a10b21317ab150823ces.jpg?width=800&amp;height=800&amp;hash=1600\" \/><img decoding=\"async\" src=\"\/\/ae01.alicdn.com\/kf\/S8e47f7fe4f3d4904a68103fe94f325d1Z.jpg?width=800&amp;height=800&amp;hash=1600\" \/><img decoding=\"async\" src=\"\/\/ae01.alicdn.com\/kf\/S186ae77f904a4a7cb743f40b52e4984aV.jpg?width=800&amp;height=800&amp;hash=1600\" \/><img decoding=\"async\" src=\"\/\/ae01.alicdn.com\/kf\/S4bba1d57df774d5e93f04e8cd065d93a4.jpg?width=800&amp;height=800&amp;hash=1600\" \/><img decoding=\"async\" src=\"\/\/ae01.alicdn.com\/kf\/S76a572e3414e4586808cdf00f4ac8cc1q.jpg?width=800&amp;height=800&amp;hash=1600\" \/><img decoding=\"async\" src=\"\/\/ae01.alicdn.com\/kf\/S0367c17d3e2849dfaf9e9d498ec50579E.jpg?width=800&amp;height=800&amp;hash=1600\" \/><img decoding=\"async\" src=\"\/\/ae01.alicdn.com\/kf\/S4535794cf012471ca71615e089971ff6V.jpg?width=800&amp;height=800&amp;hash=1600\" \/><img decoding=\"async\" src=\"\/\/ae01.alicdn.com\/kf\/S41c4cb8251c94d5bb56c61e6748ccf63v.jpg?width=800&amp;height=800&amp;hash=1600\" \/><img decoding=\"async\" src=\"\/\/ae01.alicdn.com\/kf\/S111fc0b9f454435a8286eb242976c314j.jpg?width=800&amp;height=800&amp;hash=1600\" \/><img decoding=\"async\" src=\"\/\/ae01.alicdn.com\/kf\/S279026c318574f70a9f858d7ed8ead73j.jpg?width=800&amp;height=800&amp;hash=1600\" \/><img decoding=\"async\" src=\"\/\/ae01.alicdn.com\/kf\/S5ec30e0784694f069512c009bf91fb86i.jpg?width=800&amp;height=800&amp;hash=1600\" \/><img decoding=\"async\" src=\"\/\/ae01.alicdn.com\/kf\/S85be46262711408693f4c9b3b59beb05e.jpg?width=800&amp;height=800&amp;hash=1600\" \/><img decoding=\"async\" src=\"\/\/ae01.alicdn.com\/kf\/Sb8f3acbd9487411f90bb12ce372ad56aN.jpg?width=800&amp;height=800&amp;hash=1600\" \/><img decoding=\"async\" src=\"\/\/ae01.alicdn.com\/kf\/S1fd56f0384e543339fdf89a0b463e1502.jpg?width=800&amp;height=800&amp;hash=1600\" \/><img decoding=\"async\" src=\"\/\/ae01.alicdn.com\/kf\/Sd83a60e00ea64ba4b5a585c89a09fce2N.jpg?width=800&amp;height=800&amp;hash=1600\" \/><img decoding=\"async\" src=\"\/\/ae01.alicdn.com\/kf\/S57f380e46e304520be3c683a9bd04d23V.jpg?width=800&amp;height=800&amp;hash=1600\" \/><img decoding=\"async\" src=\"\/\/ae01.alicdn.com\/kf\/S737d9adf634840d8b03605ea7c73c49eM.jpg?width=800&amp;height=800&amp;hash=1600\" \/><img decoding=\"async\" src=\"\/\/ae01.alicdn.com\/kf\/S96ed1941b6304484b9d1264d6d169b3eg.jpg?width=800&amp;height=800&amp;hash=1600\" \/><img decoding=\"async\" src=\"\/\/ae01.alicdn.com\/kf\/S2adac08b8d6c410297ece58d27090054x.jpg?width=800&amp;height=800&amp;hash=1600\" \/><img decoding=\"async\" src=\"\/\/ae01.alicdn.com\/kf\/Seff72b1fc5a04a8b8096b9b1b6709995o.jpg?width=800&amp;height=800&amp;hash=1600\" \/><\/p>\n<p><img decoding=\"async\" src=\"\/\/ae01.alicdn.com\/kf\/H44c709b36019469e9c7f58950aaeb8daC.jpg?width=990&amp;height=24&amp;hash=1014\" \/><\/p>\n<\/div>\n<p>&nbsp;<\/p>\n<\/div>\n<\/div>","protected":false},"excerpt":{"rendered":"<p>100g\/bola hilo de chenilla suave 100% poli\u00e9ster invierno calor Pleuche hilo de Cachemira hilo de lana de beb\u00e9 para tejer a mano ganchillo JK498 Material: poli\u00e9ster Peso: 100g\/bola 130 m Herramientas de tejer recomendadas: Aguja de acero n. \u00b0 8 ~ 9 o aguja de bamb\u00fa n. \u00b0 5 Lista de embalaje 1 ovillo de [&hellip;]<\/p>\n","protected":false},"featured_media":14709,"comment_status":"open","ping_status":"closed","template":"","meta":[],"product_brand":[],"product_cat":[36],"product_tag":[],"class_list":{"0":"post-14667","1":"product","2":"type-product","3":"status-publish","4":"has-post-thumbnail","6":"product_cat-textile","8":"first","9":"instock","10":"taxable","11":"shipping-taxable","12":"purchasable","13":"product-type-variable"},"yoast_head":"<!-- This site is optimized with the Yoast SEO plugin v27.5 - https:\/\/yoast.com\/product\/yoast-seo-wordpress\/ -->\n<title>Hilo de felpa suave para tejer, 100% poli\u00e9ster, terciopelo, accesorios de Amigurumi, 1 madeja, 100g - Alllira<\/title>\n<meta name=\"robots\" content=\"index, follow, max-snippet:-1, max-image-preview:large, max-video-preview:-1\" \/>\n<link rel=\"canonical\" href=\"https:\/\/alllira.com\/es\/producto\/dolphin-baby-hilo-de-felpa-suave-de-chenilla-para-tejer-100-poliester-terciopelo-accesorios-de-amigurumi-1-madeja-100g-130m\/\" \/>\n<meta property=\"og:locale\" content=\"es_ES\" \/>\n<meta property=\"og:type\" content=\"article\" \/>\n<meta property=\"og:title\" content=\"Hilo de felpa suave para tejer, 100% poli\u00e9ster, terciopelo, accesorios de Amigurumi, 1 madeja, 100g - Alllira\" \/>\n<meta property=\"og:description\" content=\"100g\/bola hilo de chenilla suave 100% poli\u00e9ster invierno calor Pleuche hilo de Cachemira hilo de lana de beb\u00e9 para tejer a mano ganchillo JK498 Material: poli\u00e9ster Peso: 100g\/bola 130 m Herramientas de tejer recomendadas: Aguja de acero n. \u00b0 8 ~ 9 o aguja de bamb\u00fa n. \u00b0 5 Lista de embalaje 1 ovillo de [&hellip;]\" \/>\n<meta property=\"og:url\" content=\"https:\/\/alllira.com\/es\/producto\/dolphin-baby-hilo-de-felpa-suave-de-chenilla-para-tejer-100-poliester-terciopelo-accesorios-de-amigurumi-1-madeja-100g-130m\/\" \/>\n<meta property=\"og:site_name\" content=\"Alllira\" \/>\n<meta property=\"article:publisher\" content=\"https:\/\/www.facebook.com\/profile.php?id=61553163366147\" \/>\n<meta property=\"article:modified_time\" content=\"2025-07-22T17:28:17+00:00\" \/>\n<meta property=\"og:image\" content=\"https:\/\/ae01.alicdn.com\/kf\/Sd9cff93753714d9087facdc72549a1a2p.jpg\" \/>\n\t<meta property=\"og:image:width\" content=\"800\" \/>\n\t<meta property=\"og:image:height\" content=\"800\" \/>\n\t<meta property=\"og:image:type\" content=\"image\/jpeg\" \/>\n<meta name=\"twitter:card\" content=\"summary_large_image\" \/>\n<meta name=\"twitter:label1\" content=\"Tiempo de lectura\" \/>\n\t<meta name=\"twitter:data1\" content=\"8 minutos\" \/>\n<script type=\"application\/ld+json\" class=\"yoast-schema-graph\">{\"@context\":\"https:\\\/\\\/schema.org\",\"@graph\":[{\"@type\":\"WebPage\",\"@id\":\"https:\\\/\\\/alllira.com\\\/product\\\/dolphin-baby-hilo-de-felpa-suave-de-chenilla-para-tejer-100-poliester-terciopelo-accesorios-de-amigurumi-1-madeja-100g-130m\\\/\",\"url\":\"https:\\\/\\\/alllira.com\\\/product\\\/dolphin-baby-hilo-de-felpa-suave-de-chenilla-para-tejer-100-poliester-terciopelo-accesorios-de-amigurumi-1-madeja-100g-130m\\\/\",\"name\":\"Hilo de felpa suave para tejer, 100% poli\u00e9ster, terciopelo, accesorios de Amigurumi, 1 madeja, 100g - Alllira\",\"isPartOf\":{\"@id\":\"https:\\\/\\\/alllira.com\\\/#website\"},\"primaryImageOfPage\":{\"@id\":\"https:\\\/\\\/alllira.com\\\/product\\\/dolphin-baby-hilo-de-felpa-suave-de-chenilla-para-tejer-100-poliester-terciopelo-accesorios-de-amigurumi-1-madeja-100g-130m\\\/#primaryimage\"},\"image\":{\"@id\":\"https:\\\/\\\/alllira.com\\\/product\\\/dolphin-baby-hilo-de-felpa-suave-de-chenilla-para-tejer-100-poliester-terciopelo-accesorios-de-amigurumi-1-madeja-100g-130m\\\/#primaryimage\"},\"thumbnailUrl\":\"https:\\\/\\\/ae01.alicdn.com\\\/kf\\\/Sd9cff93753714d9087facdc72549a1a2p.jpg\",\"datePublished\":\"2024-04-26T21:30:39+00:00\",\"dateModified\":\"2025-07-22T17:28:17+00:00\",\"breadcrumb\":{\"@id\":\"https:\\\/\\\/alllira.com\\\/product\\\/dolphin-baby-hilo-de-felpa-suave-de-chenilla-para-tejer-100-poliester-terciopelo-accesorios-de-amigurumi-1-madeja-100g-130m\\\/#breadcrumb\"},\"inLanguage\":\"es\",\"potentialAction\":[{\"@type\":\"ReadAction\",\"target\":[\"https:\\\/\\\/alllira.com\\\/product\\\/dolphin-baby-hilo-de-felpa-suave-de-chenilla-para-tejer-100-poliester-terciopelo-accesorios-de-amigurumi-1-madeja-100g-130m\\\/\"]}]},{\"@type\":\"ImageObject\",\"inLanguage\":\"es\",\"@id\":\"https:\\\/\\\/alllira.com\\\/product\\\/dolphin-baby-hilo-de-felpa-suave-de-chenilla-para-tejer-100-poliester-terciopelo-accesorios-de-amigurumi-1-madeja-100g-130m\\\/#primaryimage\",\"url\":\"https:\\\/\\\/ae01.alicdn.com\\\/kf\\\/Sd9cff93753714d9087facdc72549a1a2p.jpg\",\"contentUrl\":\"https:\\\/\\\/ae01.alicdn.com\\\/kf\\\/Sd9cff93753714d9087facdc72549a1a2p.jpg\",\"width\":800,\"height\":800,\"caption\":\"14667-f9472a.jpg\"},{\"@type\":\"BreadcrumbList\",\"@id\":\"https:\\\/\\\/alllira.com\\\/product\\\/dolphin-baby-hilo-de-felpa-suave-de-chenilla-para-tejer-100-poliester-terciopelo-accesorios-de-amigurumi-1-madeja-100g-130m\\\/#breadcrumb\",\"itemListElement\":[{\"@type\":\"ListItem\",\"position\":1,\"name\":\"Home\",\"item\":\"https:\\\/\\\/alllira.com\\\/\"},{\"@type\":\"ListItem\",\"position\":2,\"name\":\"Shop\",\"item\":\"https:\\\/\\\/alllira.com\\\/shop\\\/\"},{\"@type\":\"ListItem\",\"position\":3,\"name\":\"Hilo de felpa suave para tejer, 100% poli\u00e9ster, terciopelo, accesorios de Amigurumi, 1 madeja, 100g\"}]},{\"@type\":\"WebSite\",\"@id\":\"https:\\\/\\\/alllira.com\\\/#website\",\"url\":\"https:\\\/\\\/alllira.com\\\/\",\"name\":\"Alllira\",\"description\":\"\",\"publisher\":{\"@id\":\"https:\\\/\\\/alllira.com\\\/#organization\"},\"potentialAction\":[{\"@type\":\"SearchAction\",\"target\":{\"@type\":\"EntryPoint\",\"urlTemplate\":\"https:\\\/\\\/alllira.com\\\/?s={search_term_string}\"},\"query-input\":{\"@type\":\"PropertyValueSpecification\",\"valueRequired\":true,\"valueName\":\"search_term_string\"}}],\"inLanguage\":\"es\"},{\"@type\":\"Organization\",\"@id\":\"https:\\\/\\\/alllira.com\\\/#organization\",\"name\":\"Alllira\",\"url\":\"https:\\\/\\\/alllira.com\\\/\",\"logo\":{\"@type\":\"ImageObject\",\"inLanguage\":\"es\",\"@id\":\"https:\\\/\\\/alllira.com\\\/#\\\/schema\\\/logo\\\/image\\\/\",\"url\":\"https:\\\/\\\/alllira.com\\\/wp-content\\\/uploads\\\/2023\\\/11\\\/399982192_122102027870105445_276710788166891880_n.jpg\",\"contentUrl\":\"https:\\\/\\\/alllira.com\\\/wp-content\\\/uploads\\\/2023\\\/11\\\/399982192_122102027870105445_276710788166891880_n.jpg\",\"width\":400,\"height\":400,\"caption\":\"Alllira\"},\"image\":{\"@id\":\"https:\\\/\\\/alllira.com\\\/#\\\/schema\\\/logo\\\/image\\\/\"},\"sameAs\":[\"https:\\\/\\\/www.facebook.com\\\/profile.php?id=61553163366147\"]}]}<\/script>\n<!-- \/ Yoast SEO plugin. -->","yoast_head_json":{"title":"Hilo de felpa suave para tejer, 100% poli\u00e9ster, terciopelo, accesorios de Amigurumi, 1 madeja, 100g - Alllira","robots":{"index":"index","follow":"follow","max-snippet":"max-snippet:-1","max-image-preview":"max-image-preview:large","max-video-preview":"max-video-preview:-1"},"canonical":"https:\/\/alllira.com\/es\/producto\/dolphin-baby-hilo-de-felpa-suave-de-chenilla-para-tejer-100-poliester-terciopelo-accesorios-de-amigurumi-1-madeja-100g-130m\/","og_locale":"es_ES","og_type":"article","og_title":"Hilo de felpa suave para tejer, 100% poli\u00e9ster, terciopelo, accesorios de Amigurumi, 1 madeja, 100g - Alllira","og_description":"100g\/bola hilo de chenilla suave 100% poli\u00e9ster invierno calor Pleuche hilo de Cachemira hilo de lana de beb\u00e9 para tejer a mano ganchillo JK498 Material: poli\u00e9ster Peso: 100g\/bola 130 m Herramientas de tejer recomendadas: Aguja de acero n. \u00b0 8 ~ 9 o aguja de bamb\u00fa n. \u00b0 5 Lista de embalaje 1 ovillo de [&hellip;]","og_url":"https:\/\/alllira.com\/es\/producto\/dolphin-baby-hilo-de-felpa-suave-de-chenilla-para-tejer-100-poliester-terciopelo-accesorios-de-amigurumi-1-madeja-100g-130m\/","og_site_name":"Alllira","article_publisher":"https:\/\/www.facebook.com\/profile.php?id=61553163366147","article_modified_time":"2025-07-22T17:28:17+00:00","og_image":[{"width":800,"height":800,"url":"https:\/\/ae01.alicdn.com\/kf\/Sd9cff93753714d9087facdc72549a1a2p.jpg","type":"image\/jpeg"}],"twitter_card":"summary_large_image","twitter_misc":{"Tiempo de lectura":"8 minutos"},"schema":{"@context":"https:\/\/schema.org","@graph":[{"@type":"WebPage","@id":"https:\/\/alllira.com\/product\/dolphin-baby-hilo-de-felpa-suave-de-chenilla-para-tejer-100-poliester-terciopelo-accesorios-de-amigurumi-1-madeja-100g-130m\/","url":"https:\/\/alllira.com\/product\/dolphin-baby-hilo-de-felpa-suave-de-chenilla-para-tejer-100-poliester-terciopelo-accesorios-de-amigurumi-1-madeja-100g-130m\/","name":"Hilo de felpa suave para tejer, 100% poli\u00e9ster, terciopelo, accesorios de Amigurumi, 1 madeja, 100g - Alllira","isPartOf":{"@id":"https:\/\/alllira.com\/#website"},"primaryImageOfPage":{"@id":"https:\/\/alllira.com\/product\/dolphin-baby-hilo-de-felpa-suave-de-chenilla-para-tejer-100-poliester-terciopelo-accesorios-de-amigurumi-1-madeja-100g-130m\/#primaryimage"},"image":{"@id":"https:\/\/alllira.com\/product\/dolphin-baby-hilo-de-felpa-suave-de-chenilla-para-tejer-100-poliester-terciopelo-accesorios-de-amigurumi-1-madeja-100g-130m\/#primaryimage"},"thumbnailUrl":"https:\/\/ae01.alicdn.com\/kf\/Sd9cff93753714d9087facdc72549a1a2p.jpg","datePublished":"2024-04-26T21:30:39+00:00","dateModified":"2025-07-22T17:28:17+00:00","breadcrumb":{"@id":"https:\/\/alllira.com\/product\/dolphin-baby-hilo-de-felpa-suave-de-chenilla-para-tejer-100-poliester-terciopelo-accesorios-de-amigurumi-1-madeja-100g-130m\/#breadcrumb"},"inLanguage":"es","potentialAction":[{"@type":"ReadAction","target":["https:\/\/alllira.com\/product\/dolphin-baby-hilo-de-felpa-suave-de-chenilla-para-tejer-100-poliester-terciopelo-accesorios-de-amigurumi-1-madeja-100g-130m\/"]}]},{"@type":"ImageObject","inLanguage":"es","@id":"https:\/\/alllira.com\/product\/dolphin-baby-hilo-de-felpa-suave-de-chenilla-para-tejer-100-poliester-terciopelo-accesorios-de-amigurumi-1-madeja-100g-130m\/#primaryimage","url":"https:\/\/ae01.alicdn.com\/kf\/Sd9cff93753714d9087facdc72549a1a2p.jpg","contentUrl":"https:\/\/ae01.alicdn.com\/kf\/Sd9cff93753714d9087facdc72549a1a2p.jpg","width":800,"height":800,"caption":"14667-f9472a.jpg"},{"@type":"BreadcrumbList","@id":"https:\/\/alllira.com\/product\/dolphin-baby-hilo-de-felpa-suave-de-chenilla-para-tejer-100-poliester-terciopelo-accesorios-de-amigurumi-1-madeja-100g-130m\/#breadcrumb","itemListElement":[{"@type":"ListItem","position":1,"name":"Home","item":"https:\/\/alllira.com\/"},{"@type":"ListItem","position":2,"name":"Shop","item":"https:\/\/alllira.com\/shop\/"},{"@type":"ListItem","position":3,"name":"Hilo de felpa suave para tejer, 100% poli\u00e9ster, terciopelo, accesorios de Amigurumi, 1 madeja, 100g"}]},{"@type":"WebSite","@id":"https:\/\/alllira.com\/#website","url":"https:\/\/alllira.com\/","name":"Alllira","description":"","publisher":{"@id":"https:\/\/alllira.com\/#organization"},"potentialAction":[{"@type":"SearchAction","target":{"@type":"EntryPoint","urlTemplate":"https:\/\/alllira.com\/?s={search_term_string}"},"query-input":{"@type":"PropertyValueSpecification","valueRequired":true,"valueName":"search_term_string"}}],"inLanguage":"es"},{"@type":"Organization","@id":"https:\/\/alllira.com\/#organization","name":"Alllira","url":"https:\/\/alllira.com\/","logo":{"@type":"ImageObject","inLanguage":"es","@id":"https:\/\/alllira.com\/#\/schema\/logo\/image\/","url":"https:\/\/alllira.com\/wp-content\/uploads\/2023\/11\/399982192_122102027870105445_276710788166891880_n.jpg","contentUrl":"https:\/\/alllira.com\/wp-content\/uploads\/2023\/11\/399982192_122102027870105445_276710788166891880_n.jpg","width":400,"height":400,"caption":"Alllira"},"image":{"@id":"https:\/\/alllira.com\/#\/schema\/logo\/image\/"},"sameAs":["https:\/\/www.facebook.com\/profile.php?id=61553163366147"]}]}},"jetpack_sharing_enabled":true,"_links":{"self":[{"href":"https:\/\/alllira.com\/es\/wp-json\/wp\/v2\/product\/14667","targetHints":{"allow":["GET"]}}],"collection":[{"href":"https:\/\/alllira.com\/es\/wp-json\/wp\/v2\/product"}],"about":[{"href":"https:\/\/alllira.com\/es\/wp-json\/wp\/v2\/types\/product"}],"replies":[{"embeddable":true,"href":"https:\/\/alllira.com\/es\/wp-json\/wp\/v2\/comments?post=14667"}],"wp:featuredmedia":[{"embeddable":true,"href":"https:\/\/alllira.com\/es\/wp-json\/wp\/v2\/media\/14709"}],"wp:attachment":[{"href":"https:\/\/alllira.com\/es\/wp-json\/wp\/v2\/media?parent=14667"}],"wp:term":[{"taxonomy":"product_brand","embeddable":true,"href":"https:\/\/alllira.com\/es\/wp-json\/wp\/v2\/product_brand?post=14667"},{"taxonomy":"product_cat","embeddable":true,"href":"https:\/\/alllira.com\/es\/wp-json\/wp\/v2\/product_cat?post=14667"},{"taxonomy":"product_tag","embeddable":true,"href":"https:\/\/alllira.com\/es\/wp-json\/wp\/v2\/product_tag?post=14667"}],"curies":[{"name":"wp","href":"https:\/\/api.w.org\/{rel}","templated":true}]}}