{"id":14761,"date":"2024-04-26T17:26:04","date_gmt":"2024-04-26T22:26:04","guid":{"rendered":"https:\/\/alllira.com\/es\/producto\/hilo-de-chenilla-para-tejer-a-mano-hilo-de-algodon-suave-linea-de-tira-de-hielo-hilo-de-lana-para-tejer-a-mano-bufanda-lana-gruesa-venta-al-por-mayor-100g-bola\/"},"modified":"2025-07-22T12:28:24","modified_gmt":"2025-07-22T17:28:24","slug":"hilo-de-chenilla-para-tejer-a-mano-hilo-de-algodon-suave-linea-de-tira-de-hielo-hilo-de-lana-para-tejer-a-mano-bufanda-lana-gruesa-venta-al-por-mayor-100g-bola","status":"publish","type":"product","link":"https:\/\/alllira.com\/es\/producto\/hilo-de-chenilla-para-tejer-a-mano-hilo-de-algodon-suave-linea-de-tira-de-hielo-hilo-de-lana-para-tejer-a-mano-bufanda-lana-gruesa-venta-al-por-mayor-100g-bola\/","title":{"rendered":"Hilo de algod\u00f3n suave, para tejer bufanda, lana gruesa 100g\/bola"},"content":{"rendered":"<div>\n<div>\n<p>Hilo de tejer de chenilla de 100g\/bola, l\u00ednea de tira de hielo suave, hilo de algod\u00f3n, hilo de lana DIY para tejer a mano, bufanda, hilo de lana gruesa al por mayor.<\/p>\n<p>Nombre: lana gruesa<\/p>\n<p>Recuento de hilos: 1 capa (lana gruesa)<\/p>\n<p>Tipo: hilo mezclado<\/p>\n<p>Peso: 100g \u00b1 5g<\/p>\n<p>Sugerencias de coincidencia de agujas:<\/p>\n<p>1. Se recomienda utilizar una aguja de 8mm o m\u00e1s gruesa para las bufandas.<\/p>\n<p>2. Se recomienda utilizar una aguja de aproximadamente 5mm para tejer guantes y calcetines.<\/p>\n<p>3. Se recomienda utilizar una aguja de aproximadamente 6mm para tejer chaquetas.<\/p>\n<p>4. Se recomienda utilizar una aguja de 6-7mm para tejer sombreros.<\/p>\n<p>5. Se recomienda utilizar un punto de gancho de aproximadamente 3,0-3,5mm para zapatillas de gancho<\/p>\n<p>Consejos:<\/p>\n<p>1. Cuanto mayor sea el n\u00famero de puntadas, m\u00e1s suelto ser\u00e1 el producto terminado tejido y, por el contrario, m\u00e1s apretado ser\u00e1, lo que se puede seleccionar de acuerdo con las necesidades personales<\/p>\n<p>2. Las siguientes cantidades son establecidas por la mayor\u00eda de las personas en general. Si es muy delgado o tiene sobrepeso, aumente o disminuya el n\u00famero de bolas de manera adecuada.<\/p>\n<p>3. Debido a los diferentes procesos de tejido, La tensi\u00f3n tambi\u00e9n es diferente. Los principiantes deben comprar m\u00e1s de una bola sobre la base original como repuesto.<\/p>\n<p style=\"text-align: left; margin: 0;\"><img decoding=\"async\" style=\"width: 750px;\" src=\"\/\/ae01.alicdn.com\/kf\/S799f46ddcfcc403cb02ea258fb638e31R.jpg\" \/><img decoding=\"async\" style=\"width: 750px;\" src=\"\/\/ae01.alicdn.com\/kf\/S7a2d7ab9437848f3aed42361bbfab724F.jpg\" \/><br \/>\n<img decoding=\"async\" src=\"\/\/ae01.alicdn.com\/kf\/Sf06708c807e14fc5aca54b81e24b0db4P.jpg\" \/><img decoding=\"async\" src=\"\/\/ae01.alicdn.com\/kf\/Seb8ee71bfef146658ad300d2fde502270.jpg\" \/><\/p>\n<\/div>\n<\/div>","protected":false},"excerpt":{"rendered":"<p>Hilo de tejer de chenilla de 100g\/bola, l\u00ednea de tira de hielo suave, hilo de algod\u00f3n, hilo de lana DIY para tejer a mano, bufanda, hilo de lana gruesa al por mayor. Nombre: lana gruesa Recuento de hilos: 1 capa (lana gruesa) Tipo: hilo mezclado Peso: 100g \u00b1 5g Sugerencias de coincidencia de agujas: 1. [&hellip;]<\/p>\n","protected":false},"featured_media":14799,"comment_status":"open","ping_status":"closed","template":"","meta":[],"product_brand":[],"product_cat":[36],"product_tag":[],"class_list":{"0":"post-14761","1":"product","2":"type-product","3":"status-publish","4":"has-post-thumbnail","6":"product_cat-textile","8":"first","9":"instock","10":"sale","11":"taxable","12":"shipping-taxable","13":"purchasable","14":"product-type-variable"},"yoast_head":"<!-- This site is optimized with the Yoast SEO plugin v27.5 - https:\/\/yoast.com\/product\/yoast-seo-wordpress\/ -->\n<title>Hilo de algod\u00f3n suave, para tejer bufanda, lana gruesa 100g\/bola - Alllira<\/title>\n<meta name=\"robots\" content=\"index, follow, max-snippet:-1, max-image-preview:large, max-video-preview:-1\" \/>\n<link rel=\"canonical\" href=\"https:\/\/alllira.com\/es\/producto\/hilo-de-chenilla-para-tejer-a-mano-hilo-de-algodon-suave-linea-de-tira-de-hielo-hilo-de-lana-para-tejer-a-mano-bufanda-lana-gruesa-venta-al-por-mayor-100g-bola\/\" \/>\n<meta property=\"og:locale\" content=\"es_ES\" \/>\n<meta property=\"og:type\" content=\"article\" \/>\n<meta property=\"og:title\" content=\"Hilo de algod\u00f3n suave, para tejer bufanda, lana gruesa 100g\/bola - Alllira\" \/>\n<meta property=\"og:description\" content=\"Hilo de tejer de chenilla de 100g\/bola, l\u00ednea de tira de hielo suave, hilo de algod\u00f3n, hilo de lana DIY para tejer a mano, bufanda, hilo de lana gruesa al por mayor. Nombre: lana gruesa Recuento de hilos: 1 capa (lana gruesa) Tipo: hilo mezclado Peso: 100g \u00b1 5g Sugerencias de coincidencia de agujas: 1. [&hellip;]\" \/>\n<meta property=\"og:url\" content=\"https:\/\/alllira.com\/es\/producto\/hilo-de-chenilla-para-tejer-a-mano-hilo-de-algodon-suave-linea-de-tira-de-hielo-hilo-de-lana-para-tejer-a-mano-bufanda-lana-gruesa-venta-al-por-mayor-100g-bola\/\" \/>\n<meta property=\"og:site_name\" content=\"Alllira\" \/>\n<meta property=\"article:publisher\" content=\"https:\/\/www.facebook.com\/profile.php?id=61553163366147\" \/>\n<meta property=\"article:modified_time\" content=\"2025-07-22T17:28:24+00:00\" \/>\n<meta property=\"og:image\" content=\"https:\/\/ae01.alicdn.com\/kf\/Sbd5b8a233fe0454d8573c8631f42e1f3o.jpg\" \/>\n\t<meta property=\"og:image:width\" content=\"800\" \/>\n\t<meta property=\"og:image:height\" content=\"800\" \/>\n\t<meta property=\"og:image:type\" content=\"image\/jpeg\" \/>\n<meta name=\"twitter:card\" content=\"summary_large_image\" \/>\n<meta name=\"twitter:label1\" content=\"Tiempo de lectura\" \/>\n\t<meta name=\"twitter:data1\" content=\"2 minutos\" \/>\n<script type=\"application\/ld+json\" class=\"yoast-schema-graph\">{\"@context\":\"https:\\\/\\\/schema.org\",\"@graph\":[{\"@type\":\"WebPage\",\"@id\":\"https:\\\/\\\/alllira.com\\\/product\\\/hilo-de-chenilla-para-tejer-a-mano-hilo-de-algodon-suave-linea-de-tira-de-hielo-hilo-de-lana-para-tejer-a-mano-bufanda-lana-gruesa-venta-al-por-mayor-100g-bola\\\/\",\"url\":\"https:\\\/\\\/alllira.com\\\/product\\\/hilo-de-chenilla-para-tejer-a-mano-hilo-de-algodon-suave-linea-de-tira-de-hielo-hilo-de-lana-para-tejer-a-mano-bufanda-lana-gruesa-venta-al-por-mayor-100g-bola\\\/\",\"name\":\"Hilo de algod\u00f3n suave, para tejer bufanda, lana gruesa 100g\\\/bola - Alllira\",\"isPartOf\":{\"@id\":\"https:\\\/\\\/alllira.com\\\/#website\"},\"primaryImageOfPage\":{\"@id\":\"https:\\\/\\\/alllira.com\\\/product\\\/hilo-de-chenilla-para-tejer-a-mano-hilo-de-algodon-suave-linea-de-tira-de-hielo-hilo-de-lana-para-tejer-a-mano-bufanda-lana-gruesa-venta-al-por-mayor-100g-bola\\\/#primaryimage\"},\"image\":{\"@id\":\"https:\\\/\\\/alllira.com\\\/product\\\/hilo-de-chenilla-para-tejer-a-mano-hilo-de-algodon-suave-linea-de-tira-de-hielo-hilo-de-lana-para-tejer-a-mano-bufanda-lana-gruesa-venta-al-por-mayor-100g-bola\\\/#primaryimage\"},\"thumbnailUrl\":\"https:\\\/\\\/ae01.alicdn.com\\\/kf\\\/Sbd5b8a233fe0454d8573c8631f42e1f3o.jpg\",\"datePublished\":\"2024-04-26T22:26:04+00:00\",\"dateModified\":\"2025-07-22T17:28:24+00:00\",\"breadcrumb\":{\"@id\":\"https:\\\/\\\/alllira.com\\\/product\\\/hilo-de-chenilla-para-tejer-a-mano-hilo-de-algodon-suave-linea-de-tira-de-hielo-hilo-de-lana-para-tejer-a-mano-bufanda-lana-gruesa-venta-al-por-mayor-100g-bola\\\/#breadcrumb\"},\"inLanguage\":\"es\",\"potentialAction\":[{\"@type\":\"ReadAction\",\"target\":[\"https:\\\/\\\/alllira.com\\\/product\\\/hilo-de-chenilla-para-tejer-a-mano-hilo-de-algodon-suave-linea-de-tira-de-hielo-hilo-de-lana-para-tejer-a-mano-bufanda-lana-gruesa-venta-al-por-mayor-100g-bola\\\/\"]}]},{\"@type\":\"ImageObject\",\"inLanguage\":\"es\",\"@id\":\"https:\\\/\\\/alllira.com\\\/product\\\/hilo-de-chenilla-para-tejer-a-mano-hilo-de-algodon-suave-linea-de-tira-de-hielo-hilo-de-lana-para-tejer-a-mano-bufanda-lana-gruesa-venta-al-por-mayor-100g-bola\\\/#primaryimage\",\"url\":\"https:\\\/\\\/ae01.alicdn.com\\\/kf\\\/Sbd5b8a233fe0454d8573c8631f42e1f3o.jpg\",\"contentUrl\":\"https:\\\/\\\/ae01.alicdn.com\\\/kf\\\/Sbd5b8a233fe0454d8573c8631f42e1f3o.jpg\",\"width\":800,\"height\":800,\"caption\":\"14761-8956ff.jpg\"},{\"@type\":\"BreadcrumbList\",\"@id\":\"https:\\\/\\\/alllira.com\\\/product\\\/hilo-de-chenilla-para-tejer-a-mano-hilo-de-algodon-suave-linea-de-tira-de-hielo-hilo-de-lana-para-tejer-a-mano-bufanda-lana-gruesa-venta-al-por-mayor-100g-bola\\\/#breadcrumb\",\"itemListElement\":[{\"@type\":\"ListItem\",\"position\":1,\"name\":\"Home\",\"item\":\"https:\\\/\\\/alllira.com\\\/\"},{\"@type\":\"ListItem\",\"position\":2,\"name\":\"Shop\",\"item\":\"https:\\\/\\\/alllira.com\\\/shop\\\/\"},{\"@type\":\"ListItem\",\"position\":3,\"name\":\"Hilo de algod\u00f3n suave, para tejer bufanda, lana gruesa 100g\\\/bola\"}]},{\"@type\":\"WebSite\",\"@id\":\"https:\\\/\\\/alllira.com\\\/#website\",\"url\":\"https:\\\/\\\/alllira.com\\\/\",\"name\":\"Alllira\",\"description\":\"\",\"publisher\":{\"@id\":\"https:\\\/\\\/alllira.com\\\/#organization\"},\"potentialAction\":[{\"@type\":\"SearchAction\",\"target\":{\"@type\":\"EntryPoint\",\"urlTemplate\":\"https:\\\/\\\/alllira.com\\\/?s={search_term_string}\"},\"query-input\":{\"@type\":\"PropertyValueSpecification\",\"valueRequired\":true,\"valueName\":\"search_term_string\"}}],\"inLanguage\":\"es\"},{\"@type\":\"Organization\",\"@id\":\"https:\\\/\\\/alllira.com\\\/#organization\",\"name\":\"Alllira\",\"url\":\"https:\\\/\\\/alllira.com\\\/\",\"logo\":{\"@type\":\"ImageObject\",\"inLanguage\":\"es\",\"@id\":\"https:\\\/\\\/alllira.com\\\/#\\\/schema\\\/logo\\\/image\\\/\",\"url\":\"https:\\\/\\\/alllira.com\\\/wp-content\\\/uploads\\\/2023\\\/11\\\/399982192_122102027870105445_276710788166891880_n.jpg\",\"contentUrl\":\"https:\\\/\\\/alllira.com\\\/wp-content\\\/uploads\\\/2023\\\/11\\\/399982192_122102027870105445_276710788166891880_n.jpg\",\"width\":400,\"height\":400,\"caption\":\"Alllira\"},\"image\":{\"@id\":\"https:\\\/\\\/alllira.com\\\/#\\\/schema\\\/logo\\\/image\\\/\"},\"sameAs\":[\"https:\\\/\\\/www.facebook.com\\\/profile.php?id=61553163366147\"]}]}<\/script>\n<!-- \/ Yoast SEO plugin. -->","yoast_head_json":{"title":"Hilo de algod\u00f3n suave, para tejer bufanda, lana gruesa 100g\/bola - Alllira","robots":{"index":"index","follow":"follow","max-snippet":"max-snippet:-1","max-image-preview":"max-image-preview:large","max-video-preview":"max-video-preview:-1"},"canonical":"https:\/\/alllira.com\/es\/producto\/hilo-de-chenilla-para-tejer-a-mano-hilo-de-algodon-suave-linea-de-tira-de-hielo-hilo-de-lana-para-tejer-a-mano-bufanda-lana-gruesa-venta-al-por-mayor-100g-bola\/","og_locale":"es_ES","og_type":"article","og_title":"Hilo de algod\u00f3n suave, para tejer bufanda, lana gruesa 100g\/bola - Alllira","og_description":"Hilo de tejer de chenilla de 100g\/bola, l\u00ednea de tira de hielo suave, hilo de algod\u00f3n, hilo de lana DIY para tejer a mano, bufanda, hilo de lana gruesa al por mayor. Nombre: lana gruesa Recuento de hilos: 1 capa (lana gruesa) Tipo: hilo mezclado Peso: 100g \u00b1 5g Sugerencias de coincidencia de agujas: 1. [&hellip;]","og_url":"https:\/\/alllira.com\/es\/producto\/hilo-de-chenilla-para-tejer-a-mano-hilo-de-algodon-suave-linea-de-tira-de-hielo-hilo-de-lana-para-tejer-a-mano-bufanda-lana-gruesa-venta-al-por-mayor-100g-bola\/","og_site_name":"Alllira","article_publisher":"https:\/\/www.facebook.com\/profile.php?id=61553163366147","article_modified_time":"2025-07-22T17:28:24+00:00","og_image":[{"width":800,"height":800,"url":"https:\/\/ae01.alicdn.com\/kf\/Sbd5b8a233fe0454d8573c8631f42e1f3o.jpg","type":"image\/jpeg"}],"twitter_card":"summary_large_image","twitter_misc":{"Tiempo de lectura":"2 minutos"},"schema":{"@context":"https:\/\/schema.org","@graph":[{"@type":"WebPage","@id":"https:\/\/alllira.com\/product\/hilo-de-chenilla-para-tejer-a-mano-hilo-de-algodon-suave-linea-de-tira-de-hielo-hilo-de-lana-para-tejer-a-mano-bufanda-lana-gruesa-venta-al-por-mayor-100g-bola\/","url":"https:\/\/alllira.com\/product\/hilo-de-chenilla-para-tejer-a-mano-hilo-de-algodon-suave-linea-de-tira-de-hielo-hilo-de-lana-para-tejer-a-mano-bufanda-lana-gruesa-venta-al-por-mayor-100g-bola\/","name":"Hilo de algod\u00f3n suave, para tejer bufanda, lana gruesa 100g\/bola - Alllira","isPartOf":{"@id":"https:\/\/alllira.com\/#website"},"primaryImageOfPage":{"@id":"https:\/\/alllira.com\/product\/hilo-de-chenilla-para-tejer-a-mano-hilo-de-algodon-suave-linea-de-tira-de-hielo-hilo-de-lana-para-tejer-a-mano-bufanda-lana-gruesa-venta-al-por-mayor-100g-bola\/#primaryimage"},"image":{"@id":"https:\/\/alllira.com\/product\/hilo-de-chenilla-para-tejer-a-mano-hilo-de-algodon-suave-linea-de-tira-de-hielo-hilo-de-lana-para-tejer-a-mano-bufanda-lana-gruesa-venta-al-por-mayor-100g-bola\/#primaryimage"},"thumbnailUrl":"https:\/\/ae01.alicdn.com\/kf\/Sbd5b8a233fe0454d8573c8631f42e1f3o.jpg","datePublished":"2024-04-26T22:26:04+00:00","dateModified":"2025-07-22T17:28:24+00:00","breadcrumb":{"@id":"https:\/\/alllira.com\/product\/hilo-de-chenilla-para-tejer-a-mano-hilo-de-algodon-suave-linea-de-tira-de-hielo-hilo-de-lana-para-tejer-a-mano-bufanda-lana-gruesa-venta-al-por-mayor-100g-bola\/#breadcrumb"},"inLanguage":"es","potentialAction":[{"@type":"ReadAction","target":["https:\/\/alllira.com\/product\/hilo-de-chenilla-para-tejer-a-mano-hilo-de-algodon-suave-linea-de-tira-de-hielo-hilo-de-lana-para-tejer-a-mano-bufanda-lana-gruesa-venta-al-por-mayor-100g-bola\/"]}]},{"@type":"ImageObject","inLanguage":"es","@id":"https:\/\/alllira.com\/product\/hilo-de-chenilla-para-tejer-a-mano-hilo-de-algodon-suave-linea-de-tira-de-hielo-hilo-de-lana-para-tejer-a-mano-bufanda-lana-gruesa-venta-al-por-mayor-100g-bola\/#primaryimage","url":"https:\/\/ae01.alicdn.com\/kf\/Sbd5b8a233fe0454d8573c8631f42e1f3o.jpg","contentUrl":"https:\/\/ae01.alicdn.com\/kf\/Sbd5b8a233fe0454d8573c8631f42e1f3o.jpg","width":800,"height":800,"caption":"14761-8956ff.jpg"},{"@type":"BreadcrumbList","@id":"https:\/\/alllira.com\/product\/hilo-de-chenilla-para-tejer-a-mano-hilo-de-algodon-suave-linea-de-tira-de-hielo-hilo-de-lana-para-tejer-a-mano-bufanda-lana-gruesa-venta-al-por-mayor-100g-bola\/#breadcrumb","itemListElement":[{"@type":"ListItem","position":1,"name":"Home","item":"https:\/\/alllira.com\/"},{"@type":"ListItem","position":2,"name":"Shop","item":"https:\/\/alllira.com\/shop\/"},{"@type":"ListItem","position":3,"name":"Hilo de algod\u00f3n suave, para tejer bufanda, lana gruesa 100g\/bola"}]},{"@type":"WebSite","@id":"https:\/\/alllira.com\/#website","url":"https:\/\/alllira.com\/","name":"Alllira","description":"","publisher":{"@id":"https:\/\/alllira.com\/#organization"},"potentialAction":[{"@type":"SearchAction","target":{"@type":"EntryPoint","urlTemplate":"https:\/\/alllira.com\/?s={search_term_string}"},"query-input":{"@type":"PropertyValueSpecification","valueRequired":true,"valueName":"search_term_string"}}],"inLanguage":"es"},{"@type":"Organization","@id":"https:\/\/alllira.com\/#organization","name":"Alllira","url":"https:\/\/alllira.com\/","logo":{"@type":"ImageObject","inLanguage":"es","@id":"https:\/\/alllira.com\/#\/schema\/logo\/image\/","url":"https:\/\/alllira.com\/wp-content\/uploads\/2023\/11\/399982192_122102027870105445_276710788166891880_n.jpg","contentUrl":"https:\/\/alllira.com\/wp-content\/uploads\/2023\/11\/399982192_122102027870105445_276710788166891880_n.jpg","width":400,"height":400,"caption":"Alllira"},"image":{"@id":"https:\/\/alllira.com\/#\/schema\/logo\/image\/"},"sameAs":["https:\/\/www.facebook.com\/profile.php?id=61553163366147"]}]}},"jetpack_sharing_enabled":true,"_links":{"self":[{"href":"https:\/\/alllira.com\/es\/wp-json\/wp\/v2\/product\/14761","targetHints":{"allow":["GET"]}}],"collection":[{"href":"https:\/\/alllira.com\/es\/wp-json\/wp\/v2\/product"}],"about":[{"href":"https:\/\/alllira.com\/es\/wp-json\/wp\/v2\/types\/product"}],"replies":[{"embeddable":true,"href":"https:\/\/alllira.com\/es\/wp-json\/wp\/v2\/comments?post=14761"}],"wp:featuredmedia":[{"embeddable":true,"href":"https:\/\/alllira.com\/es\/wp-json\/wp\/v2\/media\/14799"}],"wp:attachment":[{"href":"https:\/\/alllira.com\/es\/wp-json\/wp\/v2\/media?parent=14761"}],"wp:term":[{"taxonomy":"product_brand","embeddable":true,"href":"https:\/\/alllira.com\/es\/wp-json\/wp\/v2\/product_brand?post=14761"},{"taxonomy":"product_cat","embeddable":true,"href":"https:\/\/alllira.com\/es\/wp-json\/wp\/v2\/product_cat?post=14761"},{"taxonomy":"product_tag","embeddable":true,"href":"https:\/\/alllira.com\/es\/wp-json\/wp\/v2\/product_tag?post=14761"}],"curies":[{"name":"wp","href":"https:\/\/api.w.org\/{rel}","templated":true}]}}