{"id":14997,"date":"2024-04-26T17:39:14","date_gmt":"2024-04-26T22:39:14","guid":{"rendered":"https:\/\/alllira.com\/es\/producto\/hilo-super-suave-de-100g-para-tejer-y-crochet-hilo-grueso-de-chenilla-1-unidad\/"},"modified":"2025-07-22T12:28:45","modified_gmt":"2025-07-22T17:28:45","slug":"hilo-super-suave-de-100g-para-tejer-y-crochet-hilo-grueso-de-chenilla-1-unidad","status":"publish","type":"product","link":"https:\/\/alllira.com\/es\/producto\/hilo-super-suave-de-100g-para-tejer-y-crochet-hilo-grueso-de-chenilla-1-unidad\/","title":{"rendered":"Hilo s\u00faper suave de 100g, hilo grueso, 1 unidad"},"content":{"rendered":"<div>\n<div id=\"offer-template-0\">\n<div>\n<p><span id=\"tl_1\" style=\"font-size: 14px; font-family: OpenSans;\">Material: 100% poli\u00e9ster<\/span><\/p>\n<p><span id=\"tl_2\" style=\"font-size: 14px; font-family: OpenSans;\">Color: Consulte la foto<\/span><\/p>\n<p><span id=\"tl_3\" style=\"font-size: 14px; font-family: OpenSans;\">Peso: 100g\/bola<\/span><\/p>\n<p><span id=\"tl_4\" style=\"font-size: 14px; font-family: OpenSans;\">Sobre la longitud: 80m.<\/span><\/p>\n<p><span id=\"tl_5\" style=\"font-size: 14px; font-family: OpenSans;\">Di\u00e1metro: 6mm<\/span><\/p>\n<p><span id=\"tl_6\" style=\"font-size: 14px; font-family: OpenSans;\">Aguja sugerida: 5MM-6MM.<\/span><\/p>\n<\/div>\n<p><span id=\"tl_7\">Aviso:<\/span><\/p>\n<p><span id=\"tl_8\">1. Puede haber una ligera diferencia los parches de color entre causada por la producci\u00f3n en f\u00e1brica, le sugerimos que compre un color cada vez.<br \/>\n2. Hay peque\u00f1as diferencias de color entre los productos y las im\u00e1genes, lo cual es inevitable.<\/span><\/p>\n<\/div>\n<p>&nbsp;<\/p>\n<p><img decoding=\"async\" src=\"\/\/ae01.alicdn.com\/kf\/H7f3adb62763a40ce8b62073c858584d9Y.jpg?width=790&amp;height=1056&amp;hash=1846\" \/><span style=\"font-size: 24pt;\"><br \/>\n<\/span><img decoding=\"async\" src=\"\/\/ae01.alicdn.com\/kf\/He503af67d5f14b6c856987794da1523fQ.jpg?width=790&amp;height=1122&amp;hash=1912\" \/><\/p>\n<p>&nbsp;<\/p>\n<p><img decoding=\"async\" src=\"\/\/ae01.alicdn.com\/kf\/H5c06eae1ad7a42cd8c8981a12a527829e.jpg?width=790&amp;height=1165&amp;hash=1955\" \/><span style=\"font-size: 24pt;\"><br \/>\n<\/span><img decoding=\"async\" src=\"\/\/ae01.alicdn.com\/kf\/H4084d53ebbbd4a0f851cc2518d6c97e00.jpg?width=790&amp;height=1228&amp;hash=2018\" \/><span style=\"font-size: 24pt;\"><br \/>\n<\/span><img decoding=\"async\" src=\"\/\/ae01.alicdn.com\/kf\/H84facd4186934e14bd6f4c8241243f52V.jpg?width=790&amp;height=1235&amp;hash=2025\" \/><\/p>\n<div id=\"offer-template-1450686779393\"><\/div>\n<p><img decoding=\"async\" src=\"\/\/ae01.alicdn.com\/kf\/Ha5f66756d8b544de99aa23a9c18061547.jpg?width=790&amp;height=1053&amp;hash=1843\" \/><br \/>\n<img decoding=\"async\" src=\"\/\/ae01.alicdn.com\/kf\/H2b9aabf53499496b874e63745612980cw.jpg?width=790&amp;height=690&amp;hash=1480\" \/><\/p>\n<div id=\"offer-template-1450686794685\"><\/div>\n<p><img decoding=\"async\" src=\"\/\/ae01.alicdn.com\/kf\/H8cb8cc793acb45c890a5555f39ad8274w.jpg?width=790&amp;height=911&amp;hash=1701\" \/><br \/>\n<img decoding=\"async\" src=\"\/\/ae01.alicdn.com\/kf\/H18c61bfdd08c4fdbb5e598a845f383bcB.jpg?width=790&amp;height=1240&amp;hash=2030\" \/><\/p>\n<p>&nbsp;<\/p>\n<\/div>","protected":false},"excerpt":{"rendered":"<p>Material: 100% poli\u00e9ster Color: Consulte la foto Peso: 100g\/bola Sobre la longitud: 80m. Di\u00e1metro: 6mm Aguja sugerida: 5MM-6MM. Aviso: 1. Puede haber una ligera diferencia los parches de color entre causada por la producci\u00f3n en f\u00e1brica, le sugerimos que compre un color cada vez. 2. Hay peque\u00f1as diferencias de color entre los productos y las [&hellip;]<\/p>\n","protected":false},"featured_media":15034,"comment_status":"open","ping_status":"closed","template":"","meta":[],"product_brand":[],"product_cat":[36],"product_tag":[],"class_list":{"0":"post-14997","1":"product","2":"type-product","3":"status-publish","4":"has-post-thumbnail","6":"product_cat-textile","8":"first","9":"instock","10":"sale","11":"taxable","12":"shipping-taxable","13":"purchasable","14":"product-type-variable"},"yoast_head":"<!-- This site is optimized with the Yoast SEO plugin v27.5 - https:\/\/yoast.com\/product\/yoast-seo-wordpress\/ -->\n<title>Hilo s\u00faper suave de 100g, hilo grueso, 1 unidad - Alllira<\/title>\n<meta name=\"robots\" content=\"index, follow, max-snippet:-1, max-image-preview:large, max-video-preview:-1\" \/>\n<link rel=\"canonical\" href=\"https:\/\/alllira.com\/es\/producto\/hilo-super-suave-de-100g-para-tejer-y-crochet-hilo-grueso-de-chenilla-1-unidad\/\" \/>\n<meta property=\"og:locale\" content=\"es_ES\" \/>\n<meta property=\"og:type\" content=\"article\" \/>\n<meta property=\"og:title\" content=\"Hilo s\u00faper suave de 100g, hilo grueso, 1 unidad - Alllira\" \/>\n<meta property=\"og:description\" content=\"Material: 100% poli\u00e9ster Color: Consulte la foto Peso: 100g\/bola Sobre la longitud: 80m. Di\u00e1metro: 6mm Aguja sugerida: 5MM-6MM. Aviso: 1. Puede haber una ligera diferencia los parches de color entre causada por la producci\u00f3n en f\u00e1brica, le sugerimos que compre un color cada vez. 2. Hay peque\u00f1as diferencias de color entre los productos y las [&hellip;]\" \/>\n<meta property=\"og:url\" content=\"https:\/\/alllira.com\/es\/producto\/hilo-super-suave-de-100g-para-tejer-y-crochet-hilo-grueso-de-chenilla-1-unidad\/\" \/>\n<meta property=\"og:site_name\" content=\"Alllira\" \/>\n<meta property=\"article:publisher\" content=\"https:\/\/www.facebook.com\/profile.php?id=61553163366147\" \/>\n<meta property=\"article:modified_time\" content=\"2025-07-22T17:28:45+00:00\" \/>\n<meta property=\"og:image\" content=\"https:\/\/ae01.alicdn.com\/kf\/Se393510ada0148adab60aa86f39b024dK.jpg\" \/>\n\t<meta property=\"og:image:width\" content=\"800\" \/>\n\t<meta property=\"og:image:height\" content=\"800\" \/>\n\t<meta property=\"og:image:type\" content=\"image\/jpeg\" \/>\n<meta name=\"twitter:card\" content=\"summary_large_image\" \/>\n<meta name=\"twitter:label1\" content=\"Tiempo de lectura\" \/>\n\t<meta name=\"twitter:data1\" content=\"3 minutos\" \/>\n<script type=\"application\/ld+json\" class=\"yoast-schema-graph\">{\"@context\":\"https:\\\/\\\/schema.org\",\"@graph\":[{\"@type\":\"WebPage\",\"@id\":\"https:\\\/\\\/alllira.com\\\/product\\\/hilo-super-suave-de-100g-para-tejer-y-crochet-hilo-grueso-de-chenilla-1-unidad\\\/\",\"url\":\"https:\\\/\\\/alllira.com\\\/product\\\/hilo-super-suave-de-100g-para-tejer-y-crochet-hilo-grueso-de-chenilla-1-unidad\\\/\",\"name\":\"Hilo s\u00faper suave de 100g, hilo grueso, 1 unidad - Alllira\",\"isPartOf\":{\"@id\":\"https:\\\/\\\/alllira.com\\\/#website\"},\"primaryImageOfPage\":{\"@id\":\"https:\\\/\\\/alllira.com\\\/product\\\/hilo-super-suave-de-100g-para-tejer-y-crochet-hilo-grueso-de-chenilla-1-unidad\\\/#primaryimage\"},\"image\":{\"@id\":\"https:\\\/\\\/alllira.com\\\/product\\\/hilo-super-suave-de-100g-para-tejer-y-crochet-hilo-grueso-de-chenilla-1-unidad\\\/#primaryimage\"},\"thumbnailUrl\":\"https:\\\/\\\/ae01.alicdn.com\\\/kf\\\/Se393510ada0148adab60aa86f39b024dK.jpg\",\"datePublished\":\"2024-04-26T22:39:14+00:00\",\"dateModified\":\"2025-07-22T17:28:45+00:00\",\"breadcrumb\":{\"@id\":\"https:\\\/\\\/alllira.com\\\/product\\\/hilo-super-suave-de-100g-para-tejer-y-crochet-hilo-grueso-de-chenilla-1-unidad\\\/#breadcrumb\"},\"inLanguage\":\"es\",\"potentialAction\":[{\"@type\":\"ReadAction\",\"target\":[\"https:\\\/\\\/alllira.com\\\/product\\\/hilo-super-suave-de-100g-para-tejer-y-crochet-hilo-grueso-de-chenilla-1-unidad\\\/\"]}]},{\"@type\":\"ImageObject\",\"inLanguage\":\"es\",\"@id\":\"https:\\\/\\\/alllira.com\\\/product\\\/hilo-super-suave-de-100g-para-tejer-y-crochet-hilo-grueso-de-chenilla-1-unidad\\\/#primaryimage\",\"url\":\"https:\\\/\\\/ae01.alicdn.com\\\/kf\\\/Se393510ada0148adab60aa86f39b024dK.jpg\",\"contentUrl\":\"https:\\\/\\\/ae01.alicdn.com\\\/kf\\\/Se393510ada0148adab60aa86f39b024dK.jpg\",\"width\":800,\"height\":800,\"caption\":\"14997-e9e1a3.jpg\"},{\"@type\":\"BreadcrumbList\",\"@id\":\"https:\\\/\\\/alllira.com\\\/product\\\/hilo-super-suave-de-100g-para-tejer-y-crochet-hilo-grueso-de-chenilla-1-unidad\\\/#breadcrumb\",\"itemListElement\":[{\"@type\":\"ListItem\",\"position\":1,\"name\":\"Home\",\"item\":\"https:\\\/\\\/alllira.com\\\/\"},{\"@type\":\"ListItem\",\"position\":2,\"name\":\"Shop\",\"item\":\"https:\\\/\\\/alllira.com\\\/shop\\\/\"},{\"@type\":\"ListItem\",\"position\":3,\"name\":\"Hilo s\u00faper suave de 100g, hilo grueso, 1 unidad\"}]},{\"@type\":\"WebSite\",\"@id\":\"https:\\\/\\\/alllira.com\\\/#website\",\"url\":\"https:\\\/\\\/alllira.com\\\/\",\"name\":\"Alllira\",\"description\":\"\",\"publisher\":{\"@id\":\"https:\\\/\\\/alllira.com\\\/#organization\"},\"potentialAction\":[{\"@type\":\"SearchAction\",\"target\":{\"@type\":\"EntryPoint\",\"urlTemplate\":\"https:\\\/\\\/alllira.com\\\/?s={search_term_string}\"},\"query-input\":{\"@type\":\"PropertyValueSpecification\",\"valueRequired\":true,\"valueName\":\"search_term_string\"}}],\"inLanguage\":\"es\"},{\"@type\":\"Organization\",\"@id\":\"https:\\\/\\\/alllira.com\\\/#organization\",\"name\":\"Alllira\",\"url\":\"https:\\\/\\\/alllira.com\\\/\",\"logo\":{\"@type\":\"ImageObject\",\"inLanguage\":\"es\",\"@id\":\"https:\\\/\\\/alllira.com\\\/#\\\/schema\\\/logo\\\/image\\\/\",\"url\":\"https:\\\/\\\/alllira.com\\\/wp-content\\\/uploads\\\/2023\\\/11\\\/399982192_122102027870105445_276710788166891880_n.jpg\",\"contentUrl\":\"https:\\\/\\\/alllira.com\\\/wp-content\\\/uploads\\\/2023\\\/11\\\/399982192_122102027870105445_276710788166891880_n.jpg\",\"width\":400,\"height\":400,\"caption\":\"Alllira\"},\"image\":{\"@id\":\"https:\\\/\\\/alllira.com\\\/#\\\/schema\\\/logo\\\/image\\\/\"},\"sameAs\":[\"https:\\\/\\\/www.facebook.com\\\/profile.php?id=61553163366147\"]}]}<\/script>\n<!-- \/ Yoast SEO plugin. -->","yoast_head_json":{"title":"Hilo s\u00faper suave de 100g, hilo grueso, 1 unidad - Alllira","robots":{"index":"index","follow":"follow","max-snippet":"max-snippet:-1","max-image-preview":"max-image-preview:large","max-video-preview":"max-video-preview:-1"},"canonical":"https:\/\/alllira.com\/es\/producto\/hilo-super-suave-de-100g-para-tejer-y-crochet-hilo-grueso-de-chenilla-1-unidad\/","og_locale":"es_ES","og_type":"article","og_title":"Hilo s\u00faper suave de 100g, hilo grueso, 1 unidad - Alllira","og_description":"Material: 100% poli\u00e9ster Color: Consulte la foto Peso: 100g\/bola Sobre la longitud: 80m. Di\u00e1metro: 6mm Aguja sugerida: 5MM-6MM. Aviso: 1. Puede haber una ligera diferencia los parches de color entre causada por la producci\u00f3n en f\u00e1brica, le sugerimos que compre un color cada vez. 2. Hay peque\u00f1as diferencias de color entre los productos y las [&hellip;]","og_url":"https:\/\/alllira.com\/es\/producto\/hilo-super-suave-de-100g-para-tejer-y-crochet-hilo-grueso-de-chenilla-1-unidad\/","og_site_name":"Alllira","article_publisher":"https:\/\/www.facebook.com\/profile.php?id=61553163366147","article_modified_time":"2025-07-22T17:28:45+00:00","og_image":[{"width":800,"height":800,"url":"https:\/\/ae01.alicdn.com\/kf\/Se393510ada0148adab60aa86f39b024dK.jpg","type":"image\/jpeg"}],"twitter_card":"summary_large_image","twitter_misc":{"Tiempo de lectura":"3 minutos"},"schema":{"@context":"https:\/\/schema.org","@graph":[{"@type":"WebPage","@id":"https:\/\/alllira.com\/product\/hilo-super-suave-de-100g-para-tejer-y-crochet-hilo-grueso-de-chenilla-1-unidad\/","url":"https:\/\/alllira.com\/product\/hilo-super-suave-de-100g-para-tejer-y-crochet-hilo-grueso-de-chenilla-1-unidad\/","name":"Hilo s\u00faper suave de 100g, hilo grueso, 1 unidad - Alllira","isPartOf":{"@id":"https:\/\/alllira.com\/#website"},"primaryImageOfPage":{"@id":"https:\/\/alllira.com\/product\/hilo-super-suave-de-100g-para-tejer-y-crochet-hilo-grueso-de-chenilla-1-unidad\/#primaryimage"},"image":{"@id":"https:\/\/alllira.com\/product\/hilo-super-suave-de-100g-para-tejer-y-crochet-hilo-grueso-de-chenilla-1-unidad\/#primaryimage"},"thumbnailUrl":"https:\/\/ae01.alicdn.com\/kf\/Se393510ada0148adab60aa86f39b024dK.jpg","datePublished":"2024-04-26T22:39:14+00:00","dateModified":"2025-07-22T17:28:45+00:00","breadcrumb":{"@id":"https:\/\/alllira.com\/product\/hilo-super-suave-de-100g-para-tejer-y-crochet-hilo-grueso-de-chenilla-1-unidad\/#breadcrumb"},"inLanguage":"es","potentialAction":[{"@type":"ReadAction","target":["https:\/\/alllira.com\/product\/hilo-super-suave-de-100g-para-tejer-y-crochet-hilo-grueso-de-chenilla-1-unidad\/"]}]},{"@type":"ImageObject","inLanguage":"es","@id":"https:\/\/alllira.com\/product\/hilo-super-suave-de-100g-para-tejer-y-crochet-hilo-grueso-de-chenilla-1-unidad\/#primaryimage","url":"https:\/\/ae01.alicdn.com\/kf\/Se393510ada0148adab60aa86f39b024dK.jpg","contentUrl":"https:\/\/ae01.alicdn.com\/kf\/Se393510ada0148adab60aa86f39b024dK.jpg","width":800,"height":800,"caption":"14997-e9e1a3.jpg"},{"@type":"BreadcrumbList","@id":"https:\/\/alllira.com\/product\/hilo-super-suave-de-100g-para-tejer-y-crochet-hilo-grueso-de-chenilla-1-unidad\/#breadcrumb","itemListElement":[{"@type":"ListItem","position":1,"name":"Home","item":"https:\/\/alllira.com\/"},{"@type":"ListItem","position":2,"name":"Shop","item":"https:\/\/alllira.com\/shop\/"},{"@type":"ListItem","position":3,"name":"Hilo s\u00faper suave de 100g, hilo grueso, 1 unidad"}]},{"@type":"WebSite","@id":"https:\/\/alllira.com\/#website","url":"https:\/\/alllira.com\/","name":"Alllira","description":"","publisher":{"@id":"https:\/\/alllira.com\/#organization"},"potentialAction":[{"@type":"SearchAction","target":{"@type":"EntryPoint","urlTemplate":"https:\/\/alllira.com\/?s={search_term_string}"},"query-input":{"@type":"PropertyValueSpecification","valueRequired":true,"valueName":"search_term_string"}}],"inLanguage":"es"},{"@type":"Organization","@id":"https:\/\/alllira.com\/#organization","name":"Alllira","url":"https:\/\/alllira.com\/","logo":{"@type":"ImageObject","inLanguage":"es","@id":"https:\/\/alllira.com\/#\/schema\/logo\/image\/","url":"https:\/\/alllira.com\/wp-content\/uploads\/2023\/11\/399982192_122102027870105445_276710788166891880_n.jpg","contentUrl":"https:\/\/alllira.com\/wp-content\/uploads\/2023\/11\/399982192_122102027870105445_276710788166891880_n.jpg","width":400,"height":400,"caption":"Alllira"},"image":{"@id":"https:\/\/alllira.com\/#\/schema\/logo\/image\/"},"sameAs":["https:\/\/www.facebook.com\/profile.php?id=61553163366147"]}]}},"jetpack_sharing_enabled":true,"_links":{"self":[{"href":"https:\/\/alllira.com\/es\/wp-json\/wp\/v2\/product\/14997","targetHints":{"allow":["GET"]}}],"collection":[{"href":"https:\/\/alllira.com\/es\/wp-json\/wp\/v2\/product"}],"about":[{"href":"https:\/\/alllira.com\/es\/wp-json\/wp\/v2\/types\/product"}],"replies":[{"embeddable":true,"href":"https:\/\/alllira.com\/es\/wp-json\/wp\/v2\/comments?post=14997"}],"wp:featuredmedia":[{"embeddable":true,"href":"https:\/\/alllira.com\/es\/wp-json\/wp\/v2\/media\/15034"}],"wp:attachment":[{"href":"https:\/\/alllira.com\/es\/wp-json\/wp\/v2\/media?parent=14997"}],"wp:term":[{"taxonomy":"product_brand","embeddable":true,"href":"https:\/\/alllira.com\/es\/wp-json\/wp\/v2\/product_brand?post=14997"},{"taxonomy":"product_cat","embeddable":true,"href":"https:\/\/alllira.com\/es\/wp-json\/wp\/v2\/product_cat?post=14997"},{"taxonomy":"product_tag","embeddable":true,"href":"https:\/\/alllira.com\/es\/wp-json\/wp\/v2\/product_tag?post=14997"}],"curies":[{"name":"wp","href":"https:\/\/api.w.org\/{rel}","templated":true}]}}