{"id":15399,"date":"2024-04-26T18:56:28","date_gmt":"2024-04-26T23:56:28","guid":{"rendered":"https:\/\/alllira.com\/es\/producto\/hilo-de-algodon-tejido-a-mano-bolsa-de-lino-de-estilo-liso-posavasos-para-sombrero-respetuoso-con-el-medio-ambiente-sin-pelusas-100g-2mm\/"},"modified":"2025-07-22T12:29:21","modified_gmt":"2025-07-22T17:29:21","slug":"hilo-de-algodon-tejido-a-mano-bolsa-de-lino-de-estilo-liso-posavasos-para-sombrero-respetuoso-con-el-medio-ambiente-sin-pelusas-100g-2mm","status":"publish","type":"product","link":"https:\/\/alllira.com\/es\/producto\/hilo-de-algodon-tejido-a-mano-bolsa-de-lino-de-estilo-liso-posavasos-para-sombrero-respetuoso-con-el-medio-ambiente-sin-pelusas-100g-2mm\/","title":{"rendered":"Hilo de algod\u00f3n, bolsa de lino de estilo liso, posavasos para sombrero, sin pelusas, 100g"},"content":{"rendered":"<div>\n<div>\n<div>\n<div>\n<p id=\"tl_1\">Informaci\u00f3n del producto<\/p>\n<p id=\"tl_2\">Nombre del producto: hilo hecho a mano<\/p>\n<p id=\"tl_3\">Composici\u00f3n: 65% algod\u00f3n 35% poli\u00e9ster<\/p>\n<p id=\"tl_4\">Peso: aproximadamente 100g<\/p>\n<p id=\"tl_5\">Aguja sugerida: ganchillo 3,0mm-4,0mm<\/p>\n<p id=\"tl_6\">Usos: sombreros, bolsos, hogar, etc.<\/p>\n<p id=\"tl_7\">Sensaci\u00f3n: r\u00edgido<\/p>\n<p id=\"tl_8\">Longitud: aproximadamente 85m<\/p>\n<div style=\"text-align: center;\" align=\"center\">\n<img decoding=\"async\" src=\"\/\/ae01.alicdn.com\/kf\/S27e0e1296e4e429aaf9ff753b85a0e13w.jpg\" \/><br \/>\n<img decoding=\"async\" src=\"\/\/ae01.alicdn.com\/kf\/S4ab873fcfd1145d39fd342b5b3480af0T.jpg\" \/><br \/>\n<img decoding=\"async\" src=\"\/\/ae01.alicdn.com\/kf\/Sacf77c52eed148a497fa9036832fc831m.jpg\" \/><br \/>\n<img decoding=\"async\" src=\"\/\/ae01.alicdn.com\/kf\/Sf9a3978b9fc34467b390314f5d2f51e9g.jpg\" \/><br \/>\n<img decoding=\"async\" src=\"\/\/ae01.alicdn.com\/kf\/S5529c03033464ce9bddbd67a355c74480.jpg\" \/><br \/>\n<img decoding=\"async\" src=\"\/\/ae01.alicdn.com\/kf\/Sdf7f51e91e914511bfe6aaf998f9ef31J.jpg\" \/><br \/>\n<img decoding=\"async\" src=\"\/\/ae01.alicdn.com\/kf\/S9dfb469ccd9347f0b3f26f42452d88082.jpg\" \/><br \/>\n<img decoding=\"async\" src=\"\/\/ae01.alicdn.com\/kf\/S67e6f43a98da4c228384606549cd0acfM.jpg\" \/><br \/>\n<img decoding=\"async\" src=\"\/\/ae01.alicdn.com\/kf\/Sa175d897d9a641e7a8c01a3cdb792163s.jpg\" \/><br \/>\n<img decoding=\"async\" src=\"\/\/ae01.alicdn.com\/kf\/Sa12f5b7b579b4261abe7ad99e44f40438.jpg\" \/><br \/>\n<img decoding=\"async\" src=\"\/\/ae01.alicdn.com\/kf\/S64d66f7a00094d248fd3376f5c6600a34.jpg\" \/><br \/>\n<img decoding=\"async\" src=\"\/\/ae01.alicdn.com\/kf\/S239e9a35997d459a9859a72271d87d5d1.jpg\" \/><br \/>\n<img decoding=\"async\" src=\"\/\/ae01.alicdn.com\/kf\/S4c718abe0ad447e598da0454975369ff0.jpg\" \/><br \/>\n<img decoding=\"async\" src=\"\/\/ae01.alicdn.com\/kf\/S3ca5f2d318ac4a11bbea959fc93f2470L.jpg\" \/><br \/>\n<img decoding=\"async\" src=\"\/\/ae01.alicdn.com\/kf\/Sa23273928705456fac0e469179b19442Y.jpg\" \/><br \/>\n<img decoding=\"async\" src=\"\/\/ae01.alicdn.com\/kf\/S72b00daa1d3a4a09af6a9b04677c28b4N.jpg\" \/><br \/>\n<img decoding=\"async\" src=\"\/\/ae01.alicdn.com\/kf\/Sdd0e1b44ee974df9ac79259ba43d4087d.jpg\" \/><br \/>\n<img decoding=\"async\" src=\"\/\/ae01.alicdn.com\/kf\/S5071bcc92d2b4413af17a40aa2ac373an.jpg\" \/><br \/>\n<img decoding=\"async\" src=\"\/\/ae01.alicdn.com\/kf\/S984eaee2b6444619aa5795fca610419dt.jpg\" \/><\/div>\n<\/div>\n<\/div>\n<p>&nbsp;<\/p>\n<\/div>\n<\/div>","protected":false},"excerpt":{"rendered":"<p>Informaci\u00f3n del producto Nombre del producto: hilo hecho a mano Composici\u00f3n: 65% algod\u00f3n 35% poli\u00e9ster Peso: aproximadamente 100g Aguja sugerida: ganchillo 3,0mm-4,0mm Usos: sombreros, bolsos, hogar, etc. Sensaci\u00f3n: r\u00edgido Longitud: aproximadamente 85m &nbsp;<\/p>","protected":false},"featured_media":15425,"comment_status":"open","ping_status":"closed","template":"","meta":[],"product_brand":[],"product_cat":[36],"product_tag":[],"class_list":{"0":"post-15399","1":"product","2":"type-product","3":"status-publish","4":"has-post-thumbnail","6":"product_cat-textile","8":"first","9":"instock","10":"sale","11":"taxable","12":"shipping-taxable","13":"purchasable","14":"product-type-variable"},"yoast_head":"<!-- This site is optimized with the Yoast SEO plugin v27.5 - https:\/\/yoast.com\/product\/yoast-seo-wordpress\/ -->\n<title>Hilo de algod\u00f3n, bolsa de lino de estilo liso, posavasos para sombrero, sin pelusas, 100g - Alllira<\/title>\n<meta name=\"robots\" content=\"index, follow, max-snippet:-1, max-image-preview:large, max-video-preview:-1\" \/>\n<link rel=\"canonical\" href=\"https:\/\/alllira.com\/es\/producto\/hilo-de-algodon-tejido-a-mano-bolsa-de-lino-de-estilo-liso-posavasos-para-sombrero-respetuoso-con-el-medio-ambiente-sin-pelusas-100g-2mm\/\" \/>\n<meta property=\"og:locale\" content=\"es_ES\" \/>\n<meta property=\"og:type\" content=\"article\" \/>\n<meta property=\"og:title\" content=\"Hilo de algod\u00f3n, bolsa de lino de estilo liso, posavasos para sombrero, sin pelusas, 100g - Alllira\" \/>\n<meta property=\"og:description\" content=\"Informaci\u00f3n del producto Nombre del producto: hilo hecho a mano Composici\u00f3n: 65% algod\u00f3n 35% poli\u00e9ster Peso: aproximadamente 100g Aguja sugerida: ganchillo 3,0mm-4,0mm Usos: sombreros, bolsos, hogar, etc. Sensaci\u00f3n: r\u00edgido Longitud: aproximadamente 85m &nbsp;\" \/>\n<meta property=\"og:url\" content=\"https:\/\/alllira.com\/es\/producto\/hilo-de-algodon-tejido-a-mano-bolsa-de-lino-de-estilo-liso-posavasos-para-sombrero-respetuoso-con-el-medio-ambiente-sin-pelusas-100g-2mm\/\" \/>\n<meta property=\"og:site_name\" content=\"Alllira\" \/>\n<meta property=\"article:publisher\" content=\"https:\/\/www.facebook.com\/profile.php?id=61553163366147\" \/>\n<meta property=\"article:modified_time\" content=\"2025-07-22T17:29:21+00:00\" \/>\n<meta property=\"og:image\" content=\"https:\/\/ae01.alicdn.com\/kf\/Sf69c4338588e457ea619861acb47cc31F.jpg\" \/>\n\t<meta property=\"og:image:width\" content=\"800\" \/>\n\t<meta property=\"og:image:height\" content=\"800\" \/>\n\t<meta property=\"og:image:type\" content=\"image\/jpeg\" \/>\n<meta name=\"twitter:card\" content=\"summary_large_image\" \/>\n<meta name=\"twitter:label1\" content=\"Tiempo de lectura\" \/>\n\t<meta name=\"twitter:data1\" content=\"5 minutos\" \/>\n<script type=\"application\/ld+json\" class=\"yoast-schema-graph\">{\"@context\":\"https:\\\/\\\/schema.org\",\"@graph\":[{\"@type\":\"WebPage\",\"@id\":\"https:\\\/\\\/alllira.com\\\/product\\\/hilo-de-algodon-tejido-a-mano-bolsa-de-lino-de-estilo-liso-posavasos-para-sombrero-respetuoso-con-el-medio-ambiente-sin-pelusas-100g-2mm\\\/\",\"url\":\"https:\\\/\\\/alllira.com\\\/product\\\/hilo-de-algodon-tejido-a-mano-bolsa-de-lino-de-estilo-liso-posavasos-para-sombrero-respetuoso-con-el-medio-ambiente-sin-pelusas-100g-2mm\\\/\",\"name\":\"Hilo de algod\u00f3n, bolsa de lino de estilo liso, posavasos para sombrero, sin pelusas, 100g - Alllira\",\"isPartOf\":{\"@id\":\"https:\\\/\\\/alllira.com\\\/#website\"},\"primaryImageOfPage\":{\"@id\":\"https:\\\/\\\/alllira.com\\\/product\\\/hilo-de-algodon-tejido-a-mano-bolsa-de-lino-de-estilo-liso-posavasos-para-sombrero-respetuoso-con-el-medio-ambiente-sin-pelusas-100g-2mm\\\/#primaryimage\"},\"image\":{\"@id\":\"https:\\\/\\\/alllira.com\\\/product\\\/hilo-de-algodon-tejido-a-mano-bolsa-de-lino-de-estilo-liso-posavasos-para-sombrero-respetuoso-con-el-medio-ambiente-sin-pelusas-100g-2mm\\\/#primaryimage\"},\"thumbnailUrl\":\"https:\\\/\\\/ae01.alicdn.com\\\/kf\\\/Sf69c4338588e457ea619861acb47cc31F.jpg\",\"datePublished\":\"2024-04-26T23:56:28+00:00\",\"dateModified\":\"2025-07-22T17:29:21+00:00\",\"breadcrumb\":{\"@id\":\"https:\\\/\\\/alllira.com\\\/product\\\/hilo-de-algodon-tejido-a-mano-bolsa-de-lino-de-estilo-liso-posavasos-para-sombrero-respetuoso-con-el-medio-ambiente-sin-pelusas-100g-2mm\\\/#breadcrumb\"},\"inLanguage\":\"es\",\"potentialAction\":[{\"@type\":\"ReadAction\",\"target\":[\"https:\\\/\\\/alllira.com\\\/product\\\/hilo-de-algodon-tejido-a-mano-bolsa-de-lino-de-estilo-liso-posavasos-para-sombrero-respetuoso-con-el-medio-ambiente-sin-pelusas-100g-2mm\\\/\"]}]},{\"@type\":\"ImageObject\",\"inLanguage\":\"es\",\"@id\":\"https:\\\/\\\/alllira.com\\\/product\\\/hilo-de-algodon-tejido-a-mano-bolsa-de-lino-de-estilo-liso-posavasos-para-sombrero-respetuoso-con-el-medio-ambiente-sin-pelusas-100g-2mm\\\/#primaryimage\",\"url\":\"https:\\\/\\\/ae01.alicdn.com\\\/kf\\\/Sf69c4338588e457ea619861acb47cc31F.jpg\",\"contentUrl\":\"https:\\\/\\\/ae01.alicdn.com\\\/kf\\\/Sf69c4338588e457ea619861acb47cc31F.jpg\",\"width\":800,\"height\":800,\"caption\":\"15399-8e0ee0.jpg\"},{\"@type\":\"BreadcrumbList\",\"@id\":\"https:\\\/\\\/alllira.com\\\/product\\\/hilo-de-algodon-tejido-a-mano-bolsa-de-lino-de-estilo-liso-posavasos-para-sombrero-respetuoso-con-el-medio-ambiente-sin-pelusas-100g-2mm\\\/#breadcrumb\",\"itemListElement\":[{\"@type\":\"ListItem\",\"position\":1,\"name\":\"Home\",\"item\":\"https:\\\/\\\/alllira.com\\\/\"},{\"@type\":\"ListItem\",\"position\":2,\"name\":\"Shop\",\"item\":\"https:\\\/\\\/alllira.com\\\/shop\\\/\"},{\"@type\":\"ListItem\",\"position\":3,\"name\":\"Hilo de algod\u00f3n, bolsa de lino de estilo liso, posavasos para sombrero, sin pelusas, 100g\"}]},{\"@type\":\"WebSite\",\"@id\":\"https:\\\/\\\/alllira.com\\\/#website\",\"url\":\"https:\\\/\\\/alllira.com\\\/\",\"name\":\"Alllira\",\"description\":\"\",\"publisher\":{\"@id\":\"https:\\\/\\\/alllira.com\\\/#organization\"},\"potentialAction\":[{\"@type\":\"SearchAction\",\"target\":{\"@type\":\"EntryPoint\",\"urlTemplate\":\"https:\\\/\\\/alllira.com\\\/?s={search_term_string}\"},\"query-input\":{\"@type\":\"PropertyValueSpecification\",\"valueRequired\":true,\"valueName\":\"search_term_string\"}}],\"inLanguage\":\"es\"},{\"@type\":\"Organization\",\"@id\":\"https:\\\/\\\/alllira.com\\\/#organization\",\"name\":\"Alllira\",\"url\":\"https:\\\/\\\/alllira.com\\\/\",\"logo\":{\"@type\":\"ImageObject\",\"inLanguage\":\"es\",\"@id\":\"https:\\\/\\\/alllira.com\\\/#\\\/schema\\\/logo\\\/image\\\/\",\"url\":\"https:\\\/\\\/alllira.com\\\/wp-content\\\/uploads\\\/2023\\\/11\\\/399982192_122102027870105445_276710788166891880_n.jpg\",\"contentUrl\":\"https:\\\/\\\/alllira.com\\\/wp-content\\\/uploads\\\/2023\\\/11\\\/399982192_122102027870105445_276710788166891880_n.jpg\",\"width\":400,\"height\":400,\"caption\":\"Alllira\"},\"image\":{\"@id\":\"https:\\\/\\\/alllira.com\\\/#\\\/schema\\\/logo\\\/image\\\/\"},\"sameAs\":[\"https:\\\/\\\/www.facebook.com\\\/profile.php?id=61553163366147\"]}]}<\/script>\n<!-- \/ Yoast SEO plugin. -->","yoast_head_json":{"title":"Hilo de algod\u00f3n, bolsa de lino de estilo liso, posavasos para sombrero, sin pelusas, 100g - Alllira","robots":{"index":"index","follow":"follow","max-snippet":"max-snippet:-1","max-image-preview":"max-image-preview:large","max-video-preview":"max-video-preview:-1"},"canonical":"https:\/\/alllira.com\/es\/producto\/hilo-de-algodon-tejido-a-mano-bolsa-de-lino-de-estilo-liso-posavasos-para-sombrero-respetuoso-con-el-medio-ambiente-sin-pelusas-100g-2mm\/","og_locale":"es_ES","og_type":"article","og_title":"Hilo de algod\u00f3n, bolsa de lino de estilo liso, posavasos para sombrero, sin pelusas, 100g - Alllira","og_description":"Informaci\u00f3n del producto Nombre del producto: hilo hecho a mano Composici\u00f3n: 65% algod\u00f3n 35% poli\u00e9ster Peso: aproximadamente 100g Aguja sugerida: ganchillo 3,0mm-4,0mm Usos: sombreros, bolsos, hogar, etc. Sensaci\u00f3n: r\u00edgido Longitud: aproximadamente 85m &nbsp;","og_url":"https:\/\/alllira.com\/es\/producto\/hilo-de-algodon-tejido-a-mano-bolsa-de-lino-de-estilo-liso-posavasos-para-sombrero-respetuoso-con-el-medio-ambiente-sin-pelusas-100g-2mm\/","og_site_name":"Alllira","article_publisher":"https:\/\/www.facebook.com\/profile.php?id=61553163366147","article_modified_time":"2025-07-22T17:29:21+00:00","og_image":[{"width":800,"height":800,"url":"https:\/\/ae01.alicdn.com\/kf\/Sf69c4338588e457ea619861acb47cc31F.jpg","type":"image\/jpeg"}],"twitter_card":"summary_large_image","twitter_misc":{"Tiempo de lectura":"5 minutos"},"schema":{"@context":"https:\/\/schema.org","@graph":[{"@type":"WebPage","@id":"https:\/\/alllira.com\/product\/hilo-de-algodon-tejido-a-mano-bolsa-de-lino-de-estilo-liso-posavasos-para-sombrero-respetuoso-con-el-medio-ambiente-sin-pelusas-100g-2mm\/","url":"https:\/\/alllira.com\/product\/hilo-de-algodon-tejido-a-mano-bolsa-de-lino-de-estilo-liso-posavasos-para-sombrero-respetuoso-con-el-medio-ambiente-sin-pelusas-100g-2mm\/","name":"Hilo de algod\u00f3n, bolsa de lino de estilo liso, posavasos para sombrero, sin pelusas, 100g - Alllira","isPartOf":{"@id":"https:\/\/alllira.com\/#website"},"primaryImageOfPage":{"@id":"https:\/\/alllira.com\/product\/hilo-de-algodon-tejido-a-mano-bolsa-de-lino-de-estilo-liso-posavasos-para-sombrero-respetuoso-con-el-medio-ambiente-sin-pelusas-100g-2mm\/#primaryimage"},"image":{"@id":"https:\/\/alllira.com\/product\/hilo-de-algodon-tejido-a-mano-bolsa-de-lino-de-estilo-liso-posavasos-para-sombrero-respetuoso-con-el-medio-ambiente-sin-pelusas-100g-2mm\/#primaryimage"},"thumbnailUrl":"https:\/\/ae01.alicdn.com\/kf\/Sf69c4338588e457ea619861acb47cc31F.jpg","datePublished":"2024-04-26T23:56:28+00:00","dateModified":"2025-07-22T17:29:21+00:00","breadcrumb":{"@id":"https:\/\/alllira.com\/product\/hilo-de-algodon-tejido-a-mano-bolsa-de-lino-de-estilo-liso-posavasos-para-sombrero-respetuoso-con-el-medio-ambiente-sin-pelusas-100g-2mm\/#breadcrumb"},"inLanguage":"es","potentialAction":[{"@type":"ReadAction","target":["https:\/\/alllira.com\/product\/hilo-de-algodon-tejido-a-mano-bolsa-de-lino-de-estilo-liso-posavasos-para-sombrero-respetuoso-con-el-medio-ambiente-sin-pelusas-100g-2mm\/"]}]},{"@type":"ImageObject","inLanguage":"es","@id":"https:\/\/alllira.com\/product\/hilo-de-algodon-tejido-a-mano-bolsa-de-lino-de-estilo-liso-posavasos-para-sombrero-respetuoso-con-el-medio-ambiente-sin-pelusas-100g-2mm\/#primaryimage","url":"https:\/\/ae01.alicdn.com\/kf\/Sf69c4338588e457ea619861acb47cc31F.jpg","contentUrl":"https:\/\/ae01.alicdn.com\/kf\/Sf69c4338588e457ea619861acb47cc31F.jpg","width":800,"height":800,"caption":"15399-8e0ee0.jpg"},{"@type":"BreadcrumbList","@id":"https:\/\/alllira.com\/product\/hilo-de-algodon-tejido-a-mano-bolsa-de-lino-de-estilo-liso-posavasos-para-sombrero-respetuoso-con-el-medio-ambiente-sin-pelusas-100g-2mm\/#breadcrumb","itemListElement":[{"@type":"ListItem","position":1,"name":"Home","item":"https:\/\/alllira.com\/"},{"@type":"ListItem","position":2,"name":"Shop","item":"https:\/\/alllira.com\/shop\/"},{"@type":"ListItem","position":3,"name":"Hilo de algod\u00f3n, bolsa de lino de estilo liso, posavasos para sombrero, sin pelusas, 100g"}]},{"@type":"WebSite","@id":"https:\/\/alllira.com\/#website","url":"https:\/\/alllira.com\/","name":"Alllira","description":"","publisher":{"@id":"https:\/\/alllira.com\/#organization"},"potentialAction":[{"@type":"SearchAction","target":{"@type":"EntryPoint","urlTemplate":"https:\/\/alllira.com\/?s={search_term_string}"},"query-input":{"@type":"PropertyValueSpecification","valueRequired":true,"valueName":"search_term_string"}}],"inLanguage":"es"},{"@type":"Organization","@id":"https:\/\/alllira.com\/#organization","name":"Alllira","url":"https:\/\/alllira.com\/","logo":{"@type":"ImageObject","inLanguage":"es","@id":"https:\/\/alllira.com\/#\/schema\/logo\/image\/","url":"https:\/\/alllira.com\/wp-content\/uploads\/2023\/11\/399982192_122102027870105445_276710788166891880_n.jpg","contentUrl":"https:\/\/alllira.com\/wp-content\/uploads\/2023\/11\/399982192_122102027870105445_276710788166891880_n.jpg","width":400,"height":400,"caption":"Alllira"},"image":{"@id":"https:\/\/alllira.com\/#\/schema\/logo\/image\/"},"sameAs":["https:\/\/www.facebook.com\/profile.php?id=61553163366147"]}]}},"jetpack_sharing_enabled":true,"_links":{"self":[{"href":"https:\/\/alllira.com\/es\/wp-json\/wp\/v2\/product\/15399","targetHints":{"allow":["GET"]}}],"collection":[{"href":"https:\/\/alllira.com\/es\/wp-json\/wp\/v2\/product"}],"about":[{"href":"https:\/\/alllira.com\/es\/wp-json\/wp\/v2\/types\/product"}],"replies":[{"embeddable":true,"href":"https:\/\/alllira.com\/es\/wp-json\/wp\/v2\/comments?post=15399"}],"wp:featuredmedia":[{"embeddable":true,"href":"https:\/\/alllira.com\/es\/wp-json\/wp\/v2\/media\/15425"}],"wp:attachment":[{"href":"https:\/\/alllira.com\/es\/wp-json\/wp\/v2\/media?parent=15399"}],"wp:term":[{"taxonomy":"product_brand","embeddable":true,"href":"https:\/\/alllira.com\/es\/wp-json\/wp\/v2\/product_brand?post=15399"},{"taxonomy":"product_cat","embeddable":true,"href":"https:\/\/alllira.com\/es\/wp-json\/wp\/v2\/product_cat?post=15399"},{"taxonomy":"product_tag","embeddable":true,"href":"https:\/\/alllira.com\/es\/wp-json\/wp\/v2\/product_tag?post=15399"}],"curies":[{"name":"wp","href":"https:\/\/api.w.org\/{rel}","templated":true}]}}