{"id":15456,"date":"2024-04-26T18:56:33","date_gmt":"2024-04-26T23:56:33","guid":{"rendered":"https:\/\/alllira.com\/es\/producto\/ganchos-de-ganchillo-con-luz-led-11-en-1-agujas-de-tejer-2-niveles-brillantes-carga-rapida-usb-iluminacion-de-emergencia-gancho-superior-mango-de-costura\/"},"modified":"2025-07-22T12:29:28","modified_gmt":"2025-07-22T17:29:28","slug":"ganchos-de-ganchillo-con-luz-led-11-en-1-agujas-de-tejer-2-niveles-brillantes-carga-rapida-usb-iluminacion-de-emergencia-gancho-superior-mango-de-costura","status":"publish","type":"product","link":"https:\/\/alllira.com\/es\/producto\/ganchos-de-ganchillo-con-luz-led-11-en-1-agujas-de-tejer-2-niveles-brillantes-carga-rapida-usb-iluminacion-de-emergencia-gancho-superior-mango-de-costura\/","title":{"rendered":"Ganchos de ganchillo con luz LED, 2 niveles brillantes, carga r\u00e1pida USB"},"content":{"rendered":"<div>\n<div>\n<div>\n<p id=\"tl_1\" style=\"font-family: OpenSans; font-size: 20px; font-weight: 900; line-height: 28px; margin-bottom: 12px;\">Caracter\u00edsticas<\/p>\n<p id=\"tl_2\" style=\"font-family: OpenSans; font-size: 14px; font-weight: 300; line-height: 20px; margin-bottom: 12px;\">Con este juego de ganchos de ganchillo con luz LED, puede verlo muy claramente cuando est\u00e1 haciendo ganchillo, especialmente \u00fatil cuando se trabaja con hilo de color oscuro. Nunca m\u00e1s tendr\u00e1 que detenerse o reducir la velocidad debido a la mala luz u oscuridad del hilo.<br \/>\nLos ganchos de ganchillo iluminados contienen cabezas intercambiables 11 en 1 marcadas con tama\u00f1os de gancho de 2,5mm a 8mm,2 tama\u00f1os m\u00e1s (7,0mm y 8,0mm) que antes.<br \/>\n2 niveles de brillo ajustables (tenue o brillante): se adapta a varias condiciones de iluminaci\u00f3n para tejer sin esfuerzo y ver claramente con hilo oscuro.<br \/>\n15 minutos de carga r\u00e1pida, larga duraci\u00f3n 7-9 horas. La carga USB se puede hacer con adaptador de pared, Banco de energ\u00eda o computadora, etc.<br \/>\nEste juego tiene ganchos de ganchillo Led con mango ergon\u00f3mico, c\u00f3modo de usar y alivia la presi\u00f3n de la mano. Puedes tejer m\u00e1s tiempo sin dolor. Ideal para principiantes, intermedios o avanzados.<\/p>\n<\/div>\n<div>\n<p id=\"tl_3\" style=\"font-family: OpenSans; font-size: 20px; font-weight: 900; line-height: 28px; margin-bottom: 12px;\">Especificaci\u00f3n<\/p>\n<p id=\"tl_4\" style=\"font-family: OpenSans; font-size: 14px; font-weight: 300; line-height: 20px; margin-bottom: 12px;\">Material: ABS + Silicona<br \/>\nColor de la Caja: rojo, Rosa<br \/>\nLongitud de la cabeza: 4,5 cm<br \/>\nLongitud del cable USB: 89cm<br \/>\nLongitud del mango: 12cm<br \/>\nFuente de alimentaci\u00f3n: bater\u00eda de litio recargable incorporada<br \/>\nGanchillo Tama\u00f1o: 2,5mm, 3,0mm, 3,5mm, 4,0mm, 4,5mm, 5,0mm, 5,5mm, 6,0mm, 6,5mm, 7,0mm, 8,0mm.<\/p>\n<\/div>\n<div>\n<p id=\"tl_5\" style=\"font-family: OpenSans; font-size: 20px; font-weight: 900; line-height: 28px; margin-bottom: 12px;\">El paquete incluye<\/p>\n<p id=\"tl_6\" style=\"font-family: OpenSans; font-size: 14px; font-weight: 300; line-height: 20px; margin-bottom: 12px;\">11 cabezales intercambiables<br \/>\n1 cable de carga USB<br \/>\n1 x llave peque\u00f1a<br \/>\n1 x mango<br \/>\n1 x funda<\/p>\n<\/div>\n<div><img decoding=\"async\" src=\"\/\/ae01.alicdn.com\/kf\/S0dcdd1344b924640ba50e8a14f4de92d2.jpg\" \/><br \/>\n<img decoding=\"async\" src=\"\/\/ae01.alicdn.com\/kf\/Sb9a5e2e63e044c108926dceeadfc9949F.jpg\" \/><br \/>\n<img decoding=\"async\" src=\"\/\/ae01.alicdn.com\/kf\/S132f6b3890714bf189bc15c91fc5a7dfv.jpg\" \/><br \/>\n<img decoding=\"async\" src=\"\/\/ae01.alicdn.com\/kf\/S6131cef9e46e42fcad6211096b3dee8b1.jpg\" \/><br \/>\n<img decoding=\"async\" src=\"\/\/ae01.alicdn.com\/kf\/Sc0692504fec048908badc41e63e28bd1H.jpg\" \/><br \/>\n<img decoding=\"async\" src=\"\/\/ae01.alicdn.com\/kf\/S173d8dbab4b446479b7b984b291721a40.jpg\" \/><br \/>\n<img decoding=\"async\" src=\"\/\/ae01.alicdn.com\/kf\/S69e541831d144f85bd66014ecef1198bP.jpg\" \/><br \/>\n<img decoding=\"async\" src=\"\/\/ae01.alicdn.com\/kf\/S8243e2f31a304c159bde1d3a27dba2c3t.jpg\" \/><\/div>\n<p>&nbsp;<\/p>\n<\/div>\n<\/div>","protected":false},"excerpt":{"rendered":"<p>Caracter\u00edsticas Con este juego de ganchos de ganchillo con luz LED, puede verlo muy claramente cuando est\u00e1 haciendo ganchillo, especialmente \u00fatil cuando se trabaja con hilo de color oscuro. Nunca m\u00e1s tendr\u00e1 que detenerse o reducir la velocidad debido a la mala luz u oscuridad del hilo. Los ganchos de ganchillo iluminados contienen cabezas intercambiables [&hellip;]<\/p>\n","protected":false},"featured_media":15459,"comment_status":"open","ping_status":"closed","template":"","meta":[],"product_brand":[],"product_cat":[36],"product_tag":[],"class_list":{"0":"post-15456","1":"product","2":"type-product","3":"status-publish","4":"has-post-thumbnail","6":"product_cat-textile","8":"first","9":"instock","10":"sale","11":"taxable","12":"shipping-taxable","13":"purchasable","14":"product-type-variable"},"yoast_head":"<!-- This site is optimized with the Yoast SEO plugin v27.5 - https:\/\/yoast.com\/product\/yoast-seo-wordpress\/ -->\n<title>Ganchos de ganchillo con luz LED, 2 niveles brillantes, carga r\u00e1pida USB - Alllira<\/title>\n<meta name=\"robots\" content=\"index, follow, max-snippet:-1, max-image-preview:large, max-video-preview:-1\" \/>\n<link rel=\"canonical\" href=\"https:\/\/alllira.com\/es\/producto\/ganchos-de-ganchillo-con-luz-led-11-en-1-agujas-de-tejer-2-niveles-brillantes-carga-rapida-usb-iluminacion-de-emergencia-gancho-superior-mango-de-costura\/\" \/>\n<meta property=\"og:locale\" content=\"es_ES\" \/>\n<meta property=\"og:type\" content=\"article\" \/>\n<meta property=\"og:title\" content=\"Ganchos de ganchillo con luz LED, 2 niveles brillantes, carga r\u00e1pida USB - Alllira\" \/>\n<meta property=\"og:description\" content=\"Caracter\u00edsticas Con este juego de ganchos de ganchillo con luz LED, puede verlo muy claramente cuando est\u00e1 haciendo ganchillo, especialmente \u00fatil cuando se trabaja con hilo de color oscuro. Nunca m\u00e1s tendr\u00e1 que detenerse o reducir la velocidad debido a la mala luz u oscuridad del hilo. Los ganchos de ganchillo iluminados contienen cabezas intercambiables [&hellip;]\" \/>\n<meta property=\"og:url\" content=\"https:\/\/alllira.com\/es\/producto\/ganchos-de-ganchillo-con-luz-led-11-en-1-agujas-de-tejer-2-niveles-brillantes-carga-rapida-usb-iluminacion-de-emergencia-gancho-superior-mango-de-costura\/\" \/>\n<meta property=\"og:site_name\" content=\"Alllira\" \/>\n<meta property=\"article:publisher\" content=\"https:\/\/www.facebook.com\/profile.php?id=61553163366147\" \/>\n<meta property=\"article:modified_time\" content=\"2025-07-22T17:29:28+00:00\" \/>\n<meta property=\"og:image\" content=\"https:\/\/ae01.alicdn.com\/kf\/S516ef74f3cbe4baea4a7a456a41c8eaeF.jpg\" \/>\n\t<meta property=\"og:image:width\" content=\"800\" \/>\n\t<meta property=\"og:image:height\" content=\"800\" \/>\n\t<meta property=\"og:image:type\" content=\"image\/jpeg\" \/>\n<meta name=\"twitter:card\" content=\"summary_large_image\" \/>\n<meta name=\"twitter:label1\" content=\"Tiempo de lectura\" \/>\n\t<meta name=\"twitter:data1\" content=\"3 minutos\" \/>\n<script type=\"application\/ld+json\" class=\"yoast-schema-graph\">{\"@context\":\"https:\\\/\\\/schema.org\",\"@graph\":[{\"@type\":\"WebPage\",\"@id\":\"https:\\\/\\\/alllira.com\\\/producto\\\/ganchos-de-ganchillo-con-luz-led-11-en-1-agujas-de-tejer-2-niveles-brillantes-carga-rapida-usb-iluminacion-de-emergencia-gancho-superior-mango-de-costura\\\/\",\"url\":\"https:\\\/\\\/alllira.com\\\/producto\\\/ganchos-de-ganchillo-con-luz-led-11-en-1-agujas-de-tejer-2-niveles-brillantes-carga-rapida-usb-iluminacion-de-emergencia-gancho-superior-mango-de-costura\\\/\",\"name\":\"Ganchos de ganchillo con luz LED, 2 niveles brillantes, carga r\u00e1pida USB - Alllira\",\"isPartOf\":{\"@id\":\"https:\\\/\\\/alllira.com\\\/#website\"},\"primaryImageOfPage\":{\"@id\":\"https:\\\/\\\/alllira.com\\\/producto\\\/ganchos-de-ganchillo-con-luz-led-11-en-1-agujas-de-tejer-2-niveles-brillantes-carga-rapida-usb-iluminacion-de-emergencia-gancho-superior-mango-de-costura\\\/#primaryimage\"},\"image\":{\"@id\":\"https:\\\/\\\/alllira.com\\\/producto\\\/ganchos-de-ganchillo-con-luz-led-11-en-1-agujas-de-tejer-2-niveles-brillantes-carga-rapida-usb-iluminacion-de-emergencia-gancho-superior-mango-de-costura\\\/#primaryimage\"},\"thumbnailUrl\":\"https:\\\/\\\/ae01.alicdn.com\\\/kf\\\/S516ef74f3cbe4baea4a7a456a41c8eaeF.jpg\",\"datePublished\":\"2024-04-26T23:56:33+00:00\",\"dateModified\":\"2025-07-22T17:29:28+00:00\",\"breadcrumb\":{\"@id\":\"https:\\\/\\\/alllira.com\\\/producto\\\/ganchos-de-ganchillo-con-luz-led-11-en-1-agujas-de-tejer-2-niveles-brillantes-carga-rapida-usb-iluminacion-de-emergencia-gancho-superior-mango-de-costura\\\/#breadcrumb\"},\"inLanguage\":\"es\",\"potentialAction\":[{\"@type\":\"ReadAction\",\"target\":[\"https:\\\/\\\/alllira.com\\\/producto\\\/ganchos-de-ganchillo-con-luz-led-11-en-1-agujas-de-tejer-2-niveles-brillantes-carga-rapida-usb-iluminacion-de-emergencia-gancho-superior-mango-de-costura\\\/\"]}]},{\"@type\":\"ImageObject\",\"inLanguage\":\"es\",\"@id\":\"https:\\\/\\\/alllira.com\\\/producto\\\/ganchos-de-ganchillo-con-luz-led-11-en-1-agujas-de-tejer-2-niveles-brillantes-carga-rapida-usb-iluminacion-de-emergencia-gancho-superior-mango-de-costura\\\/#primaryimage\",\"url\":\"https:\\\/\\\/ae01.alicdn.com\\\/kf\\\/S516ef74f3cbe4baea4a7a456a41c8eaeF.jpg\",\"contentUrl\":\"https:\\\/\\\/ae01.alicdn.com\\\/kf\\\/S516ef74f3cbe4baea4a7a456a41c8eaeF.jpg\",\"width\":800,\"height\":800,\"caption\":\"15456-18874a.jpg\"},{\"@type\":\"BreadcrumbList\",\"@id\":\"https:\\\/\\\/alllira.com\\\/producto\\\/ganchos-de-ganchillo-con-luz-led-11-en-1-agujas-de-tejer-2-niveles-brillantes-carga-rapida-usb-iluminacion-de-emergencia-gancho-superior-mango-de-costura\\\/#breadcrumb\",\"itemListElement\":[{\"@type\":\"ListItem\",\"position\":1,\"name\":\"Home\",\"item\":\"https:\\\/\\\/alllira.com\\\/\"},{\"@type\":\"ListItem\",\"position\":2,\"name\":\"Shop\",\"item\":\"https:\\\/\\\/alllira.com\\\/shop\\\/\"},{\"@type\":\"ListItem\",\"position\":3,\"name\":\"Ganchos de ganchillo con luz LED, 2 niveles brillantes, carga r\u00e1pida USB\"}]},{\"@type\":\"WebSite\",\"@id\":\"https:\\\/\\\/alllira.com\\\/#website\",\"url\":\"https:\\\/\\\/alllira.com\\\/\",\"name\":\"Alllira\",\"description\":\"\",\"publisher\":{\"@id\":\"https:\\\/\\\/alllira.com\\\/#organization\"},\"potentialAction\":[{\"@type\":\"SearchAction\",\"target\":{\"@type\":\"EntryPoint\",\"urlTemplate\":\"https:\\\/\\\/alllira.com\\\/?s={search_term_string}\"},\"query-input\":{\"@type\":\"PropertyValueSpecification\",\"valueRequired\":true,\"valueName\":\"search_term_string\"}}],\"inLanguage\":\"es\"},{\"@type\":\"Organization\",\"@id\":\"https:\\\/\\\/alllira.com\\\/#organization\",\"name\":\"Alllira\",\"url\":\"https:\\\/\\\/alllira.com\\\/\",\"logo\":{\"@type\":\"ImageObject\",\"inLanguage\":\"es\",\"@id\":\"https:\\\/\\\/alllira.com\\\/#\\\/schema\\\/logo\\\/image\\\/\",\"url\":\"https:\\\/\\\/alllira.com\\\/wp-content\\\/uploads\\\/2023\\\/11\\\/399982192_122102027870105445_276710788166891880_n.jpg\",\"contentUrl\":\"https:\\\/\\\/alllira.com\\\/wp-content\\\/uploads\\\/2023\\\/11\\\/399982192_122102027870105445_276710788166891880_n.jpg\",\"width\":400,\"height\":400,\"caption\":\"Alllira\"},\"image\":{\"@id\":\"https:\\\/\\\/alllira.com\\\/#\\\/schema\\\/logo\\\/image\\\/\"},\"sameAs\":[\"https:\\\/\\\/www.facebook.com\\\/profile.php?id=61553163366147\"]}]}<\/script>\n<!-- \/ Yoast SEO plugin. -->","yoast_head_json":{"title":"Ganchos de ganchillo con luz LED, 2 niveles brillantes, carga r\u00e1pida USB - Alllira","robots":{"index":"index","follow":"follow","max-snippet":"max-snippet:-1","max-image-preview":"max-image-preview:large","max-video-preview":"max-video-preview:-1"},"canonical":"https:\/\/alllira.com\/es\/producto\/ganchos-de-ganchillo-con-luz-led-11-en-1-agujas-de-tejer-2-niveles-brillantes-carga-rapida-usb-iluminacion-de-emergencia-gancho-superior-mango-de-costura\/","og_locale":"es_ES","og_type":"article","og_title":"Ganchos de ganchillo con luz LED, 2 niveles brillantes, carga r\u00e1pida USB - Alllira","og_description":"Caracter\u00edsticas Con este juego de ganchos de ganchillo con luz LED, puede verlo muy claramente cuando est\u00e1 haciendo ganchillo, especialmente \u00fatil cuando se trabaja con hilo de color oscuro. Nunca m\u00e1s tendr\u00e1 que detenerse o reducir la velocidad debido a la mala luz u oscuridad del hilo. Los ganchos de ganchillo iluminados contienen cabezas intercambiables [&hellip;]","og_url":"https:\/\/alllira.com\/es\/producto\/ganchos-de-ganchillo-con-luz-led-11-en-1-agujas-de-tejer-2-niveles-brillantes-carga-rapida-usb-iluminacion-de-emergencia-gancho-superior-mango-de-costura\/","og_site_name":"Alllira","article_publisher":"https:\/\/www.facebook.com\/profile.php?id=61553163366147","article_modified_time":"2025-07-22T17:29:28+00:00","og_image":[{"width":800,"height":800,"url":"https:\/\/ae01.alicdn.com\/kf\/S516ef74f3cbe4baea4a7a456a41c8eaeF.jpg","type":"image\/jpeg"}],"twitter_card":"summary_large_image","twitter_misc":{"Tiempo de lectura":"3 minutos"},"schema":{"@context":"https:\/\/schema.org","@graph":[{"@type":"WebPage","@id":"https:\/\/alllira.com\/producto\/ganchos-de-ganchillo-con-luz-led-11-en-1-agujas-de-tejer-2-niveles-brillantes-carga-rapida-usb-iluminacion-de-emergencia-gancho-superior-mango-de-costura\/","url":"https:\/\/alllira.com\/producto\/ganchos-de-ganchillo-con-luz-led-11-en-1-agujas-de-tejer-2-niveles-brillantes-carga-rapida-usb-iluminacion-de-emergencia-gancho-superior-mango-de-costura\/","name":"Ganchos de ganchillo con luz LED, 2 niveles brillantes, carga r\u00e1pida USB - Alllira","isPartOf":{"@id":"https:\/\/alllira.com\/#website"},"primaryImageOfPage":{"@id":"https:\/\/alllira.com\/producto\/ganchos-de-ganchillo-con-luz-led-11-en-1-agujas-de-tejer-2-niveles-brillantes-carga-rapida-usb-iluminacion-de-emergencia-gancho-superior-mango-de-costura\/#primaryimage"},"image":{"@id":"https:\/\/alllira.com\/producto\/ganchos-de-ganchillo-con-luz-led-11-en-1-agujas-de-tejer-2-niveles-brillantes-carga-rapida-usb-iluminacion-de-emergencia-gancho-superior-mango-de-costura\/#primaryimage"},"thumbnailUrl":"https:\/\/ae01.alicdn.com\/kf\/S516ef74f3cbe4baea4a7a456a41c8eaeF.jpg","datePublished":"2024-04-26T23:56:33+00:00","dateModified":"2025-07-22T17:29:28+00:00","breadcrumb":{"@id":"https:\/\/alllira.com\/producto\/ganchos-de-ganchillo-con-luz-led-11-en-1-agujas-de-tejer-2-niveles-brillantes-carga-rapida-usb-iluminacion-de-emergencia-gancho-superior-mango-de-costura\/#breadcrumb"},"inLanguage":"es","potentialAction":[{"@type":"ReadAction","target":["https:\/\/alllira.com\/producto\/ganchos-de-ganchillo-con-luz-led-11-en-1-agujas-de-tejer-2-niveles-brillantes-carga-rapida-usb-iluminacion-de-emergencia-gancho-superior-mango-de-costura\/"]}]},{"@type":"ImageObject","inLanguage":"es","@id":"https:\/\/alllira.com\/producto\/ganchos-de-ganchillo-con-luz-led-11-en-1-agujas-de-tejer-2-niveles-brillantes-carga-rapida-usb-iluminacion-de-emergencia-gancho-superior-mango-de-costura\/#primaryimage","url":"https:\/\/ae01.alicdn.com\/kf\/S516ef74f3cbe4baea4a7a456a41c8eaeF.jpg","contentUrl":"https:\/\/ae01.alicdn.com\/kf\/S516ef74f3cbe4baea4a7a456a41c8eaeF.jpg","width":800,"height":800,"caption":"15456-18874a.jpg"},{"@type":"BreadcrumbList","@id":"https:\/\/alllira.com\/producto\/ganchos-de-ganchillo-con-luz-led-11-en-1-agujas-de-tejer-2-niveles-brillantes-carga-rapida-usb-iluminacion-de-emergencia-gancho-superior-mango-de-costura\/#breadcrumb","itemListElement":[{"@type":"ListItem","position":1,"name":"Home","item":"https:\/\/alllira.com\/"},{"@type":"ListItem","position":2,"name":"Shop","item":"https:\/\/alllira.com\/shop\/"},{"@type":"ListItem","position":3,"name":"Ganchos de ganchillo con luz LED, 2 niveles brillantes, carga r\u00e1pida USB"}]},{"@type":"WebSite","@id":"https:\/\/alllira.com\/#website","url":"https:\/\/alllira.com\/","name":"Alllira","description":"","publisher":{"@id":"https:\/\/alllira.com\/#organization"},"potentialAction":[{"@type":"SearchAction","target":{"@type":"EntryPoint","urlTemplate":"https:\/\/alllira.com\/?s={search_term_string}"},"query-input":{"@type":"PropertyValueSpecification","valueRequired":true,"valueName":"search_term_string"}}],"inLanguage":"es"},{"@type":"Organization","@id":"https:\/\/alllira.com\/#organization","name":"Alllira","url":"https:\/\/alllira.com\/","logo":{"@type":"ImageObject","inLanguage":"es","@id":"https:\/\/alllira.com\/#\/schema\/logo\/image\/","url":"https:\/\/alllira.com\/wp-content\/uploads\/2023\/11\/399982192_122102027870105445_276710788166891880_n.jpg","contentUrl":"https:\/\/alllira.com\/wp-content\/uploads\/2023\/11\/399982192_122102027870105445_276710788166891880_n.jpg","width":400,"height":400,"caption":"Alllira"},"image":{"@id":"https:\/\/alllira.com\/#\/schema\/logo\/image\/"},"sameAs":["https:\/\/www.facebook.com\/profile.php?id=61553163366147"]}]}},"jetpack_sharing_enabled":true,"_links":{"self":[{"href":"https:\/\/alllira.com\/es\/wp-json\/wp\/v2\/product\/15456","targetHints":{"allow":["GET"]}}],"collection":[{"href":"https:\/\/alllira.com\/es\/wp-json\/wp\/v2\/product"}],"about":[{"href":"https:\/\/alllira.com\/es\/wp-json\/wp\/v2\/types\/product"}],"replies":[{"embeddable":true,"href":"https:\/\/alllira.com\/es\/wp-json\/wp\/v2\/comments?post=15456"}],"wp:featuredmedia":[{"embeddable":true,"href":"https:\/\/alllira.com\/es\/wp-json\/wp\/v2\/media\/15459"}],"wp:attachment":[{"href":"https:\/\/alllira.com\/es\/wp-json\/wp\/v2\/media?parent=15456"}],"wp:term":[{"taxonomy":"product_brand","embeddable":true,"href":"https:\/\/alllira.com\/es\/wp-json\/wp\/v2\/product_brand?post=15456"},{"taxonomy":"product_cat","embeddable":true,"href":"https:\/\/alllira.com\/es\/wp-json\/wp\/v2\/product_cat?post=15456"},{"taxonomy":"product_tag","embeddable":true,"href":"https:\/\/alllira.com\/es\/wp-json\/wp\/v2\/product_tag?post=15456"}],"curies":[{"name":"wp","href":"https:\/\/api.w.org\/{rel}","templated":true}]}}