{"id":15554,"date":"2024-04-26T19:17:42","date_gmt":"2024-04-27T00:17:42","guid":{"rendered":"https:\/\/alllira.com\/es\/producto\/bumblebee-acustico-optico-transformable-robot-de-juguete-optimus-prime-figura-de-accion-modelo-de-coleccion-regalos-para-ninos-10cm\/"},"modified":"2025-07-22T12:29:45","modified_gmt":"2025-07-22T17:29:45","slug":"bumblebee-acustico-optico-transformable-robot-de-juguete-optimus-prime-figura-de-accion-modelo-de-coleccion-regalos-para-ninos-10cm","status":"publish","type":"product","link":"https:\/\/alllira.com\/es\/producto\/bumblebee-acustico-optico-transformable-robot-de-juguete-optimus-prime-figura-de-accion-modelo-de-coleccion-regalos-para-ninos-10cm\/","title":{"rendered":"Bumblebee, Optimus Prime ac\u00fastico-\u00f3ptico transformable Robot de juguete 10cm"},"content":{"rendered":"<div>\n<p id=\"tl_1\" align=\"start\">Material: PVC<\/p>\n<p id=\"tl_2\" align=\"start\">Tama\u00f1o: 10cm<\/p>\n<p id=\"tl_3\" align=\"start\">Caracter\u00edsticas: 5 articulaciones pueden girar; 8 efectos de sonido, los ojos pueden brillar.<\/p>\n<p id=\"tl_4\" align=\"start\">Incluye: cubierta antipolvo + modelo + bater\u00eda <img decoding=\"async\" style=\"border: 0px; margin: 0px auto 0px auto; padding: 0px; max-width: 100%; min-height: 1px; width: 750px; height: 1161.29px;\" src=\"\/\/img.alicdn.com\/imgextra\/i4\/2828830053\/O1CN01wXNXoO1CGJlrZuwnL_!!2828830053.jpg\" width=\"750px\" height=\"1161.29px\" \/><\/p>\n<div align=\"start\"><img decoding=\"async\" style=\"border: 0px; margin: 0px auto 0px auto; padding: 0px; max-width: 100%; min-height: 1px; width: 750px; height: 55.6452px;\" src=\"\/\/img.alicdn.com\/imgextra\/i3\/2828830053\/O1CN01VKW6PU1CGJlxLwPel_!!2828830053.jpg\" width=\"750px\" height=\"55.6452px\" \/><\/div>\n<div align=\"start\"><img decoding=\"async\" style=\"border: 0px; margin: 0px auto 0px auto; padding: 0px; max-width: 100%; min-height: 1px; width: 750px; height: 1161.29px;\" src=\"\/\/img.alicdn.com\/imgextra\/i4\/2828830053\/O1CN01e7ZO3c1CGJltpPSzb_!!2828830053.jpg\" width=\"750px\" height=\"1161.29px\" \/><\/div>\n<div align=\"start\"><img decoding=\"async\" style=\"border: 0px; margin: 0px auto 0px auto; padding: 0px; max-width: 100%; min-height: 1px; width: 750px; height: 131.855px;\" src=\"\/\/img.alicdn.com\/imgextra\/i1\/2828830053\/O1CN01agFYuS1CGJluaNlZr_!!2828830053.jpg\" width=\"750px\" height=\"131.855px\" \/><\/div>\n<div align=\"start\"><img decoding=\"async\" style=\"border: 0px; margin: 0px auto 0px auto; padding: 0px; max-width: 100%; min-height: 1px; width: 750px; height: 1161.29px;\" src=\"\/\/img.alicdn.com\/imgextra\/i4\/2828830053\/O1CN01jkGAFd1CGJlw6u8T0_!!2828830053.jpg\" width=\"750px\" height=\"1161.29px\" \/><\/div>\n<div align=\"start\"><img decoding=\"async\" style=\"border: 0px; margin: 0px auto 0px auto; padding: 0px; max-width: 100%; min-height: 1px; width: 750px; height: 135.484px;\" src=\"\/\/img.alicdn.com\/imgextra\/i2\/2828830053\/O1CN01hSvUkf1CGJlpMnqWs_!!2828830053.jpg\" width=\"750px\" height=\"135.484px\" \/><\/div>\n<div align=\"start\"><img decoding=\"async\" style=\"border: 0px; margin: 0px auto 0px auto; padding: 0px; max-width: 100%; min-height: 1px; width: 750px; height: 1161.29px;\" src=\"\/\/img.alicdn.com\/imgextra\/i4\/2828830053\/O1CN01TskKXv1CGJlxLu8IJ_!!2828830053.jpg\" width=\"750px\" height=\"1161.29px\" \/><\/div>\n<div align=\"start\"><img decoding=\"async\" style=\"border: 0px; margin: 0px auto 0px auto; padding: 0px; max-width: 100%; min-height: 1px; width: 750px; height: 261.29px;\" src=\"\/\/img.alicdn.com\/imgextra\/i2\/2828830053\/O1CN01lsBrNo1CGJltxWVaW_!!2828830053.jpg\" width=\"750px\" height=\"261.29px\" \/><\/div>\n<div align=\"start\"><img decoding=\"async\" style=\"border: 0px; margin: 0px auto 0px auto; padding: 0px; max-width: 100%; min-height: 1px; width: 750px; height: 1161.29px;\" src=\"\/\/img.alicdn.com\/imgextra\/i4\/2828830053\/O1CN01lWXuLC1CGJm2BV9lg_!!2828830053.jpg\" width=\"750px\" height=\"1161.29px\" \/><\/div>\n<div align=\"start\"><img decoding=\"async\" style=\"border: 0px; margin: 0px auto 0px auto; padding: 0px; max-width: 100%; min-height: 1px; width: 750px; height: 44.7581px;\" src=\"\/\/img.alicdn.com\/imgextra\/i1\/2828830053\/O1CN01Qbcc2C1CGJm31nsvM_!!2828830053.jpg\" width=\"750px\" height=\"44.7581px\" \/><\/div>\n<div align=\"start\"><img decoding=\"async\" style=\"border: 0px; margin: 0px auto 0px auto; padding: 0px; max-width: 100%; min-height: 1px; width: 750px; height: 1161.29px;\" src=\"\/\/img.alicdn.com\/imgextra\/i3\/2828830053\/O1CN0161cmWX1CGJluaPVih_!!2828830053.jpg\" width=\"750px\" height=\"1161.29px\" \/><\/div>\n<div align=\"start\"><img decoding=\"async\" style=\"border: 0px; margin: 0px auto 0px auto; padding: 0px; max-width: 100%; min-height: 1px; width: 750px; height: 19.3548px;\" src=\"\/\/img.alicdn.com\/imgextra\/i1\/2828830053\/O1CN01PqwWEn1CGJlyHB8p6_!!2828830053.jpg\" width=\"750px\" height=\"19.3548px\" \/><\/div>\n<div align=\"start\"><img decoding=\"async\" style=\"border: 0px; margin: 0px auto 0px auto; padding: 0px; max-width: 100%; min-height: 1px; width: 750px; height: 1161.29px;\" src=\"\/\/img.alicdn.com\/imgextra\/i4\/2828830053\/O1CN01poXaOK1CGJlkYYgfX_!!2828830053.jpg\" width=\"750px\" height=\"1161.29px\" \/><\/div>\n<p>&nbsp;<\/p>\n<\/div>","protected":false},"excerpt":{"rendered":"<p>Material: PVC Tama\u00f1o: 10cm Caracter\u00edsticas: 5 articulaciones pueden girar; 8 efectos de sonido, los ojos pueden brillar. Incluye: cubierta antipolvo + modelo + bater\u00eda &nbsp;<\/p>","protected":false},"featured_media":15557,"comment_status":"open","ping_status":"closed","template":"","meta":[],"product_brand":[],"product_cat":[35],"product_tag":[],"class_list":{"0":"post-15554","1":"product","2":"type-product","3":"status-publish","4":"has-post-thumbnail","6":"product_cat-toys","8":"first","9":"instock","10":"sale","11":"taxable","12":"shipping-taxable","13":"purchasable","14":"product-type-variable"},"yoast_head":"<!-- This site is optimized with the Yoast SEO plugin v27.5 - https:\/\/yoast.com\/product\/yoast-seo-wordpress\/ -->\n<title>Bumblebee, Optimus Prime ac\u00fastico-\u00f3ptico transformable Robot de juguete 10cm - Alllira<\/title>\n<meta name=\"robots\" content=\"index, follow, max-snippet:-1, max-image-preview:large, max-video-preview:-1\" \/>\n<link rel=\"canonical\" href=\"https:\/\/alllira.com\/es\/producto\/bumblebee-acustico-optico-transformable-robot-de-juguete-optimus-prime-figura-de-accion-modelo-de-coleccion-regalos-para-ninos-10cm\/\" \/>\n<meta property=\"og:locale\" content=\"es_ES\" \/>\n<meta property=\"og:type\" content=\"article\" \/>\n<meta property=\"og:title\" content=\"Bumblebee, Optimus Prime ac\u00fastico-\u00f3ptico transformable Robot de juguete 10cm - Alllira\" \/>\n<meta property=\"og:description\" content=\"Material: PVC Tama\u00f1o: 10cm Caracter\u00edsticas: 5 articulaciones pueden girar; 8 efectos de sonido, los ojos pueden brillar. Incluye: cubierta antipolvo + modelo + bater\u00eda &nbsp;\" \/>\n<meta property=\"og:url\" content=\"https:\/\/alllira.com\/es\/producto\/bumblebee-acustico-optico-transformable-robot-de-juguete-optimus-prime-figura-de-accion-modelo-de-coleccion-regalos-para-ninos-10cm\/\" \/>\n<meta property=\"og:site_name\" content=\"Alllira\" \/>\n<meta property=\"article:publisher\" content=\"https:\/\/www.facebook.com\/profile.php?id=61553163366147\" \/>\n<meta property=\"article:modified_time\" content=\"2025-07-22T17:29:45+00:00\" \/>\n<meta property=\"og:image\" content=\"https:\/\/ae01.alicdn.com\/kf\/S6f0ba1265b8d4fc085f3a25773579956I.jpg\" \/>\n\t<meta property=\"og:image:width\" content=\"800\" \/>\n\t<meta property=\"og:image:height\" content=\"800\" \/>\n\t<meta property=\"og:image:type\" content=\"image\/jpeg\" \/>\n<meta name=\"twitter:card\" content=\"summary_large_image\" \/>\n<meta name=\"twitter:label1\" content=\"Tiempo de lectura\" \/>\n\t<meta name=\"twitter:data1\" content=\"3 minutos\" \/>\n<script type=\"application\/ld+json\" class=\"yoast-schema-graph\">{\"@context\":\"https:\\\/\\\/schema.org\",\"@graph\":[{\"@type\":\"WebPage\",\"@id\":\"https:\\\/\\\/alllira.com\\\/product\\\/bumblebee-acustico-optico-transformable-robot-de-juguete-optimus-prime-figura-de-accion-modelo-de-coleccion-regalos-para-ninos-10cm\\\/\",\"url\":\"https:\\\/\\\/alllira.com\\\/product\\\/bumblebee-acustico-optico-transformable-robot-de-juguete-optimus-prime-figura-de-accion-modelo-de-coleccion-regalos-para-ninos-10cm\\\/\",\"name\":\"Bumblebee, Optimus Prime ac\u00fastico-\u00f3ptico transformable Robot de juguete 10cm - Alllira\",\"isPartOf\":{\"@id\":\"https:\\\/\\\/alllira.com\\\/#website\"},\"primaryImageOfPage\":{\"@id\":\"https:\\\/\\\/alllira.com\\\/product\\\/bumblebee-acustico-optico-transformable-robot-de-juguete-optimus-prime-figura-de-accion-modelo-de-coleccion-regalos-para-ninos-10cm\\\/#primaryimage\"},\"image\":{\"@id\":\"https:\\\/\\\/alllira.com\\\/product\\\/bumblebee-acustico-optico-transformable-robot-de-juguete-optimus-prime-figura-de-accion-modelo-de-coleccion-regalos-para-ninos-10cm\\\/#primaryimage\"},\"thumbnailUrl\":\"https:\\\/\\\/ae01.alicdn.com\\\/kf\\\/S6f0ba1265b8d4fc085f3a25773579956I.jpg\",\"datePublished\":\"2024-04-27T00:17:42+00:00\",\"dateModified\":\"2025-07-22T17:29:45+00:00\",\"breadcrumb\":{\"@id\":\"https:\\\/\\\/alllira.com\\\/product\\\/bumblebee-acustico-optico-transformable-robot-de-juguete-optimus-prime-figura-de-accion-modelo-de-coleccion-regalos-para-ninos-10cm\\\/#breadcrumb\"},\"inLanguage\":\"es\",\"potentialAction\":[{\"@type\":\"ReadAction\",\"target\":[\"https:\\\/\\\/alllira.com\\\/product\\\/bumblebee-acustico-optico-transformable-robot-de-juguete-optimus-prime-figura-de-accion-modelo-de-coleccion-regalos-para-ninos-10cm\\\/\"]}]},{\"@type\":\"ImageObject\",\"inLanguage\":\"es\",\"@id\":\"https:\\\/\\\/alllira.com\\\/product\\\/bumblebee-acustico-optico-transformable-robot-de-juguete-optimus-prime-figura-de-accion-modelo-de-coleccion-regalos-para-ninos-10cm\\\/#primaryimage\",\"url\":\"https:\\\/\\\/ae01.alicdn.com\\\/kf\\\/S6f0ba1265b8d4fc085f3a25773579956I.jpg\",\"contentUrl\":\"https:\\\/\\\/ae01.alicdn.com\\\/kf\\\/S6f0ba1265b8d4fc085f3a25773579956I.jpg\",\"width\":800,\"height\":800,\"caption\":\"15554-9832f8.jpg\"},{\"@type\":\"BreadcrumbList\",\"@id\":\"https:\\\/\\\/alllira.com\\\/product\\\/bumblebee-acustico-optico-transformable-robot-de-juguete-optimus-prime-figura-de-accion-modelo-de-coleccion-regalos-para-ninos-10cm\\\/#breadcrumb\",\"itemListElement\":[{\"@type\":\"ListItem\",\"position\":1,\"name\":\"Home\",\"item\":\"https:\\\/\\\/alllira.com\\\/\"},{\"@type\":\"ListItem\",\"position\":2,\"name\":\"Shop\",\"item\":\"https:\\\/\\\/alllira.com\\\/shop\\\/\"},{\"@type\":\"ListItem\",\"position\":3,\"name\":\"Bumblebee, Optimus Prime ac\u00fastico-\u00f3ptico transformable Robot de juguete 10cm\"}]},{\"@type\":\"WebSite\",\"@id\":\"https:\\\/\\\/alllira.com\\\/#website\",\"url\":\"https:\\\/\\\/alllira.com\\\/\",\"name\":\"Alllira\",\"description\":\"\",\"publisher\":{\"@id\":\"https:\\\/\\\/alllira.com\\\/#organization\"},\"potentialAction\":[{\"@type\":\"SearchAction\",\"target\":{\"@type\":\"EntryPoint\",\"urlTemplate\":\"https:\\\/\\\/alllira.com\\\/?s={search_term_string}\"},\"query-input\":{\"@type\":\"PropertyValueSpecification\",\"valueRequired\":true,\"valueName\":\"search_term_string\"}}],\"inLanguage\":\"es\"},{\"@type\":\"Organization\",\"@id\":\"https:\\\/\\\/alllira.com\\\/#organization\",\"name\":\"Alllira\",\"url\":\"https:\\\/\\\/alllira.com\\\/\",\"logo\":{\"@type\":\"ImageObject\",\"inLanguage\":\"es\",\"@id\":\"https:\\\/\\\/alllira.com\\\/#\\\/schema\\\/logo\\\/image\\\/\",\"url\":\"https:\\\/\\\/alllira.com\\\/wp-content\\\/uploads\\\/2023\\\/11\\\/399982192_122102027870105445_276710788166891880_n.jpg\",\"contentUrl\":\"https:\\\/\\\/alllira.com\\\/wp-content\\\/uploads\\\/2023\\\/11\\\/399982192_122102027870105445_276710788166891880_n.jpg\",\"width\":400,\"height\":400,\"caption\":\"Alllira\"},\"image\":{\"@id\":\"https:\\\/\\\/alllira.com\\\/#\\\/schema\\\/logo\\\/image\\\/\"},\"sameAs\":[\"https:\\\/\\\/www.facebook.com\\\/profile.php?id=61553163366147\"]}]}<\/script>\n<!-- \/ Yoast SEO plugin. -->","yoast_head_json":{"title":"Bumblebee, Optimus Prime ac\u00fastico-\u00f3ptico transformable Robot de juguete 10cm - Alllira","robots":{"index":"index","follow":"follow","max-snippet":"max-snippet:-1","max-image-preview":"max-image-preview:large","max-video-preview":"max-video-preview:-1"},"canonical":"https:\/\/alllira.com\/es\/producto\/bumblebee-acustico-optico-transformable-robot-de-juguete-optimus-prime-figura-de-accion-modelo-de-coleccion-regalos-para-ninos-10cm\/","og_locale":"es_ES","og_type":"article","og_title":"Bumblebee, Optimus Prime ac\u00fastico-\u00f3ptico transformable Robot de juguete 10cm - Alllira","og_description":"Material: PVC Tama\u00f1o: 10cm Caracter\u00edsticas: 5 articulaciones pueden girar; 8 efectos de sonido, los ojos pueden brillar. Incluye: cubierta antipolvo + modelo + bater\u00eda &nbsp;","og_url":"https:\/\/alllira.com\/es\/producto\/bumblebee-acustico-optico-transformable-robot-de-juguete-optimus-prime-figura-de-accion-modelo-de-coleccion-regalos-para-ninos-10cm\/","og_site_name":"Alllira","article_publisher":"https:\/\/www.facebook.com\/profile.php?id=61553163366147","article_modified_time":"2025-07-22T17:29:45+00:00","og_image":[{"width":800,"height":800,"url":"https:\/\/ae01.alicdn.com\/kf\/S6f0ba1265b8d4fc085f3a25773579956I.jpg","type":"image\/jpeg"}],"twitter_card":"summary_large_image","twitter_misc":{"Tiempo de lectura":"3 minutos"},"schema":{"@context":"https:\/\/schema.org","@graph":[{"@type":"WebPage","@id":"https:\/\/alllira.com\/product\/bumblebee-acustico-optico-transformable-robot-de-juguete-optimus-prime-figura-de-accion-modelo-de-coleccion-regalos-para-ninos-10cm\/","url":"https:\/\/alllira.com\/product\/bumblebee-acustico-optico-transformable-robot-de-juguete-optimus-prime-figura-de-accion-modelo-de-coleccion-regalos-para-ninos-10cm\/","name":"Bumblebee, Optimus Prime ac\u00fastico-\u00f3ptico transformable Robot de juguete 10cm - Alllira","isPartOf":{"@id":"https:\/\/alllira.com\/#website"},"primaryImageOfPage":{"@id":"https:\/\/alllira.com\/product\/bumblebee-acustico-optico-transformable-robot-de-juguete-optimus-prime-figura-de-accion-modelo-de-coleccion-regalos-para-ninos-10cm\/#primaryimage"},"image":{"@id":"https:\/\/alllira.com\/product\/bumblebee-acustico-optico-transformable-robot-de-juguete-optimus-prime-figura-de-accion-modelo-de-coleccion-regalos-para-ninos-10cm\/#primaryimage"},"thumbnailUrl":"https:\/\/ae01.alicdn.com\/kf\/S6f0ba1265b8d4fc085f3a25773579956I.jpg","datePublished":"2024-04-27T00:17:42+00:00","dateModified":"2025-07-22T17:29:45+00:00","breadcrumb":{"@id":"https:\/\/alllira.com\/product\/bumblebee-acustico-optico-transformable-robot-de-juguete-optimus-prime-figura-de-accion-modelo-de-coleccion-regalos-para-ninos-10cm\/#breadcrumb"},"inLanguage":"es","potentialAction":[{"@type":"ReadAction","target":["https:\/\/alllira.com\/product\/bumblebee-acustico-optico-transformable-robot-de-juguete-optimus-prime-figura-de-accion-modelo-de-coleccion-regalos-para-ninos-10cm\/"]}]},{"@type":"ImageObject","inLanguage":"es","@id":"https:\/\/alllira.com\/product\/bumblebee-acustico-optico-transformable-robot-de-juguete-optimus-prime-figura-de-accion-modelo-de-coleccion-regalos-para-ninos-10cm\/#primaryimage","url":"https:\/\/ae01.alicdn.com\/kf\/S6f0ba1265b8d4fc085f3a25773579956I.jpg","contentUrl":"https:\/\/ae01.alicdn.com\/kf\/S6f0ba1265b8d4fc085f3a25773579956I.jpg","width":800,"height":800,"caption":"15554-9832f8.jpg"},{"@type":"BreadcrumbList","@id":"https:\/\/alllira.com\/product\/bumblebee-acustico-optico-transformable-robot-de-juguete-optimus-prime-figura-de-accion-modelo-de-coleccion-regalos-para-ninos-10cm\/#breadcrumb","itemListElement":[{"@type":"ListItem","position":1,"name":"Home","item":"https:\/\/alllira.com\/"},{"@type":"ListItem","position":2,"name":"Shop","item":"https:\/\/alllira.com\/shop\/"},{"@type":"ListItem","position":3,"name":"Bumblebee, Optimus Prime ac\u00fastico-\u00f3ptico transformable Robot de juguete 10cm"}]},{"@type":"WebSite","@id":"https:\/\/alllira.com\/#website","url":"https:\/\/alllira.com\/","name":"Alllira","description":"","publisher":{"@id":"https:\/\/alllira.com\/#organization"},"potentialAction":[{"@type":"SearchAction","target":{"@type":"EntryPoint","urlTemplate":"https:\/\/alllira.com\/?s={search_term_string}"},"query-input":{"@type":"PropertyValueSpecification","valueRequired":true,"valueName":"search_term_string"}}],"inLanguage":"es"},{"@type":"Organization","@id":"https:\/\/alllira.com\/#organization","name":"Alllira","url":"https:\/\/alllira.com\/","logo":{"@type":"ImageObject","inLanguage":"es","@id":"https:\/\/alllira.com\/#\/schema\/logo\/image\/","url":"https:\/\/alllira.com\/wp-content\/uploads\/2023\/11\/399982192_122102027870105445_276710788166891880_n.jpg","contentUrl":"https:\/\/alllira.com\/wp-content\/uploads\/2023\/11\/399982192_122102027870105445_276710788166891880_n.jpg","width":400,"height":400,"caption":"Alllira"},"image":{"@id":"https:\/\/alllira.com\/#\/schema\/logo\/image\/"},"sameAs":["https:\/\/www.facebook.com\/profile.php?id=61553163366147"]}]}},"jetpack_sharing_enabled":true,"_links":{"self":[{"href":"https:\/\/alllira.com\/es\/wp-json\/wp\/v2\/product\/15554","targetHints":{"allow":["GET"]}}],"collection":[{"href":"https:\/\/alllira.com\/es\/wp-json\/wp\/v2\/product"}],"about":[{"href":"https:\/\/alllira.com\/es\/wp-json\/wp\/v2\/types\/product"}],"replies":[{"embeddable":true,"href":"https:\/\/alllira.com\/es\/wp-json\/wp\/v2\/comments?post=15554"}],"wp:featuredmedia":[{"embeddable":true,"href":"https:\/\/alllira.com\/es\/wp-json\/wp\/v2\/media\/15557"}],"wp:attachment":[{"href":"https:\/\/alllira.com\/es\/wp-json\/wp\/v2\/media?parent=15554"}],"wp:term":[{"taxonomy":"product_brand","embeddable":true,"href":"https:\/\/alllira.com\/es\/wp-json\/wp\/v2\/product_brand?post=15554"},{"taxonomy":"product_cat","embeddable":true,"href":"https:\/\/alllira.com\/es\/wp-json\/wp\/v2\/product_cat?post=15554"},{"taxonomy":"product_tag","embeddable":true,"href":"https:\/\/alllira.com\/es\/wp-json\/wp\/v2\/product_tag?post=15554"}],"curies":[{"name":"wp","href":"https:\/\/api.w.org\/{rel}","templated":true}]}}