{"id":15565,"date":"2024-04-26T19:18:15","date_gmt":"2024-04-27T00:18:15","guid":{"rendered":"https:\/\/alllira.com\/es\/producto\/figuras-de-accion-de-super-heroes-robot-hot-iron-man-baile-cantar-sonido-led-spiderman-vengadores-regalos-de-navidad-19cm\/"},"modified":"2025-07-22T12:29:50","modified_gmt":"2025-07-22T17:29:50","slug":"figuras-de-accion-de-super-heroes-robot-hot-iron-man-baile-cantar-sonido-led-spiderman-vengadores-regalos-de-navidad-19cm","status":"publish","type":"product","link":"https:\/\/alllira.com\/es\/producto\/figuras-de-accion-de-super-heroes-robot-hot-iron-man-baile-cantar-sonido-led-spiderman-vengadores-regalos-de-navidad-19cm\/","title":{"rendered":"Figuras de acci\u00f3n de Super h\u00e9roes, Robot Hot, Iron Man, baile, cantar, sonido, Led, Spiderman, vengadores, regalos de Navidad, 19cm"},"content":{"rendered":"<div>\n<p style=\"font-family: OpenSans; font-size: 14px; font-weight: 300; letter-spacing: normal; line-height: 20px; text-align: left; margin: 0px 0px 12px 0px; padding: 0px;\" align=\"left\"><span id=\"tl_4\">Condici\u00f3n: 100% nuevo<\/span><\/p>\n<div align=\"start\">\n<p style=\"font-family: OpenSans; font-size: 14px; font-weight: 300; line-height: 20px; text-align: left; margin: 0px 0px 12px 0px; padding: 0px;\" align=\"left\"><span id=\"tl_5\">Material:PVC<\/span><\/p>\n<p style=\"font-family: OpenSans; font-size: 14px; font-weight: 300; line-height: 20px; text-align: left; margin: 0px 0px 12px 0px; padding: 0px;\" align=\"left\"><span id=\"tl_6\">Tama\u00f1o: aproximadamente 19cm<\/span><\/p>\n<p style=\"font-family: OpenSans; font-size: 14px; font-weight: 300; line-height: 20px; text-align: left; margin: 0px 0px 12px 0px; padding: 0px;\" align=\"left\"><span id=\"tl_7\">Embalaje: con caja de venta al por menor<\/span><\/p>\n<\/div>\n<div align=\"start\">\n<p style=\"font-family: OpenSans; font-size: 14px; font-weight: 300; line-height: 20px; text-align: left; margin: 0px 0px 12px 0px; padding: 0px;\" align=\"left\"><span id=\"tl_8\">NOTA: 1. El tama\u00f1o de los productos se mide manualmente, puede haber un error de 1-3cm<\/span><\/p>\n<\/div>\n<div align=\"start\">\n<p style=\"font-family: OpenSans; font-size: 14px; font-weight: 300; line-height: 20px; text-align: left; margin: 0px 0px 12px 0px; padding: 0px;\" align=\"left\"><span id=\"tl_9\">2. Debido a los diferentes monitores, puede haber cierta diferencia de color con diferentes \u00e1ngulos de disparo.<\/span><\/p>\n<p align=\"start\"><img loading=\"lazy\" decoding=\"async\" style=\"border: 0px; margin: 0px; padding: 0px; max-width: 100%;\" src=\"\/\/ae01.alicdn.com\/kf\/S8f5331c3095f4217983b4e5f5faf20f8U.jpg\" width=\"944\" height=\"148\" \/><\/p>\n<\/div>\n<p><img decoding=\"async\" src=\"\/\/ae01.alicdn.com\/kf\/S9b9bd65c1eae4d648e1e6cad582887409.jpg\" \/><img decoding=\"async\" src=\"\/\/ae01.alicdn.com\/kf\/Sfcfb43b47ece4582bddf8f540356a43dL.jpg\" \/><img decoding=\"async\" src=\"\/\/ae01.alicdn.com\/kf\/S7a754a4e5df9400286ef5d81db12c81fv.jpg\" \/><img decoding=\"async\" src=\"\/\/ae01.alicdn.com\/kf\/Sc985357652b84196996074d5bce0cb9fy.jpg\" \/><img decoding=\"async\" src=\"\/\/ae01.alicdn.com\/kf\/Sf6d0db42ba5a40e78e49b1aa96930ad2t.jpg\" \/><img decoding=\"async\" src=\"\/\/ae01.alicdn.com\/kf\/S32afee9a7c854c39afb02f4b4ac57ac2l.jpg\" \/><img decoding=\"async\" src=\"\/\/ae01.alicdn.com\/kf\/S441a9cfef0c04f6e81edf0c213933cbem.jpg\" \/><img decoding=\"async\" src=\"\/\/ae01.alicdn.com\/kf\/S99dea7c20d5040ccab04256c17022fc3S.jpg\" \/><img decoding=\"async\" src=\"\/\/ae01.alicdn.com\/kf\/S980e5ef808304d36813311e89ea2861fx.jpg\" \/><img decoding=\"async\" src=\"\/\/ae01.alicdn.com\/kf\/Sec874dbeec8f4df99e3755d980a76313q.jpg\" \/><img decoding=\"async\" src=\"\/\/ae01.alicdn.com\/kf\/S34aaee3b5ab440b0b6dbd54a43bb6cd5K.jpg\" \/><img decoding=\"async\" src=\"\/\/ae01.alicdn.com\/kf\/Sd4d2acdec7cb4a1ebd6e424ccd495a3eo.jpg\" \/><img decoding=\"async\" src=\"\/\/ae01.alicdn.com\/kf\/S5ea4aaf7d97e445e94ccfe9c3e42565eU.jpg\" \/><img decoding=\"async\" src=\"\/\/ae01.alicdn.com\/kf\/Sf2af91bb5a694139ac2d74da4e24b934D.jpg\" \/><img decoding=\"async\" src=\"\/\/ae01.alicdn.com\/kf\/S6ce8a49900ba4dcdaf97471c4abae079V.jpg\" \/><img decoding=\"async\" src=\"\/\/ae01.alicdn.com\/kf\/S129a5c4081434ad1936e4be92037f83dT.jpg\" \/><img decoding=\"async\" src=\"\/\/ae01.alicdn.com\/kf\/Sb9b33cd89c764ea2b734712f78864ecbr.jpg\" \/><img decoding=\"async\" src=\"\/\/ae01.alicdn.com\/kf\/S7f7caec21d4f4e1189d41dded8a3d01ac.jpg\" \/><img decoding=\"async\" src=\"\/\/ae01.alicdn.com\/kf\/S42f3119aab374558abd99d4fc59fe6cfe.jpg\" \/><\/p>\n<div align=\"start\"><\/div>\n<\/div>","protected":false},"excerpt":{"rendered":"<p>Condici\u00f3n: 100% nuevo Material:PVC Tama\u00f1o: aproximadamente 19cm Embalaje: con caja de venta al por menor NOTA: 1. El tama\u00f1o de los productos se mide manualmente, puede haber un error de 1-3cm 2. Debido a los diferentes monitores, puede haber cierta diferencia de color con diferentes \u00e1ngulos de disparo.<\/p>","protected":false},"featured_media":15581,"comment_status":"open","ping_status":"closed","template":"","meta":[],"product_brand":[],"product_cat":[35],"product_tag":[],"class_list":{"0":"post-15565","1":"product","2":"type-product","3":"status-publish","4":"has-post-thumbnail","6":"product_cat-toys","8":"first","9":"instock","10":"sale","11":"taxable","12":"shipping-taxable","13":"purchasable","14":"product-type-variable"},"yoast_head":"<!-- This site is optimized with the Yoast SEO plugin v27.5 - https:\/\/yoast.com\/product\/yoast-seo-wordpress\/ -->\n<title>Figuras de acci\u00f3n de Super h\u00e9roes, Robot Hot, Iron Man, baile, cantar, sonido, Led, Spiderman, vengadores, regalos de Navidad, 19cm - Alllira<\/title>\n<meta name=\"robots\" content=\"index, follow, max-snippet:-1, max-image-preview:large, max-video-preview:-1\" \/>\n<link rel=\"canonical\" href=\"https:\/\/alllira.com\/es\/producto\/figuras-de-accion-de-super-heroes-robot-hot-iron-man-baile-cantar-sonido-led-spiderman-vengadores-regalos-de-navidad-19cm\/\" \/>\n<meta property=\"og:locale\" content=\"es_ES\" \/>\n<meta property=\"og:type\" content=\"article\" \/>\n<meta property=\"og:title\" content=\"Figuras de acci\u00f3n de Super h\u00e9roes, Robot Hot, Iron Man, baile, cantar, sonido, Led, Spiderman, vengadores, regalos de Navidad, 19cm - Alllira\" \/>\n<meta property=\"og:description\" content=\"Condici\u00f3n: 100% nuevo Material:PVC Tama\u00f1o: aproximadamente 19cm Embalaje: con caja de venta al por menor NOTA: 1. El tama\u00f1o de los productos se mide manualmente, puede haber un error de 1-3cm 2. Debido a los diferentes monitores, puede haber cierta diferencia de color con diferentes \u00e1ngulos de disparo.\" \/>\n<meta property=\"og:url\" content=\"https:\/\/alllira.com\/es\/producto\/figuras-de-accion-de-super-heroes-robot-hot-iron-man-baile-cantar-sonido-led-spiderman-vengadores-regalos-de-navidad-19cm\/\" \/>\n<meta property=\"og:site_name\" content=\"Alllira\" \/>\n<meta property=\"article:publisher\" content=\"https:\/\/www.facebook.com\/profile.php?id=61553163366147\" \/>\n<meta property=\"article:modified_time\" content=\"2025-07-22T17:29:50+00:00\" \/>\n<meta property=\"og:image\" content=\"https:\/\/ae01.alicdn.com\/kf\/S34aaee3b5ab440b0b6dbd54a43bb6cd5K.jpg\" \/>\n\t<meta property=\"og:image:width\" content=\"800\" \/>\n\t<meta property=\"og:image:height\" content=\"800\" \/>\n\t<meta property=\"og:image:type\" content=\"image\/jpeg\" \/>\n<meta name=\"twitter:card\" content=\"summary_large_image\" \/>\n<meta name=\"twitter:label1\" content=\"Tiempo de lectura\" \/>\n\t<meta name=\"twitter:data1\" content=\"5 minutos\" \/>\n<script type=\"application\/ld+json\" class=\"yoast-schema-graph\">{\"@context\":\"https:\\\/\\\/schema.org\",\"@graph\":[{\"@type\":\"WebPage\",\"@id\":\"https:\\\/\\\/alllira.com\\\/product\\\/figuras-de-accion-de-super-heroes-robot-hot-iron-man-baile-cantar-sonido-led-spiderman-vengadores-regalos-de-navidad-19cm\\\/\",\"url\":\"https:\\\/\\\/alllira.com\\\/product\\\/figuras-de-accion-de-super-heroes-robot-hot-iron-man-baile-cantar-sonido-led-spiderman-vengadores-regalos-de-navidad-19cm\\\/\",\"name\":\"Figuras de acci\u00f3n de Super h\u00e9roes, Robot Hot, Iron Man, baile, cantar, sonido, Led, Spiderman, vengadores, regalos de Navidad, 19cm - Alllira\",\"isPartOf\":{\"@id\":\"https:\\\/\\\/alllira.com\\\/#website\"},\"primaryImageOfPage\":{\"@id\":\"https:\\\/\\\/alllira.com\\\/product\\\/figuras-de-accion-de-super-heroes-robot-hot-iron-man-baile-cantar-sonido-led-spiderman-vengadores-regalos-de-navidad-19cm\\\/#primaryimage\"},\"image\":{\"@id\":\"https:\\\/\\\/alllira.com\\\/product\\\/figuras-de-accion-de-super-heroes-robot-hot-iron-man-baile-cantar-sonido-led-spiderman-vengadores-regalos-de-navidad-19cm\\\/#primaryimage\"},\"thumbnailUrl\":\"https:\\\/\\\/ae01.alicdn.com\\\/kf\\\/S34aaee3b5ab440b0b6dbd54a43bb6cd5K.jpg\",\"datePublished\":\"2024-04-27T00:18:15+00:00\",\"dateModified\":\"2025-07-22T17:29:50+00:00\",\"breadcrumb\":{\"@id\":\"https:\\\/\\\/alllira.com\\\/product\\\/figuras-de-accion-de-super-heroes-robot-hot-iron-man-baile-cantar-sonido-led-spiderman-vengadores-regalos-de-navidad-19cm\\\/#breadcrumb\"},\"inLanguage\":\"es\",\"potentialAction\":[{\"@type\":\"ReadAction\",\"target\":[\"https:\\\/\\\/alllira.com\\\/product\\\/figuras-de-accion-de-super-heroes-robot-hot-iron-man-baile-cantar-sonido-led-spiderman-vengadores-regalos-de-navidad-19cm\\\/\"]}]},{\"@type\":\"ImageObject\",\"inLanguage\":\"es\",\"@id\":\"https:\\\/\\\/alllira.com\\\/product\\\/figuras-de-accion-de-super-heroes-robot-hot-iron-man-baile-cantar-sonido-led-spiderman-vengadores-regalos-de-navidad-19cm\\\/#primaryimage\",\"url\":\"https:\\\/\\\/ae01.alicdn.com\\\/kf\\\/S34aaee3b5ab440b0b6dbd54a43bb6cd5K.jpg\",\"contentUrl\":\"https:\\\/\\\/ae01.alicdn.com\\\/kf\\\/S34aaee3b5ab440b0b6dbd54a43bb6cd5K.jpg\",\"width\":800,\"height\":800,\"caption\":\"15568-ecbf48.jpg\"},{\"@type\":\"BreadcrumbList\",\"@id\":\"https:\\\/\\\/alllira.com\\\/product\\\/figuras-de-accion-de-super-heroes-robot-hot-iron-man-baile-cantar-sonido-led-spiderman-vengadores-regalos-de-navidad-19cm\\\/#breadcrumb\",\"itemListElement\":[{\"@type\":\"ListItem\",\"position\":1,\"name\":\"Home\",\"item\":\"https:\\\/\\\/alllira.com\\\/\"},{\"@type\":\"ListItem\",\"position\":2,\"name\":\"Shop\",\"item\":\"https:\\\/\\\/alllira.com\\\/shop\\\/\"},{\"@type\":\"ListItem\",\"position\":3,\"name\":\"Figuras de acci\u00f3n de Super h\u00e9roes, Robot Hot, Iron Man, baile, cantar, sonido, Led, Spiderman, vengadores, regalos de Navidad, 19cm\"}]},{\"@type\":\"WebSite\",\"@id\":\"https:\\\/\\\/alllira.com\\\/#website\",\"url\":\"https:\\\/\\\/alllira.com\\\/\",\"name\":\"Alllira\",\"description\":\"\",\"publisher\":{\"@id\":\"https:\\\/\\\/alllira.com\\\/#organization\"},\"potentialAction\":[{\"@type\":\"SearchAction\",\"target\":{\"@type\":\"EntryPoint\",\"urlTemplate\":\"https:\\\/\\\/alllira.com\\\/?s={search_term_string}\"},\"query-input\":{\"@type\":\"PropertyValueSpecification\",\"valueRequired\":true,\"valueName\":\"search_term_string\"}}],\"inLanguage\":\"es\"},{\"@type\":\"Organization\",\"@id\":\"https:\\\/\\\/alllira.com\\\/#organization\",\"name\":\"Alllira\",\"url\":\"https:\\\/\\\/alllira.com\\\/\",\"logo\":{\"@type\":\"ImageObject\",\"inLanguage\":\"es\",\"@id\":\"https:\\\/\\\/alllira.com\\\/#\\\/schema\\\/logo\\\/image\\\/\",\"url\":\"https:\\\/\\\/alllira.com\\\/wp-content\\\/uploads\\\/2023\\\/11\\\/399982192_122102027870105445_276710788166891880_n.jpg\",\"contentUrl\":\"https:\\\/\\\/alllira.com\\\/wp-content\\\/uploads\\\/2023\\\/11\\\/399982192_122102027870105445_276710788166891880_n.jpg\",\"width\":400,\"height\":400,\"caption\":\"Alllira\"},\"image\":{\"@id\":\"https:\\\/\\\/alllira.com\\\/#\\\/schema\\\/logo\\\/image\\\/\"},\"sameAs\":[\"https:\\\/\\\/www.facebook.com\\\/profile.php?id=61553163366147\"]}]}<\/script>\n<!-- \/ Yoast SEO plugin. -->","yoast_head_json":{"title":"Figuras de acci\u00f3n de Super h\u00e9roes, Robot Hot, Iron Man, baile, cantar, sonido, Led, Spiderman, vengadores, regalos de Navidad, 19cm - Alllira","robots":{"index":"index","follow":"follow","max-snippet":"max-snippet:-1","max-image-preview":"max-image-preview:large","max-video-preview":"max-video-preview:-1"},"canonical":"https:\/\/alllira.com\/es\/producto\/figuras-de-accion-de-super-heroes-robot-hot-iron-man-baile-cantar-sonido-led-spiderman-vengadores-regalos-de-navidad-19cm\/","og_locale":"es_ES","og_type":"article","og_title":"Figuras de acci\u00f3n de Super h\u00e9roes, Robot Hot, Iron Man, baile, cantar, sonido, Led, Spiderman, vengadores, regalos de Navidad, 19cm - Alllira","og_description":"Condici\u00f3n: 100% nuevo Material:PVC Tama\u00f1o: aproximadamente 19cm Embalaje: con caja de venta al por menor NOTA: 1. El tama\u00f1o de los productos se mide manualmente, puede haber un error de 1-3cm 2. Debido a los diferentes monitores, puede haber cierta diferencia de color con diferentes \u00e1ngulos de disparo.","og_url":"https:\/\/alllira.com\/es\/producto\/figuras-de-accion-de-super-heroes-robot-hot-iron-man-baile-cantar-sonido-led-spiderman-vengadores-regalos-de-navidad-19cm\/","og_site_name":"Alllira","article_publisher":"https:\/\/www.facebook.com\/profile.php?id=61553163366147","article_modified_time":"2025-07-22T17:29:50+00:00","og_image":[{"width":800,"height":800,"url":"https:\/\/ae01.alicdn.com\/kf\/S34aaee3b5ab440b0b6dbd54a43bb6cd5K.jpg","type":"image\/jpeg"}],"twitter_card":"summary_large_image","twitter_misc":{"Tiempo de lectura":"5 minutos"},"schema":{"@context":"https:\/\/schema.org","@graph":[{"@type":"WebPage","@id":"https:\/\/alllira.com\/product\/figuras-de-accion-de-super-heroes-robot-hot-iron-man-baile-cantar-sonido-led-spiderman-vengadores-regalos-de-navidad-19cm\/","url":"https:\/\/alllira.com\/product\/figuras-de-accion-de-super-heroes-robot-hot-iron-man-baile-cantar-sonido-led-spiderman-vengadores-regalos-de-navidad-19cm\/","name":"Figuras de acci\u00f3n de Super h\u00e9roes, Robot Hot, Iron Man, baile, cantar, sonido, Led, Spiderman, vengadores, regalos de Navidad, 19cm - Alllira","isPartOf":{"@id":"https:\/\/alllira.com\/#website"},"primaryImageOfPage":{"@id":"https:\/\/alllira.com\/product\/figuras-de-accion-de-super-heroes-robot-hot-iron-man-baile-cantar-sonido-led-spiderman-vengadores-regalos-de-navidad-19cm\/#primaryimage"},"image":{"@id":"https:\/\/alllira.com\/product\/figuras-de-accion-de-super-heroes-robot-hot-iron-man-baile-cantar-sonido-led-spiderman-vengadores-regalos-de-navidad-19cm\/#primaryimage"},"thumbnailUrl":"https:\/\/ae01.alicdn.com\/kf\/S34aaee3b5ab440b0b6dbd54a43bb6cd5K.jpg","datePublished":"2024-04-27T00:18:15+00:00","dateModified":"2025-07-22T17:29:50+00:00","breadcrumb":{"@id":"https:\/\/alllira.com\/product\/figuras-de-accion-de-super-heroes-robot-hot-iron-man-baile-cantar-sonido-led-spiderman-vengadores-regalos-de-navidad-19cm\/#breadcrumb"},"inLanguage":"es","potentialAction":[{"@type":"ReadAction","target":["https:\/\/alllira.com\/product\/figuras-de-accion-de-super-heroes-robot-hot-iron-man-baile-cantar-sonido-led-spiderman-vengadores-regalos-de-navidad-19cm\/"]}]},{"@type":"ImageObject","inLanguage":"es","@id":"https:\/\/alllira.com\/product\/figuras-de-accion-de-super-heroes-robot-hot-iron-man-baile-cantar-sonido-led-spiderman-vengadores-regalos-de-navidad-19cm\/#primaryimage","url":"https:\/\/ae01.alicdn.com\/kf\/S34aaee3b5ab440b0b6dbd54a43bb6cd5K.jpg","contentUrl":"https:\/\/ae01.alicdn.com\/kf\/S34aaee3b5ab440b0b6dbd54a43bb6cd5K.jpg","width":800,"height":800,"caption":"15568-ecbf48.jpg"},{"@type":"BreadcrumbList","@id":"https:\/\/alllira.com\/product\/figuras-de-accion-de-super-heroes-robot-hot-iron-man-baile-cantar-sonido-led-spiderman-vengadores-regalos-de-navidad-19cm\/#breadcrumb","itemListElement":[{"@type":"ListItem","position":1,"name":"Home","item":"https:\/\/alllira.com\/"},{"@type":"ListItem","position":2,"name":"Shop","item":"https:\/\/alllira.com\/shop\/"},{"@type":"ListItem","position":3,"name":"Figuras de acci\u00f3n de Super h\u00e9roes, Robot Hot, Iron Man, baile, cantar, sonido, Led, Spiderman, vengadores, regalos de Navidad, 19cm"}]},{"@type":"WebSite","@id":"https:\/\/alllira.com\/#website","url":"https:\/\/alllira.com\/","name":"Alllira","description":"","publisher":{"@id":"https:\/\/alllira.com\/#organization"},"potentialAction":[{"@type":"SearchAction","target":{"@type":"EntryPoint","urlTemplate":"https:\/\/alllira.com\/?s={search_term_string}"},"query-input":{"@type":"PropertyValueSpecification","valueRequired":true,"valueName":"search_term_string"}}],"inLanguage":"es"},{"@type":"Organization","@id":"https:\/\/alllira.com\/#organization","name":"Alllira","url":"https:\/\/alllira.com\/","logo":{"@type":"ImageObject","inLanguage":"es","@id":"https:\/\/alllira.com\/#\/schema\/logo\/image\/","url":"https:\/\/alllira.com\/wp-content\/uploads\/2023\/11\/399982192_122102027870105445_276710788166891880_n.jpg","contentUrl":"https:\/\/alllira.com\/wp-content\/uploads\/2023\/11\/399982192_122102027870105445_276710788166891880_n.jpg","width":400,"height":400,"caption":"Alllira"},"image":{"@id":"https:\/\/alllira.com\/#\/schema\/logo\/image\/"},"sameAs":["https:\/\/www.facebook.com\/profile.php?id=61553163366147"]}]}},"jetpack_sharing_enabled":true,"_links":{"self":[{"href":"https:\/\/alllira.com\/es\/wp-json\/wp\/v2\/product\/15565","targetHints":{"allow":["GET"]}}],"collection":[{"href":"https:\/\/alllira.com\/es\/wp-json\/wp\/v2\/product"}],"about":[{"href":"https:\/\/alllira.com\/es\/wp-json\/wp\/v2\/types\/product"}],"replies":[{"embeddable":true,"href":"https:\/\/alllira.com\/es\/wp-json\/wp\/v2\/comments?post=15565"}],"wp:featuredmedia":[{"embeddable":true,"href":"https:\/\/alllira.com\/es\/wp-json\/wp\/v2\/media\/15581"}],"wp:attachment":[{"href":"https:\/\/alllira.com\/es\/wp-json\/wp\/v2\/media?parent=15565"}],"wp:term":[{"taxonomy":"product_brand","embeddable":true,"href":"https:\/\/alllira.com\/es\/wp-json\/wp\/v2\/product_brand?post=15565"},{"taxonomy":"product_cat","embeddable":true,"href":"https:\/\/alllira.com\/es\/wp-json\/wp\/v2\/product_cat?post=15565"},{"taxonomy":"product_tag","embeddable":true,"href":"https:\/\/alllira.com\/es\/wp-json\/wp\/v2\/product_tag?post=15565"}],"curies":[{"name":"wp","href":"https:\/\/api.w.org\/{rel}","templated":true}]}}