{"id":15647,"date":"2024-11-15T19:17:11","date_gmt":"2024-11-16T00:17:11","guid":{"rendered":"https:\/\/alllira.com\/es\/producto\/disney-toy-story-4-anime-figure-talking-woody-buzz-jessie-rex-action-figures-model-decoration-collection-christmas-toy-gifts\/"},"modified":"2025-07-22T12:30:15","modified_gmt":"2025-07-22T17:30:15","slug":"disney-toy-story-4-anime-figure-talking-woody-buzz-jessie-rex-action-figures-model-decoration-collection-christmas-toy-gifts","status":"publish","type":"product","link":"https:\/\/alllira.com\/es\/producto\/disney-toy-story-4-anime-figure-talking-woody-buzz-jessie-rex-action-figures-model-decoration-collection-christmas-toy-gifts\/","title":{"rendered":"Disney Toy Story Woody, Jessie Figures"},"content":{"rendered":"<div>\n<p>Disney Toy Story, figura de Anime que habla, Woody, Jessie. Figuras de acci\u00f3n decoraci\u00f3n modelo colecci\u00f3n juguetes de Navidad regalos.<\/p>\n<p>Nota: Debido a las diferentes versiones y iluminaci\u00f3n, el color de piel, el color de labios y los ojos de las mu\u00f1ecas pueden variar.<\/p>\n<\/div>\n<div><img decoding=\"async\" src=\"\/\/ae01.alicdn.com\/kf\/Sbcb09fa8296c4b01bd8a4526e921c0e5S.jpg\" \/><img decoding=\"async\" src=\"\/\/ae01.alicdn.com\/kf\/Se3c04a21bd2b4e208e7be6829339d6ce5.jpg\" \/><img decoding=\"async\" src=\"\/\/ae01.alicdn.com\/kf\/Sf6da4f752d6e4ba1b39efffa973be620n.jpg\" \/><img decoding=\"async\" src=\"\/\/ae01.alicdn.com\/kf\/S2637701826ef498dbd4c46ad0793819fl.jpg\" \/><\/div>\n<div><img decoding=\"async\" src=\"\/\/ae01.alicdn.com\/kf\/Seb6c960fcff94253844c3f072822addbj.jpg\" \/><\/div>\n<div><img decoding=\"async\" src=\"\/\/ae01.alicdn.com\/kf\/Sacdaeeac7c114da1947c1b19ef2650159.jpg\" \/><\/div>\n<div><img decoding=\"async\" src=\"\/\/ae01.alicdn.com\/kf\/Se9ef22c6f9a740279141ae9283a71e0ar.jpg\" \/><\/div>\n<div><img decoding=\"async\" src=\"\/\/ae01.alicdn.com\/kf\/S8a456a6aeb64475db4e8e8982dfb9162V.jpg\" \/><\/div>\n<div><img decoding=\"async\" src=\"\/\/ae01.alicdn.com\/kf\/Sbd2f263041e54ab4aa34094f8d5c9d07h.jpg\" \/><\/div>\n<div><img decoding=\"async\" src=\"\/\/ae01.alicdn.com\/kf\/Sbdf005e279bb4e09ad65d2743a6c3a54T.jpg\" \/><\/div>\n<div><img decoding=\"async\" src=\"\/\/ae01.alicdn.com\/kf\/Sc601a27283fe4e8ca5af79e51ad3caa2A.jpg\" \/><\/div>\n<div><img decoding=\"async\" src=\"\/\/ae01.alicdn.com\/kf\/S63ad0541d6e341fc956e65df80b1a4d5c.jpg\" \/><\/div>\n<div>\n<div><\/div>\n<\/div>\n<p>&nbsp;<\/p>","protected":false},"excerpt":{"rendered":"<p>Disney Toy Story, figura de Anime que habla, Woody, Jessie. Figuras de acci\u00f3n decoraci\u00f3n modelo colecci\u00f3n juguetes de Navidad regalos. Nota: Debido a las diferentes versiones y iluminaci\u00f3n, el color de piel, el color de labios y los ojos de las mu\u00f1ecas pueden variar. &nbsp;<\/p>","protected":false},"featured_media":15653,"comment_status":"open","ping_status":"closed","template":"","meta":[],"product_brand":[],"product_cat":[35],"product_tag":[],"class_list":{"0":"post-15647","1":"product","2":"type-product","3":"status-publish","4":"has-post-thumbnail","6":"product_cat-toys","8":"first","9":"instock","10":"sale","11":"taxable","12":"shipping-taxable","13":"purchasable","14":"product-type-variable"},"yoast_head":"<!-- This site is optimized with the Yoast SEO plugin v27.5 - https:\/\/yoast.com\/product\/yoast-seo-wordpress\/ -->\n<title>Disney Toy Story Woody, Jessie Figures - Alllira<\/title>\n<meta name=\"robots\" content=\"index, follow, max-snippet:-1, max-image-preview:large, max-video-preview:-1\" \/>\n<link rel=\"canonical\" href=\"https:\/\/alllira.com\/es\/producto\/disney-toy-story-4-anime-figure-talking-woody-buzz-jessie-rex-action-figures-model-decoration-collection-christmas-toy-gifts\/\" \/>\n<meta property=\"og:locale\" content=\"es_ES\" \/>\n<meta property=\"og:type\" content=\"article\" \/>\n<meta property=\"og:title\" content=\"Disney Toy Story Woody, Jessie Figures - Alllira\" \/>\n<meta property=\"og:description\" content=\"Disney Toy Story, figura de Anime que habla, Woody, Jessie. Figuras de acci\u00f3n decoraci\u00f3n modelo colecci\u00f3n juguetes de Navidad regalos. Nota: Debido a las diferentes versiones y iluminaci\u00f3n, el color de piel, el color de labios y los ojos de las mu\u00f1ecas pueden variar. &nbsp;\" \/>\n<meta property=\"og:url\" content=\"https:\/\/alllira.com\/es\/producto\/disney-toy-story-4-anime-figure-talking-woody-buzz-jessie-rex-action-figures-model-decoration-collection-christmas-toy-gifts\/\" \/>\n<meta property=\"og:site_name\" content=\"Alllira\" \/>\n<meta property=\"article:publisher\" content=\"https:\/\/www.facebook.com\/profile.php?id=61553163366147\" \/>\n<meta property=\"article:modified_time\" content=\"2025-07-22T17:30:15+00:00\" \/>\n<meta property=\"og:image\" content=\"https:\/\/ae01.alicdn.com\/kf\/S5b242310ac7146bb96e8deec49845b13X\/Disney-Toy-Story-4-Anime-Figure-Talking-Woody-Buzz-Jessie-Rex-Action-Figures-Model-Decoration-Collection.jpg\" \/>\n\t<meta property=\"og:image:width\" content=\"800\" \/>\n\t<meta property=\"og:image:height\" content=\"800\" \/>\n\t<meta property=\"og:image:type\" content=\"image\/jpeg\" \/>\n<meta name=\"twitter:card\" content=\"summary_large_image\" \/>\n<meta name=\"twitter:label1\" content=\"Tiempo de lectura\" \/>\n\t<meta name=\"twitter:data1\" content=\"3 minutos\" \/>\n<script type=\"application\/ld+json\" class=\"yoast-schema-graph\">{\"@context\":\"https:\\\/\\\/schema.org\",\"@graph\":[{\"@type\":\"WebPage\",\"@id\":\"https:\\\/\\\/alllira.com\\\/product\\\/disney-toy-story-4-anime-figure-talking-woody-buzz-jessie-rex-action-figures-model-decoration-collection-christmas-toy-gifts\\\/\",\"url\":\"https:\\\/\\\/alllira.com\\\/product\\\/disney-toy-story-4-anime-figure-talking-woody-buzz-jessie-rex-action-figures-model-decoration-collection-christmas-toy-gifts\\\/\",\"name\":\"Disney Toy Story Woody, Jessie Figures - Alllira\",\"isPartOf\":{\"@id\":\"https:\\\/\\\/alllira.com\\\/#website\"},\"primaryImageOfPage\":{\"@id\":\"https:\\\/\\\/alllira.com\\\/product\\\/disney-toy-story-4-anime-figure-talking-woody-buzz-jessie-rex-action-figures-model-decoration-collection-christmas-toy-gifts\\\/#primaryimage\"},\"image\":{\"@id\":\"https:\\\/\\\/alllira.com\\\/product\\\/disney-toy-story-4-anime-figure-talking-woody-buzz-jessie-rex-action-figures-model-decoration-collection-christmas-toy-gifts\\\/#primaryimage\"},\"thumbnailUrl\":\"https:\\\/\\\/ae01.alicdn.com\\\/kf\\\/S5b242310ac7146bb96e8deec49845b13X\\\/Disney-Toy-Story-4-Anime-Figure-Talking-Woody-Buzz-Jessie-Rex-Action-Figures-Model-Decoration-Collection.jpg\",\"datePublished\":\"2024-11-16T00:17:11+00:00\",\"dateModified\":\"2025-07-22T17:30:15+00:00\",\"breadcrumb\":{\"@id\":\"https:\\\/\\\/alllira.com\\\/product\\\/disney-toy-story-4-anime-figure-talking-woody-buzz-jessie-rex-action-figures-model-decoration-collection-christmas-toy-gifts\\\/#breadcrumb\"},\"inLanguage\":\"es\",\"potentialAction\":[{\"@type\":\"ReadAction\",\"target\":[\"https:\\\/\\\/alllira.com\\\/product\\\/disney-toy-story-4-anime-figure-talking-woody-buzz-jessie-rex-action-figures-model-decoration-collection-christmas-toy-gifts\\\/\"]}]},{\"@type\":\"ImageObject\",\"inLanguage\":\"es\",\"@id\":\"https:\\\/\\\/alllira.com\\\/product\\\/disney-toy-story-4-anime-figure-talking-woody-buzz-jessie-rex-action-figures-model-decoration-collection-christmas-toy-gifts\\\/#primaryimage\",\"url\":\"https:\\\/\\\/ae01.alicdn.com\\\/kf\\\/S5b242310ac7146bb96e8deec49845b13X\\\/Disney-Toy-Story-4-Anime-Figure-Talking-Woody-Buzz-Jessie-Rex-Action-Figures-Model-Decoration-Collection.jpg\",\"contentUrl\":\"https:\\\/\\\/ae01.alicdn.com\\\/kf\\\/S5b242310ac7146bb96e8deec49845b13X\\\/Disney-Toy-Story-4-Anime-Figure-Talking-Woody-Buzz-Jessie-Rex-Action-Figures-Model-Decoration-Collection.jpg\",\"width\":800,\"height\":800,\"caption\":\"15647-caf44f.jpg\"},{\"@type\":\"BreadcrumbList\",\"@id\":\"https:\\\/\\\/alllira.com\\\/product\\\/disney-toy-story-4-anime-figure-talking-woody-buzz-jessie-rex-action-figures-model-decoration-collection-christmas-toy-gifts\\\/#breadcrumb\",\"itemListElement\":[{\"@type\":\"ListItem\",\"position\":1,\"name\":\"Home\",\"item\":\"https:\\\/\\\/alllira.com\\\/\"},{\"@type\":\"ListItem\",\"position\":2,\"name\":\"Shop\",\"item\":\"https:\\\/\\\/alllira.com\\\/shop\\\/\"},{\"@type\":\"ListItem\",\"position\":3,\"name\":\"Disney Toy Story Woody, Jessie Figures\"}]},{\"@type\":\"WebSite\",\"@id\":\"https:\\\/\\\/alllira.com\\\/#website\",\"url\":\"https:\\\/\\\/alllira.com\\\/\",\"name\":\"Alllira\",\"description\":\"\",\"publisher\":{\"@id\":\"https:\\\/\\\/alllira.com\\\/#organization\"},\"potentialAction\":[{\"@type\":\"SearchAction\",\"target\":{\"@type\":\"EntryPoint\",\"urlTemplate\":\"https:\\\/\\\/alllira.com\\\/?s={search_term_string}\"},\"query-input\":{\"@type\":\"PropertyValueSpecification\",\"valueRequired\":true,\"valueName\":\"search_term_string\"}}],\"inLanguage\":\"es\"},{\"@type\":\"Organization\",\"@id\":\"https:\\\/\\\/alllira.com\\\/#organization\",\"name\":\"Alllira\",\"url\":\"https:\\\/\\\/alllira.com\\\/\",\"logo\":{\"@type\":\"ImageObject\",\"inLanguage\":\"es\",\"@id\":\"https:\\\/\\\/alllira.com\\\/#\\\/schema\\\/logo\\\/image\\\/\",\"url\":\"https:\\\/\\\/alllira.com\\\/wp-content\\\/uploads\\\/2023\\\/11\\\/399982192_122102027870105445_276710788166891880_n.jpg\",\"contentUrl\":\"https:\\\/\\\/alllira.com\\\/wp-content\\\/uploads\\\/2023\\\/11\\\/399982192_122102027870105445_276710788166891880_n.jpg\",\"width\":400,\"height\":400,\"caption\":\"Alllira\"},\"image\":{\"@id\":\"https:\\\/\\\/alllira.com\\\/#\\\/schema\\\/logo\\\/image\\\/\"},\"sameAs\":[\"https:\\\/\\\/www.facebook.com\\\/profile.php?id=61553163366147\"]}]}<\/script>\n<!-- \/ Yoast SEO plugin. -->","yoast_head_json":{"title":"Disney Toy Story Woody, Jessie Figures - Alllira","robots":{"index":"index","follow":"follow","max-snippet":"max-snippet:-1","max-image-preview":"max-image-preview:large","max-video-preview":"max-video-preview:-1"},"canonical":"https:\/\/alllira.com\/es\/producto\/disney-toy-story-4-anime-figure-talking-woody-buzz-jessie-rex-action-figures-model-decoration-collection-christmas-toy-gifts\/","og_locale":"es_ES","og_type":"article","og_title":"Disney Toy Story Woody, Jessie Figures - Alllira","og_description":"Disney Toy Story, figura de Anime que habla, Woody, Jessie. Figuras de acci\u00f3n decoraci\u00f3n modelo colecci\u00f3n juguetes de Navidad regalos. Nota: Debido a las diferentes versiones y iluminaci\u00f3n, el color de piel, el color de labios y los ojos de las mu\u00f1ecas pueden variar. &nbsp;","og_url":"https:\/\/alllira.com\/es\/producto\/disney-toy-story-4-anime-figure-talking-woody-buzz-jessie-rex-action-figures-model-decoration-collection-christmas-toy-gifts\/","og_site_name":"Alllira","article_publisher":"https:\/\/www.facebook.com\/profile.php?id=61553163366147","article_modified_time":"2025-07-22T17:30:15+00:00","og_image":[{"width":800,"height":800,"url":"https:\/\/ae01.alicdn.com\/kf\/S5b242310ac7146bb96e8deec49845b13X\/Disney-Toy-Story-4-Anime-Figure-Talking-Woody-Buzz-Jessie-Rex-Action-Figures-Model-Decoration-Collection.jpg","type":"image\/jpeg"}],"twitter_card":"summary_large_image","twitter_misc":{"Tiempo de lectura":"3 minutos"},"schema":{"@context":"https:\/\/schema.org","@graph":[{"@type":"WebPage","@id":"https:\/\/alllira.com\/product\/disney-toy-story-4-anime-figure-talking-woody-buzz-jessie-rex-action-figures-model-decoration-collection-christmas-toy-gifts\/","url":"https:\/\/alllira.com\/product\/disney-toy-story-4-anime-figure-talking-woody-buzz-jessie-rex-action-figures-model-decoration-collection-christmas-toy-gifts\/","name":"Disney Toy Story Woody, Jessie Figures - Alllira","isPartOf":{"@id":"https:\/\/alllira.com\/#website"},"primaryImageOfPage":{"@id":"https:\/\/alllira.com\/product\/disney-toy-story-4-anime-figure-talking-woody-buzz-jessie-rex-action-figures-model-decoration-collection-christmas-toy-gifts\/#primaryimage"},"image":{"@id":"https:\/\/alllira.com\/product\/disney-toy-story-4-anime-figure-talking-woody-buzz-jessie-rex-action-figures-model-decoration-collection-christmas-toy-gifts\/#primaryimage"},"thumbnailUrl":"https:\/\/ae01.alicdn.com\/kf\/S5b242310ac7146bb96e8deec49845b13X\/Disney-Toy-Story-4-Anime-Figure-Talking-Woody-Buzz-Jessie-Rex-Action-Figures-Model-Decoration-Collection.jpg","datePublished":"2024-11-16T00:17:11+00:00","dateModified":"2025-07-22T17:30:15+00:00","breadcrumb":{"@id":"https:\/\/alllira.com\/product\/disney-toy-story-4-anime-figure-talking-woody-buzz-jessie-rex-action-figures-model-decoration-collection-christmas-toy-gifts\/#breadcrumb"},"inLanguage":"es","potentialAction":[{"@type":"ReadAction","target":["https:\/\/alllira.com\/product\/disney-toy-story-4-anime-figure-talking-woody-buzz-jessie-rex-action-figures-model-decoration-collection-christmas-toy-gifts\/"]}]},{"@type":"ImageObject","inLanguage":"es","@id":"https:\/\/alllira.com\/product\/disney-toy-story-4-anime-figure-talking-woody-buzz-jessie-rex-action-figures-model-decoration-collection-christmas-toy-gifts\/#primaryimage","url":"https:\/\/ae01.alicdn.com\/kf\/S5b242310ac7146bb96e8deec49845b13X\/Disney-Toy-Story-4-Anime-Figure-Talking-Woody-Buzz-Jessie-Rex-Action-Figures-Model-Decoration-Collection.jpg","contentUrl":"https:\/\/ae01.alicdn.com\/kf\/S5b242310ac7146bb96e8deec49845b13X\/Disney-Toy-Story-4-Anime-Figure-Talking-Woody-Buzz-Jessie-Rex-Action-Figures-Model-Decoration-Collection.jpg","width":800,"height":800,"caption":"15647-caf44f.jpg"},{"@type":"BreadcrumbList","@id":"https:\/\/alllira.com\/product\/disney-toy-story-4-anime-figure-talking-woody-buzz-jessie-rex-action-figures-model-decoration-collection-christmas-toy-gifts\/#breadcrumb","itemListElement":[{"@type":"ListItem","position":1,"name":"Home","item":"https:\/\/alllira.com\/"},{"@type":"ListItem","position":2,"name":"Shop","item":"https:\/\/alllira.com\/shop\/"},{"@type":"ListItem","position":3,"name":"Disney Toy Story Woody, Jessie Figures"}]},{"@type":"WebSite","@id":"https:\/\/alllira.com\/#website","url":"https:\/\/alllira.com\/","name":"Alllira","description":"","publisher":{"@id":"https:\/\/alllira.com\/#organization"},"potentialAction":[{"@type":"SearchAction","target":{"@type":"EntryPoint","urlTemplate":"https:\/\/alllira.com\/?s={search_term_string}"},"query-input":{"@type":"PropertyValueSpecification","valueRequired":true,"valueName":"search_term_string"}}],"inLanguage":"es"},{"@type":"Organization","@id":"https:\/\/alllira.com\/#organization","name":"Alllira","url":"https:\/\/alllira.com\/","logo":{"@type":"ImageObject","inLanguage":"es","@id":"https:\/\/alllira.com\/#\/schema\/logo\/image\/","url":"https:\/\/alllira.com\/wp-content\/uploads\/2023\/11\/399982192_122102027870105445_276710788166891880_n.jpg","contentUrl":"https:\/\/alllira.com\/wp-content\/uploads\/2023\/11\/399982192_122102027870105445_276710788166891880_n.jpg","width":400,"height":400,"caption":"Alllira"},"image":{"@id":"https:\/\/alllira.com\/#\/schema\/logo\/image\/"},"sameAs":["https:\/\/www.facebook.com\/profile.php?id=61553163366147"]}]}},"jetpack_sharing_enabled":true,"_links":{"self":[{"href":"https:\/\/alllira.com\/es\/wp-json\/wp\/v2\/product\/15647","targetHints":{"allow":["GET"]}}],"collection":[{"href":"https:\/\/alllira.com\/es\/wp-json\/wp\/v2\/product"}],"about":[{"href":"https:\/\/alllira.com\/es\/wp-json\/wp\/v2\/types\/product"}],"replies":[{"embeddable":true,"href":"https:\/\/alllira.com\/es\/wp-json\/wp\/v2\/comments?post=15647"}],"wp:featuredmedia":[{"embeddable":true,"href":"https:\/\/alllira.com\/es\/wp-json\/wp\/v2\/media\/15653"}],"wp:attachment":[{"href":"https:\/\/alllira.com\/es\/wp-json\/wp\/v2\/media?parent=15647"}],"wp:term":[{"taxonomy":"product_brand","embeddable":true,"href":"https:\/\/alllira.com\/es\/wp-json\/wp\/v2\/product_brand?post=15647"},{"taxonomy":"product_cat","embeddable":true,"href":"https:\/\/alllira.com\/es\/wp-json\/wp\/v2\/product_cat?post=15647"},{"taxonomy":"product_tag","embeddable":true,"href":"https:\/\/alllira.com\/es\/wp-json\/wp\/v2\/product_tag?post=15647"}],"curies":[{"name":"wp","href":"https:\/\/api.w.org\/{rel}","templated":true}]}}