{"id":18024,"date":"2025-08-13T21:16:35","date_gmt":"2025-08-14T02:16:35","guid":{"rendered":"https:\/\/alllira.com\/es\/producto\/dc-super-hero-liga-de-la-justicia-superman-figura-coleccion-llavero-juguete\/"},"modified":"2025-08-13T21:17:37","modified_gmt":"2025-08-14T02:17:37","slug":"dc-super-hero-liga-de-la-justicia-superman-figura-coleccion-llavero-juguete","status":"publish","type":"product","link":"https:\/\/alllira.com\/es\/producto\/dc-super-hero-liga-de-la-justicia-superman-figura-coleccion-llavero-juguete\/","title":{"rendered":"DC Super Hero Liga de la Justicia Superman Figura Colecci\u00f3n Llavero Juguete"},"content":{"rendered":"<div>\n<div>\n<p id=\"tl_1\">Juguete modelo de llavero de pl\u00e1stico<\/p>\n<p id=\"tl_2\">Tama\u00f1o altura del art\u00edculo 4 cm\/art\u00edculo + llavero 10 cm<\/p>\n<p id=\"tl_3\">Material PVC<\/p>\n<p id=\"tl_4\">Todos los llaveros vienen con caja al por menor.<\/p>\n<\/div>\n<\/div>","protected":false},"excerpt":{"rendered":"<p>Juguete modelo de llavero de pl\u00e1stico Tama\u00f1o altura del art\u00edculo 4 cm\/art\u00edculo + llavero 10 cm Material PVC Todos los llaveros vienen con caja al por menor.<\/p>","protected":false},"featured_media":18066,"comment_status":"open","ping_status":"closed","template":"","meta":[],"product_brand":[],"product_cat":[35],"product_tag":[],"class_list":{"0":"post-18024","1":"product","2":"type-product","3":"status-publish","4":"has-post-thumbnail","6":"product_cat-toys","8":"first","9":"instock","10":"sale","11":"taxable","12":"shipping-taxable","13":"purchasable","14":"product-type-variable"},"yoast_head":"<!-- This site is optimized with the Yoast SEO plugin v27.5 - https:\/\/yoast.com\/product\/yoast-seo-wordpress\/ -->\n<title>DC Super Hero Liga de la Justicia Superman Figura Colecci\u00f3n Llavero Juguete - Alllira<\/title>\n<meta name=\"robots\" content=\"index, follow, max-snippet:-1, max-image-preview:large, max-video-preview:-1\" \/>\n<link rel=\"canonical\" href=\"https:\/\/alllira.com\/es\/producto\/dc-super-hero-liga-de-la-justicia-superman-figura-coleccion-llavero-juguete\/\" \/>\n<meta property=\"og:locale\" content=\"es_ES\" \/>\n<meta property=\"og:type\" content=\"article\" \/>\n<meta property=\"og:title\" content=\"DC Super Hero Liga de la Justicia Superman Figura Colecci\u00f3n Llavero Juguete - Alllira\" \/>\n<meta property=\"og:description\" content=\"Juguete modelo de llavero de pl\u00e1stico Tama\u00f1o altura del art\u00edculo 4 cm\/art\u00edculo + llavero 10 cm Material PVC Todos los llaveros vienen con caja al por menor.\" \/>\n<meta property=\"og:url\" content=\"https:\/\/alllira.com\/es\/producto\/dc-super-hero-liga-de-la-justicia-superman-figura-coleccion-llavero-juguete\/\" \/>\n<meta property=\"og:site_name\" content=\"Alllira\" \/>\n<meta property=\"article:publisher\" content=\"https:\/\/www.facebook.com\/profile.php?id=61553163366147\" \/>\n<meta property=\"article:modified_time\" content=\"2025-08-14T02:17:37+00:00\" \/>\n<meta property=\"og:image\" content=\"https:\/\/ae01.alicdn.com\/kf\/S7147596165d9479ea30ba7cfdcbe107bx.png\" \/>\n\t<meta property=\"og:image:width\" content=\"800\" \/>\n\t<meta property=\"og:image:height\" content=\"800\" \/>\n\t<meta property=\"og:image:type\" content=\"image\/png\" \/>\n<meta name=\"twitter:card\" content=\"summary_large_image\" \/>\n<meta name=\"twitter:label1\" content=\"Tiempo de lectura\" \/>\n\t<meta name=\"twitter:data1\" content=\"1 minuto\" \/>\n<script type=\"application\/ld+json\" class=\"yoast-schema-graph\">{\"@context\":\"https:\\\/\\\/schema.org\",\"@graph\":[{\"@type\":\"WebPage\",\"@id\":\"https:\\\/\\\/alllira.com\\\/product\\\/dc-super-hero-liga-de-la-justicia-superman-figura-coleccion-llavero-juguete\\\/\",\"url\":\"https:\\\/\\\/alllira.com\\\/product\\\/dc-super-hero-liga-de-la-justicia-superman-figura-coleccion-llavero-juguete\\\/\",\"name\":\"DC Super Hero Liga de la Justicia Superman Figura Colecci\u00f3n Llavero Juguete - Alllira\",\"isPartOf\":{\"@id\":\"https:\\\/\\\/alllira.com\\\/#website\"},\"primaryImageOfPage\":{\"@id\":\"https:\\\/\\\/alllira.com\\\/product\\\/dc-super-hero-liga-de-la-justicia-superman-figura-coleccion-llavero-juguete\\\/#primaryimage\"},\"image\":{\"@id\":\"https:\\\/\\\/alllira.com\\\/product\\\/dc-super-hero-liga-de-la-justicia-superman-figura-coleccion-llavero-juguete\\\/#primaryimage\"},\"thumbnailUrl\":\"https:\\\/\\\/ae01.alicdn.com\\\/kf\\\/S7147596165d9479ea30ba7cfdcbe107bx.png\",\"datePublished\":\"2025-08-14T02:16:35+00:00\",\"dateModified\":\"2025-08-14T02:17:37+00:00\",\"breadcrumb\":{\"@id\":\"https:\\\/\\\/alllira.com\\\/product\\\/dc-super-hero-liga-de-la-justicia-superman-figura-coleccion-llavero-juguete\\\/#breadcrumb\"},\"inLanguage\":\"es\",\"potentialAction\":[{\"@type\":\"ReadAction\",\"target\":[\"https:\\\/\\\/alllira.com\\\/product\\\/dc-super-hero-liga-de-la-justicia-superman-figura-coleccion-llavero-juguete\\\/\"]}]},{\"@type\":\"ImageObject\",\"inLanguage\":\"es\",\"@id\":\"https:\\\/\\\/alllira.com\\\/product\\\/dc-super-hero-liga-de-la-justicia-superman-figura-coleccion-llavero-juguete\\\/#primaryimage\",\"url\":\"https:\\\/\\\/ae01.alicdn.com\\\/kf\\\/S7147596165d9479ea30ba7cfdcbe107bx.png\",\"contentUrl\":\"https:\\\/\\\/ae01.alicdn.com\\\/kf\\\/S7147596165d9479ea30ba7cfdcbe107bx.png\",\"width\":800,\"height\":800,\"caption\":\"18024-9485bc.png\"},{\"@type\":\"BreadcrumbList\",\"@id\":\"https:\\\/\\\/alllira.com\\\/product\\\/dc-super-hero-liga-de-la-justicia-superman-figura-coleccion-llavero-juguete\\\/#breadcrumb\",\"itemListElement\":[{\"@type\":\"ListItem\",\"position\":1,\"name\":\"Home\",\"item\":\"https:\\\/\\\/alllira.com\\\/\"},{\"@type\":\"ListItem\",\"position\":2,\"name\":\"Shop\",\"item\":\"https:\\\/\\\/alllira.com\\\/shop\\\/\"},{\"@type\":\"ListItem\",\"position\":3,\"name\":\"DC Super Hero Liga de la Justicia Superman Figura Colecci\u00f3n Llavero Juguete\"}]},{\"@type\":\"WebSite\",\"@id\":\"https:\\\/\\\/alllira.com\\\/#website\",\"url\":\"https:\\\/\\\/alllira.com\\\/\",\"name\":\"Alllira\",\"description\":\"\",\"publisher\":{\"@id\":\"https:\\\/\\\/alllira.com\\\/#organization\"},\"potentialAction\":[{\"@type\":\"SearchAction\",\"target\":{\"@type\":\"EntryPoint\",\"urlTemplate\":\"https:\\\/\\\/alllira.com\\\/?s={search_term_string}\"},\"query-input\":{\"@type\":\"PropertyValueSpecification\",\"valueRequired\":true,\"valueName\":\"search_term_string\"}}],\"inLanguage\":\"es\"},{\"@type\":\"Organization\",\"@id\":\"https:\\\/\\\/alllira.com\\\/#organization\",\"name\":\"Alllira\",\"url\":\"https:\\\/\\\/alllira.com\\\/\",\"logo\":{\"@type\":\"ImageObject\",\"inLanguage\":\"es\",\"@id\":\"https:\\\/\\\/alllira.com\\\/#\\\/schema\\\/logo\\\/image\\\/\",\"url\":\"https:\\\/\\\/alllira.com\\\/wp-content\\\/uploads\\\/2023\\\/11\\\/399982192_122102027870105445_276710788166891880_n.jpg\",\"contentUrl\":\"https:\\\/\\\/alllira.com\\\/wp-content\\\/uploads\\\/2023\\\/11\\\/399982192_122102027870105445_276710788166891880_n.jpg\",\"width\":400,\"height\":400,\"caption\":\"Alllira\"},\"image\":{\"@id\":\"https:\\\/\\\/alllira.com\\\/#\\\/schema\\\/logo\\\/image\\\/\"},\"sameAs\":[\"https:\\\/\\\/www.facebook.com\\\/profile.php?id=61553163366147\"]}]}<\/script>\n<!-- \/ Yoast SEO plugin. -->","yoast_head_json":{"title":"DC Super Hero Liga de la Justicia Superman Figura Colecci\u00f3n Llavero Juguete - Alllira","robots":{"index":"index","follow":"follow","max-snippet":"max-snippet:-1","max-image-preview":"max-image-preview:large","max-video-preview":"max-video-preview:-1"},"canonical":"https:\/\/alllira.com\/es\/producto\/dc-super-hero-liga-de-la-justicia-superman-figura-coleccion-llavero-juguete\/","og_locale":"es_ES","og_type":"article","og_title":"DC Super Hero Liga de la Justicia Superman Figura Colecci\u00f3n Llavero Juguete - Alllira","og_description":"Juguete modelo de llavero de pl\u00e1stico Tama\u00f1o altura del art\u00edculo 4 cm\/art\u00edculo + llavero 10 cm Material PVC Todos los llaveros vienen con caja al por menor.","og_url":"https:\/\/alllira.com\/es\/producto\/dc-super-hero-liga-de-la-justicia-superman-figura-coleccion-llavero-juguete\/","og_site_name":"Alllira","article_publisher":"https:\/\/www.facebook.com\/profile.php?id=61553163366147","article_modified_time":"2025-08-14T02:17:37+00:00","og_image":[{"width":800,"height":800,"url":"https:\/\/ae01.alicdn.com\/kf\/S7147596165d9479ea30ba7cfdcbe107bx.png","type":"image\/png"}],"twitter_card":"summary_large_image","twitter_misc":{"Tiempo de lectura":"1 minuto"},"schema":{"@context":"https:\/\/schema.org","@graph":[{"@type":"WebPage","@id":"https:\/\/alllira.com\/product\/dc-super-hero-liga-de-la-justicia-superman-figura-coleccion-llavero-juguete\/","url":"https:\/\/alllira.com\/product\/dc-super-hero-liga-de-la-justicia-superman-figura-coleccion-llavero-juguete\/","name":"DC Super Hero Liga de la Justicia Superman Figura Colecci\u00f3n Llavero Juguete - Alllira","isPartOf":{"@id":"https:\/\/alllira.com\/#website"},"primaryImageOfPage":{"@id":"https:\/\/alllira.com\/product\/dc-super-hero-liga-de-la-justicia-superman-figura-coleccion-llavero-juguete\/#primaryimage"},"image":{"@id":"https:\/\/alllira.com\/product\/dc-super-hero-liga-de-la-justicia-superman-figura-coleccion-llavero-juguete\/#primaryimage"},"thumbnailUrl":"https:\/\/ae01.alicdn.com\/kf\/S7147596165d9479ea30ba7cfdcbe107bx.png","datePublished":"2025-08-14T02:16:35+00:00","dateModified":"2025-08-14T02:17:37+00:00","breadcrumb":{"@id":"https:\/\/alllira.com\/product\/dc-super-hero-liga-de-la-justicia-superman-figura-coleccion-llavero-juguete\/#breadcrumb"},"inLanguage":"es","potentialAction":[{"@type":"ReadAction","target":["https:\/\/alllira.com\/product\/dc-super-hero-liga-de-la-justicia-superman-figura-coleccion-llavero-juguete\/"]}]},{"@type":"ImageObject","inLanguage":"es","@id":"https:\/\/alllira.com\/product\/dc-super-hero-liga-de-la-justicia-superman-figura-coleccion-llavero-juguete\/#primaryimage","url":"https:\/\/ae01.alicdn.com\/kf\/S7147596165d9479ea30ba7cfdcbe107bx.png","contentUrl":"https:\/\/ae01.alicdn.com\/kf\/S7147596165d9479ea30ba7cfdcbe107bx.png","width":800,"height":800,"caption":"18024-9485bc.png"},{"@type":"BreadcrumbList","@id":"https:\/\/alllira.com\/product\/dc-super-hero-liga-de-la-justicia-superman-figura-coleccion-llavero-juguete\/#breadcrumb","itemListElement":[{"@type":"ListItem","position":1,"name":"Home","item":"https:\/\/alllira.com\/"},{"@type":"ListItem","position":2,"name":"Shop","item":"https:\/\/alllira.com\/shop\/"},{"@type":"ListItem","position":3,"name":"DC Super Hero Liga de la Justicia Superman Figura Colecci\u00f3n Llavero Juguete"}]},{"@type":"WebSite","@id":"https:\/\/alllira.com\/#website","url":"https:\/\/alllira.com\/","name":"Alllira","description":"","publisher":{"@id":"https:\/\/alllira.com\/#organization"},"potentialAction":[{"@type":"SearchAction","target":{"@type":"EntryPoint","urlTemplate":"https:\/\/alllira.com\/?s={search_term_string}"},"query-input":{"@type":"PropertyValueSpecification","valueRequired":true,"valueName":"search_term_string"}}],"inLanguage":"es"},{"@type":"Organization","@id":"https:\/\/alllira.com\/#organization","name":"Alllira","url":"https:\/\/alllira.com\/","logo":{"@type":"ImageObject","inLanguage":"es","@id":"https:\/\/alllira.com\/#\/schema\/logo\/image\/","url":"https:\/\/alllira.com\/wp-content\/uploads\/2023\/11\/399982192_122102027870105445_276710788166891880_n.jpg","contentUrl":"https:\/\/alllira.com\/wp-content\/uploads\/2023\/11\/399982192_122102027870105445_276710788166891880_n.jpg","width":400,"height":400,"caption":"Alllira"},"image":{"@id":"https:\/\/alllira.com\/#\/schema\/logo\/image\/"},"sameAs":["https:\/\/www.facebook.com\/profile.php?id=61553163366147"]}]}},"jetpack_sharing_enabled":true,"_links":{"self":[{"href":"https:\/\/alllira.com\/es\/wp-json\/wp\/v2\/product\/18024","targetHints":{"allow":["GET"]}}],"collection":[{"href":"https:\/\/alllira.com\/es\/wp-json\/wp\/v2\/product"}],"about":[{"href":"https:\/\/alllira.com\/es\/wp-json\/wp\/v2\/types\/product"}],"replies":[{"embeddable":true,"href":"https:\/\/alllira.com\/es\/wp-json\/wp\/v2\/comments?post=18024"}],"wp:featuredmedia":[{"embeddable":true,"href":"https:\/\/alllira.com\/es\/wp-json\/wp\/v2\/media\/18066"}],"wp:attachment":[{"href":"https:\/\/alllira.com\/es\/wp-json\/wp\/v2\/media?parent=18024"}],"wp:term":[{"taxonomy":"product_brand","embeddable":true,"href":"https:\/\/alllira.com\/es\/wp-json\/wp\/v2\/product_brand?post=18024"},{"taxonomy":"product_cat","embeddable":true,"href":"https:\/\/alllira.com\/es\/wp-json\/wp\/v2\/product_cat?post=18024"},{"taxonomy":"product_tag","embeddable":true,"href":"https:\/\/alllira.com\/es\/wp-json\/wp\/v2\/product_tag?post=18024"}],"curies":[{"name":"wp","href":"https:\/\/api.w.org\/{rel}","templated":true}]}}