{"id":18124,"date":"2025-08-13T21:56:37","date_gmt":"2025-08-14T02:56:37","guid":{"rendered":"https:\/\/alllira.com\/es\/producto\/reloj-de-cuarzo-curren-8452-para-hombre-reloj-de-negocios-de-ocio-a-la-moda-simple-reloj-de-pulsera-con-correa-de-acero-inoxidable-plateado-negro-para-hombre\/"},"modified":"2025-08-13T22:03:08","modified_gmt":"2025-08-14T03:03:08","slug":"reloj-de-cuarzo-curren-8452-para-hombre-reloj-de-negocios-de-ocio-a-la-moda-simple-reloj-de-pulsera-con-correa-de-acero-inoxidable-plateado-negro-para-hombre","status":"publish","type":"product","link":"https:\/\/alllira.com\/es\/producto\/reloj-de-cuarzo-curren-8452-para-hombre-reloj-de-negocios-de-ocio-a-la-moda-simple-reloj-de-pulsera-con-correa-de-acero-inoxidable-plateado-negro-para-hombre\/","title":{"rendered":"Reloj de cuarzo CURREN de acero inoxidable"},"content":{"rendered":"<div>\n<div>\n<p style=\"text-align: left; margin: 5pt 0pt 5pt 0pt;\" align=\"left\"><i><\/i><br \/>\n<i><\/i><\/p>\n<p style=\"text-align: left; margin: 5pt 0pt 5pt 0pt;\" align=\"left\"><i><span id=\"tl_1\">Aviso<\/span><\/i><\/p>\n<p style=\"text-align: left; margin: 5pt 0pt 5pt 0pt;\" align=\"left\"><span id=\"tl_2\" style=\"font-size: 15pt; font-family: Georgia;\">1.Los art\u00edculos se enviar\u00e1n dentro de 1 a 3 d\u00edas h\u00e1biles despu\u00e9s de que se verifique su pago.<\/span><\/p>\n<p style=\"text-align: left; margin: 5pt 0pt 5pt 0pt;\" align=\"left\"><span id=\"tl_3\" style=\"font-size: 15pt; font-family: Georgia;\">2.Enviaremos su art\u00edculo seg\u00fan la direcci\u00f3n que dej\u00f3 en la p\u00e1gina del pedido, as\u00ed que aseg\u00farese de que la direcci\u00f3n de env\u00edo sea correcta.<\/span><\/p>\n<p style=\"text-align: left; margin: 5pt 0pt 5pt 0pt;\" align=\"left\"><span id=\"tl_4\" style=\"font-size: 15pt; font-family: Georgia;\">3.100% nuevo y de alta calidad.<\/span><\/p>\n<p style=\"text-align: left; margin: 5pt 0pt 5pt 0pt;\" align=\"left\"><span id=\"tl_5\" style=\"font-size: 15pt; font-family: Georgia;\">4.Debido al equipo de fotograf\u00eda y otras razones, puede haber alguna diferencia de color entre el reloj real y la imagen. Dado que todos los tama\u00f1os se miden manualmente, las cifras reales pueden tener algunos errores leves. Aseg\u00farese de aceptarlo antes de realizar un pedido. Gracias.<\/span><\/p>\n<p style=\"text-align: left; margin: 5pt 0pt 5pt 0pt;\" align=\"left\"><span id=\"tl_6\" style=\"font-size: 15pt; font-family: Georgia;\">5.Movimiento preciso para mantener la hora exacta.<\/span><\/p>\n<p style=\"text-align: left; margin: 5pt 0pt 5pt 0pt;\" align=\"left\"><span id=\"tl_7\" style=\"font-size: 15pt; font-family: Georgia;\">6.Resistente al agua hasta 3 ATM, perfecta resistencia al agua como lavarse las manos, el sudor y la lluvia, pero no se puede poner en agua, ducharse ni nadar.<\/span><\/p>\n<p style=\"text-align: left; margin: 5pt 0pt 5pt 0pt;\" align=\"left\"><span id=\"tl_8\" style=\"font-size: 15pt; font-family: Georgia;\">7.Embalaje sin caja de regalo. Si necesita una caja, elija comprar la opci\u00f3n con una caja al realizar su pedido.<\/span><\/p>\n<p style=\"text-align: left; margin: 5pt 0pt 5pt 0pt;\" align=\"left\"><span id=\"tl_9\" style=\"font-size: 15pt; font-family: Georgia;\">8.<\/span><span id=\"tl_10\" style=\"font-size: 15pt; font-family: Georgia;\"> Es un muy buen regalo para familiares\/amigos\/usted mismo.<\/span><\/p>\n<p>&nbsp;<\/p>\n<p><img decoding=\"async\" src=\"\/\/ae01.alicdn.com\/kf\/S9f82048e7b6445e69eac9fbb2c20c8faG.jpg\" \/><img decoding=\"async\" src=\"\/\/ae01.alicdn.com\/kf\/S8e6e3a85afda43e18d2bd1a7ed21d5dde.jpg\" \/><img decoding=\"async\" src=\"\/\/ae01.alicdn.com\/kf\/S2a71510f38884acda8ff4c6df2bedfa6z.jpg\" \/><img decoding=\"async\" src=\"\/\/ae01.alicdn.com\/kf\/S958870abf049466a8d4470a55e2f5a68c.jpg\" \/><img decoding=\"async\" src=\"\/\/ae01.alicdn.com\/kf\/S6d6fc747e12746aa89cbb0da6c002999y.jpg\" \/><img decoding=\"async\" src=\"\/\/ae01.alicdn.com\/kf\/S1d34158f93054328bf8c8a0f6911b417J.jpg\" \/><img decoding=\"async\" src=\"\/\/ae01.alicdn.com\/kf\/S11ad15ec7ffb455786ba30d7ede46a136.jpg\" \/><img decoding=\"async\" src=\"\/\/ae01.alicdn.com\/kf\/Sd364461257b743878e0ba05d2b3716e3j.jpg\" \/><img decoding=\"async\" src=\"\/\/ae01.alicdn.com\/kf\/S676b2248f9814a3581518dd1a36de3d9j.jpg\" \/><img decoding=\"async\" src=\"\/\/ae01.alicdn.com\/kf\/S5be41e4164e54e2993e26912ebbfdec1g.jpg\" \/><img decoding=\"async\" src=\"\/\/ae01.alicdn.com\/kf\/Sa8f0574616124e3898cd2d0651640e64n.jpg\" \/><img decoding=\"async\" src=\"\/\/ae01.alicdn.com\/kf\/Se0fb28ca2e284a6880a4fa4492d57704o.jpg\" \/><img decoding=\"async\" src=\"\/\/ae01.alicdn.com\/kf\/S0035ab3eaf644d6e98555e559506a784k.jpg\" \/><img decoding=\"async\" src=\"\/\/ae01.alicdn.com\/kf\/S978a243fa5514c11bf44967d3023cf67E.jpg\" \/><img decoding=\"async\" src=\"\/\/ae01.alicdn.com\/kf\/S26957d4158004fae8c7ff80ad0bea9ddT.jpg\" \/><img decoding=\"async\" src=\"\/\/ae01.alicdn.com\/kf\/S1b478eabab8d43b98b05031e8674ffc2G.jpg\" \/><img decoding=\"async\" src=\"\/\/ae01.alicdn.com\/kf\/S289f0ec8ef5c4ab3b46e335d6e4f52f4D.jpg\" \/><img decoding=\"async\" src=\"\/\/ae01.alicdn.com\/kf\/S6c2592b8b39d450ebaccff5005a1efadI.jpg\" \/><\/p>\n<\/div>\n<\/div>","protected":false},"excerpt":{"rendered":"<p>Aviso 1.Los art\u00edculos se enviar\u00e1n dentro de 1 a 3 d\u00edas h\u00e1biles despu\u00e9s de que se verifique su pago. 2.Enviaremos su art\u00edculo seg\u00fan la direcci\u00f3n que dej\u00f3 en la p\u00e1gina del pedido, as\u00ed que aseg\u00farese de que la direcci\u00f3n de env\u00edo sea correcta. 3.100% nuevo y de alta calidad. 4.Debido al equipo de fotograf\u00eda y [&hellip;]<\/p>\n","protected":false},"featured_media":18135,"comment_status":"open","ping_status":"closed","template":"","meta":[],"product_brand":[],"product_cat":[30],"product_tag":[],"class_list":{"0":"post-18124","1":"product","2":"type-product","3":"status-publish","4":"has-post-thumbnail","6":"product_cat-fashion","8":"first","9":"instock","10":"taxable","11":"shipping-taxable","12":"purchasable","13":"product-type-variable"},"yoast_head":"<!-- This site is optimized with the Yoast SEO plugin v27.5 - https:\/\/yoast.com\/product\/yoast-seo-wordpress\/ -->\n<title>Reloj de cuarzo CURREN de acero inoxidable - Alllira<\/title>\n<meta name=\"robots\" content=\"index, follow, max-snippet:-1, max-image-preview:large, max-video-preview:-1\" \/>\n<link rel=\"canonical\" href=\"https:\/\/alllira.com\/es\/producto\/reloj-de-cuarzo-curren-8452-para-hombre-reloj-de-negocios-de-ocio-a-la-moda-simple-reloj-de-pulsera-con-correa-de-acero-inoxidable-plateado-negro-para-hombre\/\" \/>\n<meta property=\"og:locale\" content=\"es_ES\" \/>\n<meta property=\"og:type\" content=\"article\" \/>\n<meta property=\"og:title\" content=\"Reloj de cuarzo CURREN de acero inoxidable - Alllira\" \/>\n<meta property=\"og:description\" content=\"Aviso 1.Los art\u00edculos se enviar\u00e1n dentro de 1 a 3 d\u00edas h\u00e1biles despu\u00e9s de que se verifique su pago. 2.Enviaremos su art\u00edculo seg\u00fan la direcci\u00f3n que dej\u00f3 en la p\u00e1gina del pedido, as\u00ed que aseg\u00farese de que la direcci\u00f3n de env\u00edo sea correcta. 3.100% nuevo y de alta calidad. 4.Debido al equipo de fotograf\u00eda y [&hellip;]\" \/>\n<meta property=\"og:url\" content=\"https:\/\/alllira.com\/es\/producto\/reloj-de-cuarzo-curren-8452-para-hombre-reloj-de-negocios-de-ocio-a-la-moda-simple-reloj-de-pulsera-con-correa-de-acero-inoxidable-plateado-negro-para-hombre\/\" \/>\n<meta property=\"og:site_name\" content=\"Alllira\" \/>\n<meta property=\"article:publisher\" content=\"https:\/\/www.facebook.com\/profile.php?id=61553163366147\" \/>\n<meta property=\"article:modified_time\" content=\"2025-08-14T03:03:08+00:00\" \/>\n<meta property=\"og:image\" content=\"https:\/\/ae01.alicdn.com\/kf\/S478cb9330bdf425caadb1b3e939a678eQ.jpg\" \/>\n\t<meta property=\"og:image:width\" content=\"800\" \/>\n\t<meta property=\"og:image:height\" content=\"800\" \/>\n\t<meta property=\"og:image:type\" content=\"image\/jpeg\" \/>\n<meta name=\"twitter:card\" content=\"summary_large_image\" \/>\n<meta name=\"twitter:label1\" content=\"Tiempo de lectura\" \/>\n\t<meta name=\"twitter:data1\" content=\"5 minutos\" \/>\n<script type=\"application\/ld+json\" class=\"yoast-schema-graph\">{\"@context\":\"https:\\\/\\\/schema.org\",\"@graph\":[{\"@type\":\"WebPage\",\"@id\":\"https:\\\/\\\/alllira.com\\\/product\\\/reloj-de-cuarzo-curren-8452-para-hombre-reloj-de-negocios-de-ocio-a-la-moda-simple-reloj-de-pulsera-con-correa-de-acero-inoxidable-plateado-negro-para-hombre\\\/\",\"url\":\"https:\\\/\\\/alllira.com\\\/product\\\/reloj-de-cuarzo-curren-8452-para-hombre-reloj-de-negocios-de-ocio-a-la-moda-simple-reloj-de-pulsera-con-correa-de-acero-inoxidable-plateado-negro-para-hombre\\\/\",\"name\":\"Reloj de cuarzo CURREN de acero inoxidable - Alllira\",\"isPartOf\":{\"@id\":\"https:\\\/\\\/alllira.com\\\/#website\"},\"primaryImageOfPage\":{\"@id\":\"https:\\\/\\\/alllira.com\\\/product\\\/reloj-de-cuarzo-curren-8452-para-hombre-reloj-de-negocios-de-ocio-a-la-moda-simple-reloj-de-pulsera-con-correa-de-acero-inoxidable-plateado-negro-para-hombre\\\/#primaryimage\"},\"image\":{\"@id\":\"https:\\\/\\\/alllira.com\\\/product\\\/reloj-de-cuarzo-curren-8452-para-hombre-reloj-de-negocios-de-ocio-a-la-moda-simple-reloj-de-pulsera-con-correa-de-acero-inoxidable-plateado-negro-para-hombre\\\/#primaryimage\"},\"thumbnailUrl\":\"https:\\\/\\\/ae01.alicdn.com\\\/kf\\\/S478cb9330bdf425caadb1b3e939a678eQ.jpg\",\"datePublished\":\"2025-08-14T02:56:37+00:00\",\"dateModified\":\"2025-08-14T03:03:08+00:00\",\"breadcrumb\":{\"@id\":\"https:\\\/\\\/alllira.com\\\/product\\\/reloj-de-cuarzo-curren-8452-para-hombre-reloj-de-negocios-de-ocio-a-la-moda-simple-reloj-de-pulsera-con-correa-de-acero-inoxidable-plateado-negro-para-hombre\\\/#breadcrumb\"},\"inLanguage\":\"es\",\"potentialAction\":[{\"@type\":\"ReadAction\",\"target\":[\"https:\\\/\\\/alllira.com\\\/product\\\/reloj-de-cuarzo-curren-8452-para-hombre-reloj-de-negocios-de-ocio-a-la-moda-simple-reloj-de-pulsera-con-correa-de-acero-inoxidable-plateado-negro-para-hombre\\\/\"]}]},{\"@type\":\"ImageObject\",\"inLanguage\":\"es\",\"@id\":\"https:\\\/\\\/alllira.com\\\/product\\\/reloj-de-cuarzo-curren-8452-para-hombre-reloj-de-negocios-de-ocio-a-la-moda-simple-reloj-de-pulsera-con-correa-de-acero-inoxidable-plateado-negro-para-hombre\\\/#primaryimage\",\"url\":\"https:\\\/\\\/ae01.alicdn.com\\\/kf\\\/S478cb9330bdf425caadb1b3e939a678eQ.jpg\",\"contentUrl\":\"https:\\\/\\\/ae01.alicdn.com\\\/kf\\\/S478cb9330bdf425caadb1b3e939a678eQ.jpg\",\"width\":800,\"height\":800,\"caption\":\"18124-d023f3.jpg\"},{\"@type\":\"BreadcrumbList\",\"@id\":\"https:\\\/\\\/alllira.com\\\/product\\\/reloj-de-cuarzo-curren-8452-para-hombre-reloj-de-negocios-de-ocio-a-la-moda-simple-reloj-de-pulsera-con-correa-de-acero-inoxidable-plateado-negro-para-hombre\\\/#breadcrumb\",\"itemListElement\":[{\"@type\":\"ListItem\",\"position\":1,\"name\":\"Home\",\"item\":\"https:\\\/\\\/alllira.com\\\/\"},{\"@type\":\"ListItem\",\"position\":2,\"name\":\"Shop\",\"item\":\"https:\\\/\\\/alllira.com\\\/shop\\\/\"},{\"@type\":\"ListItem\",\"position\":3,\"name\":\"Reloj de cuarzo CURREN de acero inoxidable\"}]},{\"@type\":\"WebSite\",\"@id\":\"https:\\\/\\\/alllira.com\\\/#website\",\"url\":\"https:\\\/\\\/alllira.com\\\/\",\"name\":\"Alllira\",\"description\":\"\",\"publisher\":{\"@id\":\"https:\\\/\\\/alllira.com\\\/#organization\"},\"potentialAction\":[{\"@type\":\"SearchAction\",\"target\":{\"@type\":\"EntryPoint\",\"urlTemplate\":\"https:\\\/\\\/alllira.com\\\/?s={search_term_string}\"},\"query-input\":{\"@type\":\"PropertyValueSpecification\",\"valueRequired\":true,\"valueName\":\"search_term_string\"}}],\"inLanguage\":\"es\"},{\"@type\":\"Organization\",\"@id\":\"https:\\\/\\\/alllira.com\\\/#organization\",\"name\":\"Alllira\",\"url\":\"https:\\\/\\\/alllira.com\\\/\",\"logo\":{\"@type\":\"ImageObject\",\"inLanguage\":\"es\",\"@id\":\"https:\\\/\\\/alllira.com\\\/#\\\/schema\\\/logo\\\/image\\\/\",\"url\":\"https:\\\/\\\/alllira.com\\\/wp-content\\\/uploads\\\/2023\\\/11\\\/399982192_122102027870105445_276710788166891880_n.jpg\",\"contentUrl\":\"https:\\\/\\\/alllira.com\\\/wp-content\\\/uploads\\\/2023\\\/11\\\/399982192_122102027870105445_276710788166891880_n.jpg\",\"width\":400,\"height\":400,\"caption\":\"Alllira\"},\"image\":{\"@id\":\"https:\\\/\\\/alllira.com\\\/#\\\/schema\\\/logo\\\/image\\\/\"},\"sameAs\":[\"https:\\\/\\\/www.facebook.com\\\/profile.php?id=61553163366147\"]}]}<\/script>\n<!-- \/ Yoast SEO plugin. -->","yoast_head_json":{"title":"Reloj de cuarzo CURREN de acero inoxidable - Alllira","robots":{"index":"index","follow":"follow","max-snippet":"max-snippet:-1","max-image-preview":"max-image-preview:large","max-video-preview":"max-video-preview:-1"},"canonical":"https:\/\/alllira.com\/es\/producto\/reloj-de-cuarzo-curren-8452-para-hombre-reloj-de-negocios-de-ocio-a-la-moda-simple-reloj-de-pulsera-con-correa-de-acero-inoxidable-plateado-negro-para-hombre\/","og_locale":"es_ES","og_type":"article","og_title":"Reloj de cuarzo CURREN de acero inoxidable - Alllira","og_description":"Aviso 1.Los art\u00edculos se enviar\u00e1n dentro de 1 a 3 d\u00edas h\u00e1biles despu\u00e9s de que se verifique su pago. 2.Enviaremos su art\u00edculo seg\u00fan la direcci\u00f3n que dej\u00f3 en la p\u00e1gina del pedido, as\u00ed que aseg\u00farese de que la direcci\u00f3n de env\u00edo sea correcta. 3.100% nuevo y de alta calidad. 4.Debido al equipo de fotograf\u00eda y [&hellip;]","og_url":"https:\/\/alllira.com\/es\/producto\/reloj-de-cuarzo-curren-8452-para-hombre-reloj-de-negocios-de-ocio-a-la-moda-simple-reloj-de-pulsera-con-correa-de-acero-inoxidable-plateado-negro-para-hombre\/","og_site_name":"Alllira","article_publisher":"https:\/\/www.facebook.com\/profile.php?id=61553163366147","article_modified_time":"2025-08-14T03:03:08+00:00","og_image":[{"width":800,"height":800,"url":"https:\/\/ae01.alicdn.com\/kf\/S478cb9330bdf425caadb1b3e939a678eQ.jpg","type":"image\/jpeg"}],"twitter_card":"summary_large_image","twitter_misc":{"Tiempo de lectura":"5 minutos"},"schema":{"@context":"https:\/\/schema.org","@graph":[{"@type":"WebPage","@id":"https:\/\/alllira.com\/product\/reloj-de-cuarzo-curren-8452-para-hombre-reloj-de-negocios-de-ocio-a-la-moda-simple-reloj-de-pulsera-con-correa-de-acero-inoxidable-plateado-negro-para-hombre\/","url":"https:\/\/alllira.com\/product\/reloj-de-cuarzo-curren-8452-para-hombre-reloj-de-negocios-de-ocio-a-la-moda-simple-reloj-de-pulsera-con-correa-de-acero-inoxidable-plateado-negro-para-hombre\/","name":"Reloj de cuarzo CURREN de acero inoxidable - Alllira","isPartOf":{"@id":"https:\/\/alllira.com\/#website"},"primaryImageOfPage":{"@id":"https:\/\/alllira.com\/product\/reloj-de-cuarzo-curren-8452-para-hombre-reloj-de-negocios-de-ocio-a-la-moda-simple-reloj-de-pulsera-con-correa-de-acero-inoxidable-plateado-negro-para-hombre\/#primaryimage"},"image":{"@id":"https:\/\/alllira.com\/product\/reloj-de-cuarzo-curren-8452-para-hombre-reloj-de-negocios-de-ocio-a-la-moda-simple-reloj-de-pulsera-con-correa-de-acero-inoxidable-plateado-negro-para-hombre\/#primaryimage"},"thumbnailUrl":"https:\/\/ae01.alicdn.com\/kf\/S478cb9330bdf425caadb1b3e939a678eQ.jpg","datePublished":"2025-08-14T02:56:37+00:00","dateModified":"2025-08-14T03:03:08+00:00","breadcrumb":{"@id":"https:\/\/alllira.com\/product\/reloj-de-cuarzo-curren-8452-para-hombre-reloj-de-negocios-de-ocio-a-la-moda-simple-reloj-de-pulsera-con-correa-de-acero-inoxidable-plateado-negro-para-hombre\/#breadcrumb"},"inLanguage":"es","potentialAction":[{"@type":"ReadAction","target":["https:\/\/alllira.com\/product\/reloj-de-cuarzo-curren-8452-para-hombre-reloj-de-negocios-de-ocio-a-la-moda-simple-reloj-de-pulsera-con-correa-de-acero-inoxidable-plateado-negro-para-hombre\/"]}]},{"@type":"ImageObject","inLanguage":"es","@id":"https:\/\/alllira.com\/product\/reloj-de-cuarzo-curren-8452-para-hombre-reloj-de-negocios-de-ocio-a-la-moda-simple-reloj-de-pulsera-con-correa-de-acero-inoxidable-plateado-negro-para-hombre\/#primaryimage","url":"https:\/\/ae01.alicdn.com\/kf\/S478cb9330bdf425caadb1b3e939a678eQ.jpg","contentUrl":"https:\/\/ae01.alicdn.com\/kf\/S478cb9330bdf425caadb1b3e939a678eQ.jpg","width":800,"height":800,"caption":"18124-d023f3.jpg"},{"@type":"BreadcrumbList","@id":"https:\/\/alllira.com\/product\/reloj-de-cuarzo-curren-8452-para-hombre-reloj-de-negocios-de-ocio-a-la-moda-simple-reloj-de-pulsera-con-correa-de-acero-inoxidable-plateado-negro-para-hombre\/#breadcrumb","itemListElement":[{"@type":"ListItem","position":1,"name":"Home","item":"https:\/\/alllira.com\/"},{"@type":"ListItem","position":2,"name":"Shop","item":"https:\/\/alllira.com\/shop\/"},{"@type":"ListItem","position":3,"name":"Reloj de cuarzo CURREN de acero inoxidable"}]},{"@type":"WebSite","@id":"https:\/\/alllira.com\/#website","url":"https:\/\/alllira.com\/","name":"Alllira","description":"","publisher":{"@id":"https:\/\/alllira.com\/#organization"},"potentialAction":[{"@type":"SearchAction","target":{"@type":"EntryPoint","urlTemplate":"https:\/\/alllira.com\/?s={search_term_string}"},"query-input":{"@type":"PropertyValueSpecification","valueRequired":true,"valueName":"search_term_string"}}],"inLanguage":"es"},{"@type":"Organization","@id":"https:\/\/alllira.com\/#organization","name":"Alllira","url":"https:\/\/alllira.com\/","logo":{"@type":"ImageObject","inLanguage":"es","@id":"https:\/\/alllira.com\/#\/schema\/logo\/image\/","url":"https:\/\/alllira.com\/wp-content\/uploads\/2023\/11\/399982192_122102027870105445_276710788166891880_n.jpg","contentUrl":"https:\/\/alllira.com\/wp-content\/uploads\/2023\/11\/399982192_122102027870105445_276710788166891880_n.jpg","width":400,"height":400,"caption":"Alllira"},"image":{"@id":"https:\/\/alllira.com\/#\/schema\/logo\/image\/"},"sameAs":["https:\/\/www.facebook.com\/profile.php?id=61553163366147"]}]}},"jetpack_sharing_enabled":true,"_links":{"self":[{"href":"https:\/\/alllira.com\/es\/wp-json\/wp\/v2\/product\/18124","targetHints":{"allow":["GET"]}}],"collection":[{"href":"https:\/\/alllira.com\/es\/wp-json\/wp\/v2\/product"}],"about":[{"href":"https:\/\/alllira.com\/es\/wp-json\/wp\/v2\/types\/product"}],"replies":[{"embeddable":true,"href":"https:\/\/alllira.com\/es\/wp-json\/wp\/v2\/comments?post=18124"}],"wp:featuredmedia":[{"embeddable":true,"href":"https:\/\/alllira.com\/es\/wp-json\/wp\/v2\/media\/18135"}],"wp:attachment":[{"href":"https:\/\/alllira.com\/es\/wp-json\/wp\/v2\/media?parent=18124"}],"wp:term":[{"taxonomy":"product_brand","embeddable":true,"href":"https:\/\/alllira.com\/es\/wp-json\/wp\/v2\/product_brand?post=18124"},{"taxonomy":"product_cat","embeddable":true,"href":"https:\/\/alllira.com\/es\/wp-json\/wp\/v2\/product_cat?post=18124"},{"taxonomy":"product_tag","embeddable":true,"href":"https:\/\/alllira.com\/es\/wp-json\/wp\/v2\/product_tag?post=18124"}],"curies":[{"name":"wp","href":"https:\/\/api.w.org\/{rel}","templated":true}]}}