{"id":3881,"date":"2023-11-16T07:55:43","date_gmt":"2023-11-16T07:55:43","guid":{"rendered":"https:\/\/alllira.com\/es\/producto\/lenovo-auriculares-inalambricos-gm2-pro-originales-cascos-con-microfono-baja-latencia-modo-doble-de-juegos-llamadas-en-hd-audifonos-con-bluetooth-5-3\/"},"modified":"2025-07-22T12:18:15","modified_gmt":"2025-07-22T17:18:15","slug":"lenovo-auriculares-inalambricos-gm2-pro-originales-cascos-con-microfono-baja-latencia-modo-doble-de-juegos-llamadas-en-hd-audifonos-con-bluetooth-5-3","status":"publish","type":"product","link":"https:\/\/alllira.com\/es\/producto\/lenovo-auriculares-inalambricos-gm2-pro-originales-cascos-con-microfono-baja-latencia-modo-doble-de-juegos-llamadas-en-hd-audifonos-con-bluetooth-5-3\/","title":{"rendered":"Lenovo GM2 Pro con Bluetooth 5.3"},"content":{"rendered":"<div>\n<div><\/div>\n<div>\n<div>\n<p><strong>Caracter\u00edsticas:<\/strong><\/p>\n<p>1, el \u00faltimo dise\u00f1o de auriculares para juegos de Lenovo en 2022. Dise\u00f1o de chip de Juego superior<\/p>\n<p>2. Modo dual de m\u00fasica\/juego, sincronizaci\u00f3n de calidad de sonido y baja latencia<\/p>\n<p>3. Bluetooth V5.3, compatible con la mayor\u00eda de los dispositivos Bluetooth y menor consumo de energ\u00eda<\/p>\n<p>4, reducci\u00f3n de ruido de llamada ENC suprime eficazmente el ruido ambiental.<\/p>\n<p>5. Uso individual y binaural de forma independiente, independientemente del interruptor maestro-esclavo arbitrario.<\/p>\n<div><\/div>\n<p><img loading=\"lazy\" decoding=\"async\" src=\"\/\/ae01.alicdn.com\/kf\/S36c0e0bbecf14d02af9e2ba903367e4fw.jpg\" width=\"750\" height=\"569\" \/><\/p>\n<p><img loading=\"lazy\" decoding=\"async\" src=\"\/\/ae01.alicdn.com\/kf\/S695d192801594f539e3d3636c87d2637e.jpg\" width=\"750\" height=\"1245\" \/><\/p>\n<p>&nbsp;<\/p>\n<p>&nbsp;<\/p>\n<p align=\"left\"><img loading=\"lazy\" decoding=\"async\" src=\"\/\/ae01.alicdn.com\/kf\/S6a02fc6237a34219a9047743feb6a48cL.jpg\" width=\"750\" height=\"1075\" \/><\/p>\n<p align=\"left\"><img loading=\"lazy\" decoding=\"async\" src=\"\/\/ae01.alicdn.com\/kf\/Sd723a2388d084b93903d8fc557f494dbE.jpg\" width=\"750\" height=\"784\" \/><img loading=\"lazy\" decoding=\"async\" src=\"\/\/ae01.alicdn.com\/kf\/S432623e59aa54590979efb4f3c2b4966c.jpg\" width=\"750\" height=\"1098\" \/><img loading=\"lazy\" decoding=\"async\" src=\"\/\/ae01.alicdn.com\/kf\/S35df3a008e8b4881abab1460d08c7244l.jpg\" width=\"750\" height=\"1181\" \/><img loading=\"lazy\" decoding=\"async\" src=\"\/\/ae01.alicdn.com\/kf\/S7d60c5be19ac494d86ce4395d066616cN.jpg\" width=\"750\" height=\"1491\" \/><img loading=\"lazy\" decoding=\"async\" src=\"\/\/ae01.alicdn.com\/kf\/S16af2dcf64ea45e99cae55ebfe70d3b1H.jpg\" width=\"750\" height=\"1229\" \/><img loading=\"lazy\" decoding=\"async\" src=\"\/\/ae01.alicdn.com\/kf\/S2a2b830c3d8f45e59e16c79b69563720j.jpg\" width=\"750\" height=\"1141\" \/><img loading=\"lazy\" decoding=\"async\" src=\"\/\/ae01.alicdn.com\/kf\/Sa8ee43144b2b45f08e1ff1df38b21fe1M.jpg\" width=\"750\" height=\"1181\" \/><img loading=\"lazy\" decoding=\"async\" src=\"\/\/ae01.alicdn.com\/kf\/S8d85672c697044b29395f8aa8aefc8fa6.jpg\" width=\"750\" height=\"1235\" \/><img loading=\"lazy\" decoding=\"async\" src=\"\/\/ae01.alicdn.com\/kf\/S2066d8ecded649ce94e8b897cf5be882y.jpg\" width=\"750\" height=\"951\" \/><img loading=\"lazy\" decoding=\"async\" src=\"\/\/ae01.alicdn.com\/kf\/Sfe4c15955a244cfe8f4132367cbbdf0b0.jpg\" width=\"750\" height=\"1456\" \/><img loading=\"lazy\" decoding=\"async\" src=\"\/\/ae01.alicdn.com\/kf\/Sebf2231841094507a45a39997da073f1H.png\" width=\"750\" height=\"1306\" \/><img loading=\"lazy\" decoding=\"async\" src=\"\/\/ae01.alicdn.com\/kf\/S2e20c9a4a0af4bb69bb34d10869f5467I.jpg\" width=\"750\" height=\"1414\" \/><\/p>\n<p style=\"font-family: opensans; font-size: 20px; font-weight: 900; letter-spacing: normal; line-height: 28px; text-align: start; margin: 0px 0px 12px 0px; padding: 0px;\" align=\"start\">Preguntas frecuentes<\/p>\n<p style=\"font-family: opensans; font-size: 14px; font-weight: 300; letter-spacing: normal; line-height: 20px; text-align: start; margin: 0px 0px 12px 0px; padding: 0px;\" align=\"start\">1. \u00bfSon c\u00f3modos mientras se usan?<br \/>\nS\u00ed. Los auriculares est\u00e1n dise\u00f1ados para adaptarse al tama\u00f1o de la oreja de la mayor\u00eda de las personas y brindan m\u00e1s comodidad al tiempo que mantienen la comodidad.<\/p>\n<p>2. \u00bfPuedo activar los controles de voz de Siri con estos auriculares?<br \/>\nS\u00ed, puede activar Siri presionando prolongadamente el bot\u00f3n del auricular izquierdo durante 2 segundos.<\/p>\n<p>3. \u00bfTiene botones para ir a la canci\u00f3n siguiente o anterior?<br \/>\nS\u00ed. Toca tres veces el auricular izquierdo o el auricular derecho.<\/p>\n<p>4. \u00bfC\u00f3mo se responde a una llamada?<br \/>\nPuede responder la llamada haciendo doble clic en el auricular izquierdo o derecho, mantenga presionado el auricular izquierdo o derecho durante dos segundos para rechazar la llamada, y haga doble clic en el auricular izquierdo o derecho para colgar<\/p>\n<p>5. \u00bfSe emparejan autom\u00e1ticamente con el tel\u00e9fono o Tengo que conectarme manualmente cada vez?<br \/>\nS\u00ed, por supuesto. Se conectar\u00e1 autom\u00e1ticamente con su dispositivo despu\u00e9s de su primer uso.<\/p>\n<p>6. \u00bfCu\u00e1nto tiempo se tarda en cargar completamente?<\/p>\n<p>En General, 1 hora es suficiente para cargarlo completamente para los auriculares y 1,5 horas para el compartimento de los auriculares.<\/p>\n<p>7. \u00bfTiene un micr\u00f3fono incorporado?<br \/>\nS\u00ed, un micr\u00f3fono incorporado est\u00e1 hecho para conversaciones claras.<\/p>\n<p>8. Dice que son impermeables, \u00bfPuedes nadar con ellos?<br \/>\nNo, solo es a prueba de sudor. No recomendamos nadar con ellos.<\/p>\n<p>9. \u00bfEs grave esta fuga de sonido?<br \/>\nMientras el volumen no sea el m\u00e1ximo, no habr\u00e1 fugas de sonido. En cuanto a la salud del o\u00eddo, tambi\u00e9n debe evitar usar el volumen m\u00e1ximo durante mucho tiempo.<\/p>\n<p>10. \u00bfCu\u00e1les son las ventajas de estos auriculares abiertos y vale la pena comprarlos?<br \/>\nAuriculares para juegos de \u00faltimo dise\u00f1o de Lenovo en 2022. Modo dual para m\u00fasica\/juegos, chip de juego personalizado, baja latencia para juegos, c\u00f3modo de llevar, decodificaci\u00f3n de audio AAC HD<\/p>\n<\/div>\n<\/div>\n<\/div>","protected":false},"excerpt":{"rendered":"<p>Caracter\u00edsticas: 1, el \u00faltimo dise\u00f1o de auriculares para juegos de Lenovo en 2022. Dise\u00f1o de chip de Juego superior 2. Modo dual de m\u00fasica\/juego, sincronizaci\u00f3n de calidad de sonido y baja latencia 3. Bluetooth V5.3, compatible con la mayor\u00eda de los dispositivos Bluetooth y menor consumo de energ\u00eda 4, reducci\u00f3n de ruido de llamada ENC [&hellip;]<\/p>\n","protected":false},"featured_media":3890,"comment_status":"open","ping_status":"closed","template":"","meta":[],"product_brand":[],"product_cat":[32],"product_tag":[],"class_list":{"0":"post-3881","1":"product","2":"type-product","3":"status-publish","4":"has-post-thumbnail","6":"product_cat-technology","8":"first","9":"instock","10":"sale","11":"taxable","12":"shipping-taxable","13":"purchasable","14":"product-type-variable"},"yoast_head":"<!-- This site is optimized with the Yoast SEO plugin v27.5 - https:\/\/yoast.com\/product\/yoast-seo-wordpress\/ -->\n<title>Lenovo GM2 Pro con Bluetooth 5.3 - Alllira<\/title>\n<meta name=\"robots\" content=\"index, follow, max-snippet:-1, max-image-preview:large, max-video-preview:-1\" \/>\n<link rel=\"canonical\" href=\"https:\/\/alllira.com\/es\/producto\/lenovo-auriculares-inalambricos-gm2-pro-originales-cascos-con-microfono-baja-latencia-modo-doble-de-juegos-llamadas-en-hd-audifonos-con-bluetooth-5-3\/\" \/>\n<meta property=\"og:locale\" content=\"es_ES\" \/>\n<meta property=\"og:type\" content=\"article\" \/>\n<meta property=\"og:title\" content=\"Lenovo GM2 Pro con Bluetooth 5.3 - Alllira\" \/>\n<meta property=\"og:description\" content=\"Caracter\u00edsticas: 1, el \u00faltimo dise\u00f1o de auriculares para juegos de Lenovo en 2022. Dise\u00f1o de chip de Juego superior 2. Modo dual de m\u00fasica\/juego, sincronizaci\u00f3n de calidad de sonido y baja latencia 3. Bluetooth V5.3, compatible con la mayor\u00eda de los dispositivos Bluetooth y menor consumo de energ\u00eda 4, reducci\u00f3n de ruido de llamada ENC [&hellip;]\" \/>\n<meta property=\"og:url\" content=\"https:\/\/alllira.com\/es\/producto\/lenovo-auriculares-inalambricos-gm2-pro-originales-cascos-con-microfono-baja-latencia-modo-doble-de-juegos-llamadas-en-hd-audifonos-con-bluetooth-5-3\/\" \/>\n<meta property=\"og:site_name\" content=\"Alllira\" \/>\n<meta property=\"article:publisher\" content=\"https:\/\/www.facebook.com\/profile.php?id=61553163366147\" \/>\n<meta property=\"article:modified_time\" content=\"2025-07-22T17:18:15+00:00\" \/>\n<meta property=\"og:image\" content=\"https:\/\/ae01.alicdn.com\/kf\/S3d494578f2cd4536a8e9d1a5548e5a3a6\/Lenovo-Auriculares-Inal-mbricos-GM2-Pro-Originales-Cascos-con-Micr-fono-Baja-Latencia-Modo-Doble-de.jpg\" \/>\n\t<meta property=\"og:image:width\" content=\"800\" \/>\n\t<meta property=\"og:image:height\" content=\"800\" \/>\n\t<meta property=\"og:image:type\" content=\"image\/jpeg\" \/>\n<meta name=\"twitter:card\" content=\"summary_large_image\" \/>\n<meta name=\"twitter:label1\" content=\"Tiempo de lectura\" \/>\n\t<meta name=\"twitter:data1\" content=\"5 minutos\" \/>\n<script type=\"application\/ld+json\" class=\"yoast-schema-graph\">{\"@context\":\"https:\\\/\\\/schema.org\",\"@graph\":[{\"@type\":\"WebPage\",\"@id\":\"https:\\\/\\\/alllira.com\\\/producto\\\/lenovo-auriculares-inalambricos-gm2-pro-originales-cascos-con-microfono-baja-latencia-modo-doble-de-juegos-llamadas-en-hd-audifonos-con-bluetooth-5-3\\\/\",\"url\":\"https:\\\/\\\/alllira.com\\\/producto\\\/lenovo-auriculares-inalambricos-gm2-pro-originales-cascos-con-microfono-baja-latencia-modo-doble-de-juegos-llamadas-en-hd-audifonos-con-bluetooth-5-3\\\/\",\"name\":\"Lenovo GM2 Pro con Bluetooth 5.3 - Alllira\",\"isPartOf\":{\"@id\":\"https:\\\/\\\/alllira.com\\\/#website\"},\"primaryImageOfPage\":{\"@id\":\"https:\\\/\\\/alllira.com\\\/producto\\\/lenovo-auriculares-inalambricos-gm2-pro-originales-cascos-con-microfono-baja-latencia-modo-doble-de-juegos-llamadas-en-hd-audifonos-con-bluetooth-5-3\\\/#primaryimage\"},\"image\":{\"@id\":\"https:\\\/\\\/alllira.com\\\/producto\\\/lenovo-auriculares-inalambricos-gm2-pro-originales-cascos-con-microfono-baja-latencia-modo-doble-de-juegos-llamadas-en-hd-audifonos-con-bluetooth-5-3\\\/#primaryimage\"},\"thumbnailUrl\":\"https:\\\/\\\/ae01.alicdn.com\\\/kf\\\/S3d494578f2cd4536a8e9d1a5548e5a3a6\\\/Lenovo-Auriculares-Inal-mbricos-GM2-Pro-Originales-Cascos-con-Micr-fono-Baja-Latencia-Modo-Doble-de.jpg\",\"datePublished\":\"2023-11-16T07:55:43+00:00\",\"dateModified\":\"2025-07-22T17:18:15+00:00\",\"breadcrumb\":{\"@id\":\"https:\\\/\\\/alllira.com\\\/producto\\\/lenovo-auriculares-inalambricos-gm2-pro-originales-cascos-con-microfono-baja-latencia-modo-doble-de-juegos-llamadas-en-hd-audifonos-con-bluetooth-5-3\\\/#breadcrumb\"},\"inLanguage\":\"es\",\"potentialAction\":[{\"@type\":\"ReadAction\",\"target\":[\"https:\\\/\\\/alllira.com\\\/producto\\\/lenovo-auriculares-inalambricos-gm2-pro-originales-cascos-con-microfono-baja-latencia-modo-doble-de-juegos-llamadas-en-hd-audifonos-con-bluetooth-5-3\\\/\"]}]},{\"@type\":\"ImageObject\",\"inLanguage\":\"es\",\"@id\":\"https:\\\/\\\/alllira.com\\\/producto\\\/lenovo-auriculares-inalambricos-gm2-pro-originales-cascos-con-microfono-baja-latencia-modo-doble-de-juegos-llamadas-en-hd-audifonos-con-bluetooth-5-3\\\/#primaryimage\",\"url\":\"https:\\\/\\\/ae01.alicdn.com\\\/kf\\\/S3d494578f2cd4536a8e9d1a5548e5a3a6\\\/Lenovo-Auriculares-Inal-mbricos-GM2-Pro-Originales-Cascos-con-Micr-fono-Baja-Latencia-Modo-Doble-de.jpg\",\"contentUrl\":\"https:\\\/\\\/ae01.alicdn.com\\\/kf\\\/S3d494578f2cd4536a8e9d1a5548e5a3a6\\\/Lenovo-Auriculares-Inal-mbricos-GM2-Pro-Originales-Cascos-con-Micr-fono-Baja-Latencia-Modo-Doble-de.jpg\",\"width\":800,\"height\":800,\"caption\":\"3882-52493a.jpg\"},{\"@type\":\"BreadcrumbList\",\"@id\":\"https:\\\/\\\/alllira.com\\\/producto\\\/lenovo-auriculares-inalambricos-gm2-pro-originales-cascos-con-microfono-baja-latencia-modo-doble-de-juegos-llamadas-en-hd-audifonos-con-bluetooth-5-3\\\/#breadcrumb\",\"itemListElement\":[{\"@type\":\"ListItem\",\"position\":1,\"name\":\"Home\",\"item\":\"https:\\\/\\\/alllira.com\\\/\"},{\"@type\":\"ListItem\",\"position\":2,\"name\":\"Shop\",\"item\":\"https:\\\/\\\/alllira.com\\\/shop\\\/\"},{\"@type\":\"ListItem\",\"position\":3,\"name\":\"Lenovo GM2 Pro con Bluetooth 5.3\"}]},{\"@type\":\"WebSite\",\"@id\":\"https:\\\/\\\/alllira.com\\\/#website\",\"url\":\"https:\\\/\\\/alllira.com\\\/\",\"name\":\"Alllira\",\"description\":\"\",\"publisher\":{\"@id\":\"https:\\\/\\\/alllira.com\\\/#organization\"},\"potentialAction\":[{\"@type\":\"SearchAction\",\"target\":{\"@type\":\"EntryPoint\",\"urlTemplate\":\"https:\\\/\\\/alllira.com\\\/?s={search_term_string}\"},\"query-input\":{\"@type\":\"PropertyValueSpecification\",\"valueRequired\":true,\"valueName\":\"search_term_string\"}}],\"inLanguage\":\"es\"},{\"@type\":\"Organization\",\"@id\":\"https:\\\/\\\/alllira.com\\\/#organization\",\"name\":\"Alllira\",\"url\":\"https:\\\/\\\/alllira.com\\\/\",\"logo\":{\"@type\":\"ImageObject\",\"inLanguage\":\"es\",\"@id\":\"https:\\\/\\\/alllira.com\\\/#\\\/schema\\\/logo\\\/image\\\/\",\"url\":\"https:\\\/\\\/alllira.com\\\/wp-content\\\/uploads\\\/2023\\\/11\\\/399982192_122102027870105445_276710788166891880_n.jpg\",\"contentUrl\":\"https:\\\/\\\/alllira.com\\\/wp-content\\\/uploads\\\/2023\\\/11\\\/399982192_122102027870105445_276710788166891880_n.jpg\",\"width\":400,\"height\":400,\"caption\":\"Alllira\"},\"image\":{\"@id\":\"https:\\\/\\\/alllira.com\\\/#\\\/schema\\\/logo\\\/image\\\/\"},\"sameAs\":[\"https:\\\/\\\/www.facebook.com\\\/profile.php?id=61553163366147\"]}]}<\/script>\n<!-- \/ Yoast SEO plugin. -->","yoast_head_json":{"title":"Lenovo GM2 Pro con Bluetooth 5.3 - Alllira","robots":{"index":"index","follow":"follow","max-snippet":"max-snippet:-1","max-image-preview":"max-image-preview:large","max-video-preview":"max-video-preview:-1"},"canonical":"https:\/\/alllira.com\/es\/producto\/lenovo-auriculares-inalambricos-gm2-pro-originales-cascos-con-microfono-baja-latencia-modo-doble-de-juegos-llamadas-en-hd-audifonos-con-bluetooth-5-3\/","og_locale":"es_ES","og_type":"article","og_title":"Lenovo GM2 Pro con Bluetooth 5.3 - Alllira","og_description":"Caracter\u00edsticas: 1, el \u00faltimo dise\u00f1o de auriculares para juegos de Lenovo en 2022. Dise\u00f1o de chip de Juego superior 2. Modo dual de m\u00fasica\/juego, sincronizaci\u00f3n de calidad de sonido y baja latencia 3. Bluetooth V5.3, compatible con la mayor\u00eda de los dispositivos Bluetooth y menor consumo de energ\u00eda 4, reducci\u00f3n de ruido de llamada ENC [&hellip;]","og_url":"https:\/\/alllira.com\/es\/producto\/lenovo-auriculares-inalambricos-gm2-pro-originales-cascos-con-microfono-baja-latencia-modo-doble-de-juegos-llamadas-en-hd-audifonos-con-bluetooth-5-3\/","og_site_name":"Alllira","article_publisher":"https:\/\/www.facebook.com\/profile.php?id=61553163366147","article_modified_time":"2025-07-22T17:18:15+00:00","og_image":[{"width":800,"height":800,"url":"https:\/\/ae01.alicdn.com\/kf\/S3d494578f2cd4536a8e9d1a5548e5a3a6\/Lenovo-Auriculares-Inal-mbricos-GM2-Pro-Originales-Cascos-con-Micr-fono-Baja-Latencia-Modo-Doble-de.jpg","type":"image\/jpeg"}],"twitter_card":"summary_large_image","twitter_misc":{"Tiempo de lectura":"5 minutos"},"schema":{"@context":"https:\/\/schema.org","@graph":[{"@type":"WebPage","@id":"https:\/\/alllira.com\/producto\/lenovo-auriculares-inalambricos-gm2-pro-originales-cascos-con-microfono-baja-latencia-modo-doble-de-juegos-llamadas-en-hd-audifonos-con-bluetooth-5-3\/","url":"https:\/\/alllira.com\/producto\/lenovo-auriculares-inalambricos-gm2-pro-originales-cascos-con-microfono-baja-latencia-modo-doble-de-juegos-llamadas-en-hd-audifonos-con-bluetooth-5-3\/","name":"Lenovo GM2 Pro con Bluetooth 5.3 - Alllira","isPartOf":{"@id":"https:\/\/alllira.com\/#website"},"primaryImageOfPage":{"@id":"https:\/\/alllira.com\/producto\/lenovo-auriculares-inalambricos-gm2-pro-originales-cascos-con-microfono-baja-latencia-modo-doble-de-juegos-llamadas-en-hd-audifonos-con-bluetooth-5-3\/#primaryimage"},"image":{"@id":"https:\/\/alllira.com\/producto\/lenovo-auriculares-inalambricos-gm2-pro-originales-cascos-con-microfono-baja-latencia-modo-doble-de-juegos-llamadas-en-hd-audifonos-con-bluetooth-5-3\/#primaryimage"},"thumbnailUrl":"https:\/\/ae01.alicdn.com\/kf\/S3d494578f2cd4536a8e9d1a5548e5a3a6\/Lenovo-Auriculares-Inal-mbricos-GM2-Pro-Originales-Cascos-con-Micr-fono-Baja-Latencia-Modo-Doble-de.jpg","datePublished":"2023-11-16T07:55:43+00:00","dateModified":"2025-07-22T17:18:15+00:00","breadcrumb":{"@id":"https:\/\/alllira.com\/producto\/lenovo-auriculares-inalambricos-gm2-pro-originales-cascos-con-microfono-baja-latencia-modo-doble-de-juegos-llamadas-en-hd-audifonos-con-bluetooth-5-3\/#breadcrumb"},"inLanguage":"es","potentialAction":[{"@type":"ReadAction","target":["https:\/\/alllira.com\/producto\/lenovo-auriculares-inalambricos-gm2-pro-originales-cascos-con-microfono-baja-latencia-modo-doble-de-juegos-llamadas-en-hd-audifonos-con-bluetooth-5-3\/"]}]},{"@type":"ImageObject","inLanguage":"es","@id":"https:\/\/alllira.com\/producto\/lenovo-auriculares-inalambricos-gm2-pro-originales-cascos-con-microfono-baja-latencia-modo-doble-de-juegos-llamadas-en-hd-audifonos-con-bluetooth-5-3\/#primaryimage","url":"https:\/\/ae01.alicdn.com\/kf\/S3d494578f2cd4536a8e9d1a5548e5a3a6\/Lenovo-Auriculares-Inal-mbricos-GM2-Pro-Originales-Cascos-con-Micr-fono-Baja-Latencia-Modo-Doble-de.jpg","contentUrl":"https:\/\/ae01.alicdn.com\/kf\/S3d494578f2cd4536a8e9d1a5548e5a3a6\/Lenovo-Auriculares-Inal-mbricos-GM2-Pro-Originales-Cascos-con-Micr-fono-Baja-Latencia-Modo-Doble-de.jpg","width":800,"height":800,"caption":"3882-52493a.jpg"},{"@type":"BreadcrumbList","@id":"https:\/\/alllira.com\/producto\/lenovo-auriculares-inalambricos-gm2-pro-originales-cascos-con-microfono-baja-latencia-modo-doble-de-juegos-llamadas-en-hd-audifonos-con-bluetooth-5-3\/#breadcrumb","itemListElement":[{"@type":"ListItem","position":1,"name":"Home","item":"https:\/\/alllira.com\/"},{"@type":"ListItem","position":2,"name":"Shop","item":"https:\/\/alllira.com\/shop\/"},{"@type":"ListItem","position":3,"name":"Lenovo GM2 Pro con Bluetooth 5.3"}]},{"@type":"WebSite","@id":"https:\/\/alllira.com\/#website","url":"https:\/\/alllira.com\/","name":"Alllira","description":"","publisher":{"@id":"https:\/\/alllira.com\/#organization"},"potentialAction":[{"@type":"SearchAction","target":{"@type":"EntryPoint","urlTemplate":"https:\/\/alllira.com\/?s={search_term_string}"},"query-input":{"@type":"PropertyValueSpecification","valueRequired":true,"valueName":"search_term_string"}}],"inLanguage":"es"},{"@type":"Organization","@id":"https:\/\/alllira.com\/#organization","name":"Alllira","url":"https:\/\/alllira.com\/","logo":{"@type":"ImageObject","inLanguage":"es","@id":"https:\/\/alllira.com\/#\/schema\/logo\/image\/","url":"https:\/\/alllira.com\/wp-content\/uploads\/2023\/11\/399982192_122102027870105445_276710788166891880_n.jpg","contentUrl":"https:\/\/alllira.com\/wp-content\/uploads\/2023\/11\/399982192_122102027870105445_276710788166891880_n.jpg","width":400,"height":400,"caption":"Alllira"},"image":{"@id":"https:\/\/alllira.com\/#\/schema\/logo\/image\/"},"sameAs":["https:\/\/www.facebook.com\/profile.php?id=61553163366147"]}]}},"jetpack_sharing_enabled":true,"_links":{"self":[{"href":"https:\/\/alllira.com\/es\/wp-json\/wp\/v2\/product\/3881","targetHints":{"allow":["GET"]}}],"collection":[{"href":"https:\/\/alllira.com\/es\/wp-json\/wp\/v2\/product"}],"about":[{"href":"https:\/\/alllira.com\/es\/wp-json\/wp\/v2\/types\/product"}],"replies":[{"embeddable":true,"href":"https:\/\/alllira.com\/es\/wp-json\/wp\/v2\/comments?post=3881"}],"wp:featuredmedia":[{"embeddable":true,"href":"https:\/\/alllira.com\/es\/wp-json\/wp\/v2\/media\/3890"}],"wp:attachment":[{"href":"https:\/\/alllira.com\/es\/wp-json\/wp\/v2\/media?parent=3881"}],"wp:term":[{"taxonomy":"product_brand","embeddable":true,"href":"https:\/\/alllira.com\/es\/wp-json\/wp\/v2\/product_brand?post=3881"},{"taxonomy":"product_cat","embeddable":true,"href":"https:\/\/alllira.com\/es\/wp-json\/wp\/v2\/product_cat?post=3881"},{"taxonomy":"product_tag","embeddable":true,"href":"https:\/\/alllira.com\/es\/wp-json\/wp\/v2\/product_tag?post=3881"}],"curies":[{"name":"wp","href":"https:\/\/api.w.org\/{rel}","templated":true}]}}