{"id":7600,"date":"2023-11-16T16:29:25","date_gmt":"2023-11-16T16:29:25","guid":{"rendered":"https:\/\/alllira.com\/es\/producto\/consola-de-videojuegos-x2-plus-mando-inalambrico-recargable-24g-p3-juegos-retro-para-psp-ps1-fc-64g-128g-nueva-actualizacion\/"},"modified":"2025-07-22T12:18:31","modified_gmt":"2025-07-22T17:18:31","slug":"consola-de-videojuegos-x2-plus-mando-inalambrico-recargable-24g-p3-juegos-retro-para-psp-ps1-fc-64g-128g-nueva-actualizacion","status":"publish","type":"product","link":"https:\/\/alllira.com\/es\/producto\/consola-de-videojuegos-x2-plus-mando-inalambrico-recargable-24g-p3-juegos-retro-para-psp-ps1-fc-64g-128g-nueva-actualizacion\/","title":{"rendered":"Consola Retro Game Stick X2 Plus 4K HD PS1 PSP SN64 Juegos con Mandos Recargables"},"content":{"rendered":"<div>\n<div>\n<div id=\"tl_1\" style=\"overflow: hidden; height: 0px;\">Modname = CKEditor<\/div>\n<div>\n<div><\/div>\n<div><span style=\"font-size: 20px;\"><span style=\"font-family: arial, helvetica, sans-serif;\"><strong id=\"tl_2\">Nueva actualizaci\u00f3n X2 PLUS Video GameStick Console 2,4G P3 Controlador inal\u00e1mbrico recargable Juegos Retro Para PSP\/PS1\/FC 64G\/128G<\/strong><\/span><\/span><\/div>\n<div>\n<div><\/div>\n<div>\n<div>\n<div><span style=\"font-size: 16px;\"><span style=\"font-family: arial, helvetica, sans-serif;\"><strong id=\"tl_8\">Hay 2 capacidades con controladores inal\u00e1mbricos recargables: 64G con m\u00e1s de 30000 juegos y 128G con m\u00e1s de 40000 juegos, por favor, elija los que prefiera, gracias.<\/strong><\/span><\/span><\/div>\n<\/div>\n<div><\/div>\n<\/div>\n<div><\/div>\n<\/div>\n<div><img decoding=\"async\" src=\"\/\/ae01.alicdn.com\/kf\/Se52f062620d4438d92e990c41edd2547F.jpg\" \/><br \/>\n<img decoding=\"async\" src=\"\/\/ae01.alicdn.com\/kf\/Se6848ab2f6b7418194db3f48dce92c4fu.jpg\" \/><br \/>\n<img decoding=\"async\" src=\"\/\/ae01.alicdn.com\/kf\/S1f1e966790b54997b456b456d1d1165dX.jpg\" \/><br \/>\n<img decoding=\"async\" src=\"\/\/ae01.alicdn.com\/kf\/S421416b6390146458fc8717b97352d3b6.jpg\" \/><br \/>\n<img decoding=\"async\" src=\"\/\/ae01.alicdn.com\/kf\/Sae199d946d5e40bd905f0d32a48a4a32J.jpg\" \/><br \/>\n<img decoding=\"async\" src=\"\/\/ae01.alicdn.com\/kf\/Sdef6b738d4f04f7fa11e57f94401e9c2c.jpg\" \/><br \/>\n<img decoding=\"async\" src=\"\/\/ae01.alicdn.com\/kf\/S334071f82a5947ad971ba09301c362a5D.jpg\" \/><\/div>\n<div><img decoding=\"async\" src=\"\/\/ae01.alicdn.com\/kf\/Sdb1ef6b9204448cfab7230da625760cbP.jpg\" \/><\/div>\n<div><\/div>\n<p><img decoding=\"async\" src=\"\/\/ae01.alicdn.com\/kf\/S033b584677aa43ef9cdc104e6a0fd4cbL.jpg\" \/><\/p>\n<\/div>\n<\/div>\n<p>&nbsp;<\/p>\n<\/div>","protected":false},"excerpt":{"rendered":"<p>Modname = CKEditor Nueva actualizaci\u00f3n X2 PLUS Video GameStick Console 2,4G P3 Controlador inal\u00e1mbrico recargable Juegos Retro Para PSP\/PS1\/FC 64G\/128G Hay 2 capacidades con controladores inal\u00e1mbricos recargables: 64G con m\u00e1s de 30000 juegos y 128G con m\u00e1s de 40000 juegos, por favor, elija los que prefiera, gracias. &nbsp;<\/p>","protected":false},"featured_media":7603,"comment_status":"open","ping_status":"closed","template":"","meta":[],"product_brand":[],"product_cat":[32],"product_tag":[],"class_list":{"0":"post-7600","1":"product","2":"type-product","3":"status-publish","4":"has-post-thumbnail","6":"product_cat-technology","8":"first","9":"instock","10":"sale","11":"taxable","12":"shipping-taxable","13":"purchasable","14":"product-type-variable"},"yoast_head":"<!-- This site is optimized with the Yoast SEO plugin v27.5 - https:\/\/yoast.com\/product\/yoast-seo-wordpress\/ -->\n<title>Consola Retro Game Stick X2 Plus 4K HD PS1 PSP SN64 Juegos con Mandos Recargables - Alllira<\/title>\n<meta name=\"robots\" content=\"index, follow, max-snippet:-1, max-image-preview:large, max-video-preview:-1\" \/>\n<link rel=\"canonical\" href=\"https:\/\/alllira.com\/es\/producto\/consola-de-videojuegos-x2-plus-mando-inalambrico-recargable-24g-p3-juegos-retro-para-psp-ps1-fc-64g-128g-nueva-actualizacion\/\" \/>\n<meta property=\"og:locale\" content=\"es_ES\" \/>\n<meta property=\"og:type\" content=\"article\" \/>\n<meta property=\"og:title\" content=\"Consola Retro Game Stick X2 Plus 4K HD PS1 PSP SN64 Juegos con Mandos Recargables - Alllira\" \/>\n<meta property=\"og:description\" content=\"Modname = CKEditor Nueva actualizaci\u00f3n X2 PLUS Video GameStick Console 2,4G P3 Controlador inal\u00e1mbrico recargable Juegos Retro Para PSP\/PS1\/FC 64G\/128G Hay 2 capacidades con controladores inal\u00e1mbricos recargables: 64G con m\u00e1s de 30000 juegos y 128G con m\u00e1s de 40000 juegos, por favor, elija los que prefiera, gracias. &nbsp;\" \/>\n<meta property=\"og:url\" content=\"https:\/\/alllira.com\/es\/producto\/consola-de-videojuegos-x2-plus-mando-inalambrico-recargable-24g-p3-juegos-retro-para-psp-ps1-fc-64g-128g-nueva-actualizacion\/\" \/>\n<meta property=\"og:site_name\" content=\"Alllira\" \/>\n<meta property=\"article:publisher\" content=\"https:\/\/www.facebook.com\/profile.php?id=61553163366147\" \/>\n<meta property=\"article:modified_time\" content=\"2025-07-22T17:18:31+00:00\" \/>\n<meta property=\"og:image\" content=\"https:\/\/ae01.alicdn.com\/kf\/S08321f1fe2434861a511018855986b8aW\/Consola-de-videojuegos-X2-PLUS-mando-inal-mbrico-recargable-2-4G-P3-juegos-Retro-para-PSP.jpg\" \/>\n\t<meta property=\"og:image:width\" content=\"800\" \/>\n\t<meta property=\"og:image:height\" content=\"800\" \/>\n\t<meta property=\"og:image:type\" content=\"image\/jpeg\" \/>\n<meta name=\"twitter:card\" content=\"summary_large_image\" \/>\n<meta name=\"twitter:label1\" content=\"Tiempo de lectura\" \/>\n\t<meta name=\"twitter:data1\" content=\"3 minutos\" \/>\n<script type=\"application\/ld+json\" class=\"yoast-schema-graph\">{\"@context\":\"https:\\\/\\\/schema.org\",\"@graph\":[{\"@type\":\"WebPage\",\"@id\":\"https:\\\/\\\/alllira.com\\\/producto\\\/consola-de-videojuegos-x2-plus-mando-inalambrico-recargable-24g-p3-juegos-retro-para-psp-ps1-fc-64g-128g-nueva-actualizacion\\\/\",\"url\":\"https:\\\/\\\/alllira.com\\\/producto\\\/consola-de-videojuegos-x2-plus-mando-inalambrico-recargable-24g-p3-juegos-retro-para-psp-ps1-fc-64g-128g-nueva-actualizacion\\\/\",\"name\":\"Consola Retro Game Stick X2 Plus 4K HD PS1 PSP SN64 Juegos con Mandos Recargables - Alllira\",\"isPartOf\":{\"@id\":\"https:\\\/\\\/alllira.com\\\/#website\"},\"primaryImageOfPage\":{\"@id\":\"https:\\\/\\\/alllira.com\\\/producto\\\/consola-de-videojuegos-x2-plus-mando-inalambrico-recargable-24g-p3-juegos-retro-para-psp-ps1-fc-64g-128g-nueva-actualizacion\\\/#primaryimage\"},\"image\":{\"@id\":\"https:\\\/\\\/alllira.com\\\/producto\\\/consola-de-videojuegos-x2-plus-mando-inalambrico-recargable-24g-p3-juegos-retro-para-psp-ps1-fc-64g-128g-nueva-actualizacion\\\/#primaryimage\"},\"thumbnailUrl\":\"https:\\\/\\\/ae01.alicdn.com\\\/kf\\\/S08321f1fe2434861a511018855986b8aW\\\/Consola-de-videojuegos-X2-PLUS-mando-inal-mbrico-recargable-2-4G-P3-juegos-Retro-para-PSP.jpg\",\"datePublished\":\"2023-11-16T16:29:25+00:00\",\"dateModified\":\"2025-07-22T17:18:31+00:00\",\"breadcrumb\":{\"@id\":\"https:\\\/\\\/alllira.com\\\/producto\\\/consola-de-videojuegos-x2-plus-mando-inalambrico-recargable-24g-p3-juegos-retro-para-psp-ps1-fc-64g-128g-nueva-actualizacion\\\/#breadcrumb\"},\"inLanguage\":\"es\",\"potentialAction\":[{\"@type\":\"ReadAction\",\"target\":[\"https:\\\/\\\/alllira.com\\\/producto\\\/consola-de-videojuegos-x2-plus-mando-inalambrico-recargable-24g-p3-juegos-retro-para-psp-ps1-fc-64g-128g-nueva-actualizacion\\\/\"]}]},{\"@type\":\"ImageObject\",\"inLanguage\":\"es\",\"@id\":\"https:\\\/\\\/alllira.com\\\/producto\\\/consola-de-videojuegos-x2-plus-mando-inalambrico-recargable-24g-p3-juegos-retro-para-psp-ps1-fc-64g-128g-nueva-actualizacion\\\/#primaryimage\",\"url\":\"https:\\\/\\\/ae01.alicdn.com\\\/kf\\\/S08321f1fe2434861a511018855986b8aW\\\/Consola-de-videojuegos-X2-PLUS-mando-inal-mbrico-recargable-2-4G-P3-juegos-Retro-para-PSP.jpg\",\"contentUrl\":\"https:\\\/\\\/ae01.alicdn.com\\\/kf\\\/S08321f1fe2434861a511018855986b8aW\\\/Consola-de-videojuegos-X2-PLUS-mando-inal-mbrico-recargable-2-4G-P3-juegos-Retro-para-PSP.jpg\",\"width\":800,\"height\":800,\"caption\":\"7600-05225f.jpg\"},{\"@type\":\"BreadcrumbList\",\"@id\":\"https:\\\/\\\/alllira.com\\\/producto\\\/consola-de-videojuegos-x2-plus-mando-inalambrico-recargable-24g-p3-juegos-retro-para-psp-ps1-fc-64g-128g-nueva-actualizacion\\\/#breadcrumb\",\"itemListElement\":[{\"@type\":\"ListItem\",\"position\":1,\"name\":\"Home\",\"item\":\"https:\\\/\\\/alllira.com\\\/\"},{\"@type\":\"ListItem\",\"position\":2,\"name\":\"Shop\",\"item\":\"https:\\\/\\\/alllira.com\\\/shop\\\/\"},{\"@type\":\"ListItem\",\"position\":3,\"name\":\"Consola Retro Game Stick X2 Plus 4K HD PS1 PSP SN64 Juegos con Mandos Recargables\"}]},{\"@type\":\"WebSite\",\"@id\":\"https:\\\/\\\/alllira.com\\\/#website\",\"url\":\"https:\\\/\\\/alllira.com\\\/\",\"name\":\"Alllira\",\"description\":\"\",\"publisher\":{\"@id\":\"https:\\\/\\\/alllira.com\\\/#organization\"},\"potentialAction\":[{\"@type\":\"SearchAction\",\"target\":{\"@type\":\"EntryPoint\",\"urlTemplate\":\"https:\\\/\\\/alllira.com\\\/?s={search_term_string}\"},\"query-input\":{\"@type\":\"PropertyValueSpecification\",\"valueRequired\":true,\"valueName\":\"search_term_string\"}}],\"inLanguage\":\"es\"},{\"@type\":\"Organization\",\"@id\":\"https:\\\/\\\/alllira.com\\\/#organization\",\"name\":\"Alllira\",\"url\":\"https:\\\/\\\/alllira.com\\\/\",\"logo\":{\"@type\":\"ImageObject\",\"inLanguage\":\"es\",\"@id\":\"https:\\\/\\\/alllira.com\\\/#\\\/schema\\\/logo\\\/image\\\/\",\"url\":\"https:\\\/\\\/alllira.com\\\/wp-content\\\/uploads\\\/2023\\\/11\\\/399982192_122102027870105445_276710788166891880_n.jpg\",\"contentUrl\":\"https:\\\/\\\/alllira.com\\\/wp-content\\\/uploads\\\/2023\\\/11\\\/399982192_122102027870105445_276710788166891880_n.jpg\",\"width\":400,\"height\":400,\"caption\":\"Alllira\"},\"image\":{\"@id\":\"https:\\\/\\\/alllira.com\\\/#\\\/schema\\\/logo\\\/image\\\/\"},\"sameAs\":[\"https:\\\/\\\/www.facebook.com\\\/profile.php?id=61553163366147\"]}]}<\/script>\n<!-- \/ Yoast SEO plugin. -->","yoast_head_json":{"title":"Consola Retro Game Stick X2 Plus 4K HD PS1 PSP SN64 Juegos con Mandos Recargables - Alllira","robots":{"index":"index","follow":"follow","max-snippet":"max-snippet:-1","max-image-preview":"max-image-preview:large","max-video-preview":"max-video-preview:-1"},"canonical":"https:\/\/alllira.com\/es\/producto\/consola-de-videojuegos-x2-plus-mando-inalambrico-recargable-24g-p3-juegos-retro-para-psp-ps1-fc-64g-128g-nueva-actualizacion\/","og_locale":"es_ES","og_type":"article","og_title":"Consola Retro Game Stick X2 Plus 4K HD PS1 PSP SN64 Juegos con Mandos Recargables - Alllira","og_description":"Modname = CKEditor Nueva actualizaci\u00f3n X2 PLUS Video GameStick Console 2,4G P3 Controlador inal\u00e1mbrico recargable Juegos Retro Para PSP\/PS1\/FC 64G\/128G Hay 2 capacidades con controladores inal\u00e1mbricos recargables: 64G con m\u00e1s de 30000 juegos y 128G con m\u00e1s de 40000 juegos, por favor, elija los que prefiera, gracias. &nbsp;","og_url":"https:\/\/alllira.com\/es\/producto\/consola-de-videojuegos-x2-plus-mando-inalambrico-recargable-24g-p3-juegos-retro-para-psp-ps1-fc-64g-128g-nueva-actualizacion\/","og_site_name":"Alllira","article_publisher":"https:\/\/www.facebook.com\/profile.php?id=61553163366147","article_modified_time":"2025-07-22T17:18:31+00:00","og_image":[{"width":800,"height":800,"url":"https:\/\/ae01.alicdn.com\/kf\/S08321f1fe2434861a511018855986b8aW\/Consola-de-videojuegos-X2-PLUS-mando-inal-mbrico-recargable-2-4G-P3-juegos-Retro-para-PSP.jpg","type":"image\/jpeg"}],"twitter_card":"summary_large_image","twitter_misc":{"Tiempo de lectura":"3 minutos"},"schema":{"@context":"https:\/\/schema.org","@graph":[{"@type":"WebPage","@id":"https:\/\/alllira.com\/producto\/consola-de-videojuegos-x2-plus-mando-inalambrico-recargable-24g-p3-juegos-retro-para-psp-ps1-fc-64g-128g-nueva-actualizacion\/","url":"https:\/\/alllira.com\/producto\/consola-de-videojuegos-x2-plus-mando-inalambrico-recargable-24g-p3-juegos-retro-para-psp-ps1-fc-64g-128g-nueva-actualizacion\/","name":"Consola Retro Game Stick X2 Plus 4K HD PS1 PSP SN64 Juegos con Mandos Recargables - Alllira","isPartOf":{"@id":"https:\/\/alllira.com\/#website"},"primaryImageOfPage":{"@id":"https:\/\/alllira.com\/producto\/consola-de-videojuegos-x2-plus-mando-inalambrico-recargable-24g-p3-juegos-retro-para-psp-ps1-fc-64g-128g-nueva-actualizacion\/#primaryimage"},"image":{"@id":"https:\/\/alllira.com\/producto\/consola-de-videojuegos-x2-plus-mando-inalambrico-recargable-24g-p3-juegos-retro-para-psp-ps1-fc-64g-128g-nueva-actualizacion\/#primaryimage"},"thumbnailUrl":"https:\/\/ae01.alicdn.com\/kf\/S08321f1fe2434861a511018855986b8aW\/Consola-de-videojuegos-X2-PLUS-mando-inal-mbrico-recargable-2-4G-P3-juegos-Retro-para-PSP.jpg","datePublished":"2023-11-16T16:29:25+00:00","dateModified":"2025-07-22T17:18:31+00:00","breadcrumb":{"@id":"https:\/\/alllira.com\/producto\/consola-de-videojuegos-x2-plus-mando-inalambrico-recargable-24g-p3-juegos-retro-para-psp-ps1-fc-64g-128g-nueva-actualizacion\/#breadcrumb"},"inLanguage":"es","potentialAction":[{"@type":"ReadAction","target":["https:\/\/alllira.com\/producto\/consola-de-videojuegos-x2-plus-mando-inalambrico-recargable-24g-p3-juegos-retro-para-psp-ps1-fc-64g-128g-nueva-actualizacion\/"]}]},{"@type":"ImageObject","inLanguage":"es","@id":"https:\/\/alllira.com\/producto\/consola-de-videojuegos-x2-plus-mando-inalambrico-recargable-24g-p3-juegos-retro-para-psp-ps1-fc-64g-128g-nueva-actualizacion\/#primaryimage","url":"https:\/\/ae01.alicdn.com\/kf\/S08321f1fe2434861a511018855986b8aW\/Consola-de-videojuegos-X2-PLUS-mando-inal-mbrico-recargable-2-4G-P3-juegos-Retro-para-PSP.jpg","contentUrl":"https:\/\/ae01.alicdn.com\/kf\/S08321f1fe2434861a511018855986b8aW\/Consola-de-videojuegos-X2-PLUS-mando-inal-mbrico-recargable-2-4G-P3-juegos-Retro-para-PSP.jpg","width":800,"height":800,"caption":"7600-05225f.jpg"},{"@type":"BreadcrumbList","@id":"https:\/\/alllira.com\/producto\/consola-de-videojuegos-x2-plus-mando-inalambrico-recargable-24g-p3-juegos-retro-para-psp-ps1-fc-64g-128g-nueva-actualizacion\/#breadcrumb","itemListElement":[{"@type":"ListItem","position":1,"name":"Home","item":"https:\/\/alllira.com\/"},{"@type":"ListItem","position":2,"name":"Shop","item":"https:\/\/alllira.com\/shop\/"},{"@type":"ListItem","position":3,"name":"Consola Retro Game Stick X2 Plus 4K HD PS1 PSP SN64 Juegos con Mandos Recargables"}]},{"@type":"WebSite","@id":"https:\/\/alllira.com\/#website","url":"https:\/\/alllira.com\/","name":"Alllira","description":"","publisher":{"@id":"https:\/\/alllira.com\/#organization"},"potentialAction":[{"@type":"SearchAction","target":{"@type":"EntryPoint","urlTemplate":"https:\/\/alllira.com\/?s={search_term_string}"},"query-input":{"@type":"PropertyValueSpecification","valueRequired":true,"valueName":"search_term_string"}}],"inLanguage":"es"},{"@type":"Organization","@id":"https:\/\/alllira.com\/#organization","name":"Alllira","url":"https:\/\/alllira.com\/","logo":{"@type":"ImageObject","inLanguage":"es","@id":"https:\/\/alllira.com\/#\/schema\/logo\/image\/","url":"https:\/\/alllira.com\/wp-content\/uploads\/2023\/11\/399982192_122102027870105445_276710788166891880_n.jpg","contentUrl":"https:\/\/alllira.com\/wp-content\/uploads\/2023\/11\/399982192_122102027870105445_276710788166891880_n.jpg","width":400,"height":400,"caption":"Alllira"},"image":{"@id":"https:\/\/alllira.com\/#\/schema\/logo\/image\/"},"sameAs":["https:\/\/www.facebook.com\/profile.php?id=61553163366147"]}]}},"jetpack_sharing_enabled":true,"_links":{"self":[{"href":"https:\/\/alllira.com\/es\/wp-json\/wp\/v2\/product\/7600","targetHints":{"allow":["GET"]}}],"collection":[{"href":"https:\/\/alllira.com\/es\/wp-json\/wp\/v2\/product"}],"about":[{"href":"https:\/\/alllira.com\/es\/wp-json\/wp\/v2\/types\/product"}],"replies":[{"embeddable":true,"href":"https:\/\/alllira.com\/es\/wp-json\/wp\/v2\/comments?post=7600"}],"wp:featuredmedia":[{"embeddable":true,"href":"https:\/\/alllira.com\/es\/wp-json\/wp\/v2\/media\/7603"}],"wp:attachment":[{"href":"https:\/\/alllira.com\/es\/wp-json\/wp\/v2\/media?parent=7600"}],"wp:term":[{"taxonomy":"product_brand","embeddable":true,"href":"https:\/\/alllira.com\/es\/wp-json\/wp\/v2\/product_brand?post=7600"},{"taxonomy":"product_cat","embeddable":true,"href":"https:\/\/alllira.com\/es\/wp-json\/wp\/v2\/product_cat?post=7600"},{"taxonomy":"product_tag","embeddable":true,"href":"https:\/\/alllira.com\/es\/wp-json\/wp\/v2\/product_tag?post=7600"}],"curies":[{"name":"wp","href":"https:\/\/api.w.org\/{rel}","templated":true}]}}