{"id":7614,"date":"2023-11-16T17:36:59","date_gmt":"2023-11-16T17:36:59","guid":{"rendered":"https:\/\/alllira.com\/?post_type=product&#038;p=7614"},"modified":"2023-11-19T15:49:15","modified_gmt":"2023-11-19T15:49:15","slug":"pin-netflix-colombia-30-000-cop","status":"publish","type":"product","link":"https:\/\/alllira.com\/es\/producto\/pin-netflix-colombia-30-000-cop\/","title":{"rendered":"PIN Netflix Colombia 30.000 COP"},"content":{"rendered":"<p><span style=\"font-family: arial, helvetica, sans-serif;\"><strong>\u00a1NETFLIX PREPAGO EN COLOMBIA!<\/strong><\/span><\/p>\n<ul>\n<li><span style=\"font-family: arial, helvetica, sans-serif;\">Paga tu suscripci\u00f3n o reg\u00e1lale una a alguien especial. Usa las tarjetas regalo y pines prepago de Netflix de la marca POSA para ver tus series y pel\u00edculas favoritas en cualquier dispositivo conectado a Internet. Mira todo lo que quieras, cuando quieras, r\u00e1pido y f\u00e1cil. Siempre hay algo grandioso para ver.<\/span><\/li>\n<\/ul>\n<ul>\n<li><span style=\"font-family: arial, helvetica, sans-serif;\">Las tarjetas y pines prepago Netflix vienen con un saldo con el que podr\u00e1s cargar tu cuenta y la duraci\u00f3n de este depender\u00e1 del valor del plan que escojas o tengas en tu cuenta de Netflix. Sin tarjeta de cr\u00e9dito, comerciales o cuotas escondidas. Cancela en cualquier momento.<\/span><\/li>\n<\/ul>\n<p><span style=\"font-family: arial, helvetica, sans-serif;\"><strong>Formato: C\u00f3digo Digital<\/strong><\/span><\/p>\n<ul>\n<li><span style=\"font-family: arial, helvetica, sans-serif;\">Regi\u00f3n: Colombia<\/span><\/li>\n<\/ul>\n<p><span style=\"font-family: arial, helvetica, sans-serif;\"><strong>Importante:<\/strong><\/span><\/p>\n<ul>\n<li><span style=\"font-family: arial, helvetica, sans-serif;\">Recarga Netflix sin Tarjeta. Ingresa a: www.netflix.com\/codigo desde el dispositivo de tu preferencia, e inserta el c\u00f3digo de recarga para poder acceder a toda la variedad de contenido que ofrece tu plan y disfr\u00fatalo.<\/span><\/li>\n<\/ul>\n<p><strong><span style=\"font-family: arial, helvetica, sans-serif; font-size: 14pt;\">\u00bfC\u00d3MO CANJEAR MI PIN?<\/span><\/strong><\/p>\n<p><img loading=\"lazy\" decoding=\"async\" class=\"alignnone size-medium wp-image-3787\" src=\"https:\/\/alllira.com\/wp-content\/uploads\/2023\/11\/Redencion_Netflix_1200x630-300x146.jpg\" alt=\"\" width=\"300\" height=\"146\" srcset=\"https:\/\/alllira.com\/wp-content\/uploads\/2023\/11\/Redencion_Netflix_1200x630-300x146.jpg 300w, https:\/\/alllira.com\/wp-content\/uploads\/2023\/11\/Redencion_Netflix_1200x630-1024x497.jpg 1024w, https:\/\/alllira.com\/wp-content\/uploads\/2023\/11\/Redencion_Netflix_1200x630-768x372.jpg 768w, https:\/\/alllira.com\/wp-content\/uploads\/2023\/11\/Redencion_Netflix_1200x630-18x9.jpg 18w, https:\/\/alllira.com\/wp-content\/uploads\/2023\/11\/Redencion_Netflix_1200x630-640x310.jpg 640w, https:\/\/alllira.com\/wp-content\/uploads\/2023\/11\/Redencion_Netflix_1200x630.jpg 1200w\" sizes=\"auto, (max-width: 300px) 100vw, 300px\" \/><\/p>\n<p><strong><span style=\"font-family: arial, helvetica, sans-serif; font-size: 14pt;\">VALOR \/ DURACI\u00d3N<\/span><\/strong><\/p>\n<p><img loading=\"lazy\" decoding=\"async\" class=\"alignnone size-medium wp-image-3786\" src=\"https:\/\/alllira.com\/wp-content\/uploads\/2023\/11\/Tarifas_netflix_2023_sinlogo-300x300.jpg\" alt=\"\" width=\"300\" height=\"300\" srcset=\"https:\/\/alllira.com\/wp-content\/uploads\/2023\/11\/Tarifas_netflix_2023_sinlogo-300x300.jpg 300w, https:\/\/alllira.com\/wp-content\/uploads\/2023\/11\/Tarifas_netflix_2023_sinlogo-150x150.jpg 150w, https:\/\/alllira.com\/wp-content\/uploads\/2023\/11\/Tarifas_netflix_2023_sinlogo-768x768.jpg 768w, https:\/\/alllira.com\/wp-content\/uploads\/2023\/11\/Tarifas_netflix_2023_sinlogo-12x12.jpg 12w, https:\/\/alllira.com\/wp-content\/uploads\/2023\/11\/Tarifas_netflix_2023_sinlogo-350x350.jpg 350w, https:\/\/alllira.com\/wp-content\/uploads\/2023\/11\/Tarifas_netflix_2023_sinlogo-640x640.jpg 640w, https:\/\/alllira.com\/wp-content\/uploads\/2023\/11\/Tarifas_netflix_2023_sinlogo-100x100.jpg 100w, https:\/\/alllira.com\/wp-content\/uploads\/2023\/11\/Tarifas_netflix_2023_sinlogo.jpg 1000w\" sizes=\"auto, (max-width: 300px) 100vw, 300px\" \/><\/p>","protected":false},"excerpt":{"rendered":"<p>\u00a1NETFLIX PREPAGO EN COLOMBIA! Paga tu suscripci\u00f3n o reg\u00e1lale una a alguien especial. Usa las tarjetas regalo y pines prepago de Netflix de la marca POSA para ver tus series y pel\u00edculas favoritas en cualquier dispositivo conectado a Internet. Mira todo lo que quieras, cuando quieras, r\u00e1pido y f\u00e1cil. Siempre hay algo grandioso para ver. [&hellip;]<\/p>\n","protected":false},"featured_media":7617,"comment_status":"open","ping_status":"closed","template":"","meta":[],"product_brand":[],"product_cat":[38],"product_tag":[],"class_list":{"0":"post-7614","1":"product","2":"type-product","3":"status-publish","4":"has-post-thumbnail","6":"product_cat-gift-cards","8":"first","9":"outofstock","10":"virtual","11":"taxable","12":"purchasable","13":"product-type-simple"},"yoast_head":"<!-- This site is optimized with the Yoast SEO plugin v27.5 - https:\/\/yoast.com\/product\/yoast-seo-wordpress\/ -->\n<title>PIN Netflix Colombia 30.000 COP - Alllira<\/title>\n<meta name=\"robots\" content=\"index, follow, max-snippet:-1, max-image-preview:large, max-video-preview:-1\" \/>\n<link rel=\"canonical\" href=\"https:\/\/alllira.com\/es\/producto\/pin-netflix-colombia-30-000-cop\/\" \/>\n<meta property=\"og:locale\" content=\"es_ES\" \/>\n<meta property=\"og:type\" content=\"article\" \/>\n<meta property=\"og:title\" content=\"PIN Netflix Colombia 30.000 COP - Alllira\" \/>\n<meta property=\"og:description\" content=\"\u00a1NETFLIX PREPAGO EN COLOMBIA! Paga tu suscripci\u00f3n o reg\u00e1lale una a alguien especial. Usa las tarjetas regalo y pines prepago de Netflix de la marca POSA para ver tus series y pel\u00edculas favoritas en cualquier dispositivo conectado a Internet. Mira todo lo que quieras, cuando quieras, r\u00e1pido y f\u00e1cil. Siempre hay algo grandioso para ver. [&hellip;]\" \/>\n<meta property=\"og:url\" content=\"https:\/\/alllira.com\/es\/producto\/pin-netflix-colombia-30-000-cop\/\" \/>\n<meta property=\"og:site_name\" content=\"Alllira\" \/>\n<meta property=\"article:publisher\" content=\"https:\/\/www.facebook.com\/profile.php?id=61553163366147\" \/>\n<meta property=\"article:modified_time\" content=\"2023-11-19T15:49:15+00:00\" \/>\n<meta property=\"og:image\" content=\"https:\/\/alllira.com\/wp-content\/uploads\/2023\/11\/Laptop1.jpg\" \/>\n\t<meta property=\"og:image:width\" content=\"920\" \/>\n\t<meta property=\"og:image:height\" content=\"920\" \/>\n\t<meta property=\"og:image:type\" content=\"image\/jpeg\" \/>\n<meta name=\"twitter:card\" content=\"summary_large_image\" \/>\n<meta name=\"twitter:label1\" content=\"Tiempo de lectura\" \/>\n\t<meta name=\"twitter:data1\" content=\"2 minutos\" \/>\n<script type=\"application\/ld+json\" class=\"yoast-schema-graph\">{\"@context\":\"https:\\\/\\\/schema.org\",\"@graph\":[{\"@type\":\"WebPage\",\"@id\":\"https:\\\/\\\/alllira.com\\\/producto\\\/pin-netflix-colombia-30-000-cop\\\/\",\"url\":\"https:\\\/\\\/alllira.com\\\/producto\\\/pin-netflix-colombia-30-000-cop\\\/\",\"name\":\"PIN Netflix Colombia 30.000 COP - Alllira\",\"isPartOf\":{\"@id\":\"https:\\\/\\\/alllira.com\\\/#website\"},\"primaryImageOfPage\":{\"@id\":\"https:\\\/\\\/alllira.com\\\/producto\\\/pin-netflix-colombia-30-000-cop\\\/#primaryimage\"},\"image\":{\"@id\":\"https:\\\/\\\/alllira.com\\\/producto\\\/pin-netflix-colombia-30-000-cop\\\/#primaryimage\"},\"thumbnailUrl\":\"https:\\\/\\\/alllira.com\\\/wp-content\\\/uploads\\\/2023\\\/11\\\/Laptop1.jpg\",\"datePublished\":\"2023-11-16T17:36:59+00:00\",\"dateModified\":\"2023-11-19T15:49:15+00:00\",\"breadcrumb\":{\"@id\":\"https:\\\/\\\/alllira.com\\\/producto\\\/pin-netflix-colombia-30-000-cop\\\/#breadcrumb\"},\"inLanguage\":\"es\",\"potentialAction\":[{\"@type\":\"ReadAction\",\"target\":[\"https:\\\/\\\/alllira.com\\\/producto\\\/pin-netflix-colombia-30-000-cop\\\/\"]}]},{\"@type\":\"ImageObject\",\"inLanguage\":\"es\",\"@id\":\"https:\\\/\\\/alllira.com\\\/producto\\\/pin-netflix-colombia-30-000-cop\\\/#primaryimage\",\"url\":\"https:\\\/\\\/alllira.com\\\/wp-content\\\/uploads\\\/2023\\\/11\\\/Laptop1.jpg\",\"contentUrl\":\"https:\\\/\\\/alllira.com\\\/wp-content\\\/uploads\\\/2023\\\/11\\\/Laptop1.jpg\",\"width\":920,\"height\":920},{\"@type\":\"BreadcrumbList\",\"@id\":\"https:\\\/\\\/alllira.com\\\/producto\\\/pin-netflix-colombia-30-000-cop\\\/#breadcrumb\",\"itemListElement\":[{\"@type\":\"ListItem\",\"position\":1,\"name\":\"Home\",\"item\":\"https:\\\/\\\/alllira.com\\\/\"},{\"@type\":\"ListItem\",\"position\":2,\"name\":\"Shop\",\"item\":\"https:\\\/\\\/alllira.com\\\/shop\\\/\"},{\"@type\":\"ListItem\",\"position\":3,\"name\":\"PIN Netflix Colombia 30.000 COP\"}]},{\"@type\":\"WebSite\",\"@id\":\"https:\\\/\\\/alllira.com\\\/#website\",\"url\":\"https:\\\/\\\/alllira.com\\\/\",\"name\":\"Alllira\",\"description\":\"\",\"publisher\":{\"@id\":\"https:\\\/\\\/alllira.com\\\/#organization\"},\"potentialAction\":[{\"@type\":\"SearchAction\",\"target\":{\"@type\":\"EntryPoint\",\"urlTemplate\":\"https:\\\/\\\/alllira.com\\\/?s={search_term_string}\"},\"query-input\":{\"@type\":\"PropertyValueSpecification\",\"valueRequired\":true,\"valueName\":\"search_term_string\"}}],\"inLanguage\":\"es\"},{\"@type\":\"Organization\",\"@id\":\"https:\\\/\\\/alllira.com\\\/#organization\",\"name\":\"Alllira\",\"url\":\"https:\\\/\\\/alllira.com\\\/\",\"logo\":{\"@type\":\"ImageObject\",\"inLanguage\":\"es\",\"@id\":\"https:\\\/\\\/alllira.com\\\/#\\\/schema\\\/logo\\\/image\\\/\",\"url\":\"https:\\\/\\\/alllira.com\\\/wp-content\\\/uploads\\\/2023\\\/11\\\/399982192_122102027870105445_276710788166891880_n.jpg\",\"contentUrl\":\"https:\\\/\\\/alllira.com\\\/wp-content\\\/uploads\\\/2023\\\/11\\\/399982192_122102027870105445_276710788166891880_n.jpg\",\"width\":400,\"height\":400,\"caption\":\"Alllira\"},\"image\":{\"@id\":\"https:\\\/\\\/alllira.com\\\/#\\\/schema\\\/logo\\\/image\\\/\"},\"sameAs\":[\"https:\\\/\\\/www.facebook.com\\\/profile.php?id=61553163366147\"]}]}<\/script>\n<!-- \/ Yoast SEO plugin. -->","yoast_head_json":{"title":"PIN Netflix Colombia 30.000 COP - Alllira","robots":{"index":"index","follow":"follow","max-snippet":"max-snippet:-1","max-image-preview":"max-image-preview:large","max-video-preview":"max-video-preview:-1"},"canonical":"https:\/\/alllira.com\/es\/producto\/pin-netflix-colombia-30-000-cop\/","og_locale":"es_ES","og_type":"article","og_title":"PIN Netflix Colombia 30.000 COP - Alllira","og_description":"\u00a1NETFLIX PREPAGO EN COLOMBIA! Paga tu suscripci\u00f3n o reg\u00e1lale una a alguien especial. Usa las tarjetas regalo y pines prepago de Netflix de la marca POSA para ver tus series y pel\u00edculas favoritas en cualquier dispositivo conectado a Internet. Mira todo lo que quieras, cuando quieras, r\u00e1pido y f\u00e1cil. Siempre hay algo grandioso para ver. [&hellip;]","og_url":"https:\/\/alllira.com\/es\/producto\/pin-netflix-colombia-30-000-cop\/","og_site_name":"Alllira","article_publisher":"https:\/\/www.facebook.com\/profile.php?id=61553163366147","article_modified_time":"2023-11-19T15:49:15+00:00","og_image":[{"width":920,"height":920,"url":"https:\/\/alllira.com\/wp-content\/uploads\/2023\/11\/Laptop1.jpg","type":"image\/jpeg"}],"twitter_card":"summary_large_image","twitter_misc":{"Tiempo de lectura":"2 minutos"},"schema":{"@context":"https:\/\/schema.org","@graph":[{"@type":"WebPage","@id":"https:\/\/alllira.com\/producto\/pin-netflix-colombia-30-000-cop\/","url":"https:\/\/alllira.com\/producto\/pin-netflix-colombia-30-000-cop\/","name":"PIN Netflix Colombia 30.000 COP - Alllira","isPartOf":{"@id":"https:\/\/alllira.com\/#website"},"primaryImageOfPage":{"@id":"https:\/\/alllira.com\/producto\/pin-netflix-colombia-30-000-cop\/#primaryimage"},"image":{"@id":"https:\/\/alllira.com\/producto\/pin-netflix-colombia-30-000-cop\/#primaryimage"},"thumbnailUrl":"https:\/\/alllira.com\/wp-content\/uploads\/2023\/11\/Laptop1.jpg","datePublished":"2023-11-16T17:36:59+00:00","dateModified":"2023-11-19T15:49:15+00:00","breadcrumb":{"@id":"https:\/\/alllira.com\/producto\/pin-netflix-colombia-30-000-cop\/#breadcrumb"},"inLanguage":"es","potentialAction":[{"@type":"ReadAction","target":["https:\/\/alllira.com\/producto\/pin-netflix-colombia-30-000-cop\/"]}]},{"@type":"ImageObject","inLanguage":"es","@id":"https:\/\/alllira.com\/producto\/pin-netflix-colombia-30-000-cop\/#primaryimage","url":"https:\/\/alllira.com\/wp-content\/uploads\/2023\/11\/Laptop1.jpg","contentUrl":"https:\/\/alllira.com\/wp-content\/uploads\/2023\/11\/Laptop1.jpg","width":920,"height":920},{"@type":"BreadcrumbList","@id":"https:\/\/alllira.com\/producto\/pin-netflix-colombia-30-000-cop\/#breadcrumb","itemListElement":[{"@type":"ListItem","position":1,"name":"Home","item":"https:\/\/alllira.com\/"},{"@type":"ListItem","position":2,"name":"Shop","item":"https:\/\/alllira.com\/shop\/"},{"@type":"ListItem","position":3,"name":"PIN Netflix Colombia 30.000 COP"}]},{"@type":"WebSite","@id":"https:\/\/alllira.com\/#website","url":"https:\/\/alllira.com\/","name":"Alllira","description":"","publisher":{"@id":"https:\/\/alllira.com\/#organization"},"potentialAction":[{"@type":"SearchAction","target":{"@type":"EntryPoint","urlTemplate":"https:\/\/alllira.com\/?s={search_term_string}"},"query-input":{"@type":"PropertyValueSpecification","valueRequired":true,"valueName":"search_term_string"}}],"inLanguage":"es"},{"@type":"Organization","@id":"https:\/\/alllira.com\/#organization","name":"Alllira","url":"https:\/\/alllira.com\/","logo":{"@type":"ImageObject","inLanguage":"es","@id":"https:\/\/alllira.com\/#\/schema\/logo\/image\/","url":"https:\/\/alllira.com\/wp-content\/uploads\/2023\/11\/399982192_122102027870105445_276710788166891880_n.jpg","contentUrl":"https:\/\/alllira.com\/wp-content\/uploads\/2023\/11\/399982192_122102027870105445_276710788166891880_n.jpg","width":400,"height":400,"caption":"Alllira"},"image":{"@id":"https:\/\/alllira.com\/#\/schema\/logo\/image\/"},"sameAs":["https:\/\/www.facebook.com\/profile.php?id=61553163366147"]}]}},"jetpack_sharing_enabled":true,"_links":{"self":[{"href":"https:\/\/alllira.com\/es\/wp-json\/wp\/v2\/product\/7614","targetHints":{"allow":["GET"]}}],"collection":[{"href":"https:\/\/alllira.com\/es\/wp-json\/wp\/v2\/product"}],"about":[{"href":"https:\/\/alllira.com\/es\/wp-json\/wp\/v2\/types\/product"}],"replies":[{"embeddable":true,"href":"https:\/\/alllira.com\/es\/wp-json\/wp\/v2\/comments?post=7614"}],"wp:featuredmedia":[{"embeddable":true,"href":"https:\/\/alllira.com\/es\/wp-json\/wp\/v2\/media\/7617"}],"wp:attachment":[{"href":"https:\/\/alllira.com\/es\/wp-json\/wp\/v2\/media?parent=7614"}],"wp:term":[{"taxonomy":"product_brand","embeddable":true,"href":"https:\/\/alllira.com\/es\/wp-json\/wp\/v2\/product_brand?post=7614"},{"taxonomy":"product_cat","embeddable":true,"href":"https:\/\/alllira.com\/es\/wp-json\/wp\/v2\/product_cat?post=7614"},{"taxonomy":"product_tag","embeddable":true,"href":"https:\/\/alllira.com\/es\/wp-json\/wp\/v2\/product_tag?post=7614"}],"curies":[{"name":"wp","href":"https:\/\/api.w.org\/{rel}","templated":true}]}}