{"id":7903,"date":"2023-11-18T04:08:14","date_gmt":"2023-11-18T04:08:14","guid":{"rendered":"https:\/\/alllira.com\/es\/producto\/imzay-juego-de-ganchos-de-ganchillo-para-principiantes-96-piezas-caja-de-almacenamiento-de-agujas-de-tejer-kit-de-agujas-de-tejer-herramienta-de-tejido-diy-accesorios\/"},"modified":"2025-07-22T12:19:01","modified_gmt":"2025-07-22T17:19:01","slug":"imzay-juego-de-ganchos-de-ganchillo-para-principiantes-96-piezas-caja-de-almacenamiento-de-agujas-de-tejer-kit-de-agujas-de-tejer-herramienta-de-tejido-diy-accesorios","status":"publish","type":"product","link":"https:\/\/alllira.com\/es\/producto\/imzay-juego-de-ganchos-de-ganchillo-para-principiantes-96-piezas-caja-de-almacenamiento-de-agujas-de-tejer-kit-de-agujas-de-tejer-herramienta-de-tejido-diy-accesorios\/","title":{"rendered":"Juego de Crochet para principiantes, 96 piezas, caja de almacenamiento de agujas de tejer, Kit de agujas de tejer, herramienta de tejido DIY"},"content":{"rendered":"<div>\n<div>\n<p id=\"tl_1\" style=\"font-family: OpenSans; font-size: 20px; font-weight: 900; line-height: 28px; margin-bottom: 12px;\">Caracter\u00edsticas:<\/p>\n<p id=\"tl_2\" style=\"font-family: OpenSans; font-size: 14px; font-weight: 300; line-height: 20px; margin-bottom: 12px;\">1.100% nuevo y de alta calidad.<br \/>\n2. El orificio largo de la aguja de coser de ojo grande de la aguja est\u00e1 dise\u00f1ado razonablemente, incluso si no hay enhebrador, puede enhebrar f\u00e1cilmente la aguja.<br \/>\n3. Nuestras agujas de coser est\u00e1n equipadas con tubos de almacenamiento transparentes para almacenar las agujas sin usar, no se preocupe por perderlas.<br \/>\n4. Caja de almacenamiento de ganchillo: Kits de ganchillo con bolsas de almacenamiento multifunci\u00f3n, todos los ganchos se pueden fijar para evitar p\u00e9rdidas.<br \/>\n5. Este colorido JUEGO DE GANCHOS PARA telar de tejer, adecuado para tejer su\u00e9teres, ropa, cojines y diversas prendas y accesorios.<br \/>\n6. Si usted es un iniciador o un entusiasta del ganchillo experimentado, puede usar una variedad de tama\u00f1os de ganchillo, \u00a1todos los ganchillos satisfacen sus necesidades completan el excelente ganchillo!<\/p>\n<\/div>\n<div>\n<p id=\"tl_3\" style=\"font-family: OpenSans; font-size: 20px; font-weight: 900; line-height: 28px; margin-bottom: 12px;\">Especificaciones:<\/p>\n<p id=\"tl_4\" style=\"font-family: OpenSans; font-size: 14px; font-weight: 300; line-height: 20px; margin-bottom: 12px;\">Color: Color aleatorio<br \/>\nTraje complejo de ganchillo:<br \/>\nCada juego de ganchillo contiene 9 mangos de goma, 10 ganchillo de aluminio y 16 recintos de hierro de encaje y otros accesorios de ganchillo necesarios.<\/p>\n<\/div>\n<div>\n<p id=\"tl_5\" style=\"font-family: OpenSans; font-size: 20px; font-weight: 900; line-height: 28px; margin-bottom: 12px;\">Notas:<\/p>\n<p id=\"tl_6\">1. Permita una desviaci\u00f3n de medici\u00f3n de 1-3mm debido a la medici\u00f3n manual.<br \/>\n2. Debido a los diferentes monitores y efectos de luz, el color real puede ser ligeramente diferente al color del art\u00edculo que se muestra en las im\u00e1genes. \u00a1Gracias!<\/p>\n<\/div>\n<div><img decoding=\"async\" src=\"\/\/ae01.alicdn.com\/kf\/H9aab4b2d405341f28533cb3720b92780q.jpg\" \/><br \/>\n<img decoding=\"async\" src=\"\/\/ae01.alicdn.com\/kf\/Hd39dea20dcad4b8ba00ea21361824e0f4.jpg\" \/><br \/>\n<img decoding=\"async\" src=\"\/\/ae01.alicdn.com\/kf\/H863dc9e1633a4d378819859e4acd6b22O.jpg\" \/><br \/>\n<img decoding=\"async\" src=\"\/\/ae01.alicdn.com\/kf\/Hd5c770c371a7470f8ae731126b56e64cs.jpg\" \/><br \/>\n<img decoding=\"async\" src=\"\/\/ae01.alicdn.com\/kf\/H668203c74ec5486086c9b008314d85c7z.jpg\" \/><br \/>\n<img decoding=\"async\" src=\"\/\/ae01.alicdn.com\/kf\/H395c55b20c554f318aef25f3d7cf5f5a3.jpg\" \/><br \/>\n<img decoding=\"async\" src=\"\/\/ae01.alicdn.com\/kf\/Hd9f04df85cae4deead21ec8ba0ef57461.jpg\" \/><\/div>\n<p>&nbsp;<\/p>\n<\/div>","protected":false},"excerpt":{"rendered":"<p>Caracter\u00edsticas: 1.100% nuevo y de alta calidad. 2. El orificio largo de la aguja de coser de ojo grande de la aguja est\u00e1 dise\u00f1ado razonablemente, incluso si no hay enhebrador, puede enhebrar f\u00e1cilmente la aguja. 3. Nuestras agujas de coser est\u00e1n equipadas con tubos de almacenamiento transparentes para almacenar las agujas sin usar, no se [&hellip;]<\/p>\n","protected":false},"featured_media":7904,"comment_status":"open","ping_status":"closed","template":"","meta":[],"product_brand":[],"product_cat":[36],"product_tag":[],"class_list":{"0":"post-7903","1":"product","2":"type-product","3":"status-publish","4":"has-post-thumbnail","6":"product_cat-textile","8":"first","9":"instock","10":"sale","11":"taxable","12":"shipping-taxable","13":"purchasable","14":"product-type-simple"},"yoast_head":"<!-- This site is optimized with the Yoast SEO plugin v27.5 - https:\/\/yoast.com\/product\/yoast-seo-wordpress\/ -->\n<title>Juego de Crochet para principiantes, 96 piezas, caja de almacenamiento de agujas de tejer, Kit de agujas de tejer, herramienta de tejido DIY - Alllira<\/title>\n<meta name=\"robots\" content=\"index, follow, max-snippet:-1, max-image-preview:large, max-video-preview:-1\" \/>\n<link rel=\"canonical\" href=\"https:\/\/alllira.com\/es\/producto\/imzay-juego-de-ganchos-de-ganchillo-para-principiantes-96-piezas-caja-de-almacenamiento-de-agujas-de-tejer-kit-de-agujas-de-tejer-herramienta-de-tejido-diy-accesorios\/\" \/>\n<meta property=\"og:locale\" content=\"es_ES\" \/>\n<meta property=\"og:type\" content=\"article\" \/>\n<meta property=\"og:title\" content=\"Juego de Crochet para principiantes, 96 piezas, caja de almacenamiento de agujas de tejer, Kit de agujas de tejer, herramienta de tejido DIY - Alllira\" \/>\n<meta property=\"og:description\" content=\"Caracter\u00edsticas: 1.100% nuevo y de alta calidad. 2. El orificio largo de la aguja de coser de ojo grande de la aguja est\u00e1 dise\u00f1ado razonablemente, incluso si no hay enhebrador, puede enhebrar f\u00e1cilmente la aguja. 3. Nuestras agujas de coser est\u00e1n equipadas con tubos de almacenamiento transparentes para almacenar las agujas sin usar, no se [&hellip;]\" \/>\n<meta property=\"og:url\" content=\"https:\/\/alllira.com\/es\/producto\/imzay-juego-de-ganchos-de-ganchillo-para-principiantes-96-piezas-caja-de-almacenamiento-de-agujas-de-tejer-kit-de-agujas-de-tejer-herramienta-de-tejido-diy-accesorios\/\" \/>\n<meta property=\"og:site_name\" content=\"Alllira\" \/>\n<meta property=\"article:publisher\" content=\"https:\/\/www.facebook.com\/profile.php?id=61553163366147\" \/>\n<meta property=\"article:modified_time\" content=\"2025-07-22T17:19:01+00:00\" \/>\n<meta property=\"og:image\" content=\"https:\/\/ae01.alicdn.com\/kf\/H8be3d085530c47e08132de9abe266b51c\/IMZAY-Juego-de-ganchos-de-ganchillo-para-principiantes-96-piezas-caja-de-almacenamiento-de-agujas-de.jpg\" \/>\n\t<meta property=\"og:image:width\" content=\"800\" \/>\n\t<meta property=\"og:image:height\" content=\"800\" \/>\n\t<meta property=\"og:image:type\" content=\"image\/jpeg\" \/>\n<meta name=\"twitter:card\" content=\"summary_large_image\" \/>\n<meta name=\"twitter:label1\" content=\"Tiempo de lectura\" \/>\n\t<meta name=\"twitter:data1\" content=\"3 minutos\" \/>\n<script type=\"application\/ld+json\" class=\"yoast-schema-graph\">{\"@context\":\"https:\\\/\\\/schema.org\",\"@graph\":[{\"@type\":\"WebPage\",\"@id\":\"https:\\\/\\\/alllira.com\\\/producto\\\/imzay-juego-de-ganchos-de-ganchillo-para-principiantes-96-piezas-caja-de-almacenamiento-de-agujas-de-tejer-kit-de-agujas-de-tejer-herramienta-de-tejido-diy-accesorios\\\/\",\"url\":\"https:\\\/\\\/alllira.com\\\/producto\\\/imzay-juego-de-ganchos-de-ganchillo-para-principiantes-96-piezas-caja-de-almacenamiento-de-agujas-de-tejer-kit-de-agujas-de-tejer-herramienta-de-tejido-diy-accesorios\\\/\",\"name\":\"Juego de Crochet para principiantes, 96 piezas, caja de almacenamiento de agujas de tejer, Kit de agujas de tejer, herramienta de tejido DIY - Alllira\",\"isPartOf\":{\"@id\":\"https:\\\/\\\/alllira.com\\\/#website\"},\"primaryImageOfPage\":{\"@id\":\"https:\\\/\\\/alllira.com\\\/producto\\\/imzay-juego-de-ganchos-de-ganchillo-para-principiantes-96-piezas-caja-de-almacenamiento-de-agujas-de-tejer-kit-de-agujas-de-tejer-herramienta-de-tejido-diy-accesorios\\\/#primaryimage\"},\"image\":{\"@id\":\"https:\\\/\\\/alllira.com\\\/producto\\\/imzay-juego-de-ganchos-de-ganchillo-para-principiantes-96-piezas-caja-de-almacenamiento-de-agujas-de-tejer-kit-de-agujas-de-tejer-herramienta-de-tejido-diy-accesorios\\\/#primaryimage\"},\"thumbnailUrl\":\"https:\\\/\\\/ae01.alicdn.com\\\/kf\\\/H8be3d085530c47e08132de9abe266b51c\\\/IMZAY-Juego-de-ganchos-de-ganchillo-para-principiantes-96-piezas-caja-de-almacenamiento-de-agujas-de.jpg\",\"datePublished\":\"2023-11-18T04:08:14+00:00\",\"dateModified\":\"2025-07-22T17:19:01+00:00\",\"breadcrumb\":{\"@id\":\"https:\\\/\\\/alllira.com\\\/producto\\\/imzay-juego-de-ganchos-de-ganchillo-para-principiantes-96-piezas-caja-de-almacenamiento-de-agujas-de-tejer-kit-de-agujas-de-tejer-herramienta-de-tejido-diy-accesorios\\\/#breadcrumb\"},\"inLanguage\":\"es\",\"potentialAction\":[{\"@type\":\"ReadAction\",\"target\":[\"https:\\\/\\\/alllira.com\\\/producto\\\/imzay-juego-de-ganchos-de-ganchillo-para-principiantes-96-piezas-caja-de-almacenamiento-de-agujas-de-tejer-kit-de-agujas-de-tejer-herramienta-de-tejido-diy-accesorios\\\/\"]}]},{\"@type\":\"ImageObject\",\"inLanguage\":\"es\",\"@id\":\"https:\\\/\\\/alllira.com\\\/producto\\\/imzay-juego-de-ganchos-de-ganchillo-para-principiantes-96-piezas-caja-de-almacenamiento-de-agujas-de-tejer-kit-de-agujas-de-tejer-herramienta-de-tejido-diy-accesorios\\\/#primaryimage\",\"url\":\"https:\\\/\\\/ae01.alicdn.com\\\/kf\\\/H8be3d085530c47e08132de9abe266b51c\\\/IMZAY-Juego-de-ganchos-de-ganchillo-para-principiantes-96-piezas-caja-de-almacenamiento-de-agujas-de.jpg\",\"contentUrl\":\"https:\\\/\\\/ae01.alicdn.com\\\/kf\\\/H8be3d085530c47e08132de9abe266b51c\\\/IMZAY-Juego-de-ganchos-de-ganchillo-para-principiantes-96-piezas-caja-de-almacenamiento-de-agujas-de.jpg\",\"width\":800,\"height\":800,\"caption\":\"7903-322a2c.jpg\"},{\"@type\":\"BreadcrumbList\",\"@id\":\"https:\\\/\\\/alllira.com\\\/producto\\\/imzay-juego-de-ganchos-de-ganchillo-para-principiantes-96-piezas-caja-de-almacenamiento-de-agujas-de-tejer-kit-de-agujas-de-tejer-herramienta-de-tejido-diy-accesorios\\\/#breadcrumb\",\"itemListElement\":[{\"@type\":\"ListItem\",\"position\":1,\"name\":\"Home\",\"item\":\"https:\\\/\\\/alllira.com\\\/\"},{\"@type\":\"ListItem\",\"position\":2,\"name\":\"Shop\",\"item\":\"https:\\\/\\\/alllira.com\\\/shop\\\/\"},{\"@type\":\"ListItem\",\"position\":3,\"name\":\"Juego de Crochet para principiantes, 96 piezas, caja de almacenamiento de agujas de tejer, Kit de agujas de tejer, herramienta de tejido DIY\"}]},{\"@type\":\"WebSite\",\"@id\":\"https:\\\/\\\/alllira.com\\\/#website\",\"url\":\"https:\\\/\\\/alllira.com\\\/\",\"name\":\"Alllira\",\"description\":\"\",\"publisher\":{\"@id\":\"https:\\\/\\\/alllira.com\\\/#organization\"},\"potentialAction\":[{\"@type\":\"SearchAction\",\"target\":{\"@type\":\"EntryPoint\",\"urlTemplate\":\"https:\\\/\\\/alllira.com\\\/?s={search_term_string}\"},\"query-input\":{\"@type\":\"PropertyValueSpecification\",\"valueRequired\":true,\"valueName\":\"search_term_string\"}}],\"inLanguage\":\"es\"},{\"@type\":\"Organization\",\"@id\":\"https:\\\/\\\/alllira.com\\\/#organization\",\"name\":\"Alllira\",\"url\":\"https:\\\/\\\/alllira.com\\\/\",\"logo\":{\"@type\":\"ImageObject\",\"inLanguage\":\"es\",\"@id\":\"https:\\\/\\\/alllira.com\\\/#\\\/schema\\\/logo\\\/image\\\/\",\"url\":\"https:\\\/\\\/alllira.com\\\/wp-content\\\/uploads\\\/2023\\\/11\\\/399982192_122102027870105445_276710788166891880_n.jpg\",\"contentUrl\":\"https:\\\/\\\/alllira.com\\\/wp-content\\\/uploads\\\/2023\\\/11\\\/399982192_122102027870105445_276710788166891880_n.jpg\",\"width\":400,\"height\":400,\"caption\":\"Alllira\"},\"image\":{\"@id\":\"https:\\\/\\\/alllira.com\\\/#\\\/schema\\\/logo\\\/image\\\/\"},\"sameAs\":[\"https:\\\/\\\/www.facebook.com\\\/profile.php?id=61553163366147\"]}]}<\/script>\n<!-- \/ Yoast SEO plugin. -->","yoast_head_json":{"title":"Juego de Crochet para principiantes, 96 piezas, caja de almacenamiento de agujas de tejer, Kit de agujas de tejer, herramienta de tejido DIY - Alllira","robots":{"index":"index","follow":"follow","max-snippet":"max-snippet:-1","max-image-preview":"max-image-preview:large","max-video-preview":"max-video-preview:-1"},"canonical":"https:\/\/alllira.com\/es\/producto\/imzay-juego-de-ganchos-de-ganchillo-para-principiantes-96-piezas-caja-de-almacenamiento-de-agujas-de-tejer-kit-de-agujas-de-tejer-herramienta-de-tejido-diy-accesorios\/","og_locale":"es_ES","og_type":"article","og_title":"Juego de Crochet para principiantes, 96 piezas, caja de almacenamiento de agujas de tejer, Kit de agujas de tejer, herramienta de tejido DIY - Alllira","og_description":"Caracter\u00edsticas: 1.100% nuevo y de alta calidad. 2. El orificio largo de la aguja de coser de ojo grande de la aguja est\u00e1 dise\u00f1ado razonablemente, incluso si no hay enhebrador, puede enhebrar f\u00e1cilmente la aguja. 3. Nuestras agujas de coser est\u00e1n equipadas con tubos de almacenamiento transparentes para almacenar las agujas sin usar, no se [&hellip;]","og_url":"https:\/\/alllira.com\/es\/producto\/imzay-juego-de-ganchos-de-ganchillo-para-principiantes-96-piezas-caja-de-almacenamiento-de-agujas-de-tejer-kit-de-agujas-de-tejer-herramienta-de-tejido-diy-accesorios\/","og_site_name":"Alllira","article_publisher":"https:\/\/www.facebook.com\/profile.php?id=61553163366147","article_modified_time":"2025-07-22T17:19:01+00:00","og_image":[{"width":800,"height":800,"url":"https:\/\/ae01.alicdn.com\/kf\/H8be3d085530c47e08132de9abe266b51c\/IMZAY-Juego-de-ganchos-de-ganchillo-para-principiantes-96-piezas-caja-de-almacenamiento-de-agujas-de.jpg","type":"image\/jpeg"}],"twitter_card":"summary_large_image","twitter_misc":{"Tiempo de lectura":"3 minutos"},"schema":{"@context":"https:\/\/schema.org","@graph":[{"@type":"WebPage","@id":"https:\/\/alllira.com\/producto\/imzay-juego-de-ganchos-de-ganchillo-para-principiantes-96-piezas-caja-de-almacenamiento-de-agujas-de-tejer-kit-de-agujas-de-tejer-herramienta-de-tejido-diy-accesorios\/","url":"https:\/\/alllira.com\/producto\/imzay-juego-de-ganchos-de-ganchillo-para-principiantes-96-piezas-caja-de-almacenamiento-de-agujas-de-tejer-kit-de-agujas-de-tejer-herramienta-de-tejido-diy-accesorios\/","name":"Juego de Crochet para principiantes, 96 piezas, caja de almacenamiento de agujas de tejer, Kit de agujas de tejer, herramienta de tejido DIY - Alllira","isPartOf":{"@id":"https:\/\/alllira.com\/#website"},"primaryImageOfPage":{"@id":"https:\/\/alllira.com\/producto\/imzay-juego-de-ganchos-de-ganchillo-para-principiantes-96-piezas-caja-de-almacenamiento-de-agujas-de-tejer-kit-de-agujas-de-tejer-herramienta-de-tejido-diy-accesorios\/#primaryimage"},"image":{"@id":"https:\/\/alllira.com\/producto\/imzay-juego-de-ganchos-de-ganchillo-para-principiantes-96-piezas-caja-de-almacenamiento-de-agujas-de-tejer-kit-de-agujas-de-tejer-herramienta-de-tejido-diy-accesorios\/#primaryimage"},"thumbnailUrl":"https:\/\/ae01.alicdn.com\/kf\/H8be3d085530c47e08132de9abe266b51c\/IMZAY-Juego-de-ganchos-de-ganchillo-para-principiantes-96-piezas-caja-de-almacenamiento-de-agujas-de.jpg","datePublished":"2023-11-18T04:08:14+00:00","dateModified":"2025-07-22T17:19:01+00:00","breadcrumb":{"@id":"https:\/\/alllira.com\/producto\/imzay-juego-de-ganchos-de-ganchillo-para-principiantes-96-piezas-caja-de-almacenamiento-de-agujas-de-tejer-kit-de-agujas-de-tejer-herramienta-de-tejido-diy-accesorios\/#breadcrumb"},"inLanguage":"es","potentialAction":[{"@type":"ReadAction","target":["https:\/\/alllira.com\/producto\/imzay-juego-de-ganchos-de-ganchillo-para-principiantes-96-piezas-caja-de-almacenamiento-de-agujas-de-tejer-kit-de-agujas-de-tejer-herramienta-de-tejido-diy-accesorios\/"]}]},{"@type":"ImageObject","inLanguage":"es","@id":"https:\/\/alllira.com\/producto\/imzay-juego-de-ganchos-de-ganchillo-para-principiantes-96-piezas-caja-de-almacenamiento-de-agujas-de-tejer-kit-de-agujas-de-tejer-herramienta-de-tejido-diy-accesorios\/#primaryimage","url":"https:\/\/ae01.alicdn.com\/kf\/H8be3d085530c47e08132de9abe266b51c\/IMZAY-Juego-de-ganchos-de-ganchillo-para-principiantes-96-piezas-caja-de-almacenamiento-de-agujas-de.jpg","contentUrl":"https:\/\/ae01.alicdn.com\/kf\/H8be3d085530c47e08132de9abe266b51c\/IMZAY-Juego-de-ganchos-de-ganchillo-para-principiantes-96-piezas-caja-de-almacenamiento-de-agujas-de.jpg","width":800,"height":800,"caption":"7903-322a2c.jpg"},{"@type":"BreadcrumbList","@id":"https:\/\/alllira.com\/producto\/imzay-juego-de-ganchos-de-ganchillo-para-principiantes-96-piezas-caja-de-almacenamiento-de-agujas-de-tejer-kit-de-agujas-de-tejer-herramienta-de-tejido-diy-accesorios\/#breadcrumb","itemListElement":[{"@type":"ListItem","position":1,"name":"Home","item":"https:\/\/alllira.com\/"},{"@type":"ListItem","position":2,"name":"Shop","item":"https:\/\/alllira.com\/shop\/"},{"@type":"ListItem","position":3,"name":"Juego de Crochet para principiantes, 96 piezas, caja de almacenamiento de agujas de tejer, Kit de agujas de tejer, herramienta de tejido DIY"}]},{"@type":"WebSite","@id":"https:\/\/alllira.com\/#website","url":"https:\/\/alllira.com\/","name":"Alllira","description":"","publisher":{"@id":"https:\/\/alllira.com\/#organization"},"potentialAction":[{"@type":"SearchAction","target":{"@type":"EntryPoint","urlTemplate":"https:\/\/alllira.com\/?s={search_term_string}"},"query-input":{"@type":"PropertyValueSpecification","valueRequired":true,"valueName":"search_term_string"}}],"inLanguage":"es"},{"@type":"Organization","@id":"https:\/\/alllira.com\/#organization","name":"Alllira","url":"https:\/\/alllira.com\/","logo":{"@type":"ImageObject","inLanguage":"es","@id":"https:\/\/alllira.com\/#\/schema\/logo\/image\/","url":"https:\/\/alllira.com\/wp-content\/uploads\/2023\/11\/399982192_122102027870105445_276710788166891880_n.jpg","contentUrl":"https:\/\/alllira.com\/wp-content\/uploads\/2023\/11\/399982192_122102027870105445_276710788166891880_n.jpg","width":400,"height":400,"caption":"Alllira"},"image":{"@id":"https:\/\/alllira.com\/#\/schema\/logo\/image\/"},"sameAs":["https:\/\/www.facebook.com\/profile.php?id=61553163366147"]}]}},"jetpack_sharing_enabled":true,"_links":{"self":[{"href":"https:\/\/alllira.com\/es\/wp-json\/wp\/v2\/product\/7903","targetHints":{"allow":["GET"]}}],"collection":[{"href":"https:\/\/alllira.com\/es\/wp-json\/wp\/v2\/product"}],"about":[{"href":"https:\/\/alllira.com\/es\/wp-json\/wp\/v2\/types\/product"}],"replies":[{"embeddable":true,"href":"https:\/\/alllira.com\/es\/wp-json\/wp\/v2\/comments?post=7903"}],"wp:featuredmedia":[{"embeddable":true,"href":"https:\/\/alllira.com\/es\/wp-json\/wp\/v2\/media\/7904"}],"wp:attachment":[{"href":"https:\/\/alllira.com\/es\/wp-json\/wp\/v2\/media?parent=7903"}],"wp:term":[{"taxonomy":"product_brand","embeddable":true,"href":"https:\/\/alllira.com\/es\/wp-json\/wp\/v2\/product_brand?post=7903"},{"taxonomy":"product_cat","embeddable":true,"href":"https:\/\/alllira.com\/es\/wp-json\/wp\/v2\/product_cat?post=7903"},{"taxonomy":"product_tag","embeddable":true,"href":"https:\/\/alllira.com\/es\/wp-json\/wp\/v2\/product_tag?post=7903"}],"curies":[{"name":"wp","href":"https:\/\/api.w.org\/{rel}","templated":true}]}}