{"id":7919,"date":"2023-11-18T04:08:58","date_gmt":"2023-11-18T04:08:58","guid":{"rendered":"https:\/\/alllira.com\/es\/producto\/juego-de-hilo-de-ganchillo-para-principiantes-herramientas-de-tejido-originales-para-manualidades-de-ganchillo-varios-tamanos-ergonomia-113-piezas\/"},"modified":"2025-07-22T12:19:10","modified_gmt":"2025-07-22T17:19:10","slug":"juego-de-hilo-de-ganchillo-para-principiantes-herramientas-de-tejido-originales-para-manualidades-de-ganchillo-varios-tamanos-ergonomia-113-piezas","status":"publish","type":"product","link":"https:\/\/alllira.com\/es\/producto\/juego-de-hilo-de-ganchillo-para-principiantes-herramientas-de-tejido-originales-para-manualidades-de-ganchillo-varios-tamanos-ergonomia-113-piezas\/","title":{"rendered":"Juego de hilo de Crochet para principiantes, herramientas de tejido originales para manualidades 113 piezas"},"content":{"rendered":"<div>\n<div>\n<p><span id=\"tl_1\" style=\"font-size: 28px;\">Olv\u00eddese de los trucos y ponga su dinero en hacer un mejor<\/span><\/p>\n<p>&nbsp;<\/p>\n<p><span id=\"tl_2\" style=\"font-size: 28px;\">\u00a1Producto!<\/span><\/p>\n<p>&nbsp;<\/p>\n<p><strong id=\"tl_3\">Descripci\u00f3n del producto:<\/strong><\/p>\n<p>&nbsp;<\/p>\n<p><span id=\"tl_4\">Nombre del producto:<\/span><span id=\"tl_5\">113 bolso de ganchillo de hilo de<\/span><\/p>\n<p><span id=\"tl_6\">Color del producto:<\/span><span id=\"tl_7\">Negro<\/span><\/p>\n<p><span id=\"tl_8\">Material del producto:<\/span><span id=\"tl_9\">Acero inoxidable + poli\u00e9ster<\/span><\/p>\n<p><span id=\"tl_10\">Cantidad del producto:<\/span><span id=\"tl_11\">113 pcs\/bolsa<\/span><\/p>\n<p><span id=\"tl_12\">Origen:<\/span><span id=\"tl_13\">China<\/span><\/p>\n<p><span id=\"tl_14\">\u00c1mbito de aplicaci\u00f3n:<\/span><span id=\"tl_15\">Tejido de ropa bonita para el hogar, todo tipo de artesan\u00edas creativas, adornos.<\/span><\/p>\n<p><strong><span id=\"tl_16\">Ventajas del producto:<\/span><\/strong><\/p>\n<p>&nbsp;<\/p>\n<p>+ <span id=\"tl_17\">Multifunci\u00f3n: <\/span><span id=\"tl_18\">Este tipo de hilo suave, fuerte, sin nudos, no f\u00e1cil de aflojar y no tan grueso es la mejor opci\u00f3n para los entusiastas del tejido, principiantes y ni\u00f1os. Tambi\u00e9n es muy adecuado para la producci\u00f3n artesanal de mini bricolaje, producci\u00f3n de regalos, juguetes y varios otros proyectos de artesan\u00eda de hilo.<\/span><\/p>\n<p>&nbsp;<\/p>\n<p>+ <span id=\"tl_19\">Juego de ganchillo de 73 piezas:<\/span><span id=\"tl_20\">Se incluye un juego de ganchos de ganchillo de 73 piezas, que incluye todo lo necesario para el ganchillo. 9 ganchillos ergon\u00f3micos, 1 par de tijeras, 1 cinta m\u00e9trica, 3 agujas de tejer, 10 marcas de puntadas, etc.<\/span><\/p>\n<p>&nbsp;<\/p>\n<p>+<span id=\"tl_21\">Regalo perfecto:<\/span><span id=\"tl_22\">Un juego completo de bolsas peque\u00f1as transl\u00facidas negras, que es una muy buena opci\u00f3n para principiantes y profesionales.<\/span><\/p>\n<p>&nbsp;<\/p>\n<p><span id=\"tl_23\">Enviar paquete en 48 horas<\/span><\/p>\n<p><img decoding=\"async\" src=\"\/\/ae01.alicdn.com\/kf\/Sac0215abc6a74aaeb9bf58ab96560ede4.jpg\" \/><img decoding=\"async\" src=\"\/\/ae01.alicdn.com\/kf\/S0677be10564849deb2f5c25d58716e7d5.jpg\" \/><img decoding=\"async\" src=\"\/\/ae01.alicdn.com\/kf\/Sc95ca6a1aeba4f8388fbf845bed60b9d8.jpg\" \/><img decoding=\"async\" src=\"\/\/ae01.alicdn.com\/kf\/S0d6f7e20af35401a81571b8a5b89aa6di.jpg\" \/><img decoding=\"async\" src=\"\/\/ae01.alicdn.com\/kf\/S2318983249374e28a33925c9cad929bcX.jpg\" \/><img decoding=\"async\" src=\"\/\/ae01.alicdn.com\/kf\/S415c2ede903540fdad788977fd4844edV.jpg\" \/><\/p>\n<\/div>\n<\/div>","protected":false},"excerpt":{"rendered":"<p>Olv\u00eddese de los trucos y ponga su dinero en hacer un mejor &nbsp; \u00a1Producto! &nbsp; Descripci\u00f3n del producto: &nbsp; Nombre del producto:113 bolso de ganchillo de hilo de Color del producto:Negro Material del producto:Acero inoxidable + poli\u00e9ster Cantidad del producto:113 pcs\/bolsa Origen:China \u00c1mbito de aplicaci\u00f3n:Tejido de ropa bonita para el hogar, todo tipo de artesan\u00edas [&hellip;]<\/p>\n","protected":false},"featured_media":7921,"comment_status":"open","ping_status":"closed","template":"","meta":[],"product_brand":[],"product_cat":[36],"product_tag":[],"class_list":{"0":"post-7919","1":"product","2":"type-product","3":"status-publish","4":"has-post-thumbnail","6":"product_cat-textile","8":"first","9":"instock","10":"sale","11":"taxable","12":"shipping-taxable","13":"purchasable","14":"product-type-variable"},"yoast_head":"<!-- This site is optimized with the Yoast SEO plugin v27.5 - https:\/\/yoast.com\/product\/yoast-seo-wordpress\/ -->\n<title>Juego de hilo de Crochet para principiantes, herramientas de tejido originales para manualidades 113 piezas - Alllira<\/title>\n<meta name=\"robots\" content=\"index, follow, max-snippet:-1, max-image-preview:large, max-video-preview:-1\" \/>\n<link rel=\"canonical\" href=\"https:\/\/alllira.com\/es\/producto\/juego-de-hilo-de-ganchillo-para-principiantes-herramientas-de-tejido-originales-para-manualidades-de-ganchillo-varios-tamanos-ergonomia-113-piezas\/\" \/>\n<meta property=\"og:locale\" content=\"es_ES\" \/>\n<meta property=\"og:type\" content=\"article\" \/>\n<meta property=\"og:title\" content=\"Juego de hilo de Crochet para principiantes, herramientas de tejido originales para manualidades 113 piezas - Alllira\" \/>\n<meta property=\"og:description\" content=\"Olv\u00eddese de los trucos y ponga su dinero en hacer un mejor &nbsp; \u00a1Producto! &nbsp; Descripci\u00f3n del producto: &nbsp; Nombre del producto:113 bolso de ganchillo de hilo de Color del producto:Negro Material del producto:Acero inoxidable + poli\u00e9ster Cantidad del producto:113 pcs\/bolsa Origen:China \u00c1mbito de aplicaci\u00f3n:Tejido de ropa bonita para el hogar, todo tipo de artesan\u00edas [&hellip;]\" \/>\n<meta property=\"og:url\" content=\"https:\/\/alllira.com\/es\/producto\/juego-de-hilo-de-ganchillo-para-principiantes-herramientas-de-tejido-originales-para-manualidades-de-ganchillo-varios-tamanos-ergonomia-113-piezas\/\" \/>\n<meta property=\"og:site_name\" content=\"Alllira\" \/>\n<meta property=\"article:publisher\" content=\"https:\/\/www.facebook.com\/profile.php?id=61553163366147\" \/>\n<meta property=\"article:modified_time\" content=\"2025-07-22T17:19:10+00:00\" \/>\n<meta property=\"og:image\" content=\"https:\/\/ae01.alicdn.com\/kf\/S0d35bff54e9247f0951eae67d9dc47c5a\/Juego-de-hilo-de-ganchillo-para-principiantes-herramientas-de-tejido-originales-para-manualidades-de-ganchillo-varios.jpg\" \/>\n\t<meta property=\"og:image:width\" content=\"800\" \/>\n\t<meta property=\"og:image:height\" content=\"800\" \/>\n\t<meta property=\"og:image:type\" content=\"image\/jpeg\" \/>\n<meta name=\"twitter:card\" content=\"summary_large_image\" \/>\n<meta name=\"twitter:label1\" content=\"Tiempo de lectura\" \/>\n\t<meta name=\"twitter:data1\" content=\"3 minutos\" \/>\n<script type=\"application\/ld+json\" class=\"yoast-schema-graph\">{\"@context\":\"https:\\\/\\\/schema.org\",\"@graph\":[{\"@type\":\"WebPage\",\"@id\":\"https:\\\/\\\/alllira.com\\\/producto\\\/juego-de-hilo-de-ganchillo-para-principiantes-herramientas-de-tejido-originales-para-manualidades-de-ganchillo-varios-tamanos-ergonomia-113-piezas\\\/\",\"url\":\"https:\\\/\\\/alllira.com\\\/producto\\\/juego-de-hilo-de-ganchillo-para-principiantes-herramientas-de-tejido-originales-para-manualidades-de-ganchillo-varios-tamanos-ergonomia-113-piezas\\\/\",\"name\":\"Juego de hilo de Crochet para principiantes, herramientas de tejido originales para manualidades 113 piezas - Alllira\",\"isPartOf\":{\"@id\":\"https:\\\/\\\/alllira.com\\\/#website\"},\"primaryImageOfPage\":{\"@id\":\"https:\\\/\\\/alllira.com\\\/producto\\\/juego-de-hilo-de-ganchillo-para-principiantes-herramientas-de-tejido-originales-para-manualidades-de-ganchillo-varios-tamanos-ergonomia-113-piezas\\\/#primaryimage\"},\"image\":{\"@id\":\"https:\\\/\\\/alllira.com\\\/producto\\\/juego-de-hilo-de-ganchillo-para-principiantes-herramientas-de-tejido-originales-para-manualidades-de-ganchillo-varios-tamanos-ergonomia-113-piezas\\\/#primaryimage\"},\"thumbnailUrl\":\"https:\\\/\\\/ae01.alicdn.com\\\/kf\\\/S0d35bff54e9247f0951eae67d9dc47c5a\\\/Juego-de-hilo-de-ganchillo-para-principiantes-herramientas-de-tejido-originales-para-manualidades-de-ganchillo-varios.jpg\",\"datePublished\":\"2023-11-18T04:08:58+00:00\",\"dateModified\":\"2025-07-22T17:19:10+00:00\",\"breadcrumb\":{\"@id\":\"https:\\\/\\\/alllira.com\\\/producto\\\/juego-de-hilo-de-ganchillo-para-principiantes-herramientas-de-tejido-originales-para-manualidades-de-ganchillo-varios-tamanos-ergonomia-113-piezas\\\/#breadcrumb\"},\"inLanguage\":\"es\",\"potentialAction\":[{\"@type\":\"ReadAction\",\"target\":[\"https:\\\/\\\/alllira.com\\\/producto\\\/juego-de-hilo-de-ganchillo-para-principiantes-herramientas-de-tejido-originales-para-manualidades-de-ganchillo-varios-tamanos-ergonomia-113-piezas\\\/\"]}]},{\"@type\":\"ImageObject\",\"inLanguage\":\"es\",\"@id\":\"https:\\\/\\\/alllira.com\\\/producto\\\/juego-de-hilo-de-ganchillo-para-principiantes-herramientas-de-tejido-originales-para-manualidades-de-ganchillo-varios-tamanos-ergonomia-113-piezas\\\/#primaryimage\",\"url\":\"https:\\\/\\\/ae01.alicdn.com\\\/kf\\\/S0d35bff54e9247f0951eae67d9dc47c5a\\\/Juego-de-hilo-de-ganchillo-para-principiantes-herramientas-de-tejido-originales-para-manualidades-de-ganchillo-varios.jpg\",\"contentUrl\":\"https:\\\/\\\/ae01.alicdn.com\\\/kf\\\/S0d35bff54e9247f0951eae67d9dc47c5a\\\/Juego-de-hilo-de-ganchillo-para-principiantes-herramientas-de-tejido-originales-para-manualidades-de-ganchillo-varios.jpg\",\"width\":800,\"height\":800,\"caption\":\"7919-988687.jpg\"},{\"@type\":\"BreadcrumbList\",\"@id\":\"https:\\\/\\\/alllira.com\\\/producto\\\/juego-de-hilo-de-ganchillo-para-principiantes-herramientas-de-tejido-originales-para-manualidades-de-ganchillo-varios-tamanos-ergonomia-113-piezas\\\/#breadcrumb\",\"itemListElement\":[{\"@type\":\"ListItem\",\"position\":1,\"name\":\"Home\",\"item\":\"https:\\\/\\\/alllira.com\\\/\"},{\"@type\":\"ListItem\",\"position\":2,\"name\":\"Shop\",\"item\":\"https:\\\/\\\/alllira.com\\\/shop\\\/\"},{\"@type\":\"ListItem\",\"position\":3,\"name\":\"Juego de hilo de Crochet para principiantes, herramientas de tejido originales para manualidades 113 piezas\"}]},{\"@type\":\"WebSite\",\"@id\":\"https:\\\/\\\/alllira.com\\\/#website\",\"url\":\"https:\\\/\\\/alllira.com\\\/\",\"name\":\"Alllira\",\"description\":\"\",\"publisher\":{\"@id\":\"https:\\\/\\\/alllira.com\\\/#organization\"},\"potentialAction\":[{\"@type\":\"SearchAction\",\"target\":{\"@type\":\"EntryPoint\",\"urlTemplate\":\"https:\\\/\\\/alllira.com\\\/?s={search_term_string}\"},\"query-input\":{\"@type\":\"PropertyValueSpecification\",\"valueRequired\":true,\"valueName\":\"search_term_string\"}}],\"inLanguage\":\"es\"},{\"@type\":\"Organization\",\"@id\":\"https:\\\/\\\/alllira.com\\\/#organization\",\"name\":\"Alllira\",\"url\":\"https:\\\/\\\/alllira.com\\\/\",\"logo\":{\"@type\":\"ImageObject\",\"inLanguage\":\"es\",\"@id\":\"https:\\\/\\\/alllira.com\\\/#\\\/schema\\\/logo\\\/image\\\/\",\"url\":\"https:\\\/\\\/alllira.com\\\/wp-content\\\/uploads\\\/2023\\\/11\\\/399982192_122102027870105445_276710788166891880_n.jpg\",\"contentUrl\":\"https:\\\/\\\/alllira.com\\\/wp-content\\\/uploads\\\/2023\\\/11\\\/399982192_122102027870105445_276710788166891880_n.jpg\",\"width\":400,\"height\":400,\"caption\":\"Alllira\"},\"image\":{\"@id\":\"https:\\\/\\\/alllira.com\\\/#\\\/schema\\\/logo\\\/image\\\/\"},\"sameAs\":[\"https:\\\/\\\/www.facebook.com\\\/profile.php?id=61553163366147\"]}]}<\/script>\n<!-- \/ Yoast SEO plugin. -->","yoast_head_json":{"title":"Juego de hilo de Crochet para principiantes, herramientas de tejido originales para manualidades 113 piezas - Alllira","robots":{"index":"index","follow":"follow","max-snippet":"max-snippet:-1","max-image-preview":"max-image-preview:large","max-video-preview":"max-video-preview:-1"},"canonical":"https:\/\/alllira.com\/es\/producto\/juego-de-hilo-de-ganchillo-para-principiantes-herramientas-de-tejido-originales-para-manualidades-de-ganchillo-varios-tamanos-ergonomia-113-piezas\/","og_locale":"es_ES","og_type":"article","og_title":"Juego de hilo de Crochet para principiantes, herramientas de tejido originales para manualidades 113 piezas - Alllira","og_description":"Olv\u00eddese de los trucos y ponga su dinero en hacer un mejor &nbsp; \u00a1Producto! &nbsp; Descripci\u00f3n del producto: &nbsp; Nombre del producto:113 bolso de ganchillo de hilo de Color del producto:Negro Material del producto:Acero inoxidable + poli\u00e9ster Cantidad del producto:113 pcs\/bolsa Origen:China \u00c1mbito de aplicaci\u00f3n:Tejido de ropa bonita para el hogar, todo tipo de artesan\u00edas [&hellip;]","og_url":"https:\/\/alllira.com\/es\/producto\/juego-de-hilo-de-ganchillo-para-principiantes-herramientas-de-tejido-originales-para-manualidades-de-ganchillo-varios-tamanos-ergonomia-113-piezas\/","og_site_name":"Alllira","article_publisher":"https:\/\/www.facebook.com\/profile.php?id=61553163366147","article_modified_time":"2025-07-22T17:19:10+00:00","og_image":[{"width":800,"height":800,"url":"https:\/\/ae01.alicdn.com\/kf\/S0d35bff54e9247f0951eae67d9dc47c5a\/Juego-de-hilo-de-ganchillo-para-principiantes-herramientas-de-tejido-originales-para-manualidades-de-ganchillo-varios.jpg","type":"image\/jpeg"}],"twitter_card":"summary_large_image","twitter_misc":{"Tiempo de lectura":"3 minutos"},"schema":{"@context":"https:\/\/schema.org","@graph":[{"@type":"WebPage","@id":"https:\/\/alllira.com\/producto\/juego-de-hilo-de-ganchillo-para-principiantes-herramientas-de-tejido-originales-para-manualidades-de-ganchillo-varios-tamanos-ergonomia-113-piezas\/","url":"https:\/\/alllira.com\/producto\/juego-de-hilo-de-ganchillo-para-principiantes-herramientas-de-tejido-originales-para-manualidades-de-ganchillo-varios-tamanos-ergonomia-113-piezas\/","name":"Juego de hilo de Crochet para principiantes, herramientas de tejido originales para manualidades 113 piezas - Alllira","isPartOf":{"@id":"https:\/\/alllira.com\/#website"},"primaryImageOfPage":{"@id":"https:\/\/alllira.com\/producto\/juego-de-hilo-de-ganchillo-para-principiantes-herramientas-de-tejido-originales-para-manualidades-de-ganchillo-varios-tamanos-ergonomia-113-piezas\/#primaryimage"},"image":{"@id":"https:\/\/alllira.com\/producto\/juego-de-hilo-de-ganchillo-para-principiantes-herramientas-de-tejido-originales-para-manualidades-de-ganchillo-varios-tamanos-ergonomia-113-piezas\/#primaryimage"},"thumbnailUrl":"https:\/\/ae01.alicdn.com\/kf\/S0d35bff54e9247f0951eae67d9dc47c5a\/Juego-de-hilo-de-ganchillo-para-principiantes-herramientas-de-tejido-originales-para-manualidades-de-ganchillo-varios.jpg","datePublished":"2023-11-18T04:08:58+00:00","dateModified":"2025-07-22T17:19:10+00:00","breadcrumb":{"@id":"https:\/\/alllira.com\/producto\/juego-de-hilo-de-ganchillo-para-principiantes-herramientas-de-tejido-originales-para-manualidades-de-ganchillo-varios-tamanos-ergonomia-113-piezas\/#breadcrumb"},"inLanguage":"es","potentialAction":[{"@type":"ReadAction","target":["https:\/\/alllira.com\/producto\/juego-de-hilo-de-ganchillo-para-principiantes-herramientas-de-tejido-originales-para-manualidades-de-ganchillo-varios-tamanos-ergonomia-113-piezas\/"]}]},{"@type":"ImageObject","inLanguage":"es","@id":"https:\/\/alllira.com\/producto\/juego-de-hilo-de-ganchillo-para-principiantes-herramientas-de-tejido-originales-para-manualidades-de-ganchillo-varios-tamanos-ergonomia-113-piezas\/#primaryimage","url":"https:\/\/ae01.alicdn.com\/kf\/S0d35bff54e9247f0951eae67d9dc47c5a\/Juego-de-hilo-de-ganchillo-para-principiantes-herramientas-de-tejido-originales-para-manualidades-de-ganchillo-varios.jpg","contentUrl":"https:\/\/ae01.alicdn.com\/kf\/S0d35bff54e9247f0951eae67d9dc47c5a\/Juego-de-hilo-de-ganchillo-para-principiantes-herramientas-de-tejido-originales-para-manualidades-de-ganchillo-varios.jpg","width":800,"height":800,"caption":"7919-988687.jpg"},{"@type":"BreadcrumbList","@id":"https:\/\/alllira.com\/producto\/juego-de-hilo-de-ganchillo-para-principiantes-herramientas-de-tejido-originales-para-manualidades-de-ganchillo-varios-tamanos-ergonomia-113-piezas\/#breadcrumb","itemListElement":[{"@type":"ListItem","position":1,"name":"Home","item":"https:\/\/alllira.com\/"},{"@type":"ListItem","position":2,"name":"Shop","item":"https:\/\/alllira.com\/shop\/"},{"@type":"ListItem","position":3,"name":"Juego de hilo de Crochet para principiantes, herramientas de tejido originales para manualidades 113 piezas"}]},{"@type":"WebSite","@id":"https:\/\/alllira.com\/#website","url":"https:\/\/alllira.com\/","name":"Alllira","description":"","publisher":{"@id":"https:\/\/alllira.com\/#organization"},"potentialAction":[{"@type":"SearchAction","target":{"@type":"EntryPoint","urlTemplate":"https:\/\/alllira.com\/?s={search_term_string}"},"query-input":{"@type":"PropertyValueSpecification","valueRequired":true,"valueName":"search_term_string"}}],"inLanguage":"es"},{"@type":"Organization","@id":"https:\/\/alllira.com\/#organization","name":"Alllira","url":"https:\/\/alllira.com\/","logo":{"@type":"ImageObject","inLanguage":"es","@id":"https:\/\/alllira.com\/#\/schema\/logo\/image\/","url":"https:\/\/alllira.com\/wp-content\/uploads\/2023\/11\/399982192_122102027870105445_276710788166891880_n.jpg","contentUrl":"https:\/\/alllira.com\/wp-content\/uploads\/2023\/11\/399982192_122102027870105445_276710788166891880_n.jpg","width":400,"height":400,"caption":"Alllira"},"image":{"@id":"https:\/\/alllira.com\/#\/schema\/logo\/image\/"},"sameAs":["https:\/\/www.facebook.com\/profile.php?id=61553163366147"]}]}},"jetpack_sharing_enabled":true,"_links":{"self":[{"href":"https:\/\/alllira.com\/es\/wp-json\/wp\/v2\/product\/7919","targetHints":{"allow":["GET"]}}],"collection":[{"href":"https:\/\/alllira.com\/es\/wp-json\/wp\/v2\/product"}],"about":[{"href":"https:\/\/alllira.com\/es\/wp-json\/wp\/v2\/types\/product"}],"replies":[{"embeddable":true,"href":"https:\/\/alllira.com\/es\/wp-json\/wp\/v2\/comments?post=7919"}],"wp:featuredmedia":[{"embeddable":true,"href":"https:\/\/alllira.com\/es\/wp-json\/wp\/v2\/media\/7921"}],"wp:attachment":[{"href":"https:\/\/alllira.com\/es\/wp-json\/wp\/v2\/media?parent=7919"}],"wp:term":[{"taxonomy":"product_brand","embeddable":true,"href":"https:\/\/alllira.com\/es\/wp-json\/wp\/v2\/product_brand?post=7919"},{"taxonomy":"product_cat","embeddable":true,"href":"https:\/\/alllira.com\/es\/wp-json\/wp\/v2\/product_cat?post=7919"},{"taxonomy":"product_tag","embeddable":true,"href":"https:\/\/alllira.com\/es\/wp-json\/wp\/v2\/product_tag?post=7919"}],"curies":[{"name":"wp","href":"https:\/\/api.w.org\/{rel}","templated":true}]}}