{"id":7964,"date":"2023-11-18T04:11:19","date_gmt":"2023-11-18T04:11:19","guid":{"rendered":"https:\/\/alllira.com\/es\/producto\/kits-de-ganchillo-para-principiantes-y-principiantes-herramientas-de-tejer-de-mano-portatiles-multicolor-53-unidades\/"},"modified":"2025-07-22T12:19:31","modified_gmt":"2025-07-22T17:19:31","slug":"kits-de-ganchillo-para-principiantes-y-principiantes-herramientas-de-tejer-de-mano-portatiles-multicolor-53-unidades","status":"publish","type":"product","link":"https:\/\/alllira.com\/es\/producto\/kits-de-ganchillo-para-principiantes-y-principiantes-herramientas-de-tejer-de-mano-portatiles-multicolor-53-unidades\/","title":{"rendered":"Kits de Crochet para principiantes, herramientas de tejer de mano port\u00e1tiles, multicolor, 53 unidades"},"content":{"rendered":"<div>\n<div>\n<p style=\"font-family: 'Open Sans', sans-serif; font-size: 14px; font-weight: 400; letter-spacing: normal; line-height: inherit; text-align: start; margin: 0px; padding: 0px;\" align=\"start\"><strong>\u2022 53 Kits de crochet para principiantes :<\/strong>Comiencen su viaje de ganchillo con 53 kits diferentes dise\u00f1ados para principiantes.<\/p>\n<p>&nbsp;<\/p>\n<p style=\"font-family: 'Open Sans', sans-serif; font-size: 14px; font-weight: 400; letter-spacing: normal; line-height: inherit; text-align: start; margin: 0px; padding: 0px;\" align=\"start\"><strong>\u2022 Kits de almacenamiento multicolor :<\/strong>Mantenga sus herramientas de crochet organizadas y f\u00e1cilmente accesibles con los kits de almacenamiento de varios colores.<\/p>\n<p>&nbsp;<\/p>\n<p style=\"font-family: 'Open Sans', sans-serif; font-size: 14px; font-weight: 400; letter-spacing: normal; line-height: inherit; text-align: start; margin: 0px; padding: 0px;\" align=\"start\"><strong>\u2022 Herramientas que hacen punto port\u00e1tiles de la mano DIY :<\/strong>Tome su crochet on-the-Go con las herramientas de tejer DIY mano port\u00e1til.<\/p>\n<p>&nbsp;<\/p>\n<p style=\"font-family: 'Open Sans', sans-serif; font-size: 14px; font-weight: 400; letter-spacing: normal; line-height: inherit; text-align: start; margin: 0px; padding: 0px;\" align=\"start\"><strong>\u2022 Material DE NYLON 100% :<\/strong>Hecho con material DE NYLON 100%, estos kits son duraderos y duraderos.<\/p>\n<p>&nbsp;<\/p>\n<\/div>\n<\/div>\n<div>\n<div>\n<p align=\"start\"><strong>\u2022 53 Novice Crochet Kits: <\/strong>Este producto viene con 53 kits de crochet novatos, por lo que es perfecto para principiantes que quieren aprender a hacer crochet.<\/p>\n<p>&nbsp;<\/p>\n<p align=\"start\"><strong>\u2022 Multi-color Kits de almacenamiento:<\/strong>Los kits de almacenamiento multicolores facilitan la organizaci\u00f3n y el almacenamiento de sus herramientas y accesorios de ganchillo en un solo lugar.<\/p>\n<p>&nbsp;<\/p>\n<p align=\"start\"><strong>\u2022 Herramientas de tejer de bricolaje de mano port\u00e1til:<\/strong>Con este producto, usted puede llevar f\u00e1cilmente sus herramientas de ganchillo y accesorios con usted dondequiera que vaya, por lo que es perfecto para on-the-Go proyectos.<\/p>\n<p>&nbsp;<\/p>\n<p align=\"start\"><strong>\u2022 Material DE NYLON 100%:<\/strong>Hecho DE MATERIAL DE NYLON 100%, este producto es duradero y de larga duraci\u00f3n, asegurando que sus herramientas y accesorios de ganchillo durar\u00e1n mucho tiempo.<\/p>\n<p>&nbsp;<\/p>\n<\/div>\n<\/div>\n<div>\n<div>\n<p align=\"start\"><strong>\u2022 53 Novice Crochet Kits:<\/strong>Este producto viene con 53 kits de crochet novatos, por lo que es perfecto para principiantes que quieren aprender a hacer crochet.<\/p>\n<p>&nbsp;<\/p>\n<p align=\"start\"><strong>\u2022 Multi-color Kits de almacenamiento:<\/strong>Los kits de almacenamiento de varios colores hacen que sea f\u00e1cil organizar sus herramientas de crochet y mantenerlos port\u00e1tiles.<\/p>\n<p>&nbsp;<\/p>\n<p align=\"start\"><strong>\u2022 Material DE NYLON 100%:<\/strong>Hecho de 100% nylon, este producto es duradero y duradero, lo que garantiza que pueda usarlo durante mucho tiempo.<\/p>\n<p>&nbsp;<\/p>\n<p align=\"start\"><strong>\u2022 S\u00cd Tipo de conjunto:<\/strong>Con un tipo de conjunto S\u00cd, este producto es completo y listo para usar, por lo que es perfecto para aquellos que quieren empezar a ganchillo de inmediato.<\/p>\n<p>&nbsp;<\/p>\n<\/div>\n<\/div>\n<p><strong>Caracter\u00edsticas:<\/strong><\/p>\n<p>1. crochet: Cada gancho de ganchillo est\u00e1 bien hecho por un buen material.<\/p>\n<p>2. Usos m\u00faltiples: puede dar este gancho de ganchillo como regalo a su familia y amigos, ya sea que sea un principiante o alguien que ama tejer, puede disfrutar de la alegr\u00eda de la artesan\u00eda de ganchillo DIY.<\/p>\n<p>3. Detalles del paquete: 10 hebillas peque\u00f1as, 3 alfileres de aluminio, 12 ganchillos de encaje, 3 agujas de torsi\u00f3n, 6 agujas de sutura, 2 jugadores de pelota, 4 agujas curvas, 1 Placa de bobinado en forma de pez, 1 cinta m\u00e9trica, 1 Regla, 5 bolas, 9 ganchillos de colores, 1 bolsa de almacenamiento.<\/p>\n<p><strong>Especificaciones:<\/strong><\/p>\n<p><strong>Tama\u00f1o:<\/strong>9,45*7,09*2,36 en<\/p>\n<p><strong>Material: <\/strong>TPR + Crochet de aluminio<\/p>\n<p><strong>Peso:<\/strong>450g<\/p>\n<p><strong>Embalaje:<\/strong>Bolso de OPP<\/p>\n<p><img decoding=\"async\" src=\"\/\/ae01.alicdn.com\/kf\/S3581e97862384f3781c411a8925a505a1.jpg\" \/><img decoding=\"async\" src=\"\/\/ae01.alicdn.com\/kf\/Sd576980661f04bc8ad4d440d1ab7a0d4i.jpg\" \/><img decoding=\"async\" src=\"\/\/ae01.alicdn.com\/kf\/S4210701080ff48a1a8db4209ca86df15m.jpg\" \/><img decoding=\"async\" src=\"\/\/ae01.alicdn.com\/kf\/Sda566fd95a184679b898ecd52649608d9.jpg\" \/><img decoding=\"async\" src=\"\/\/ae01.alicdn.com\/kf\/Sbb4e9c4a867b4a71ab72da6913d6dbd3q.jpg\" \/><img decoding=\"async\" src=\"\/\/ae01.alicdn.com\/kf\/S2d90e5609c86457b915234b90dd92708t.jpg\" \/><img decoding=\"async\" src=\"\/\/ae01.alicdn.com\/kf\/S7e69511205304dd7aa407c4a4e816b12M.jpg\" \/><img decoding=\"async\" src=\"\/\/ae01.alicdn.com\/kf\/S6cc7cf0b252e4ecc900420c86916db12e.jpg\" \/><img decoding=\"async\" src=\"\/\/ae01.alicdn.com\/kf\/S55287f34a5f044e0a4e6ec5a2267a6b4A.jpg\" \/><img decoding=\"async\" src=\"\/\/ae01.alicdn.com\/kf\/Sd3695d1c0ffe40b4aa35fd679f763349n.jpg\" \/><img decoding=\"async\" src=\"\/\/ae01.alicdn.com\/kf\/Sa498a5d1f0324595ba7ed483e3b58a1bd.jpg\" \/><img decoding=\"async\" src=\"\/\/ae01.alicdn.com\/kf\/S78d58857a88947b589ed15a6955004e9g.jpg\" \/><img decoding=\"async\" src=\"\/\/ae01.alicdn.com\/kf\/Se6ebda165dfb4c15b3c067a618ee8c47C.jpg\" \/><img decoding=\"async\" src=\"\/\/ae01.alicdn.com\/kf\/S05652549a3ba43e0875ef24d7c9bf7dbx.jpg\" \/><img decoding=\"async\" src=\"\/\/ae01.alicdn.com\/kf\/S2bcfa198b1544be891609566df07bc22q.jpg\" \/><img decoding=\"async\" src=\"\/\/ae01.alicdn.com\/kf\/S02fb1c8f1c3a46dd840c9c22c4049692x.jpg\" \/><\/p>\n<p><strong>Aviso:<\/strong><\/p>\n<p>* Debido a la medici\u00f3n manual, por favor permita una diferencia de 1-3cm.<\/p>\n<p>* Debido a las diferencias entre los diferentes monitores, las im\u00e1genes pueden no reflejar el color real del art\u00edculo.<\/p>\n<p>* Las im\u00e1genes en esta p\u00e1gina son solo para ilustraci\u00f3n y el dise\u00f1o del producto real puede diferir.<\/p>\n<p>* La disponibilidad del canal puede variar entre mercados. Las normas y leyes locales pueden variar, por favor aseg\u00farese de que este producto cumple con las normas locales.<\/p>\n<p><strong>Preguntas frecuentes<\/strong><\/p>\n<p>\u00bfQu\u00e9 herramientas se incluyen en el producto?<\/p>\n<p>Este producto contiene las siguientes herramientas: 10 pines, 3 pines de aluminio, 12 ganchillos de encaje, 3 agujas Fried Dough Twists, 6 puntos de sutura, 2 fabricantes de bolas, 1 tijeras de seguridad, 4 clips de papel, 1 Pescado en forma de placa de bobinado de hilo, 1 cinta m\u00e9trica, 1 Regla, 5 bolas de lana, 9 ganchillos. Debido a los diferentes lotes, el tama\u00f1o y la forma de las herramientas pueden variar.<\/p>\n<p>2. \u00bfPor qu\u00e9 el color de la bola de hilo que recib\u00ed es diferente de la imagen?<\/p>\n<p>Debido a los diferentes lotes, el color de las bolas de hilo se emparejar\u00e1 al azar.<\/p>","protected":false},"excerpt":{"rendered":"<p>\u2022 53 Kits de crochet para principiantes :Comiencen su viaje de ganchillo con 53 kits diferentes dise\u00f1ados para principiantes. &nbsp; \u2022 Kits de almacenamiento multicolor :Mantenga sus herramientas de crochet organizadas y f\u00e1cilmente accesibles con los kits de almacenamiento de varios colores. &nbsp; \u2022 Herramientas que hacen punto port\u00e1tiles de la mano DIY :Tome su [&hellip;]<\/p>\n","protected":false},"featured_media":7969,"comment_status":"open","ping_status":"closed","template":"","meta":[],"product_brand":[],"product_cat":[36],"product_tag":[],"class_list":{"0":"post-7964","1":"product","2":"type-product","3":"status-publish","4":"has-post-thumbnail","6":"product_cat-textile","8":"first","9":"instock","10":"sale","11":"taxable","12":"shipping-taxable","13":"purchasable","14":"product-type-variable"},"yoast_head":"<!-- This site is optimized with the Yoast SEO plugin v27.5 - https:\/\/yoast.com\/product\/yoast-seo-wordpress\/ -->\n<title>Kits de Crochet para principiantes, herramientas de tejer de mano port\u00e1tiles, multicolor, 53 unidades - Alllira<\/title>\n<meta name=\"robots\" content=\"index, follow, max-snippet:-1, max-image-preview:large, max-video-preview:-1\" \/>\n<link rel=\"canonical\" href=\"https:\/\/alllira.com\/es\/producto\/kits-de-ganchillo-para-principiantes-y-principiantes-herramientas-de-tejer-de-mano-portatiles-multicolor-53-unidades\/\" \/>\n<meta property=\"og:locale\" content=\"es_ES\" \/>\n<meta property=\"og:type\" content=\"article\" \/>\n<meta property=\"og:title\" content=\"Kits de Crochet para principiantes, herramientas de tejer de mano port\u00e1tiles, multicolor, 53 unidades - Alllira\" \/>\n<meta property=\"og:description\" content=\"\u2022 53 Kits de crochet para principiantes :Comiencen su viaje de ganchillo con 53 kits diferentes dise\u00f1ados para principiantes. &nbsp; \u2022 Kits de almacenamiento multicolor :Mantenga sus herramientas de crochet organizadas y f\u00e1cilmente accesibles con los kits de almacenamiento de varios colores. &nbsp; \u2022 Herramientas que hacen punto port\u00e1tiles de la mano DIY :Tome su [&hellip;]\" \/>\n<meta property=\"og:url\" content=\"https:\/\/alllira.com\/es\/producto\/kits-de-ganchillo-para-principiantes-y-principiantes-herramientas-de-tejer-de-mano-portatiles-multicolor-53-unidades\/\" \/>\n<meta property=\"og:site_name\" content=\"Alllira\" \/>\n<meta property=\"article:publisher\" content=\"https:\/\/www.facebook.com\/profile.php?id=61553163366147\" \/>\n<meta property=\"article:modified_time\" content=\"2025-07-22T17:19:31+00:00\" \/>\n<meta property=\"og:image\" content=\"https:\/\/ae01.alicdn.com\/kf\/S24d47190655d4214a8693839cd0656fet\/Kits-de-ganchillo-para-principiantes-y-principiantes-herramientas-de-tejer-de-mano-port-tiles-multicolor-53.jpg\" \/>\n\t<meta property=\"og:image:width\" content=\"800\" \/>\n\t<meta property=\"og:image:height\" content=\"800\" \/>\n\t<meta property=\"og:image:type\" content=\"image\/jpeg\" \/>\n<meta name=\"twitter:card\" content=\"summary_large_image\" \/>\n<meta name=\"twitter:label1\" content=\"Tiempo de lectura\" \/>\n\t<meta name=\"twitter:data1\" content=\"7 minutos\" \/>\n<script type=\"application\/ld+json\" class=\"yoast-schema-graph\">{\"@context\":\"https:\\\/\\\/schema.org\",\"@graph\":[{\"@type\":\"WebPage\",\"@id\":\"https:\\\/\\\/alllira.com\\\/producto\\\/kits-de-ganchillo-para-principiantes-y-principiantes-herramientas-de-tejer-de-mano-portatiles-multicolor-53-unidades\\\/\",\"url\":\"https:\\\/\\\/alllira.com\\\/producto\\\/kits-de-ganchillo-para-principiantes-y-principiantes-herramientas-de-tejer-de-mano-portatiles-multicolor-53-unidades\\\/\",\"name\":\"Kits de Crochet para principiantes, herramientas de tejer de mano port\u00e1tiles, multicolor, 53 unidades - Alllira\",\"isPartOf\":{\"@id\":\"https:\\\/\\\/alllira.com\\\/#website\"},\"primaryImageOfPage\":{\"@id\":\"https:\\\/\\\/alllira.com\\\/producto\\\/kits-de-ganchillo-para-principiantes-y-principiantes-herramientas-de-tejer-de-mano-portatiles-multicolor-53-unidades\\\/#primaryimage\"},\"image\":{\"@id\":\"https:\\\/\\\/alllira.com\\\/producto\\\/kits-de-ganchillo-para-principiantes-y-principiantes-herramientas-de-tejer-de-mano-portatiles-multicolor-53-unidades\\\/#primaryimage\"},\"thumbnailUrl\":\"https:\\\/\\\/ae01.alicdn.com\\\/kf\\\/S24d47190655d4214a8693839cd0656fet\\\/Kits-de-ganchillo-para-principiantes-y-principiantes-herramientas-de-tejer-de-mano-port-tiles-multicolor-53.jpg\",\"datePublished\":\"2023-11-18T04:11:19+00:00\",\"dateModified\":\"2025-07-22T17:19:31+00:00\",\"breadcrumb\":{\"@id\":\"https:\\\/\\\/alllira.com\\\/producto\\\/kits-de-ganchillo-para-principiantes-y-principiantes-herramientas-de-tejer-de-mano-portatiles-multicolor-53-unidades\\\/#breadcrumb\"},\"inLanguage\":\"es\",\"potentialAction\":[{\"@type\":\"ReadAction\",\"target\":[\"https:\\\/\\\/alllira.com\\\/producto\\\/kits-de-ganchillo-para-principiantes-y-principiantes-herramientas-de-tejer-de-mano-portatiles-multicolor-53-unidades\\\/\"]}]},{\"@type\":\"ImageObject\",\"inLanguage\":\"es\",\"@id\":\"https:\\\/\\\/alllira.com\\\/producto\\\/kits-de-ganchillo-para-principiantes-y-principiantes-herramientas-de-tejer-de-mano-portatiles-multicolor-53-unidades\\\/#primaryimage\",\"url\":\"https:\\\/\\\/ae01.alicdn.com\\\/kf\\\/S24d47190655d4214a8693839cd0656fet\\\/Kits-de-ganchillo-para-principiantes-y-principiantes-herramientas-de-tejer-de-mano-port-tiles-multicolor-53.jpg\",\"contentUrl\":\"https:\\\/\\\/ae01.alicdn.com\\\/kf\\\/S24d47190655d4214a8693839cd0656fet\\\/Kits-de-ganchillo-para-principiantes-y-principiantes-herramientas-de-tejer-de-mano-port-tiles-multicolor-53.jpg\",\"width\":800,\"height\":800,\"caption\":\"7964-30c8e6.jpg\"},{\"@type\":\"BreadcrumbList\",\"@id\":\"https:\\\/\\\/alllira.com\\\/producto\\\/kits-de-ganchillo-para-principiantes-y-principiantes-herramientas-de-tejer-de-mano-portatiles-multicolor-53-unidades\\\/#breadcrumb\",\"itemListElement\":[{\"@type\":\"ListItem\",\"position\":1,\"name\":\"Home\",\"item\":\"https:\\\/\\\/alllira.com\\\/\"},{\"@type\":\"ListItem\",\"position\":2,\"name\":\"Shop\",\"item\":\"https:\\\/\\\/alllira.com\\\/shop\\\/\"},{\"@type\":\"ListItem\",\"position\":3,\"name\":\"Kits de Crochet para principiantes, herramientas de tejer de mano port\u00e1tiles, multicolor, 53 unidades\"}]},{\"@type\":\"WebSite\",\"@id\":\"https:\\\/\\\/alllira.com\\\/#website\",\"url\":\"https:\\\/\\\/alllira.com\\\/\",\"name\":\"Alllira\",\"description\":\"\",\"publisher\":{\"@id\":\"https:\\\/\\\/alllira.com\\\/#organization\"},\"potentialAction\":[{\"@type\":\"SearchAction\",\"target\":{\"@type\":\"EntryPoint\",\"urlTemplate\":\"https:\\\/\\\/alllira.com\\\/?s={search_term_string}\"},\"query-input\":{\"@type\":\"PropertyValueSpecification\",\"valueRequired\":true,\"valueName\":\"search_term_string\"}}],\"inLanguage\":\"es\"},{\"@type\":\"Organization\",\"@id\":\"https:\\\/\\\/alllira.com\\\/#organization\",\"name\":\"Alllira\",\"url\":\"https:\\\/\\\/alllira.com\\\/\",\"logo\":{\"@type\":\"ImageObject\",\"inLanguage\":\"es\",\"@id\":\"https:\\\/\\\/alllira.com\\\/#\\\/schema\\\/logo\\\/image\\\/\",\"url\":\"https:\\\/\\\/alllira.com\\\/wp-content\\\/uploads\\\/2023\\\/11\\\/399982192_122102027870105445_276710788166891880_n.jpg\",\"contentUrl\":\"https:\\\/\\\/alllira.com\\\/wp-content\\\/uploads\\\/2023\\\/11\\\/399982192_122102027870105445_276710788166891880_n.jpg\",\"width\":400,\"height\":400,\"caption\":\"Alllira\"},\"image\":{\"@id\":\"https:\\\/\\\/alllira.com\\\/#\\\/schema\\\/logo\\\/image\\\/\"},\"sameAs\":[\"https:\\\/\\\/www.facebook.com\\\/profile.php?id=61553163366147\"]}]}<\/script>\n<!-- \/ Yoast SEO plugin. -->","yoast_head_json":{"title":"Kits de Crochet para principiantes, herramientas de tejer de mano port\u00e1tiles, multicolor, 53 unidades - Alllira","robots":{"index":"index","follow":"follow","max-snippet":"max-snippet:-1","max-image-preview":"max-image-preview:large","max-video-preview":"max-video-preview:-1"},"canonical":"https:\/\/alllira.com\/es\/producto\/kits-de-ganchillo-para-principiantes-y-principiantes-herramientas-de-tejer-de-mano-portatiles-multicolor-53-unidades\/","og_locale":"es_ES","og_type":"article","og_title":"Kits de Crochet para principiantes, herramientas de tejer de mano port\u00e1tiles, multicolor, 53 unidades - Alllira","og_description":"\u2022 53 Kits de crochet para principiantes :Comiencen su viaje de ganchillo con 53 kits diferentes dise\u00f1ados para principiantes. &nbsp; \u2022 Kits de almacenamiento multicolor :Mantenga sus herramientas de crochet organizadas y f\u00e1cilmente accesibles con los kits de almacenamiento de varios colores. &nbsp; \u2022 Herramientas que hacen punto port\u00e1tiles de la mano DIY :Tome su [&hellip;]","og_url":"https:\/\/alllira.com\/es\/producto\/kits-de-ganchillo-para-principiantes-y-principiantes-herramientas-de-tejer-de-mano-portatiles-multicolor-53-unidades\/","og_site_name":"Alllira","article_publisher":"https:\/\/www.facebook.com\/profile.php?id=61553163366147","article_modified_time":"2025-07-22T17:19:31+00:00","og_image":[{"width":800,"height":800,"url":"https:\/\/ae01.alicdn.com\/kf\/S24d47190655d4214a8693839cd0656fet\/Kits-de-ganchillo-para-principiantes-y-principiantes-herramientas-de-tejer-de-mano-port-tiles-multicolor-53.jpg","type":"image\/jpeg"}],"twitter_card":"summary_large_image","twitter_misc":{"Tiempo de lectura":"7 minutos"},"schema":{"@context":"https:\/\/schema.org","@graph":[{"@type":"WebPage","@id":"https:\/\/alllira.com\/producto\/kits-de-ganchillo-para-principiantes-y-principiantes-herramientas-de-tejer-de-mano-portatiles-multicolor-53-unidades\/","url":"https:\/\/alllira.com\/producto\/kits-de-ganchillo-para-principiantes-y-principiantes-herramientas-de-tejer-de-mano-portatiles-multicolor-53-unidades\/","name":"Kits de Crochet para principiantes, herramientas de tejer de mano port\u00e1tiles, multicolor, 53 unidades - Alllira","isPartOf":{"@id":"https:\/\/alllira.com\/#website"},"primaryImageOfPage":{"@id":"https:\/\/alllira.com\/producto\/kits-de-ganchillo-para-principiantes-y-principiantes-herramientas-de-tejer-de-mano-portatiles-multicolor-53-unidades\/#primaryimage"},"image":{"@id":"https:\/\/alllira.com\/producto\/kits-de-ganchillo-para-principiantes-y-principiantes-herramientas-de-tejer-de-mano-portatiles-multicolor-53-unidades\/#primaryimage"},"thumbnailUrl":"https:\/\/ae01.alicdn.com\/kf\/S24d47190655d4214a8693839cd0656fet\/Kits-de-ganchillo-para-principiantes-y-principiantes-herramientas-de-tejer-de-mano-port-tiles-multicolor-53.jpg","datePublished":"2023-11-18T04:11:19+00:00","dateModified":"2025-07-22T17:19:31+00:00","breadcrumb":{"@id":"https:\/\/alllira.com\/producto\/kits-de-ganchillo-para-principiantes-y-principiantes-herramientas-de-tejer-de-mano-portatiles-multicolor-53-unidades\/#breadcrumb"},"inLanguage":"es","potentialAction":[{"@type":"ReadAction","target":["https:\/\/alllira.com\/producto\/kits-de-ganchillo-para-principiantes-y-principiantes-herramientas-de-tejer-de-mano-portatiles-multicolor-53-unidades\/"]}]},{"@type":"ImageObject","inLanguage":"es","@id":"https:\/\/alllira.com\/producto\/kits-de-ganchillo-para-principiantes-y-principiantes-herramientas-de-tejer-de-mano-portatiles-multicolor-53-unidades\/#primaryimage","url":"https:\/\/ae01.alicdn.com\/kf\/S24d47190655d4214a8693839cd0656fet\/Kits-de-ganchillo-para-principiantes-y-principiantes-herramientas-de-tejer-de-mano-port-tiles-multicolor-53.jpg","contentUrl":"https:\/\/ae01.alicdn.com\/kf\/S24d47190655d4214a8693839cd0656fet\/Kits-de-ganchillo-para-principiantes-y-principiantes-herramientas-de-tejer-de-mano-port-tiles-multicolor-53.jpg","width":800,"height":800,"caption":"7964-30c8e6.jpg"},{"@type":"BreadcrumbList","@id":"https:\/\/alllira.com\/producto\/kits-de-ganchillo-para-principiantes-y-principiantes-herramientas-de-tejer-de-mano-portatiles-multicolor-53-unidades\/#breadcrumb","itemListElement":[{"@type":"ListItem","position":1,"name":"Home","item":"https:\/\/alllira.com\/"},{"@type":"ListItem","position":2,"name":"Shop","item":"https:\/\/alllira.com\/shop\/"},{"@type":"ListItem","position":3,"name":"Kits de Crochet para principiantes, herramientas de tejer de mano port\u00e1tiles, multicolor, 53 unidades"}]},{"@type":"WebSite","@id":"https:\/\/alllira.com\/#website","url":"https:\/\/alllira.com\/","name":"Alllira","description":"","publisher":{"@id":"https:\/\/alllira.com\/#organization"},"potentialAction":[{"@type":"SearchAction","target":{"@type":"EntryPoint","urlTemplate":"https:\/\/alllira.com\/?s={search_term_string}"},"query-input":{"@type":"PropertyValueSpecification","valueRequired":true,"valueName":"search_term_string"}}],"inLanguage":"es"},{"@type":"Organization","@id":"https:\/\/alllira.com\/#organization","name":"Alllira","url":"https:\/\/alllira.com\/","logo":{"@type":"ImageObject","inLanguage":"es","@id":"https:\/\/alllira.com\/#\/schema\/logo\/image\/","url":"https:\/\/alllira.com\/wp-content\/uploads\/2023\/11\/399982192_122102027870105445_276710788166891880_n.jpg","contentUrl":"https:\/\/alllira.com\/wp-content\/uploads\/2023\/11\/399982192_122102027870105445_276710788166891880_n.jpg","width":400,"height":400,"caption":"Alllira"},"image":{"@id":"https:\/\/alllira.com\/#\/schema\/logo\/image\/"},"sameAs":["https:\/\/www.facebook.com\/profile.php?id=61553163366147"]}]}},"jetpack_sharing_enabled":true,"_links":{"self":[{"href":"https:\/\/alllira.com\/es\/wp-json\/wp\/v2\/product\/7964","targetHints":{"allow":["GET"]}}],"collection":[{"href":"https:\/\/alllira.com\/es\/wp-json\/wp\/v2\/product"}],"about":[{"href":"https:\/\/alllira.com\/es\/wp-json\/wp\/v2\/types\/product"}],"replies":[{"embeddable":true,"href":"https:\/\/alllira.com\/es\/wp-json\/wp\/v2\/comments?post=7964"}],"wp:featuredmedia":[{"embeddable":true,"href":"https:\/\/alllira.com\/es\/wp-json\/wp\/v2\/media\/7969"}],"wp:attachment":[{"href":"https:\/\/alllira.com\/es\/wp-json\/wp\/v2\/media?parent=7964"}],"wp:term":[{"taxonomy":"product_brand","embeddable":true,"href":"https:\/\/alllira.com\/es\/wp-json\/wp\/v2\/product_brand?post=7964"},{"taxonomy":"product_cat","embeddable":true,"href":"https:\/\/alllira.com\/es\/wp-json\/wp\/v2\/product_cat?post=7964"},{"taxonomy":"product_tag","embeddable":true,"href":"https:\/\/alllira.com\/es\/wp-json\/wp\/v2\/product_tag?post=7964"}],"curies":[{"name":"wp","href":"https:\/\/api.w.org\/{rel}","templated":true}]}}