{"id":7979,"date":"2023-11-18T04:11:36","date_gmt":"2023-11-18T04:11:36","guid":{"rendered":"https:\/\/alllira.com\/es\/producto\/imzay-juego-de-ganchos-de-ganchillo-de-76-piezas-agujas-de-tejer-con-mango-ergonomico-ojo-grande-romas-de-plastico-marcadores-de-puntada\/"},"modified":"2025-07-22T12:19:35","modified_gmt":"2025-07-22T17:19:35","slug":"imzay-juego-de-ganchos-de-ganchillo-de-76-piezas-agujas-de-tejer-con-mango-ergonomico-ojo-grande-romas-de-plastico-marcadores-de-puntada","status":"publish","type":"product","link":"https:\/\/alllira.com\/es\/producto\/imzay-juego-de-ganchos-de-ganchillo-de-76-piezas-agujas-de-tejer-con-mango-ergonomico-ojo-grande-romas-de-plastico-marcadores-de-puntada\/","title":{"rendered":"Juego de Crochet de 76 piezas, agujas de tejer con mango ergon\u00f3mico"},"content":{"rendered":"<div>\n<div>\n<p id=\"tl_1\" style=\"font-family: OpenSans; font-size: 20px; font-weight: 900; line-height: 28px; margin-bottom: 12px;\">Caracter\u00edsticas:<\/p>\n<p id=\"tl_2\" style=\"font-family: OpenSans; font-size: 14px; font-weight: 300; line-height: 20px; margin-bottom: 12px;\">1. Valor establecido, obtendr\u00e1 13 agujas de ganchillo, 6 agujas de coser de pl\u00e1stico\/agujas de hilo, 9 agujas de ojo grande de cabeza Roma, 3 agujas de tejer con interruptor de cable, 20 marcadores de puntada, Y 20 marcadores de punto de anillo circular. Este es un traje tejido muy pr\u00e1ctico y el precio es asequible.<br \/>\n2.Flexible y pr\u00e1ctico, nuestro conjunto de ganchillo utiliza material suave antideslizante, y el dise\u00f1o de agarre 3D hace que el dise\u00f1o de la punta de la aguja sea f\u00e1cil de sacar. Las marcas de puntadas se pueden enganchar r\u00e1pidamente en puntadas de punto o ganchillo sin deslizarse f\u00e1cilmente.<br \/>\n3. Conjunto perfecto, con este juego de ganchillo, todo est\u00e1 completo, adecuado para ganchillo su\u00e9teres, ropa, encaje y ganchillo varias prendas y adornos. El ganchillo se coloca en una hermosa bolsa y es un regalo ideal para familiares y amigos.<\/p>\n<\/div>\n<div>\n<p id=\"tl_3\" style=\"font-family: OpenSans; font-size: 20px; font-weight: 900; line-height: 28px; margin-bottom: 12px;\">Especificaciones:<\/p>\n<p id=\"tl_4\" style=\"font-family: OpenSans; font-size: 14px; font-weight: 300; line-height: 20px; margin-bottom: 12px;\">Paquete incluido:<br \/>\n1 x tijeras<br \/>\n1 x Sounter fila<br \/>\n1 x bolsa de embalaje<br \/>\n1 x botella de aguja<br \/>\n1 x cinta m\u00e9trica<br \/>\n20 x marcadores de punto<br \/>\n13 ganchos de ganchillo<br \/>\n20 marcadores de anillos divididos.<br \/>\n3 agujas de tejer con interruptor de cable de pl\u00e1stico<br \/>\n3x7cm\/2,7 pulgadas Semillas de sutura<br \/>\n3 agujas de sutura de 9cm\/3,5 pulgadas<br \/>\n3x5cm\/1,9 pulgadas Agujas de ojo grande de cabeza Roma<br \/>\nAgujas de ojo grande de cabeza Roma de 3x6cm\/2,3 pulgadas<br \/>\nAgujas de ojo grande de cabeza Roma de 3x7cm\/2,7 pulgadas<\/p>\n<\/div>\n<div>\n<p id=\"tl_5\" style=\"font-family: OpenSans; font-size: 20px; font-weight: 900; line-height: 28px; margin-bottom: 12px;\">Notas:<\/p>\n<p id=\"tl_6\" style=\"font-family: OpenSans; font-size: 14px; font-weight: 300; line-height: 20px; margin-bottom: 12px;\">1. Debido a la diferencia de luz y pantalla, el color del art\u00edculo puede ser ligeramente diferente al de las im\u00e1genes. Por favor, compr\u00e9ndalo. Aseg\u00farate de que no te importe antes de realizar un pedido.<br \/>\n2. Permita diferencias de 1-3 MM debido a la medici\u00f3n manual.<\/p>\n<\/div>\n<div><img decoding=\"async\" src=\"\/\/ae01.alicdn.com\/kf\/S8e88d5bcd7684fef8a28c001d1f366d0d.jpg\" \/><br \/>\n<img decoding=\"async\" src=\"\/\/ae01.alicdn.com\/kf\/S7eb568330bc847e48fe4cc5d54fcdd24F.jpg\" \/><br \/>\n<img decoding=\"async\" src=\"\/\/ae01.alicdn.com\/kf\/S55c74394c78d4ff4b1bafe7cf1724ce7e.jpg\" \/><br \/>\n<img decoding=\"async\" src=\"\/\/ae01.alicdn.com\/kf\/S7f67f9a58f4d4deeaaf13204ab8815699.jpg\" \/><br \/>\n<img decoding=\"async\" src=\"\/\/ae01.alicdn.com\/kf\/S609696d00dbc4ec09531a3bf5d90f826q.jpg\" \/><br \/>\n<img decoding=\"async\" src=\"\/\/ae01.alicdn.com\/kf\/S47e9d3333eb84a76b80ca9d1dff7bda90.jpg\" \/><\/p>\n<\/div>\n<p>&nbsp;<\/p>\n<\/div>","protected":false},"excerpt":{"rendered":"<p>Caracter\u00edsticas: 1. Valor establecido, obtendr\u00e1 13 agujas de ganchillo, 6 agujas de coser de pl\u00e1stico\/agujas de hilo, 9 agujas de ojo grande de cabeza Roma, 3 agujas de tejer con interruptor de cable, 20 marcadores de puntada, Y 20 marcadores de punto de anillo circular. Este es un traje tejido muy pr\u00e1ctico y el precio [&hellip;]<\/p>\n","protected":false},"featured_media":7980,"comment_status":"open","ping_status":"closed","template":"","meta":[],"product_brand":[],"product_cat":[36],"product_tag":[],"class_list":{"0":"post-7979","1":"product","2":"type-product","3":"status-publish","4":"has-post-thumbnail","6":"product_cat-textile","8":"first","9":"instock","10":"sale","11":"taxable","12":"shipping-taxable","13":"purchasable","14":"product-type-simple"},"yoast_head":"<!-- This site is optimized with the Yoast SEO plugin v27.5 - https:\/\/yoast.com\/product\/yoast-seo-wordpress\/ -->\n<title>Juego de Crochet de 76 piezas, agujas de tejer con mango ergon\u00f3mico - Alllira<\/title>\n<meta name=\"robots\" content=\"index, follow, max-snippet:-1, max-image-preview:large, max-video-preview:-1\" \/>\n<link rel=\"canonical\" href=\"https:\/\/alllira.com\/es\/producto\/imzay-juego-de-ganchos-de-ganchillo-de-76-piezas-agujas-de-tejer-con-mango-ergonomico-ojo-grande-romas-de-plastico-marcadores-de-puntada\/\" \/>\n<meta property=\"og:locale\" content=\"es_ES\" \/>\n<meta property=\"og:type\" content=\"article\" \/>\n<meta property=\"og:title\" content=\"Juego de Crochet de 76 piezas, agujas de tejer con mango ergon\u00f3mico - Alllira\" \/>\n<meta property=\"og:description\" content=\"Caracter\u00edsticas: 1. Valor establecido, obtendr\u00e1 13 agujas de ganchillo, 6 agujas de coser de pl\u00e1stico\/agujas de hilo, 9 agujas de ojo grande de cabeza Roma, 3 agujas de tejer con interruptor de cable, 20 marcadores de puntada, Y 20 marcadores de punto de anillo circular. Este es un traje tejido muy pr\u00e1ctico y el precio [&hellip;]\" \/>\n<meta property=\"og:url\" content=\"https:\/\/alllira.com\/es\/producto\/imzay-juego-de-ganchos-de-ganchillo-de-76-piezas-agujas-de-tejer-con-mango-ergonomico-ojo-grande-romas-de-plastico-marcadores-de-puntada\/\" \/>\n<meta property=\"og:site_name\" content=\"Alllira\" \/>\n<meta property=\"article:publisher\" content=\"https:\/\/www.facebook.com\/profile.php?id=61553163366147\" \/>\n<meta property=\"article:modified_time\" content=\"2025-07-22T17:19:35+00:00\" \/>\n<meta property=\"og:image\" content=\"https:\/\/ae01.alicdn.com\/kf\/Sb1585350b61a46c9acaaf73b4a029f9eT\/IMZAY-Juego-de-ganchos-de-ganchillo-de-76-piezas-agujas-de-tejer-con-mango-ergon-mico.jpg\" \/>\n\t<meta property=\"og:image:width\" content=\"800\" \/>\n\t<meta property=\"og:image:height\" content=\"800\" \/>\n\t<meta property=\"og:image:type\" content=\"image\/jpeg\" \/>\n<meta name=\"twitter:card\" content=\"summary_large_image\" \/>\n<meta name=\"twitter:label1\" content=\"Tiempo de lectura\" \/>\n\t<meta name=\"twitter:data1\" content=\"3 minutos\" \/>\n<script type=\"application\/ld+json\" class=\"yoast-schema-graph\">{\"@context\":\"https:\\\/\\\/schema.org\",\"@graph\":[{\"@type\":\"WebPage\",\"@id\":\"https:\\\/\\\/alllira.com\\\/producto\\\/imzay-juego-de-ganchos-de-ganchillo-de-76-piezas-agujas-de-tejer-con-mango-ergonomico-ojo-grande-romas-de-plastico-marcadores-de-puntada\\\/\",\"url\":\"https:\\\/\\\/alllira.com\\\/producto\\\/imzay-juego-de-ganchos-de-ganchillo-de-76-piezas-agujas-de-tejer-con-mango-ergonomico-ojo-grande-romas-de-plastico-marcadores-de-puntada\\\/\",\"name\":\"Juego de Crochet de 76 piezas, agujas de tejer con mango ergon\u00f3mico - Alllira\",\"isPartOf\":{\"@id\":\"https:\\\/\\\/alllira.com\\\/#website\"},\"primaryImageOfPage\":{\"@id\":\"https:\\\/\\\/alllira.com\\\/producto\\\/imzay-juego-de-ganchos-de-ganchillo-de-76-piezas-agujas-de-tejer-con-mango-ergonomico-ojo-grande-romas-de-plastico-marcadores-de-puntada\\\/#primaryimage\"},\"image\":{\"@id\":\"https:\\\/\\\/alllira.com\\\/producto\\\/imzay-juego-de-ganchos-de-ganchillo-de-76-piezas-agujas-de-tejer-con-mango-ergonomico-ojo-grande-romas-de-plastico-marcadores-de-puntada\\\/#primaryimage\"},\"thumbnailUrl\":\"https:\\\/\\\/ae01.alicdn.com\\\/kf\\\/Sb1585350b61a46c9acaaf73b4a029f9eT\\\/IMZAY-Juego-de-ganchos-de-ganchillo-de-76-piezas-agujas-de-tejer-con-mango-ergon-mico.jpg\",\"datePublished\":\"2023-11-18T04:11:36+00:00\",\"dateModified\":\"2025-07-22T17:19:35+00:00\",\"breadcrumb\":{\"@id\":\"https:\\\/\\\/alllira.com\\\/producto\\\/imzay-juego-de-ganchos-de-ganchillo-de-76-piezas-agujas-de-tejer-con-mango-ergonomico-ojo-grande-romas-de-plastico-marcadores-de-puntada\\\/#breadcrumb\"},\"inLanguage\":\"es\",\"potentialAction\":[{\"@type\":\"ReadAction\",\"target\":[\"https:\\\/\\\/alllira.com\\\/producto\\\/imzay-juego-de-ganchos-de-ganchillo-de-76-piezas-agujas-de-tejer-con-mango-ergonomico-ojo-grande-romas-de-plastico-marcadores-de-puntada\\\/\"]}]},{\"@type\":\"ImageObject\",\"inLanguage\":\"es\",\"@id\":\"https:\\\/\\\/alllira.com\\\/producto\\\/imzay-juego-de-ganchos-de-ganchillo-de-76-piezas-agujas-de-tejer-con-mango-ergonomico-ojo-grande-romas-de-plastico-marcadores-de-puntada\\\/#primaryimage\",\"url\":\"https:\\\/\\\/ae01.alicdn.com\\\/kf\\\/Sb1585350b61a46c9acaaf73b4a029f9eT\\\/IMZAY-Juego-de-ganchos-de-ganchillo-de-76-piezas-agujas-de-tejer-con-mango-ergon-mico.jpg\",\"contentUrl\":\"https:\\\/\\\/ae01.alicdn.com\\\/kf\\\/Sb1585350b61a46c9acaaf73b4a029f9eT\\\/IMZAY-Juego-de-ganchos-de-ganchillo-de-76-piezas-agujas-de-tejer-con-mango-ergon-mico.jpg\",\"width\":800,\"height\":800,\"caption\":\"7979-c50b60.jpg\"},{\"@type\":\"BreadcrumbList\",\"@id\":\"https:\\\/\\\/alllira.com\\\/producto\\\/imzay-juego-de-ganchos-de-ganchillo-de-76-piezas-agujas-de-tejer-con-mango-ergonomico-ojo-grande-romas-de-plastico-marcadores-de-puntada\\\/#breadcrumb\",\"itemListElement\":[{\"@type\":\"ListItem\",\"position\":1,\"name\":\"Home\",\"item\":\"https:\\\/\\\/alllira.com\\\/\"},{\"@type\":\"ListItem\",\"position\":2,\"name\":\"Shop\",\"item\":\"https:\\\/\\\/alllira.com\\\/shop\\\/\"},{\"@type\":\"ListItem\",\"position\":3,\"name\":\"Juego de Crochet de 76 piezas, agujas de tejer con mango ergon\u00f3mico\"}]},{\"@type\":\"WebSite\",\"@id\":\"https:\\\/\\\/alllira.com\\\/#website\",\"url\":\"https:\\\/\\\/alllira.com\\\/\",\"name\":\"Alllira\",\"description\":\"\",\"publisher\":{\"@id\":\"https:\\\/\\\/alllira.com\\\/#organization\"},\"potentialAction\":[{\"@type\":\"SearchAction\",\"target\":{\"@type\":\"EntryPoint\",\"urlTemplate\":\"https:\\\/\\\/alllira.com\\\/?s={search_term_string}\"},\"query-input\":{\"@type\":\"PropertyValueSpecification\",\"valueRequired\":true,\"valueName\":\"search_term_string\"}}],\"inLanguage\":\"es\"},{\"@type\":\"Organization\",\"@id\":\"https:\\\/\\\/alllira.com\\\/#organization\",\"name\":\"Alllira\",\"url\":\"https:\\\/\\\/alllira.com\\\/\",\"logo\":{\"@type\":\"ImageObject\",\"inLanguage\":\"es\",\"@id\":\"https:\\\/\\\/alllira.com\\\/#\\\/schema\\\/logo\\\/image\\\/\",\"url\":\"https:\\\/\\\/alllira.com\\\/wp-content\\\/uploads\\\/2023\\\/11\\\/399982192_122102027870105445_276710788166891880_n.jpg\",\"contentUrl\":\"https:\\\/\\\/alllira.com\\\/wp-content\\\/uploads\\\/2023\\\/11\\\/399982192_122102027870105445_276710788166891880_n.jpg\",\"width\":400,\"height\":400,\"caption\":\"Alllira\"},\"image\":{\"@id\":\"https:\\\/\\\/alllira.com\\\/#\\\/schema\\\/logo\\\/image\\\/\"},\"sameAs\":[\"https:\\\/\\\/www.facebook.com\\\/profile.php?id=61553163366147\"]}]}<\/script>\n<!-- \/ Yoast SEO plugin. -->","yoast_head_json":{"title":"Juego de Crochet de 76 piezas, agujas de tejer con mango ergon\u00f3mico - Alllira","robots":{"index":"index","follow":"follow","max-snippet":"max-snippet:-1","max-image-preview":"max-image-preview:large","max-video-preview":"max-video-preview:-1"},"canonical":"https:\/\/alllira.com\/es\/producto\/imzay-juego-de-ganchos-de-ganchillo-de-76-piezas-agujas-de-tejer-con-mango-ergonomico-ojo-grande-romas-de-plastico-marcadores-de-puntada\/","og_locale":"es_ES","og_type":"article","og_title":"Juego de Crochet de 76 piezas, agujas de tejer con mango ergon\u00f3mico - Alllira","og_description":"Caracter\u00edsticas: 1. Valor establecido, obtendr\u00e1 13 agujas de ganchillo, 6 agujas de coser de pl\u00e1stico\/agujas de hilo, 9 agujas de ojo grande de cabeza Roma, 3 agujas de tejer con interruptor de cable, 20 marcadores de puntada, Y 20 marcadores de punto de anillo circular. Este es un traje tejido muy pr\u00e1ctico y el precio [&hellip;]","og_url":"https:\/\/alllira.com\/es\/producto\/imzay-juego-de-ganchos-de-ganchillo-de-76-piezas-agujas-de-tejer-con-mango-ergonomico-ojo-grande-romas-de-plastico-marcadores-de-puntada\/","og_site_name":"Alllira","article_publisher":"https:\/\/www.facebook.com\/profile.php?id=61553163366147","article_modified_time":"2025-07-22T17:19:35+00:00","og_image":[{"width":800,"height":800,"url":"https:\/\/ae01.alicdn.com\/kf\/Sb1585350b61a46c9acaaf73b4a029f9eT\/IMZAY-Juego-de-ganchos-de-ganchillo-de-76-piezas-agujas-de-tejer-con-mango-ergon-mico.jpg","type":"image\/jpeg"}],"twitter_card":"summary_large_image","twitter_misc":{"Tiempo de lectura":"3 minutos"},"schema":{"@context":"https:\/\/schema.org","@graph":[{"@type":"WebPage","@id":"https:\/\/alllira.com\/producto\/imzay-juego-de-ganchos-de-ganchillo-de-76-piezas-agujas-de-tejer-con-mango-ergonomico-ojo-grande-romas-de-plastico-marcadores-de-puntada\/","url":"https:\/\/alllira.com\/producto\/imzay-juego-de-ganchos-de-ganchillo-de-76-piezas-agujas-de-tejer-con-mango-ergonomico-ojo-grande-romas-de-plastico-marcadores-de-puntada\/","name":"Juego de Crochet de 76 piezas, agujas de tejer con mango ergon\u00f3mico - Alllira","isPartOf":{"@id":"https:\/\/alllira.com\/#website"},"primaryImageOfPage":{"@id":"https:\/\/alllira.com\/producto\/imzay-juego-de-ganchos-de-ganchillo-de-76-piezas-agujas-de-tejer-con-mango-ergonomico-ojo-grande-romas-de-plastico-marcadores-de-puntada\/#primaryimage"},"image":{"@id":"https:\/\/alllira.com\/producto\/imzay-juego-de-ganchos-de-ganchillo-de-76-piezas-agujas-de-tejer-con-mango-ergonomico-ojo-grande-romas-de-plastico-marcadores-de-puntada\/#primaryimage"},"thumbnailUrl":"https:\/\/ae01.alicdn.com\/kf\/Sb1585350b61a46c9acaaf73b4a029f9eT\/IMZAY-Juego-de-ganchos-de-ganchillo-de-76-piezas-agujas-de-tejer-con-mango-ergon-mico.jpg","datePublished":"2023-11-18T04:11:36+00:00","dateModified":"2025-07-22T17:19:35+00:00","breadcrumb":{"@id":"https:\/\/alllira.com\/producto\/imzay-juego-de-ganchos-de-ganchillo-de-76-piezas-agujas-de-tejer-con-mango-ergonomico-ojo-grande-romas-de-plastico-marcadores-de-puntada\/#breadcrumb"},"inLanguage":"es","potentialAction":[{"@type":"ReadAction","target":["https:\/\/alllira.com\/producto\/imzay-juego-de-ganchos-de-ganchillo-de-76-piezas-agujas-de-tejer-con-mango-ergonomico-ojo-grande-romas-de-plastico-marcadores-de-puntada\/"]}]},{"@type":"ImageObject","inLanguage":"es","@id":"https:\/\/alllira.com\/producto\/imzay-juego-de-ganchos-de-ganchillo-de-76-piezas-agujas-de-tejer-con-mango-ergonomico-ojo-grande-romas-de-plastico-marcadores-de-puntada\/#primaryimage","url":"https:\/\/ae01.alicdn.com\/kf\/Sb1585350b61a46c9acaaf73b4a029f9eT\/IMZAY-Juego-de-ganchos-de-ganchillo-de-76-piezas-agujas-de-tejer-con-mango-ergon-mico.jpg","contentUrl":"https:\/\/ae01.alicdn.com\/kf\/Sb1585350b61a46c9acaaf73b4a029f9eT\/IMZAY-Juego-de-ganchos-de-ganchillo-de-76-piezas-agujas-de-tejer-con-mango-ergon-mico.jpg","width":800,"height":800,"caption":"7979-c50b60.jpg"},{"@type":"BreadcrumbList","@id":"https:\/\/alllira.com\/producto\/imzay-juego-de-ganchos-de-ganchillo-de-76-piezas-agujas-de-tejer-con-mango-ergonomico-ojo-grande-romas-de-plastico-marcadores-de-puntada\/#breadcrumb","itemListElement":[{"@type":"ListItem","position":1,"name":"Home","item":"https:\/\/alllira.com\/"},{"@type":"ListItem","position":2,"name":"Shop","item":"https:\/\/alllira.com\/shop\/"},{"@type":"ListItem","position":3,"name":"Juego de Crochet de 76 piezas, agujas de tejer con mango ergon\u00f3mico"}]},{"@type":"WebSite","@id":"https:\/\/alllira.com\/#website","url":"https:\/\/alllira.com\/","name":"Alllira","description":"","publisher":{"@id":"https:\/\/alllira.com\/#organization"},"potentialAction":[{"@type":"SearchAction","target":{"@type":"EntryPoint","urlTemplate":"https:\/\/alllira.com\/?s={search_term_string}"},"query-input":{"@type":"PropertyValueSpecification","valueRequired":true,"valueName":"search_term_string"}}],"inLanguage":"es"},{"@type":"Organization","@id":"https:\/\/alllira.com\/#organization","name":"Alllira","url":"https:\/\/alllira.com\/","logo":{"@type":"ImageObject","inLanguage":"es","@id":"https:\/\/alllira.com\/#\/schema\/logo\/image\/","url":"https:\/\/alllira.com\/wp-content\/uploads\/2023\/11\/399982192_122102027870105445_276710788166891880_n.jpg","contentUrl":"https:\/\/alllira.com\/wp-content\/uploads\/2023\/11\/399982192_122102027870105445_276710788166891880_n.jpg","width":400,"height":400,"caption":"Alllira"},"image":{"@id":"https:\/\/alllira.com\/#\/schema\/logo\/image\/"},"sameAs":["https:\/\/www.facebook.com\/profile.php?id=61553163366147"]}]}},"jetpack_sharing_enabled":true,"_links":{"self":[{"href":"https:\/\/alllira.com\/es\/wp-json\/wp\/v2\/product\/7979","targetHints":{"allow":["GET"]}}],"collection":[{"href":"https:\/\/alllira.com\/es\/wp-json\/wp\/v2\/product"}],"about":[{"href":"https:\/\/alllira.com\/es\/wp-json\/wp\/v2\/types\/product"}],"replies":[{"embeddable":true,"href":"https:\/\/alllira.com\/es\/wp-json\/wp\/v2\/comments?post=7979"}],"wp:featuredmedia":[{"embeddable":true,"href":"https:\/\/alllira.com\/es\/wp-json\/wp\/v2\/media\/7980"}],"wp:attachment":[{"href":"https:\/\/alllira.com\/es\/wp-json\/wp\/v2\/media?parent=7979"}],"wp:term":[{"taxonomy":"product_brand","embeddable":true,"href":"https:\/\/alllira.com\/es\/wp-json\/wp\/v2\/product_brand?post=7979"},{"taxonomy":"product_cat","embeddable":true,"href":"https:\/\/alllira.com\/es\/wp-json\/wp\/v2\/product_cat?post=7979"},{"taxonomy":"product_tag","embeddable":true,"href":"https:\/\/alllira.com\/es\/wp-json\/wp\/v2\/product_tag?post=7979"}],"curies":[{"name":"wp","href":"https:\/\/api.w.org\/{rel}","templated":true}]}}