{"id":7986,"date":"2023-11-18T04:12:07","date_gmt":"2023-11-18T04:12:07","guid":{"rendered":"https:\/\/alllira.com\/es\/producto\/kraball-juego-de-agujas-de-ganchillo-de-54-piezas-kit-de-ganchos-de-ganchillo-agujas-de-tejer-ergonomicas-rotuladores-de-puntada-con-estuche-de-almacenamiento\/"},"modified":"2025-07-22T12:19:39","modified_gmt":"2025-07-22T17:19:39","slug":"kraball-juego-de-agujas-de-ganchillo-de-54-piezas-kit-de-ganchos-de-ganchillo-agujas-de-tejer-ergonomicas-rotuladores-de-puntada-con-estuche-de-almacenamiento","status":"publish","type":"product","link":"https:\/\/alllira.com\/es\/producto\/kraball-juego-de-agujas-de-ganchillo-de-54-piezas-kit-de-ganchos-de-ganchillo-agujas-de-tejer-ergonomicas-rotuladores-de-puntada-con-estuche-de-almacenamiento\/","title":{"rendered":"Juego de agujas de Crochet de 54 piezas"},"content":{"rendered":"<div>\n<p>Juego de agujas de ganchillo KRABALL de 54 piezas, Kit de ganchos de ganchillo, agujas de tejer ergon\u00f3micas, agujas romas, marcador de puntada con estuche de almacenamiento<\/p>\n<p>&nbsp;<\/p>\n<p>Caracter\u00edsticas<\/p>\n<p>\u00a1Disfruta de un ejercicio indoloro y sin fatiga con el kit de ganchillo para principiantes! El ganchillo ergon\u00f3mico tiene un extremo suave, bien procesado y mano de obra fina. El mango es muy suave y c\u00f3modo.<\/p>\n<p>La aguja de ganchillo se desliza sin esfuerzo, produce proyectos de acabado limpio y evita que los hilos se rompan. Un juego completo de ganchillo puede satisfacer sus diferentes demandas en ganchillo.<\/p>\n<p>Hemos preparado una bolsa de almacenamiento para tu juego de ganchos de ganchillo. Puedes poner algunos accesorios de ganchillo en \u00e9l, que no ocupar\u00e1 espacio y es f\u00e1cil de llevar.<\/p>\n<p>&nbsp;<\/p>\n<p>Especificaci\u00f3n<\/p>\n<p>El tama\u00f1o de los ganchos de ganchillo son de 0,6mm 0,75mm 0,85mm 0,9mm 1,0mm 1,1mm 1,25mm 1,4mm 1,5mm 1,6mm 1,75mm 1,9mm<\/p>\n<p>Los tama\u00f1os de los ganchos de ganchillo coloridos son 2,0mm, 2,5mm, 3,0mm, 3,5mm, 4,0mm, 4,5mm, 5,0mm, 5,5mm, 6,0mm, 6,5mm.<\/p>\n<p>El paquete incluye:<\/p>\n<p>20 unidades de agujas de punto<\/p>\n<p>Aguja de ojo grande romo de 9 piezas<\/p>\n<p>Juego de ganchos de ganchillo de 22 piezas<\/p>\n<p>1 piezas botella de aguja<\/p>\n<p>1 piezas bolsa de almacenamiento<\/p>\n<p>1 piezas tijeras<\/p>\n<p><img decoding=\"async\" src=\"\/\/ae01.alicdn.com\/kf\/S2678dea4a5694adfba2d336b8ec9738cF.jpg\" \/><\/p>\n<p><img decoding=\"async\" src=\"\/\/ae01.alicdn.com\/kf\/S4730dc93ebba44c9a18cc05430c710778.jpg\" \/><\/p>\n<p>&nbsp;<\/p>\n<p><img decoding=\"async\" src=\"\/\/ae01.alicdn.com\/kf\/Sd71cd4949cf64bceb48322013713c7c4m.jpg\" \/><\/p>\n<p>&nbsp;<\/p>\n<p><img decoding=\"async\" src=\"\/\/ae01.alicdn.com\/kf\/S07ba0b1856274134997e6c520e9140cbf.jpg\" \/><\/p>\n<p>&nbsp;<\/p>\n<p><img decoding=\"async\" src=\"\/\/ae01.alicdn.com\/kf\/S8501573de7f34b5b9a3c479ed48ec482Z.jpg\" \/><img decoding=\"async\" src=\"\/\/ae01.alicdn.com\/kf\/Sf4a1efd3bf2d41f1bd9c3ca045634bab1.jpg\" \/><\/p>\n<\/div>","protected":false},"excerpt":{"rendered":"<p>Juego de agujas de ganchillo KRABALL de 54 piezas, Kit de ganchos de ganchillo, agujas de tejer ergon\u00f3micas, agujas romas, marcador de puntada con estuche de almacenamiento &nbsp; Caracter\u00edsticas \u00a1Disfruta de un ejercicio indoloro y sin fatiga con el kit de ganchillo para principiantes! El ganchillo ergon\u00f3mico tiene un extremo suave, bien procesado y mano [&hellip;]<\/p>\n","protected":false},"featured_media":7987,"comment_status":"open","ping_status":"closed","template":"","meta":[],"product_brand":[],"product_cat":[36],"product_tag":[],"class_list":{"0":"post-7986","1":"product","2":"type-product","3":"status-publish","4":"has-post-thumbnail","6":"product_cat-textile","8":"first","9":"instock","10":"sale","11":"taxable","12":"shipping-taxable","13":"purchasable","14":"product-type-simple"},"yoast_head":"<!-- This site is optimized with the Yoast SEO plugin v27.5 - https:\/\/yoast.com\/product\/yoast-seo-wordpress\/ -->\n<title>Juego de agujas de Crochet de 54 piezas - Alllira<\/title>\n<meta name=\"robots\" content=\"index, follow, max-snippet:-1, max-image-preview:large, max-video-preview:-1\" \/>\n<link rel=\"canonical\" href=\"https:\/\/alllira.com\/es\/producto\/kraball-juego-de-agujas-de-ganchillo-de-54-piezas-kit-de-ganchos-de-ganchillo-agujas-de-tejer-ergonomicas-rotuladores-de-puntada-con-estuche-de-almacenamiento\/\" \/>\n<meta property=\"og:locale\" content=\"es_ES\" \/>\n<meta property=\"og:type\" content=\"article\" \/>\n<meta property=\"og:title\" content=\"Juego de agujas de Crochet de 54 piezas - Alllira\" \/>\n<meta property=\"og:description\" content=\"Juego de agujas de ganchillo KRABALL de 54 piezas, Kit de ganchos de ganchillo, agujas de tejer ergon\u00f3micas, agujas romas, marcador de puntada con estuche de almacenamiento &nbsp; Caracter\u00edsticas \u00a1Disfruta de un ejercicio indoloro y sin fatiga con el kit de ganchillo para principiantes! El ganchillo ergon\u00f3mico tiene un extremo suave, bien procesado y mano [&hellip;]\" \/>\n<meta property=\"og:url\" content=\"https:\/\/alllira.com\/es\/producto\/kraball-juego-de-agujas-de-ganchillo-de-54-piezas-kit-de-ganchos-de-ganchillo-agujas-de-tejer-ergonomicas-rotuladores-de-puntada-con-estuche-de-almacenamiento\/\" \/>\n<meta property=\"og:site_name\" content=\"Alllira\" \/>\n<meta property=\"article:publisher\" content=\"https:\/\/www.facebook.com\/profile.php?id=61553163366147\" \/>\n<meta property=\"article:modified_time\" content=\"2025-07-22T17:19:39+00:00\" \/>\n<meta property=\"og:image\" content=\"https:\/\/ae01.alicdn.com\/kf\/S81c982bffa1344fcac067b9dbd5cf26fA\/KRABALL-Juego-de-agujas-de-ganchillo-de-54-piezas-Kit-de-ganchos-de-ganchillo-agujas-de.jpg\" \/>\n\t<meta property=\"og:image:width\" content=\"800\" \/>\n\t<meta property=\"og:image:height\" content=\"800\" \/>\n\t<meta property=\"og:image:type\" content=\"image\/jpeg\" \/>\n<meta name=\"twitter:card\" content=\"summary_large_image\" \/>\n<meta name=\"twitter:label1\" content=\"Tiempo de lectura\" \/>\n\t<meta name=\"twitter:data1\" content=\"3 minutos\" \/>\n<script type=\"application\/ld+json\" class=\"yoast-schema-graph\">{\"@context\":\"https:\\\/\\\/schema.org\",\"@graph\":[{\"@type\":\"WebPage\",\"@id\":\"https:\\\/\\\/alllira.com\\\/producto\\\/kraball-juego-de-agujas-de-ganchillo-de-54-piezas-kit-de-ganchos-de-ganchillo-agujas-de-tejer-ergonomicas-rotuladores-de-puntada-con-estuche-de-almacenamiento\\\/\",\"url\":\"https:\\\/\\\/alllira.com\\\/producto\\\/kraball-juego-de-agujas-de-ganchillo-de-54-piezas-kit-de-ganchos-de-ganchillo-agujas-de-tejer-ergonomicas-rotuladores-de-puntada-con-estuche-de-almacenamiento\\\/\",\"name\":\"Juego de agujas de Crochet de 54 piezas - Alllira\",\"isPartOf\":{\"@id\":\"https:\\\/\\\/alllira.com\\\/#website\"},\"primaryImageOfPage\":{\"@id\":\"https:\\\/\\\/alllira.com\\\/producto\\\/kraball-juego-de-agujas-de-ganchillo-de-54-piezas-kit-de-ganchos-de-ganchillo-agujas-de-tejer-ergonomicas-rotuladores-de-puntada-con-estuche-de-almacenamiento\\\/#primaryimage\"},\"image\":{\"@id\":\"https:\\\/\\\/alllira.com\\\/producto\\\/kraball-juego-de-agujas-de-ganchillo-de-54-piezas-kit-de-ganchos-de-ganchillo-agujas-de-tejer-ergonomicas-rotuladores-de-puntada-con-estuche-de-almacenamiento\\\/#primaryimage\"},\"thumbnailUrl\":\"https:\\\/\\\/ae01.alicdn.com\\\/kf\\\/S81c982bffa1344fcac067b9dbd5cf26fA\\\/KRABALL-Juego-de-agujas-de-ganchillo-de-54-piezas-Kit-de-ganchos-de-ganchillo-agujas-de.jpg\",\"datePublished\":\"2023-11-18T04:12:07+00:00\",\"dateModified\":\"2025-07-22T17:19:39+00:00\",\"breadcrumb\":{\"@id\":\"https:\\\/\\\/alllira.com\\\/producto\\\/kraball-juego-de-agujas-de-ganchillo-de-54-piezas-kit-de-ganchos-de-ganchillo-agujas-de-tejer-ergonomicas-rotuladores-de-puntada-con-estuche-de-almacenamiento\\\/#breadcrumb\"},\"inLanguage\":\"es\",\"potentialAction\":[{\"@type\":\"ReadAction\",\"target\":[\"https:\\\/\\\/alllira.com\\\/producto\\\/kraball-juego-de-agujas-de-ganchillo-de-54-piezas-kit-de-ganchos-de-ganchillo-agujas-de-tejer-ergonomicas-rotuladores-de-puntada-con-estuche-de-almacenamiento\\\/\"]}]},{\"@type\":\"ImageObject\",\"inLanguage\":\"es\",\"@id\":\"https:\\\/\\\/alllira.com\\\/producto\\\/kraball-juego-de-agujas-de-ganchillo-de-54-piezas-kit-de-ganchos-de-ganchillo-agujas-de-tejer-ergonomicas-rotuladores-de-puntada-con-estuche-de-almacenamiento\\\/#primaryimage\",\"url\":\"https:\\\/\\\/ae01.alicdn.com\\\/kf\\\/S81c982bffa1344fcac067b9dbd5cf26fA\\\/KRABALL-Juego-de-agujas-de-ganchillo-de-54-piezas-Kit-de-ganchos-de-ganchillo-agujas-de.jpg\",\"contentUrl\":\"https:\\\/\\\/ae01.alicdn.com\\\/kf\\\/S81c982bffa1344fcac067b9dbd5cf26fA\\\/KRABALL-Juego-de-agujas-de-ganchillo-de-54-piezas-Kit-de-ganchos-de-ganchillo-agujas-de.jpg\",\"width\":800,\"height\":800,\"caption\":\"7986-e043ab.jpg\"},{\"@type\":\"BreadcrumbList\",\"@id\":\"https:\\\/\\\/alllira.com\\\/producto\\\/kraball-juego-de-agujas-de-ganchillo-de-54-piezas-kit-de-ganchos-de-ganchillo-agujas-de-tejer-ergonomicas-rotuladores-de-puntada-con-estuche-de-almacenamiento\\\/#breadcrumb\",\"itemListElement\":[{\"@type\":\"ListItem\",\"position\":1,\"name\":\"Home\",\"item\":\"https:\\\/\\\/alllira.com\\\/\"},{\"@type\":\"ListItem\",\"position\":2,\"name\":\"Shop\",\"item\":\"https:\\\/\\\/alllira.com\\\/shop\\\/\"},{\"@type\":\"ListItem\",\"position\":3,\"name\":\"Juego de agujas de Crochet de 54 piezas\"}]},{\"@type\":\"WebSite\",\"@id\":\"https:\\\/\\\/alllira.com\\\/#website\",\"url\":\"https:\\\/\\\/alllira.com\\\/\",\"name\":\"Alllira\",\"description\":\"\",\"publisher\":{\"@id\":\"https:\\\/\\\/alllira.com\\\/#organization\"},\"potentialAction\":[{\"@type\":\"SearchAction\",\"target\":{\"@type\":\"EntryPoint\",\"urlTemplate\":\"https:\\\/\\\/alllira.com\\\/?s={search_term_string}\"},\"query-input\":{\"@type\":\"PropertyValueSpecification\",\"valueRequired\":true,\"valueName\":\"search_term_string\"}}],\"inLanguage\":\"es\"},{\"@type\":\"Organization\",\"@id\":\"https:\\\/\\\/alllira.com\\\/#organization\",\"name\":\"Alllira\",\"url\":\"https:\\\/\\\/alllira.com\\\/\",\"logo\":{\"@type\":\"ImageObject\",\"inLanguage\":\"es\",\"@id\":\"https:\\\/\\\/alllira.com\\\/#\\\/schema\\\/logo\\\/image\\\/\",\"url\":\"https:\\\/\\\/alllira.com\\\/wp-content\\\/uploads\\\/2023\\\/11\\\/399982192_122102027870105445_276710788166891880_n.jpg\",\"contentUrl\":\"https:\\\/\\\/alllira.com\\\/wp-content\\\/uploads\\\/2023\\\/11\\\/399982192_122102027870105445_276710788166891880_n.jpg\",\"width\":400,\"height\":400,\"caption\":\"Alllira\"},\"image\":{\"@id\":\"https:\\\/\\\/alllira.com\\\/#\\\/schema\\\/logo\\\/image\\\/\"},\"sameAs\":[\"https:\\\/\\\/www.facebook.com\\\/profile.php?id=61553163366147\"]}]}<\/script>\n<!-- \/ Yoast SEO plugin. -->","yoast_head_json":{"title":"Juego de agujas de Crochet de 54 piezas - Alllira","robots":{"index":"index","follow":"follow","max-snippet":"max-snippet:-1","max-image-preview":"max-image-preview:large","max-video-preview":"max-video-preview:-1"},"canonical":"https:\/\/alllira.com\/es\/producto\/kraball-juego-de-agujas-de-ganchillo-de-54-piezas-kit-de-ganchos-de-ganchillo-agujas-de-tejer-ergonomicas-rotuladores-de-puntada-con-estuche-de-almacenamiento\/","og_locale":"es_ES","og_type":"article","og_title":"Juego de agujas de Crochet de 54 piezas - Alllira","og_description":"Juego de agujas de ganchillo KRABALL de 54 piezas, Kit de ganchos de ganchillo, agujas de tejer ergon\u00f3micas, agujas romas, marcador de puntada con estuche de almacenamiento &nbsp; Caracter\u00edsticas \u00a1Disfruta de un ejercicio indoloro y sin fatiga con el kit de ganchillo para principiantes! El ganchillo ergon\u00f3mico tiene un extremo suave, bien procesado y mano [&hellip;]","og_url":"https:\/\/alllira.com\/es\/producto\/kraball-juego-de-agujas-de-ganchillo-de-54-piezas-kit-de-ganchos-de-ganchillo-agujas-de-tejer-ergonomicas-rotuladores-de-puntada-con-estuche-de-almacenamiento\/","og_site_name":"Alllira","article_publisher":"https:\/\/www.facebook.com\/profile.php?id=61553163366147","article_modified_time":"2025-07-22T17:19:39+00:00","og_image":[{"width":800,"height":800,"url":"https:\/\/ae01.alicdn.com\/kf\/S81c982bffa1344fcac067b9dbd5cf26fA\/KRABALL-Juego-de-agujas-de-ganchillo-de-54-piezas-Kit-de-ganchos-de-ganchillo-agujas-de.jpg","type":"image\/jpeg"}],"twitter_card":"summary_large_image","twitter_misc":{"Tiempo de lectura":"3 minutos"},"schema":{"@context":"https:\/\/schema.org","@graph":[{"@type":"WebPage","@id":"https:\/\/alllira.com\/producto\/kraball-juego-de-agujas-de-ganchillo-de-54-piezas-kit-de-ganchos-de-ganchillo-agujas-de-tejer-ergonomicas-rotuladores-de-puntada-con-estuche-de-almacenamiento\/","url":"https:\/\/alllira.com\/producto\/kraball-juego-de-agujas-de-ganchillo-de-54-piezas-kit-de-ganchos-de-ganchillo-agujas-de-tejer-ergonomicas-rotuladores-de-puntada-con-estuche-de-almacenamiento\/","name":"Juego de agujas de Crochet de 54 piezas - Alllira","isPartOf":{"@id":"https:\/\/alllira.com\/#website"},"primaryImageOfPage":{"@id":"https:\/\/alllira.com\/producto\/kraball-juego-de-agujas-de-ganchillo-de-54-piezas-kit-de-ganchos-de-ganchillo-agujas-de-tejer-ergonomicas-rotuladores-de-puntada-con-estuche-de-almacenamiento\/#primaryimage"},"image":{"@id":"https:\/\/alllira.com\/producto\/kraball-juego-de-agujas-de-ganchillo-de-54-piezas-kit-de-ganchos-de-ganchillo-agujas-de-tejer-ergonomicas-rotuladores-de-puntada-con-estuche-de-almacenamiento\/#primaryimage"},"thumbnailUrl":"https:\/\/ae01.alicdn.com\/kf\/S81c982bffa1344fcac067b9dbd5cf26fA\/KRABALL-Juego-de-agujas-de-ganchillo-de-54-piezas-Kit-de-ganchos-de-ganchillo-agujas-de.jpg","datePublished":"2023-11-18T04:12:07+00:00","dateModified":"2025-07-22T17:19:39+00:00","breadcrumb":{"@id":"https:\/\/alllira.com\/producto\/kraball-juego-de-agujas-de-ganchillo-de-54-piezas-kit-de-ganchos-de-ganchillo-agujas-de-tejer-ergonomicas-rotuladores-de-puntada-con-estuche-de-almacenamiento\/#breadcrumb"},"inLanguage":"es","potentialAction":[{"@type":"ReadAction","target":["https:\/\/alllira.com\/producto\/kraball-juego-de-agujas-de-ganchillo-de-54-piezas-kit-de-ganchos-de-ganchillo-agujas-de-tejer-ergonomicas-rotuladores-de-puntada-con-estuche-de-almacenamiento\/"]}]},{"@type":"ImageObject","inLanguage":"es","@id":"https:\/\/alllira.com\/producto\/kraball-juego-de-agujas-de-ganchillo-de-54-piezas-kit-de-ganchos-de-ganchillo-agujas-de-tejer-ergonomicas-rotuladores-de-puntada-con-estuche-de-almacenamiento\/#primaryimage","url":"https:\/\/ae01.alicdn.com\/kf\/S81c982bffa1344fcac067b9dbd5cf26fA\/KRABALL-Juego-de-agujas-de-ganchillo-de-54-piezas-Kit-de-ganchos-de-ganchillo-agujas-de.jpg","contentUrl":"https:\/\/ae01.alicdn.com\/kf\/S81c982bffa1344fcac067b9dbd5cf26fA\/KRABALL-Juego-de-agujas-de-ganchillo-de-54-piezas-Kit-de-ganchos-de-ganchillo-agujas-de.jpg","width":800,"height":800,"caption":"7986-e043ab.jpg"},{"@type":"BreadcrumbList","@id":"https:\/\/alllira.com\/producto\/kraball-juego-de-agujas-de-ganchillo-de-54-piezas-kit-de-ganchos-de-ganchillo-agujas-de-tejer-ergonomicas-rotuladores-de-puntada-con-estuche-de-almacenamiento\/#breadcrumb","itemListElement":[{"@type":"ListItem","position":1,"name":"Home","item":"https:\/\/alllira.com\/"},{"@type":"ListItem","position":2,"name":"Shop","item":"https:\/\/alllira.com\/shop\/"},{"@type":"ListItem","position":3,"name":"Juego de agujas de Crochet de 54 piezas"}]},{"@type":"WebSite","@id":"https:\/\/alllira.com\/#website","url":"https:\/\/alllira.com\/","name":"Alllira","description":"","publisher":{"@id":"https:\/\/alllira.com\/#organization"},"potentialAction":[{"@type":"SearchAction","target":{"@type":"EntryPoint","urlTemplate":"https:\/\/alllira.com\/?s={search_term_string}"},"query-input":{"@type":"PropertyValueSpecification","valueRequired":true,"valueName":"search_term_string"}}],"inLanguage":"es"},{"@type":"Organization","@id":"https:\/\/alllira.com\/#organization","name":"Alllira","url":"https:\/\/alllira.com\/","logo":{"@type":"ImageObject","inLanguage":"es","@id":"https:\/\/alllira.com\/#\/schema\/logo\/image\/","url":"https:\/\/alllira.com\/wp-content\/uploads\/2023\/11\/399982192_122102027870105445_276710788166891880_n.jpg","contentUrl":"https:\/\/alllira.com\/wp-content\/uploads\/2023\/11\/399982192_122102027870105445_276710788166891880_n.jpg","width":400,"height":400,"caption":"Alllira"},"image":{"@id":"https:\/\/alllira.com\/#\/schema\/logo\/image\/"},"sameAs":["https:\/\/www.facebook.com\/profile.php?id=61553163366147"]}]}},"jetpack_sharing_enabled":true,"_links":{"self":[{"href":"https:\/\/alllira.com\/es\/wp-json\/wp\/v2\/product\/7986","targetHints":{"allow":["GET"]}}],"collection":[{"href":"https:\/\/alllira.com\/es\/wp-json\/wp\/v2\/product"}],"about":[{"href":"https:\/\/alllira.com\/es\/wp-json\/wp\/v2\/types\/product"}],"replies":[{"embeddable":true,"href":"https:\/\/alllira.com\/es\/wp-json\/wp\/v2\/comments?post=7986"}],"wp:featuredmedia":[{"embeddable":true,"href":"https:\/\/alllira.com\/es\/wp-json\/wp\/v2\/media\/7987"}],"wp:attachment":[{"href":"https:\/\/alllira.com\/es\/wp-json\/wp\/v2\/media?parent=7986"}],"wp:term":[{"taxonomy":"product_brand","embeddable":true,"href":"https:\/\/alllira.com\/es\/wp-json\/wp\/v2\/product_brand?post=7986"},{"taxonomy":"product_cat","embeddable":true,"href":"https:\/\/alllira.com\/es\/wp-json\/wp\/v2\/product_cat?post=7986"},{"taxonomy":"product_tag","embeddable":true,"href":"https:\/\/alllira.com\/es\/wp-json\/wp\/v2\/product_tag?post=7986"}],"curies":[{"name":"wp","href":"https:\/\/api.w.org\/{rel}","templated":true}]}}