{"id":8309,"date":"2023-11-22T23:55:13","date_gmt":"2023-11-23T04:55:13","guid":{"rendered":"https:\/\/alllira.com\/es\/producto\/escena-de-planta-artificial-en-maceta-para-decoracion-del-hogar-estante-de-escritorio-oficina-mesa-paisaje-bonsai-sala-de-bodas-accesorios-de-fiesta-vid-1-piezas\/"},"modified":"2025-07-22T12:20:24","modified_gmt":"2025-07-22T17:20:24","slug":"escena-de-planta-artificial-en-maceta-para-decoracion-del-hogar-estante-de-escritorio-oficina-mesa-paisaje-bonsai-sala-de-bodas-accesorios-de-fiesta-vid-1-piezas","status":"publish","type":"product","link":"https:\/\/alllira.com\/es\/producto\/escena-de-planta-artificial-en-maceta-para-decoracion-del-hogar-estante-de-escritorio-oficina-mesa-paisaje-bonsai-sala-de-bodas-accesorios-de-fiesta-vid-1-piezas\/","title":{"rendered":"Planta Artificial en maceta para decoraci\u00f3n del hogar (1 pieza)"},"content":{"rendered":"<div><span style=\"font-size: 16px;\"><span style=\"font-family: Arial, Helvetica, sans-serif;\"><strong><span id=\"tl_1\">Descripci\u00f3n:<\/span><\/strong><\/span><\/span><br \/>\n<span style=\"font-size: 16px;\"><span style=\"font-size: 16px;\"><span style=\"font-family: Arial, Helvetica, sans-serif;\"><strong><br \/>\nEl bons\u00e1i de fruta artificial no tiene olor, es impermeable y realista, por lo que puede mantenerse fresco y bonito todo el tiempo.<br \/>\nSe cree que el \u00e1rbol bons\u00e1i trae buena suerte y una vida fruct\u00edfera para usted, lo que representa prosperidad y riqueza.<br \/>\nHecho de pl\u00e1stico de primera calidad y material de espuma de poliestireno, es ecol\u00f3gico, hermoso y delicado.<br \/>\nSu altura total es de 20cm y su di\u00e1metro m\u00e1ximo es de 6,5 cm.<br \/>\nEs adecuado para granja, jard\u00edn, hogar, balc\u00f3n, oficina, porche, parque, parterre, etc.<\/strong><\/span><\/span><\/span>Nombre del art\u00edculo: bons\u00e1i de frutas artificiales<br \/>\nMaterial: pl\u00e1stico, poliestireno, poliestireno<br \/>\nCaracter\u00edsticas: mano de obra fina, exquisita, hecha a mano<br \/>\nDetalles del tama\u00f1o:<br \/>\nDi\u00e1metro m\u00e1ximo: 6,5 cm (aprox.)<br \/>\nLongitud total: 20cm (aprox.)<\/p>\n<p>Notas:<br \/>\nDebido a la diferencia en la configuraci\u00f3n de la luz y la pantalla, el color del art\u00edculo puede ser ligeramente diferente al de las im\u00e1genes.<br \/>\nPermita una ligera diferencia en las dimensiones debido a las diferentes mediciones manuales.<\/p>\n<p><img decoding=\"async\" src=\"\/\/ae03.alicdn.com\/kf\/S9793103f89694a8b991cef0d7f01c7c1e.jpg\" \/><\/p>\n<p><img decoding=\"async\" src=\"\/\/ae03.alicdn.com\/kf\/S9e2a17e643e14c02aea42fd0b47b73bes.jpg\" \/><\/p>\n<p><img decoding=\"async\" src=\"\/\/ae03.alicdn.com\/kf\/S020d64440ece4d94a91696f3e3a99d7f6.jpg\" \/><\/p>\n<p><img decoding=\"async\" src=\"\/\/ae03.alicdn.com\/kf\/S9d861e33b4ee4fbdb6c8a898661a1901m.jpg\" \/><\/p>\n<p><img decoding=\"async\" src=\"\/\/ae03.alicdn.com\/kf\/Sace53c8a4ce34d3db2cca77bf4afe4e3r.jpg\" \/><\/div>\n<p style=\"text-align: left; margin: 0px;\" align=\"left\"><img decoding=\"async\" src=\"\/\/ae03.alicdn.com\/kf\/Sce09e1ca1301415d8b21ad142ff99b45D.jpg\" \/><img decoding=\"async\" src=\"\/\/ae03.alicdn.com\/kf\/S0f346884619349ea9a2e2893d16494d27.jpg\" \/><img decoding=\"async\" src=\"\/\/ae03.alicdn.com\/kf\/Sddbe6cca720442c7915e74df3e898bad7.jpg\" \/><img decoding=\"async\" src=\"\/\/ae03.alicdn.com\/kf\/S1d4c9a20bbb948b1acaeefa0fa2f8854U.jpg\" \/><img decoding=\"async\" src=\"\/\/ae03.alicdn.com\/kf\/Sb3896c7b1c4a4eab80a15d4f25e2807f5.jpg\" \/><img decoding=\"async\" src=\"\/\/ae03.alicdn.com\/kf\/Sa4ffd4d3b8df4c539041861e7e16dfdaM.jpg\" \/><img decoding=\"async\" src=\"\/\/ae03.alicdn.com\/kf\/S970adfc461db4b51aff39f0640bf9b06Y.jpg\" \/><img decoding=\"async\" src=\"\/\/ae03.alicdn.com\/kf\/S19a6e4a6fcbc49b780955917e81d38a2Y.jpg\" \/><\/p>\n<p>&nbsp;<\/p>","protected":false},"excerpt":{"rendered":"<p>Descripci\u00f3n: El bons\u00e1i de fruta artificial no tiene olor, es impermeable y realista, por lo que puede mantenerse fresco y bonito todo el tiempo. Se cree que el \u00e1rbol bons\u00e1i trae buena suerte y una vida fruct\u00edfera para usted, lo que representa prosperidad y riqueza. Hecho de pl\u00e1stico de primera calidad y material de espuma [&hellip;]<\/p>\n","protected":false},"featured_media":8319,"comment_status":"open","ping_status":"closed","template":"","meta":[],"product_brand":[],"product_cat":[31],"product_tag":[],"class_list":{"0":"post-8309","1":"product","2":"type-product","3":"status-publish","4":"has-post-thumbnail","6":"product_cat-home","8":"first","9":"instock","10":"sale","11":"taxable","12":"shipping-taxable","13":"purchasable","14":"product-type-variable"},"yoast_head":"<!-- This site is optimized with the Yoast SEO plugin v27.5 - https:\/\/yoast.com\/product\/yoast-seo-wordpress\/ -->\n<title>Planta Artificial en maceta para decoraci\u00f3n del hogar (1 pieza) - Alllira<\/title>\n<meta name=\"robots\" content=\"index, follow, max-snippet:-1, max-image-preview:large, max-video-preview:-1\" \/>\n<link rel=\"canonical\" href=\"https:\/\/alllira.com\/es\/producto\/escena-de-planta-artificial-en-maceta-para-decoracion-del-hogar-estante-de-escritorio-oficina-mesa-paisaje-bonsai-sala-de-bodas-accesorios-de-fiesta-vid-1-piezas\/\" \/>\n<meta property=\"og:locale\" content=\"es_ES\" \/>\n<meta property=\"og:type\" content=\"article\" \/>\n<meta property=\"og:title\" content=\"Planta Artificial en maceta para decoraci\u00f3n del hogar (1 pieza) - Alllira\" \/>\n<meta property=\"og:description\" content=\"Descripci\u00f3n: El bons\u00e1i de fruta artificial no tiene olor, es impermeable y realista, por lo que puede mantenerse fresco y bonito todo el tiempo. Se cree que el \u00e1rbol bons\u00e1i trae buena suerte y una vida fruct\u00edfera para usted, lo que representa prosperidad y riqueza. Hecho de pl\u00e1stico de primera calidad y material de espuma [&hellip;]\" \/>\n<meta property=\"og:url\" content=\"https:\/\/alllira.com\/es\/producto\/escena-de-planta-artificial-en-maceta-para-decoracion-del-hogar-estante-de-escritorio-oficina-mesa-paisaje-bonsai-sala-de-bodas-accesorios-de-fiesta-vid-1-piezas\/\" \/>\n<meta property=\"og:site_name\" content=\"Alllira\" \/>\n<meta property=\"article:publisher\" content=\"https:\/\/www.facebook.com\/profile.php?id=61553163366147\" \/>\n<meta property=\"article:modified_time\" content=\"2025-07-22T17:20:24+00:00\" \/>\n<meta property=\"og:image\" content=\"https:\/\/ae01.alicdn.com\/kf\/S9e2a17e643e14c02aea42fd0b47b73bes\/Escena-de-Planta-Artificial-en-maceta-para-decoraci-n-del-hogar-estante-de-escritorio-oficina-mesa.jpg\" \/>\n\t<meta property=\"og:image:width\" content=\"800\" \/>\n\t<meta property=\"og:image:height\" content=\"800\" \/>\n\t<meta property=\"og:image:type\" content=\"image\/jpeg\" \/>\n<meta name=\"twitter:card\" content=\"summary_large_image\" \/>\n<meta name=\"twitter:label1\" content=\"Tiempo de lectura\" \/>\n\t<meta name=\"twitter:data1\" content=\"4 minutos\" \/>\n<script type=\"application\/ld+json\" class=\"yoast-schema-graph\">{\"@context\":\"https:\\\/\\\/schema.org\",\"@graph\":[{\"@type\":\"WebPage\",\"@id\":\"https:\\\/\\\/alllira.com\\\/product\\\/escena-de-planta-artificial-en-maceta-para-decoracion-del-hogar-estante-de-escritorio-oficina-mesa-paisaje-bonsai-sala-de-bodas-accesorios-de-fiesta-vid-1-piezas\\\/\",\"url\":\"https:\\\/\\\/alllira.com\\\/product\\\/escena-de-planta-artificial-en-maceta-para-decoracion-del-hogar-estante-de-escritorio-oficina-mesa-paisaje-bonsai-sala-de-bodas-accesorios-de-fiesta-vid-1-piezas\\\/\",\"name\":\"Planta Artificial en maceta para decoraci\u00f3n del hogar (1 pieza) - Alllira\",\"isPartOf\":{\"@id\":\"https:\\\/\\\/alllira.com\\\/#website\"},\"primaryImageOfPage\":{\"@id\":\"https:\\\/\\\/alllira.com\\\/product\\\/escena-de-planta-artificial-en-maceta-para-decoracion-del-hogar-estante-de-escritorio-oficina-mesa-paisaje-bonsai-sala-de-bodas-accesorios-de-fiesta-vid-1-piezas\\\/#primaryimage\"},\"image\":{\"@id\":\"https:\\\/\\\/alllira.com\\\/product\\\/escena-de-planta-artificial-en-maceta-para-decoracion-del-hogar-estante-de-escritorio-oficina-mesa-paisaje-bonsai-sala-de-bodas-accesorios-de-fiesta-vid-1-piezas\\\/#primaryimage\"},\"thumbnailUrl\":\"https:\\\/\\\/ae01.alicdn.com\\\/kf\\\/S9e2a17e643e14c02aea42fd0b47b73bes\\\/Escena-de-Planta-Artificial-en-maceta-para-decoraci-n-del-hogar-estante-de-escritorio-oficina-mesa.jpg\",\"datePublished\":\"2023-11-23T04:55:13+00:00\",\"dateModified\":\"2025-07-22T17:20:24+00:00\",\"breadcrumb\":{\"@id\":\"https:\\\/\\\/alllira.com\\\/product\\\/escena-de-planta-artificial-en-maceta-para-decoracion-del-hogar-estante-de-escritorio-oficina-mesa-paisaje-bonsai-sala-de-bodas-accesorios-de-fiesta-vid-1-piezas\\\/#breadcrumb\"},\"inLanguage\":\"es\",\"potentialAction\":[{\"@type\":\"ReadAction\",\"target\":[\"https:\\\/\\\/alllira.com\\\/product\\\/escena-de-planta-artificial-en-maceta-para-decoracion-del-hogar-estante-de-escritorio-oficina-mesa-paisaje-bonsai-sala-de-bodas-accesorios-de-fiesta-vid-1-piezas\\\/\"]}]},{\"@type\":\"ImageObject\",\"inLanguage\":\"es\",\"@id\":\"https:\\\/\\\/alllira.com\\\/product\\\/escena-de-planta-artificial-en-maceta-para-decoracion-del-hogar-estante-de-escritorio-oficina-mesa-paisaje-bonsai-sala-de-bodas-accesorios-de-fiesta-vid-1-piezas\\\/#primaryimage\",\"url\":\"https:\\\/\\\/ae01.alicdn.com\\\/kf\\\/S9e2a17e643e14c02aea42fd0b47b73bes\\\/Escena-de-Planta-Artificial-en-maceta-para-decoraci-n-del-hogar-estante-de-escritorio-oficina-mesa.jpg\",\"contentUrl\":\"https:\\\/\\\/ae01.alicdn.com\\\/kf\\\/S9e2a17e643e14c02aea42fd0b47b73bes\\\/Escena-de-Planta-Artificial-en-maceta-para-decoraci-n-del-hogar-estante-de-escritorio-oficina-mesa.jpg\",\"width\":800,\"height\":800,\"caption\":\"8309-8e2ccb.jpg\"},{\"@type\":\"BreadcrumbList\",\"@id\":\"https:\\\/\\\/alllira.com\\\/product\\\/escena-de-planta-artificial-en-maceta-para-decoracion-del-hogar-estante-de-escritorio-oficina-mesa-paisaje-bonsai-sala-de-bodas-accesorios-de-fiesta-vid-1-piezas\\\/#breadcrumb\",\"itemListElement\":[{\"@type\":\"ListItem\",\"position\":1,\"name\":\"Home\",\"item\":\"https:\\\/\\\/alllira.com\\\/\"},{\"@type\":\"ListItem\",\"position\":2,\"name\":\"Shop\",\"item\":\"https:\\\/\\\/alllira.com\\\/shop\\\/\"},{\"@type\":\"ListItem\",\"position\":3,\"name\":\"Planta Artificial en maceta para decoraci\u00f3n del hogar (1 pieza)\"}]},{\"@type\":\"WebSite\",\"@id\":\"https:\\\/\\\/alllira.com\\\/#website\",\"url\":\"https:\\\/\\\/alllira.com\\\/\",\"name\":\"Alllira\",\"description\":\"\",\"publisher\":{\"@id\":\"https:\\\/\\\/alllira.com\\\/#organization\"},\"potentialAction\":[{\"@type\":\"SearchAction\",\"target\":{\"@type\":\"EntryPoint\",\"urlTemplate\":\"https:\\\/\\\/alllira.com\\\/?s={search_term_string}\"},\"query-input\":{\"@type\":\"PropertyValueSpecification\",\"valueRequired\":true,\"valueName\":\"search_term_string\"}}],\"inLanguage\":\"es\"},{\"@type\":\"Organization\",\"@id\":\"https:\\\/\\\/alllira.com\\\/#organization\",\"name\":\"Alllira\",\"url\":\"https:\\\/\\\/alllira.com\\\/\",\"logo\":{\"@type\":\"ImageObject\",\"inLanguage\":\"es\",\"@id\":\"https:\\\/\\\/alllira.com\\\/#\\\/schema\\\/logo\\\/image\\\/\",\"url\":\"https:\\\/\\\/alllira.com\\\/wp-content\\\/uploads\\\/2023\\\/11\\\/399982192_122102027870105445_276710788166891880_n.jpg\",\"contentUrl\":\"https:\\\/\\\/alllira.com\\\/wp-content\\\/uploads\\\/2023\\\/11\\\/399982192_122102027870105445_276710788166891880_n.jpg\",\"width\":400,\"height\":400,\"caption\":\"Alllira\"},\"image\":{\"@id\":\"https:\\\/\\\/alllira.com\\\/#\\\/schema\\\/logo\\\/image\\\/\"},\"sameAs\":[\"https:\\\/\\\/www.facebook.com\\\/profile.php?id=61553163366147\"]}]}<\/script>\n<!-- \/ Yoast SEO plugin. -->","yoast_head_json":{"title":"Planta Artificial en maceta para decoraci\u00f3n del hogar (1 pieza) - Alllira","robots":{"index":"index","follow":"follow","max-snippet":"max-snippet:-1","max-image-preview":"max-image-preview:large","max-video-preview":"max-video-preview:-1"},"canonical":"https:\/\/alllira.com\/es\/producto\/escena-de-planta-artificial-en-maceta-para-decoracion-del-hogar-estante-de-escritorio-oficina-mesa-paisaje-bonsai-sala-de-bodas-accesorios-de-fiesta-vid-1-piezas\/","og_locale":"es_ES","og_type":"article","og_title":"Planta Artificial en maceta para decoraci\u00f3n del hogar (1 pieza) - Alllira","og_description":"Descripci\u00f3n: El bons\u00e1i de fruta artificial no tiene olor, es impermeable y realista, por lo que puede mantenerse fresco y bonito todo el tiempo. Se cree que el \u00e1rbol bons\u00e1i trae buena suerte y una vida fruct\u00edfera para usted, lo que representa prosperidad y riqueza. Hecho de pl\u00e1stico de primera calidad y material de espuma [&hellip;]","og_url":"https:\/\/alllira.com\/es\/producto\/escena-de-planta-artificial-en-maceta-para-decoracion-del-hogar-estante-de-escritorio-oficina-mesa-paisaje-bonsai-sala-de-bodas-accesorios-de-fiesta-vid-1-piezas\/","og_site_name":"Alllira","article_publisher":"https:\/\/www.facebook.com\/profile.php?id=61553163366147","article_modified_time":"2025-07-22T17:20:24+00:00","og_image":[{"width":800,"height":800,"url":"https:\/\/ae01.alicdn.com\/kf\/S9e2a17e643e14c02aea42fd0b47b73bes\/Escena-de-Planta-Artificial-en-maceta-para-decoraci-n-del-hogar-estante-de-escritorio-oficina-mesa.jpg","type":"image\/jpeg"}],"twitter_card":"summary_large_image","twitter_misc":{"Tiempo de lectura":"4 minutos"},"schema":{"@context":"https:\/\/schema.org","@graph":[{"@type":"WebPage","@id":"https:\/\/alllira.com\/product\/escena-de-planta-artificial-en-maceta-para-decoracion-del-hogar-estante-de-escritorio-oficina-mesa-paisaje-bonsai-sala-de-bodas-accesorios-de-fiesta-vid-1-piezas\/","url":"https:\/\/alllira.com\/product\/escena-de-planta-artificial-en-maceta-para-decoracion-del-hogar-estante-de-escritorio-oficina-mesa-paisaje-bonsai-sala-de-bodas-accesorios-de-fiesta-vid-1-piezas\/","name":"Planta Artificial en maceta para decoraci\u00f3n del hogar (1 pieza) - Alllira","isPartOf":{"@id":"https:\/\/alllira.com\/#website"},"primaryImageOfPage":{"@id":"https:\/\/alllira.com\/product\/escena-de-planta-artificial-en-maceta-para-decoracion-del-hogar-estante-de-escritorio-oficina-mesa-paisaje-bonsai-sala-de-bodas-accesorios-de-fiesta-vid-1-piezas\/#primaryimage"},"image":{"@id":"https:\/\/alllira.com\/product\/escena-de-planta-artificial-en-maceta-para-decoracion-del-hogar-estante-de-escritorio-oficina-mesa-paisaje-bonsai-sala-de-bodas-accesorios-de-fiesta-vid-1-piezas\/#primaryimage"},"thumbnailUrl":"https:\/\/ae01.alicdn.com\/kf\/S9e2a17e643e14c02aea42fd0b47b73bes\/Escena-de-Planta-Artificial-en-maceta-para-decoraci-n-del-hogar-estante-de-escritorio-oficina-mesa.jpg","datePublished":"2023-11-23T04:55:13+00:00","dateModified":"2025-07-22T17:20:24+00:00","breadcrumb":{"@id":"https:\/\/alllira.com\/product\/escena-de-planta-artificial-en-maceta-para-decoracion-del-hogar-estante-de-escritorio-oficina-mesa-paisaje-bonsai-sala-de-bodas-accesorios-de-fiesta-vid-1-piezas\/#breadcrumb"},"inLanguage":"es","potentialAction":[{"@type":"ReadAction","target":["https:\/\/alllira.com\/product\/escena-de-planta-artificial-en-maceta-para-decoracion-del-hogar-estante-de-escritorio-oficina-mesa-paisaje-bonsai-sala-de-bodas-accesorios-de-fiesta-vid-1-piezas\/"]}]},{"@type":"ImageObject","inLanguage":"es","@id":"https:\/\/alllira.com\/product\/escena-de-planta-artificial-en-maceta-para-decoracion-del-hogar-estante-de-escritorio-oficina-mesa-paisaje-bonsai-sala-de-bodas-accesorios-de-fiesta-vid-1-piezas\/#primaryimage","url":"https:\/\/ae01.alicdn.com\/kf\/S9e2a17e643e14c02aea42fd0b47b73bes\/Escena-de-Planta-Artificial-en-maceta-para-decoraci-n-del-hogar-estante-de-escritorio-oficina-mesa.jpg","contentUrl":"https:\/\/ae01.alicdn.com\/kf\/S9e2a17e643e14c02aea42fd0b47b73bes\/Escena-de-Planta-Artificial-en-maceta-para-decoraci-n-del-hogar-estante-de-escritorio-oficina-mesa.jpg","width":800,"height":800,"caption":"8309-8e2ccb.jpg"},{"@type":"BreadcrumbList","@id":"https:\/\/alllira.com\/product\/escena-de-planta-artificial-en-maceta-para-decoracion-del-hogar-estante-de-escritorio-oficina-mesa-paisaje-bonsai-sala-de-bodas-accesorios-de-fiesta-vid-1-piezas\/#breadcrumb","itemListElement":[{"@type":"ListItem","position":1,"name":"Home","item":"https:\/\/alllira.com\/"},{"@type":"ListItem","position":2,"name":"Shop","item":"https:\/\/alllira.com\/shop\/"},{"@type":"ListItem","position":3,"name":"Planta Artificial en maceta para decoraci\u00f3n del hogar (1 pieza)"}]},{"@type":"WebSite","@id":"https:\/\/alllira.com\/#website","url":"https:\/\/alllira.com\/","name":"Alllira","description":"","publisher":{"@id":"https:\/\/alllira.com\/#organization"},"potentialAction":[{"@type":"SearchAction","target":{"@type":"EntryPoint","urlTemplate":"https:\/\/alllira.com\/?s={search_term_string}"},"query-input":{"@type":"PropertyValueSpecification","valueRequired":true,"valueName":"search_term_string"}}],"inLanguage":"es"},{"@type":"Organization","@id":"https:\/\/alllira.com\/#organization","name":"Alllira","url":"https:\/\/alllira.com\/","logo":{"@type":"ImageObject","inLanguage":"es","@id":"https:\/\/alllira.com\/#\/schema\/logo\/image\/","url":"https:\/\/alllira.com\/wp-content\/uploads\/2023\/11\/399982192_122102027870105445_276710788166891880_n.jpg","contentUrl":"https:\/\/alllira.com\/wp-content\/uploads\/2023\/11\/399982192_122102027870105445_276710788166891880_n.jpg","width":400,"height":400,"caption":"Alllira"},"image":{"@id":"https:\/\/alllira.com\/#\/schema\/logo\/image\/"},"sameAs":["https:\/\/www.facebook.com\/profile.php?id=61553163366147"]}]}},"jetpack_sharing_enabled":true,"_links":{"self":[{"href":"https:\/\/alllira.com\/es\/wp-json\/wp\/v2\/product\/8309","targetHints":{"allow":["GET"]}}],"collection":[{"href":"https:\/\/alllira.com\/es\/wp-json\/wp\/v2\/product"}],"about":[{"href":"https:\/\/alllira.com\/es\/wp-json\/wp\/v2\/types\/product"}],"replies":[{"embeddable":true,"href":"https:\/\/alllira.com\/es\/wp-json\/wp\/v2\/comments?post=8309"}],"wp:featuredmedia":[{"embeddable":true,"href":"https:\/\/alllira.com\/es\/wp-json\/wp\/v2\/media\/8319"}],"wp:attachment":[{"href":"https:\/\/alllira.com\/es\/wp-json\/wp\/v2\/media?parent=8309"}],"wp:term":[{"taxonomy":"product_brand","embeddable":true,"href":"https:\/\/alllira.com\/es\/wp-json\/wp\/v2\/product_brand?post=8309"},{"taxonomy":"product_cat","embeddable":true,"href":"https:\/\/alllira.com\/es\/wp-json\/wp\/v2\/product_cat?post=8309"},{"taxonomy":"product_tag","embeddable":true,"href":"https:\/\/alllira.com\/es\/wp-json\/wp\/v2\/product_tag?post=8309"}],"curies":[{"name":"wp","href":"https:\/\/api.w.org\/{rel}","templated":true}]}}