{"id":8334,"date":"2023-11-22T23:55:20","date_gmt":"2023-11-23T04:55:20","guid":{"rendered":"https:\/\/alllira.com\/es\/producto\/plantas-artificiales-de-plastico-para-bonsai-maceta-de-arbol-pequeno-para-jardin-de-flores-en-maceta-arreglo-de-plantas-falsas-adornos-para-habitacion-decoracion-de-mesa-del-hogar\/"},"modified":"2025-07-22T12:20:30","modified_gmt":"2025-07-22T17:20:30","slug":"plantas-artificiales-de-plastico-para-bonsai-maceta-de-arbol-pequeno-para-jardin-de-flores-en-maceta-arreglo-de-plantas-falsas-adornos-para-habitacion-decoracion-de-mesa-del-hogar","status":"publish","type":"product","link":"https:\/\/alllira.com\/es\/producto\/plantas-artificiales-de-plastico-para-bonsai-maceta-de-arbol-pequeno-para-jardin-de-flores-en-maceta-arreglo-de-plantas-falsas-adornos-para-habitacion-decoracion-de-mesa-del-hogar\/","title":{"rendered":"Plantas artificiales de pl\u00e1stico para bons\u00e1i, jarr\u00f3n de \u00e1rbol peque\u00f1o."},"content":{"rendered":"<div>\n<div>\n<div><span style=\"font-size: 20px;\"><strong id=\"tl_1\">Plantas artificiales de pl\u00e1stico para bons\u00e1i, maceta de \u00e1rbol peque\u00f1o, planta falsa, flor en maceta, Decoraci\u00f3n de mesa para la habitaci\u00f3n del hogar, adornos de arreglo de jard\u00edn<\/strong><\/span><\/div>\n<div>\n<div><span style=\"font-size: 18px;\"><strong id=\"tl_2\">Tama\u00f1os<\/strong><\/span><\/div>\n<\/div>\n<div>\n<p style=\"font-family: OpenSans; font-size: 14px; font-weight: 300; line-height: 20px; margin-bottom: 12px;\"><span id=\"tl_3\" style=\"font-size: 18px;\">Longitud total: 24cm\/21cm\/20cm<\/span><br \/>\n<span id=\"tl_4\" style=\"font-size: 18px;\">Esta es una muestra de 1 unidad.<\/span><br \/>\n<span id=\"tl_5\" style=\"font-size: 18px;\">El precio en el sitio web es el precio de 1 unidad<\/span><\/p>\n<\/div>\n<div>\n<p id=\"tl_6\" style=\"font-family: OpenSans; font-size: 20px; font-weight: 900; line-height: 28px; margin-bottom: 12px;\">Especificaciones<\/p>\n<p style=\"font-family: OpenSans; font-size: 14px; font-weight: 300; line-height: 20px; margin-bottom: 12px;\"><span id=\"tl_7\" style=\"font-size: 18px;\">Paquete: 1 unidad (solo flor y jarr\u00f3n)<\/span><br \/>\n<span id=\"tl_8\" style=\"font-size: 18px;\">Si necesita un jarr\u00f3n, p\u00f3ngase en contacto con nuestro servicio de atenci\u00f3n al cliente<\/span><\/p>\n<p><span style=\"font-size: 18px;\"><strong id=\"tl_9\">Nota:<\/strong><\/span><br \/>\n<span id=\"tl_10\" style=\"font-size: 18px;\">1. Es normal que el tallo del producto recibido est\u00e9 doblado. El v\u00e1stago est\u00e1 hecho de alambre de hierro, que se puede doblar y enderezar a voluntad. Y esto es para evitar perforar el embalaje durante el transporte.<\/span><br \/>\n<span id=\"tl_11\" style=\"font-size: 18px;\">2. El texto de Nomenclatura de color en las opciones de color es solo para referencia<\/span><\/p>\n<\/div>\n<div><\/div>\n<div>\n<p id=\"tl_12\" style=\"font-family: OpenSans; font-size: 20px; font-weight: 900; line-height: 28px; margin-bottom: 12px;\">Precauciones<\/p>\n<p style=\"font-family: OpenSans; font-size: 14px; font-weight: 300; line-height: 20px; margin-bottom: 12px;\"><span id=\"tl_13\" style=\"font-size: 18px;\">Nota: todos nuestros productos est\u00e1n hechos a mano a medida, por lo que no podemos hacer cada uno del mismo tama\u00f1o. As\u00ed que nuestra medici\u00f3n es solo de referencia.<\/span><br \/>\n<span id=\"tl_14\" style=\"font-size: 18px;\">El cabezal de este producto se instala manualmente. Si se cae, vuelva a insertarlo<\/span><\/p>\n<p style=\"font-family: OpenSans; font-size: 14px; font-weight: 300; line-height: 20px; margin-bottom: 12px;\"><img decoding=\"async\" src=\"\/\/ae01.alicdn.com\/kf\/S9bd917ccd6fb4afd977bb99dcdc96495T.jpg\" \/><img decoding=\"async\" src=\"\/\/ae01.alicdn.com\/kf\/S7f24221cd0414530a259dd5d5b960c0fm.jpg\" \/><img decoding=\"async\" src=\"\/\/ae01.alicdn.com\/kf\/S93152ea4fb2a4602a739a76853ba1376P.jpg\" \/><img decoding=\"async\" src=\"\/\/ae01.alicdn.com\/kf\/S00deaf906dd64309a84ab8a99da154beZ.jpg\" \/><img decoding=\"async\" src=\"\/\/ae01.alicdn.com\/kf\/Sfcfe9a5d651843a7819461d42f412af9N.jpg\" \/><img decoding=\"async\" src=\"\/\/ae01.alicdn.com\/kf\/S7c1ad5cc92c9408ab01110729011f87fo.jpg\" \/><img decoding=\"async\" style=\"width: 1000px;\" src=\"\/\/ae01.alicdn.com\/kf\/Sf18f6b7a957441f0a3d2d682dd8f81917.jpg\" width=\"1000px\" \/><\/p>\n<p><img decoding=\"async\" style=\"width: 1000px;\" src=\"\/\/ae01.alicdn.com\/kf\/Sc682d8cd48354f6880fecd52291ff62et.jpg\" width=\"1000px\" \/><\/p>\n<p><img decoding=\"async\" style=\"width: 1000px;\" src=\"\/\/ae01.alicdn.com\/kf\/S6a687dae5c924c2a887d12fa75f16d95s.jpg\" width=\"1000px\" \/><\/p>\n<p><img decoding=\"async\" style=\"width: 1000px;\" src=\"\/\/ae01.alicdn.com\/kf\/S92e2f2688a414fe9b88361c9f4cba7ab8.jpg\" width=\"1000px\" \/><\/p>\n<p><img decoding=\"async\" style=\"width: 1000px;\" src=\"\/\/ae01.alicdn.com\/kf\/S9855cffbb43a49d0be67a532c90c26eeT.jpg\" width=\"1000px\" \/><\/p>\n<p><img decoding=\"async\" style=\"width: 1000px;\" src=\"\/\/ae01.alicdn.com\/kf\/Sc999e9bdd8544244908a9cdccf58301bV.jpg\" width=\"1000px\" \/><\/p>\n<p><img decoding=\"async\" style=\"width: 1000px;\" src=\"\/\/ae01.alicdn.com\/kf\/S68be1cad5f224e9798f673dbfcd522d4f.jpg\" width=\"1000px\" \/><\/p>\n<p><img decoding=\"async\" style=\"width: 1000px;\" src=\"\/\/ae01.alicdn.com\/kf\/S4deec597a17d47618e717ac488d0360cM.jpg\" width=\"1000px\" \/><\/p>\n<p><img decoding=\"async\" style=\"width: 1000px;\" src=\"\/\/ae01.alicdn.com\/kf\/Sc8b2480af82d4b91b0708ca937d0f21dj.jpg\" width=\"1000px\" \/><\/p>\n<p><img decoding=\"async\" style=\"width: 1000px;\" src=\"\/\/ae01.alicdn.com\/kf\/S36b510ba6a8e4fb3a9ae486969432e28W.jpg\" width=\"1000px\" \/><\/p>\n<p><img decoding=\"async\" style=\"width: 1000px;\" src=\"\/\/ae01.alicdn.com\/kf\/Sad96f8576a7e4e588dccfdf1fabe1f5fa.jpg\" width=\"1000px\" \/><\/p>\n<p><img decoding=\"async\" style=\"width: 800px;\" src=\"\/\/ae01.alicdn.com\/kf\/Sc2360bc14dd84ca987ba48c568fb4dc93.jpg\" width=\"800px\" \/><\/p>\n<p><img decoding=\"async\" style=\"width: 800px;\" src=\"\/\/ae01.alicdn.com\/kf\/S6ef26762016049799387fc4de4bed6c5i.jpg\" width=\"800px\" \/><\/p>\n<p><img decoding=\"async\" style=\"width: 800px;\" src=\"\/\/ae01.alicdn.com\/kf\/Sb525de8b5bd1401f9441088829f83b35e.jpg\" width=\"800px\" \/><\/p>\n<p><img decoding=\"async\" style=\"width: 800px;\" src=\"\/\/ae01.alicdn.com\/kf\/Sc5766492d6334058ba008fb991ebd61aZ.jpg\" width=\"800px\" \/><\/p>\n<p><img decoding=\"async\" style=\"width: 800px;\" src=\"\/\/ae01.alicdn.com\/kf\/S6191198c7dbf4fda9a036364ef26befc5.jpg\" width=\"800px\" \/><\/p>\n<p><img decoding=\"async\" style=\"width: 800px;\" src=\"\/\/ae01.alicdn.com\/kf\/Sa8509143d9fa4de3a0a7b812c2395b26w.jpg\" width=\"800px\" \/><\/p>\n<p><img decoding=\"async\" style=\"width: 800px;\" src=\"\/\/ae01.alicdn.com\/kf\/S794757a17e0e493b9d7457d609496690J.jpg\" width=\"800px\" \/><\/p>\n<\/div>\n<div><\/div>\n<p>&nbsp;<\/p>\n<\/div>\n<\/div>","protected":false},"excerpt":{"rendered":"<p>Plantas artificiales de pl\u00e1stico para bons\u00e1i, maceta de \u00e1rbol peque\u00f1o, planta falsa, flor en maceta, Decoraci\u00f3n de mesa para la habitaci\u00f3n del hogar, adornos de arreglo de jard\u00edn Tama\u00f1os Longitud total: 24cm\/21cm\/20cm Esta es una muestra de 1 unidad. El precio en el sitio web es el precio de 1 unidad Especificaciones Paquete: 1 unidad [&hellip;]<\/p>\n","protected":false},"featured_media":8353,"comment_status":"open","ping_status":"closed","template":"","meta":[],"product_brand":[],"product_cat":[31],"product_tag":[],"class_list":{"0":"post-8334","1":"product","2":"type-product","3":"status-publish","4":"has-post-thumbnail","6":"product_cat-home","8":"first","9":"instock","10":"sale","11":"taxable","12":"shipping-taxable","13":"purchasable","14":"product-type-variable"},"yoast_head":"<!-- This site is optimized with the Yoast SEO plugin v27.5 - https:\/\/yoast.com\/product\/yoast-seo-wordpress\/ -->\n<title>Plantas artificiales de pl\u00e1stico para bons\u00e1i, jarr\u00f3n de \u00e1rbol peque\u00f1o. - Alllira<\/title>\n<meta name=\"robots\" content=\"index, follow, max-snippet:-1, max-image-preview:large, max-video-preview:-1\" \/>\n<link rel=\"canonical\" href=\"https:\/\/alllira.com\/es\/producto\/plantas-artificiales-de-plastico-para-bonsai-maceta-de-arbol-pequeno-para-jardin-de-flores-en-maceta-arreglo-de-plantas-falsas-adornos-para-habitacion-decoracion-de-mesa-del-hogar\/\" \/>\n<meta property=\"og:locale\" content=\"es_ES\" \/>\n<meta property=\"og:type\" content=\"article\" \/>\n<meta property=\"og:title\" content=\"Plantas artificiales de pl\u00e1stico para bons\u00e1i, jarr\u00f3n de \u00e1rbol peque\u00f1o. - Alllira\" \/>\n<meta property=\"og:description\" content=\"Plantas artificiales de pl\u00e1stico para bons\u00e1i, maceta de \u00e1rbol peque\u00f1o, planta falsa, flor en maceta, Decoraci\u00f3n de mesa para la habitaci\u00f3n del hogar, adornos de arreglo de jard\u00edn Tama\u00f1os Longitud total: 24cm\/21cm\/20cm Esta es una muestra de 1 unidad. El precio en el sitio web es el precio de 1 unidad Especificaciones Paquete: 1 unidad [&hellip;]\" \/>\n<meta property=\"og:url\" content=\"https:\/\/alllira.com\/es\/producto\/plantas-artificiales-de-plastico-para-bonsai-maceta-de-arbol-pequeno-para-jardin-de-flores-en-maceta-arreglo-de-plantas-falsas-adornos-para-habitacion-decoracion-de-mesa-del-hogar\/\" \/>\n<meta property=\"og:site_name\" content=\"Alllira\" \/>\n<meta property=\"article:publisher\" content=\"https:\/\/www.facebook.com\/profile.php?id=61553163366147\" \/>\n<meta property=\"article:modified_time\" content=\"2025-07-22T17:20:30+00:00\" \/>\n<meta property=\"og:image\" content=\"https:\/\/ae01.alicdn.com\/kf\/S9c48fe7d0b8e4cbb94a641a8c8c72836a\/Plantas-artificiales-de-pl-stico-para-bons-i-maceta-de-rbol-peque-o-para-jard-n.jpg\" \/>\n\t<meta property=\"og:image:width\" content=\"800\" \/>\n\t<meta property=\"og:image:height\" content=\"800\" \/>\n\t<meta property=\"og:image:type\" content=\"image\/jpeg\" \/>\n<meta name=\"twitter:card\" content=\"summary_large_image\" \/>\n<meta name=\"twitter:label1\" content=\"Tiempo de lectura\" \/>\n\t<meta name=\"twitter:data1\" content=\"6 minutos\" \/>\n<script type=\"application\/ld+json\" class=\"yoast-schema-graph\">{\"@context\":\"https:\\\/\\\/schema.org\",\"@graph\":[{\"@type\":\"WebPage\",\"@id\":\"https:\\\/\\\/alllira.com\\\/product\\\/plantas-artificiales-de-plastico-para-bonsai-maceta-de-arbol-pequeno-para-jardin-de-flores-en-maceta-arreglo-de-plantas-falsas-adornos-para-habitacion-decoracion-de-mesa-del-hogar\\\/\",\"url\":\"https:\\\/\\\/alllira.com\\\/product\\\/plantas-artificiales-de-plastico-para-bonsai-maceta-de-arbol-pequeno-para-jardin-de-flores-en-maceta-arreglo-de-plantas-falsas-adornos-para-habitacion-decoracion-de-mesa-del-hogar\\\/\",\"name\":\"Plantas artificiales de pl\u00e1stico para bons\u00e1i, jarr\u00f3n de \u00e1rbol peque\u00f1o. - Alllira\",\"isPartOf\":{\"@id\":\"https:\\\/\\\/alllira.com\\\/#website\"},\"primaryImageOfPage\":{\"@id\":\"https:\\\/\\\/alllira.com\\\/product\\\/plantas-artificiales-de-plastico-para-bonsai-maceta-de-arbol-pequeno-para-jardin-de-flores-en-maceta-arreglo-de-plantas-falsas-adornos-para-habitacion-decoracion-de-mesa-del-hogar\\\/#primaryimage\"},\"image\":{\"@id\":\"https:\\\/\\\/alllira.com\\\/product\\\/plantas-artificiales-de-plastico-para-bonsai-maceta-de-arbol-pequeno-para-jardin-de-flores-en-maceta-arreglo-de-plantas-falsas-adornos-para-habitacion-decoracion-de-mesa-del-hogar\\\/#primaryimage\"},\"thumbnailUrl\":\"https:\\\/\\\/ae01.alicdn.com\\\/kf\\\/S9c48fe7d0b8e4cbb94a641a8c8c72836a\\\/Plantas-artificiales-de-pl-stico-para-bons-i-maceta-de-rbol-peque-o-para-jard-n.jpg\",\"datePublished\":\"2023-11-23T04:55:20+00:00\",\"dateModified\":\"2025-07-22T17:20:30+00:00\",\"breadcrumb\":{\"@id\":\"https:\\\/\\\/alllira.com\\\/product\\\/plantas-artificiales-de-plastico-para-bonsai-maceta-de-arbol-pequeno-para-jardin-de-flores-en-maceta-arreglo-de-plantas-falsas-adornos-para-habitacion-decoracion-de-mesa-del-hogar\\\/#breadcrumb\"},\"inLanguage\":\"es\",\"potentialAction\":[{\"@type\":\"ReadAction\",\"target\":[\"https:\\\/\\\/alllira.com\\\/product\\\/plantas-artificiales-de-plastico-para-bonsai-maceta-de-arbol-pequeno-para-jardin-de-flores-en-maceta-arreglo-de-plantas-falsas-adornos-para-habitacion-decoracion-de-mesa-del-hogar\\\/\"]}]},{\"@type\":\"ImageObject\",\"inLanguage\":\"es\",\"@id\":\"https:\\\/\\\/alllira.com\\\/product\\\/plantas-artificiales-de-plastico-para-bonsai-maceta-de-arbol-pequeno-para-jardin-de-flores-en-maceta-arreglo-de-plantas-falsas-adornos-para-habitacion-decoracion-de-mesa-del-hogar\\\/#primaryimage\",\"url\":\"https:\\\/\\\/ae01.alicdn.com\\\/kf\\\/S9c48fe7d0b8e4cbb94a641a8c8c72836a\\\/Plantas-artificiales-de-pl-stico-para-bons-i-maceta-de-rbol-peque-o-para-jard-n.jpg\",\"contentUrl\":\"https:\\\/\\\/ae01.alicdn.com\\\/kf\\\/S9c48fe7d0b8e4cbb94a641a8c8c72836a\\\/Plantas-artificiales-de-pl-stico-para-bons-i-maceta-de-rbol-peque-o-para-jard-n.jpg\",\"width\":800,\"height\":800,\"caption\":\"8334-c93abd.jpg\"},{\"@type\":\"BreadcrumbList\",\"@id\":\"https:\\\/\\\/alllira.com\\\/product\\\/plantas-artificiales-de-plastico-para-bonsai-maceta-de-arbol-pequeno-para-jardin-de-flores-en-maceta-arreglo-de-plantas-falsas-adornos-para-habitacion-decoracion-de-mesa-del-hogar\\\/#breadcrumb\",\"itemListElement\":[{\"@type\":\"ListItem\",\"position\":1,\"name\":\"Home\",\"item\":\"https:\\\/\\\/alllira.com\\\/\"},{\"@type\":\"ListItem\",\"position\":2,\"name\":\"Shop\",\"item\":\"https:\\\/\\\/alllira.com\\\/shop\\\/\"},{\"@type\":\"ListItem\",\"position\":3,\"name\":\"Plantas artificiales de pl\u00e1stico para bons\u00e1i, jarr\u00f3n de \u00e1rbol peque\u00f1o.\"}]},{\"@type\":\"WebSite\",\"@id\":\"https:\\\/\\\/alllira.com\\\/#website\",\"url\":\"https:\\\/\\\/alllira.com\\\/\",\"name\":\"Alllira\",\"description\":\"\",\"publisher\":{\"@id\":\"https:\\\/\\\/alllira.com\\\/#organization\"},\"potentialAction\":[{\"@type\":\"SearchAction\",\"target\":{\"@type\":\"EntryPoint\",\"urlTemplate\":\"https:\\\/\\\/alllira.com\\\/?s={search_term_string}\"},\"query-input\":{\"@type\":\"PropertyValueSpecification\",\"valueRequired\":true,\"valueName\":\"search_term_string\"}}],\"inLanguage\":\"es\"},{\"@type\":\"Organization\",\"@id\":\"https:\\\/\\\/alllira.com\\\/#organization\",\"name\":\"Alllira\",\"url\":\"https:\\\/\\\/alllira.com\\\/\",\"logo\":{\"@type\":\"ImageObject\",\"inLanguage\":\"es\",\"@id\":\"https:\\\/\\\/alllira.com\\\/#\\\/schema\\\/logo\\\/image\\\/\",\"url\":\"https:\\\/\\\/alllira.com\\\/wp-content\\\/uploads\\\/2023\\\/11\\\/399982192_122102027870105445_276710788166891880_n.jpg\",\"contentUrl\":\"https:\\\/\\\/alllira.com\\\/wp-content\\\/uploads\\\/2023\\\/11\\\/399982192_122102027870105445_276710788166891880_n.jpg\",\"width\":400,\"height\":400,\"caption\":\"Alllira\"},\"image\":{\"@id\":\"https:\\\/\\\/alllira.com\\\/#\\\/schema\\\/logo\\\/image\\\/\"},\"sameAs\":[\"https:\\\/\\\/www.facebook.com\\\/profile.php?id=61553163366147\"]}]}<\/script>\n<!-- \/ Yoast SEO plugin. -->","yoast_head_json":{"title":"Plantas artificiales de pl\u00e1stico para bons\u00e1i, jarr\u00f3n de \u00e1rbol peque\u00f1o. - Alllira","robots":{"index":"index","follow":"follow","max-snippet":"max-snippet:-1","max-image-preview":"max-image-preview:large","max-video-preview":"max-video-preview:-1"},"canonical":"https:\/\/alllira.com\/es\/producto\/plantas-artificiales-de-plastico-para-bonsai-maceta-de-arbol-pequeno-para-jardin-de-flores-en-maceta-arreglo-de-plantas-falsas-adornos-para-habitacion-decoracion-de-mesa-del-hogar\/","og_locale":"es_ES","og_type":"article","og_title":"Plantas artificiales de pl\u00e1stico para bons\u00e1i, jarr\u00f3n de \u00e1rbol peque\u00f1o. - Alllira","og_description":"Plantas artificiales de pl\u00e1stico para bons\u00e1i, maceta de \u00e1rbol peque\u00f1o, planta falsa, flor en maceta, Decoraci\u00f3n de mesa para la habitaci\u00f3n del hogar, adornos de arreglo de jard\u00edn Tama\u00f1os Longitud total: 24cm\/21cm\/20cm Esta es una muestra de 1 unidad. El precio en el sitio web es el precio de 1 unidad Especificaciones Paquete: 1 unidad [&hellip;]","og_url":"https:\/\/alllira.com\/es\/producto\/plantas-artificiales-de-plastico-para-bonsai-maceta-de-arbol-pequeno-para-jardin-de-flores-en-maceta-arreglo-de-plantas-falsas-adornos-para-habitacion-decoracion-de-mesa-del-hogar\/","og_site_name":"Alllira","article_publisher":"https:\/\/www.facebook.com\/profile.php?id=61553163366147","article_modified_time":"2025-07-22T17:20:30+00:00","og_image":[{"width":800,"height":800,"url":"https:\/\/ae01.alicdn.com\/kf\/S9c48fe7d0b8e4cbb94a641a8c8c72836a\/Plantas-artificiales-de-pl-stico-para-bons-i-maceta-de-rbol-peque-o-para-jard-n.jpg","type":"image\/jpeg"}],"twitter_card":"summary_large_image","twitter_misc":{"Tiempo de lectura":"6 minutos"},"schema":{"@context":"https:\/\/schema.org","@graph":[{"@type":"WebPage","@id":"https:\/\/alllira.com\/product\/plantas-artificiales-de-plastico-para-bonsai-maceta-de-arbol-pequeno-para-jardin-de-flores-en-maceta-arreglo-de-plantas-falsas-adornos-para-habitacion-decoracion-de-mesa-del-hogar\/","url":"https:\/\/alllira.com\/product\/plantas-artificiales-de-plastico-para-bonsai-maceta-de-arbol-pequeno-para-jardin-de-flores-en-maceta-arreglo-de-plantas-falsas-adornos-para-habitacion-decoracion-de-mesa-del-hogar\/","name":"Plantas artificiales de pl\u00e1stico para bons\u00e1i, jarr\u00f3n de \u00e1rbol peque\u00f1o. - Alllira","isPartOf":{"@id":"https:\/\/alllira.com\/#website"},"primaryImageOfPage":{"@id":"https:\/\/alllira.com\/product\/plantas-artificiales-de-plastico-para-bonsai-maceta-de-arbol-pequeno-para-jardin-de-flores-en-maceta-arreglo-de-plantas-falsas-adornos-para-habitacion-decoracion-de-mesa-del-hogar\/#primaryimage"},"image":{"@id":"https:\/\/alllira.com\/product\/plantas-artificiales-de-plastico-para-bonsai-maceta-de-arbol-pequeno-para-jardin-de-flores-en-maceta-arreglo-de-plantas-falsas-adornos-para-habitacion-decoracion-de-mesa-del-hogar\/#primaryimage"},"thumbnailUrl":"https:\/\/ae01.alicdn.com\/kf\/S9c48fe7d0b8e4cbb94a641a8c8c72836a\/Plantas-artificiales-de-pl-stico-para-bons-i-maceta-de-rbol-peque-o-para-jard-n.jpg","datePublished":"2023-11-23T04:55:20+00:00","dateModified":"2025-07-22T17:20:30+00:00","breadcrumb":{"@id":"https:\/\/alllira.com\/product\/plantas-artificiales-de-plastico-para-bonsai-maceta-de-arbol-pequeno-para-jardin-de-flores-en-maceta-arreglo-de-plantas-falsas-adornos-para-habitacion-decoracion-de-mesa-del-hogar\/#breadcrumb"},"inLanguage":"es","potentialAction":[{"@type":"ReadAction","target":["https:\/\/alllira.com\/product\/plantas-artificiales-de-plastico-para-bonsai-maceta-de-arbol-pequeno-para-jardin-de-flores-en-maceta-arreglo-de-plantas-falsas-adornos-para-habitacion-decoracion-de-mesa-del-hogar\/"]}]},{"@type":"ImageObject","inLanguage":"es","@id":"https:\/\/alllira.com\/product\/plantas-artificiales-de-plastico-para-bonsai-maceta-de-arbol-pequeno-para-jardin-de-flores-en-maceta-arreglo-de-plantas-falsas-adornos-para-habitacion-decoracion-de-mesa-del-hogar\/#primaryimage","url":"https:\/\/ae01.alicdn.com\/kf\/S9c48fe7d0b8e4cbb94a641a8c8c72836a\/Plantas-artificiales-de-pl-stico-para-bons-i-maceta-de-rbol-peque-o-para-jard-n.jpg","contentUrl":"https:\/\/ae01.alicdn.com\/kf\/S9c48fe7d0b8e4cbb94a641a8c8c72836a\/Plantas-artificiales-de-pl-stico-para-bons-i-maceta-de-rbol-peque-o-para-jard-n.jpg","width":800,"height":800,"caption":"8334-c93abd.jpg"},{"@type":"BreadcrumbList","@id":"https:\/\/alllira.com\/product\/plantas-artificiales-de-plastico-para-bonsai-maceta-de-arbol-pequeno-para-jardin-de-flores-en-maceta-arreglo-de-plantas-falsas-adornos-para-habitacion-decoracion-de-mesa-del-hogar\/#breadcrumb","itemListElement":[{"@type":"ListItem","position":1,"name":"Home","item":"https:\/\/alllira.com\/"},{"@type":"ListItem","position":2,"name":"Shop","item":"https:\/\/alllira.com\/shop\/"},{"@type":"ListItem","position":3,"name":"Plantas artificiales de pl\u00e1stico para bons\u00e1i, jarr\u00f3n de \u00e1rbol peque\u00f1o."}]},{"@type":"WebSite","@id":"https:\/\/alllira.com\/#website","url":"https:\/\/alllira.com\/","name":"Alllira","description":"","publisher":{"@id":"https:\/\/alllira.com\/#organization"},"potentialAction":[{"@type":"SearchAction","target":{"@type":"EntryPoint","urlTemplate":"https:\/\/alllira.com\/?s={search_term_string}"},"query-input":{"@type":"PropertyValueSpecification","valueRequired":true,"valueName":"search_term_string"}}],"inLanguage":"es"},{"@type":"Organization","@id":"https:\/\/alllira.com\/#organization","name":"Alllira","url":"https:\/\/alllira.com\/","logo":{"@type":"ImageObject","inLanguage":"es","@id":"https:\/\/alllira.com\/#\/schema\/logo\/image\/","url":"https:\/\/alllira.com\/wp-content\/uploads\/2023\/11\/399982192_122102027870105445_276710788166891880_n.jpg","contentUrl":"https:\/\/alllira.com\/wp-content\/uploads\/2023\/11\/399982192_122102027870105445_276710788166891880_n.jpg","width":400,"height":400,"caption":"Alllira"},"image":{"@id":"https:\/\/alllira.com\/#\/schema\/logo\/image\/"},"sameAs":["https:\/\/www.facebook.com\/profile.php?id=61553163366147"]}]}},"jetpack_sharing_enabled":true,"_links":{"self":[{"href":"https:\/\/alllira.com\/es\/wp-json\/wp\/v2\/product\/8334","targetHints":{"allow":["GET"]}}],"collection":[{"href":"https:\/\/alllira.com\/es\/wp-json\/wp\/v2\/product"}],"about":[{"href":"https:\/\/alllira.com\/es\/wp-json\/wp\/v2\/types\/product"}],"replies":[{"embeddable":true,"href":"https:\/\/alllira.com\/es\/wp-json\/wp\/v2\/comments?post=8334"}],"wp:featuredmedia":[{"embeddable":true,"href":"https:\/\/alllira.com\/es\/wp-json\/wp\/v2\/media\/8353"}],"wp:attachment":[{"href":"https:\/\/alllira.com\/es\/wp-json\/wp\/v2\/media?parent=8334"}],"wp:term":[{"taxonomy":"product_brand","embeddable":true,"href":"https:\/\/alllira.com\/es\/wp-json\/wp\/v2\/product_brand?post=8334"},{"taxonomy":"product_cat","embeddable":true,"href":"https:\/\/alllira.com\/es\/wp-json\/wp\/v2\/product_cat?post=8334"},{"taxonomy":"product_tag","embeddable":true,"href":"https:\/\/alllira.com\/es\/wp-json\/wp\/v2\/product_tag?post=8334"}],"curies":[{"name":"wp","href":"https:\/\/api.w.org\/{rel}","templated":true}]}}