{"id":8595,"date":"2023-11-23T00:22:37","date_gmt":"2023-11-23T05:22:37","guid":{"rendered":"https:\/\/alllira.com\/es\/producto\/ins-cojin-de-almohada-deportiva-de-felpa-suave-para-sala-de-estar-decoracion-del-hogar-cojin-de-asiento-en-forma-de-futbol-baloncesto-cojin-trasero\/"},"modified":"2025-07-22T12:21:11","modified_gmt":"2025-07-22T17:21:11","slug":"ins-cojin-de-almohada-deportiva-de-felpa-suave-para-sala-de-estar-decoracion-del-hogar-cojin-de-asiento-en-forma-de-futbol-baloncesto-cojin-trasero","status":"publish","type":"product","link":"https:\/\/alllira.com\/es\/producto\/ins-cojin-de-almohada-deportiva-de-felpa-suave-para-sala-de-estar-decoracion-del-hogar-cojin-de-asiento-en-forma-de-futbol-baloncesto-cojin-trasero\/","title":{"rendered":"Coj\u00edn de almohada deportiva de felpa suave para sala de estar, decoraci\u00f3n del hogar, coj\u00edn de asiento en forma de f\u00fatbol\/baloncesto, coj\u00edn trasero"},"content":{"rendered":"<div>\n<div>\n<div id=\"offer-template-0\">\n<p>Coj\u00edn de almohada deportiva de felpa suave para sala de estar, decoraci\u00f3n del hogar, coj\u00edn de asiento en forma de f\u00fatbol\/baloncesto, coj\u00edn trasero<\/p>\n<p><img decoding=\"async\" src=\"\/\/ae03.alicdn.com\/kf\/S2d85b2047d35409c82769de1218cd1af7.jpg\" \/><\/p>\n<p><img decoding=\"async\" src=\"\/\/ae03.alicdn.com\/kf\/Sfc4cf213413449fdb5dacf8d5cef55faI.jpg\" \/><\/p>\n<p><img decoding=\"async\" src=\"\/\/ae03.alicdn.com\/kf\/S484fb7c9f9b6407e9c838ac6b9415c3aW.jpg\" \/><\/p>\n<p><img decoding=\"async\" src=\"\/\/ae03.alicdn.com\/kf\/S71d42b789293476eb9e25c79d2c9f588s.jpg\" \/><\/p>\n<p><img decoding=\"async\" src=\"\/\/ae03.alicdn.com\/kf\/S7867f2048f7349ad9ef78c7b90631c46m.jpg\" \/><\/p>\n<p><img decoding=\"async\" src=\"\/\/ae03.alicdn.com\/kf\/S1299aa553c164ca8a3b8f2f166856ebb9.jpg\" \/><\/p>\n<p><img decoding=\"async\" src=\"\/\/ae03.alicdn.com\/kf\/Sb1587623b0f4468e8bbf4e1768bc8b16L.jpg\" \/><\/p>\n<p><img decoding=\"async\" src=\"\/\/ae03.alicdn.com\/kf\/S71d25bbf5541434db80c9902404cab61m.jpg\" \/><\/p>\n<p><img decoding=\"async\" src=\"\/\/ae03.alicdn.com\/kf\/S2a66dc1c574f4ce1a94073975a54a020s.jpg\" \/><\/p>\n<p><img decoding=\"async\" src=\"\/\/ae03.alicdn.com\/kf\/S4def9139e0024ff1a7fe38e0efb88126I.jpg\" \/><\/p>\n<\/div>\n<p>&nbsp;<\/p>\n<\/div>\n<\/div>","protected":false},"excerpt":{"rendered":"<p>Coj\u00edn de almohada deportiva de felpa suave para sala de estar, decoraci\u00f3n del hogar, coj\u00edn de asiento en forma de f\u00fatbol\/baloncesto, coj\u00edn trasero &nbsp;<\/p>","protected":false},"featured_media":8606,"comment_status":"open","ping_status":"closed","template":"","meta":[],"product_brand":[],"product_cat":[31],"product_tag":[],"class_list":{"0":"post-8595","1":"product","2":"type-product","3":"status-publish","4":"has-post-thumbnail","6":"product_cat-home","8":"first","9":"instock","10":"sale","11":"taxable","12":"shipping-taxable","13":"purchasable","14":"product-type-variable"},"yoast_head":"<!-- This site is optimized with the Yoast SEO plugin v27.5 - https:\/\/yoast.com\/product\/yoast-seo-wordpress\/ -->\n<title>Coj\u00edn de almohada deportiva de felpa suave para sala de estar, decoraci\u00f3n del hogar, coj\u00edn de asiento en forma de f\u00fatbol\/baloncesto, coj\u00edn trasero - Alllira<\/title>\n<meta name=\"robots\" content=\"index, follow, max-snippet:-1, max-image-preview:large, max-video-preview:-1\" \/>\n<link rel=\"canonical\" href=\"https:\/\/alllira.com\/es\/producto\/ins-cojin-de-almohada-deportiva-de-felpa-suave-para-sala-de-estar-decoracion-del-hogar-cojin-de-asiento-en-forma-de-futbol-baloncesto-cojin-trasero\/\" \/>\n<meta property=\"og:locale\" content=\"es_ES\" \/>\n<meta property=\"og:type\" content=\"article\" \/>\n<meta property=\"og:title\" content=\"Coj\u00edn de almohada deportiva de felpa suave para sala de estar, decoraci\u00f3n del hogar, coj\u00edn de asiento en forma de f\u00fatbol\/baloncesto, coj\u00edn trasero - Alllira\" \/>\n<meta property=\"og:description\" content=\"Coj\u00edn de almohada deportiva de felpa suave para sala de estar, decoraci\u00f3n del hogar, coj\u00edn de asiento en forma de f\u00fatbol\/baloncesto, coj\u00edn trasero &nbsp;\" \/>\n<meta property=\"og:url\" content=\"https:\/\/alllira.com\/es\/producto\/ins-cojin-de-almohada-deportiva-de-felpa-suave-para-sala-de-estar-decoracion-del-hogar-cojin-de-asiento-en-forma-de-futbol-baloncesto-cojin-trasero\/\" \/>\n<meta property=\"og:site_name\" content=\"Alllira\" \/>\n<meta property=\"article:publisher\" content=\"https:\/\/www.facebook.com\/profile.php?id=61553163366147\" \/>\n<meta property=\"article:modified_time\" content=\"2025-07-22T17:21:11+00:00\" \/>\n<meta property=\"og:image\" content=\"https:\/\/ae01.alicdn.com\/kf\/S9e130cfc9f8a443d87be369520df44e1X\/Ins-coj-n-de-almohada-deportiva-de-felpa-suave-para-sala-de-estar-decoraci-n-del.jpg\" \/>\n\t<meta property=\"og:image:width\" content=\"800\" \/>\n\t<meta property=\"og:image:height\" content=\"800\" \/>\n\t<meta property=\"og:image:type\" content=\"image\/jpeg\" \/>\n<meta name=\"twitter:card\" content=\"summary_large_image\" \/>\n<meta name=\"twitter:label1\" content=\"Tiempo de lectura\" \/>\n\t<meta name=\"twitter:data1\" content=\"3 minutos\" \/>\n<script type=\"application\/ld+json\" class=\"yoast-schema-graph\">{\"@context\":\"https:\\\/\\\/schema.org\",\"@graph\":[{\"@type\":\"WebPage\",\"@id\":\"https:\\\/\\\/alllira.com\\\/product\\\/ins-cojin-de-almohada-deportiva-de-felpa-suave-para-sala-de-estar-decoracion-del-hogar-cojin-de-asiento-en-forma-de-futbol-baloncesto-cojin-trasero\\\/\",\"url\":\"https:\\\/\\\/alllira.com\\\/product\\\/ins-cojin-de-almohada-deportiva-de-felpa-suave-para-sala-de-estar-decoracion-del-hogar-cojin-de-asiento-en-forma-de-futbol-baloncesto-cojin-trasero\\\/\",\"name\":\"Coj\u00edn de almohada deportiva de felpa suave para sala de estar, decoraci\u00f3n del hogar, coj\u00edn de asiento en forma de f\u00fatbol\\\/baloncesto, coj\u00edn trasero - Alllira\",\"isPartOf\":{\"@id\":\"https:\\\/\\\/alllira.com\\\/#website\"},\"primaryImageOfPage\":{\"@id\":\"https:\\\/\\\/alllira.com\\\/product\\\/ins-cojin-de-almohada-deportiva-de-felpa-suave-para-sala-de-estar-decoracion-del-hogar-cojin-de-asiento-en-forma-de-futbol-baloncesto-cojin-trasero\\\/#primaryimage\"},\"image\":{\"@id\":\"https:\\\/\\\/alllira.com\\\/product\\\/ins-cojin-de-almohada-deportiva-de-felpa-suave-para-sala-de-estar-decoracion-del-hogar-cojin-de-asiento-en-forma-de-futbol-baloncesto-cojin-trasero\\\/#primaryimage\"},\"thumbnailUrl\":\"https:\\\/\\\/ae01.alicdn.com\\\/kf\\\/S9e130cfc9f8a443d87be369520df44e1X\\\/Ins-coj-n-de-almohada-deportiva-de-felpa-suave-para-sala-de-estar-decoraci-n-del.jpg\",\"datePublished\":\"2023-11-23T05:22:37+00:00\",\"dateModified\":\"2025-07-22T17:21:11+00:00\",\"breadcrumb\":{\"@id\":\"https:\\\/\\\/alllira.com\\\/product\\\/ins-cojin-de-almohada-deportiva-de-felpa-suave-para-sala-de-estar-decoracion-del-hogar-cojin-de-asiento-en-forma-de-futbol-baloncesto-cojin-trasero\\\/#breadcrumb\"},\"inLanguage\":\"es\",\"potentialAction\":[{\"@type\":\"ReadAction\",\"target\":[\"https:\\\/\\\/alllira.com\\\/product\\\/ins-cojin-de-almohada-deportiva-de-felpa-suave-para-sala-de-estar-decoracion-del-hogar-cojin-de-asiento-en-forma-de-futbol-baloncesto-cojin-trasero\\\/\"]}]},{\"@type\":\"ImageObject\",\"inLanguage\":\"es\",\"@id\":\"https:\\\/\\\/alllira.com\\\/product\\\/ins-cojin-de-almohada-deportiva-de-felpa-suave-para-sala-de-estar-decoracion-del-hogar-cojin-de-asiento-en-forma-de-futbol-baloncesto-cojin-trasero\\\/#primaryimage\",\"url\":\"https:\\\/\\\/ae01.alicdn.com\\\/kf\\\/S9e130cfc9f8a443d87be369520df44e1X\\\/Ins-coj-n-de-almohada-deportiva-de-felpa-suave-para-sala-de-estar-decoraci-n-del.jpg\",\"contentUrl\":\"https:\\\/\\\/ae01.alicdn.com\\\/kf\\\/S9e130cfc9f8a443d87be369520df44e1X\\\/Ins-coj-n-de-almohada-deportiva-de-felpa-suave-para-sala-de-estar-decoraci-n-del.jpg\",\"width\":800,\"height\":800,\"caption\":\"8595-53b436.jpg\"},{\"@type\":\"BreadcrumbList\",\"@id\":\"https:\\\/\\\/alllira.com\\\/product\\\/ins-cojin-de-almohada-deportiva-de-felpa-suave-para-sala-de-estar-decoracion-del-hogar-cojin-de-asiento-en-forma-de-futbol-baloncesto-cojin-trasero\\\/#breadcrumb\",\"itemListElement\":[{\"@type\":\"ListItem\",\"position\":1,\"name\":\"Home\",\"item\":\"https:\\\/\\\/alllira.com\\\/\"},{\"@type\":\"ListItem\",\"position\":2,\"name\":\"Shop\",\"item\":\"https:\\\/\\\/alllira.com\\\/shop\\\/\"},{\"@type\":\"ListItem\",\"position\":3,\"name\":\"Coj\u00edn de almohada deportiva de felpa suave para sala de estar, decoraci\u00f3n del hogar, coj\u00edn de asiento en forma de f\u00fatbol\\\/baloncesto, coj\u00edn trasero\"}]},{\"@type\":\"WebSite\",\"@id\":\"https:\\\/\\\/alllira.com\\\/#website\",\"url\":\"https:\\\/\\\/alllira.com\\\/\",\"name\":\"Alllira\",\"description\":\"\",\"publisher\":{\"@id\":\"https:\\\/\\\/alllira.com\\\/#organization\"},\"potentialAction\":[{\"@type\":\"SearchAction\",\"target\":{\"@type\":\"EntryPoint\",\"urlTemplate\":\"https:\\\/\\\/alllira.com\\\/?s={search_term_string}\"},\"query-input\":{\"@type\":\"PropertyValueSpecification\",\"valueRequired\":true,\"valueName\":\"search_term_string\"}}],\"inLanguage\":\"es\"},{\"@type\":\"Organization\",\"@id\":\"https:\\\/\\\/alllira.com\\\/#organization\",\"name\":\"Alllira\",\"url\":\"https:\\\/\\\/alllira.com\\\/\",\"logo\":{\"@type\":\"ImageObject\",\"inLanguage\":\"es\",\"@id\":\"https:\\\/\\\/alllira.com\\\/#\\\/schema\\\/logo\\\/image\\\/\",\"url\":\"https:\\\/\\\/alllira.com\\\/wp-content\\\/uploads\\\/2023\\\/11\\\/399982192_122102027870105445_276710788166891880_n.jpg\",\"contentUrl\":\"https:\\\/\\\/alllira.com\\\/wp-content\\\/uploads\\\/2023\\\/11\\\/399982192_122102027870105445_276710788166891880_n.jpg\",\"width\":400,\"height\":400,\"caption\":\"Alllira\"},\"image\":{\"@id\":\"https:\\\/\\\/alllira.com\\\/#\\\/schema\\\/logo\\\/image\\\/\"},\"sameAs\":[\"https:\\\/\\\/www.facebook.com\\\/profile.php?id=61553163366147\"]}]}<\/script>\n<!-- \/ Yoast SEO plugin. -->","yoast_head_json":{"title":"Coj\u00edn de almohada deportiva de felpa suave para sala de estar, decoraci\u00f3n del hogar, coj\u00edn de asiento en forma de f\u00fatbol\/baloncesto, coj\u00edn trasero - Alllira","robots":{"index":"index","follow":"follow","max-snippet":"max-snippet:-1","max-image-preview":"max-image-preview:large","max-video-preview":"max-video-preview:-1"},"canonical":"https:\/\/alllira.com\/es\/producto\/ins-cojin-de-almohada-deportiva-de-felpa-suave-para-sala-de-estar-decoracion-del-hogar-cojin-de-asiento-en-forma-de-futbol-baloncesto-cojin-trasero\/","og_locale":"es_ES","og_type":"article","og_title":"Coj\u00edn de almohada deportiva de felpa suave para sala de estar, decoraci\u00f3n del hogar, coj\u00edn de asiento en forma de f\u00fatbol\/baloncesto, coj\u00edn trasero - Alllira","og_description":"Coj\u00edn de almohada deportiva de felpa suave para sala de estar, decoraci\u00f3n del hogar, coj\u00edn de asiento en forma de f\u00fatbol\/baloncesto, coj\u00edn trasero &nbsp;","og_url":"https:\/\/alllira.com\/es\/producto\/ins-cojin-de-almohada-deportiva-de-felpa-suave-para-sala-de-estar-decoracion-del-hogar-cojin-de-asiento-en-forma-de-futbol-baloncesto-cojin-trasero\/","og_site_name":"Alllira","article_publisher":"https:\/\/www.facebook.com\/profile.php?id=61553163366147","article_modified_time":"2025-07-22T17:21:11+00:00","og_image":[{"width":800,"height":800,"url":"https:\/\/ae01.alicdn.com\/kf\/S9e130cfc9f8a443d87be369520df44e1X\/Ins-coj-n-de-almohada-deportiva-de-felpa-suave-para-sala-de-estar-decoraci-n-del.jpg","type":"image\/jpeg"}],"twitter_card":"summary_large_image","twitter_misc":{"Tiempo de lectura":"3 minutos"},"schema":{"@context":"https:\/\/schema.org","@graph":[{"@type":"WebPage","@id":"https:\/\/alllira.com\/product\/ins-cojin-de-almohada-deportiva-de-felpa-suave-para-sala-de-estar-decoracion-del-hogar-cojin-de-asiento-en-forma-de-futbol-baloncesto-cojin-trasero\/","url":"https:\/\/alllira.com\/product\/ins-cojin-de-almohada-deportiva-de-felpa-suave-para-sala-de-estar-decoracion-del-hogar-cojin-de-asiento-en-forma-de-futbol-baloncesto-cojin-trasero\/","name":"Coj\u00edn de almohada deportiva de felpa suave para sala de estar, decoraci\u00f3n del hogar, coj\u00edn de asiento en forma de f\u00fatbol\/baloncesto, coj\u00edn trasero - Alllira","isPartOf":{"@id":"https:\/\/alllira.com\/#website"},"primaryImageOfPage":{"@id":"https:\/\/alllira.com\/product\/ins-cojin-de-almohada-deportiva-de-felpa-suave-para-sala-de-estar-decoracion-del-hogar-cojin-de-asiento-en-forma-de-futbol-baloncesto-cojin-trasero\/#primaryimage"},"image":{"@id":"https:\/\/alllira.com\/product\/ins-cojin-de-almohada-deportiva-de-felpa-suave-para-sala-de-estar-decoracion-del-hogar-cojin-de-asiento-en-forma-de-futbol-baloncesto-cojin-trasero\/#primaryimage"},"thumbnailUrl":"https:\/\/ae01.alicdn.com\/kf\/S9e130cfc9f8a443d87be369520df44e1X\/Ins-coj-n-de-almohada-deportiva-de-felpa-suave-para-sala-de-estar-decoraci-n-del.jpg","datePublished":"2023-11-23T05:22:37+00:00","dateModified":"2025-07-22T17:21:11+00:00","breadcrumb":{"@id":"https:\/\/alllira.com\/product\/ins-cojin-de-almohada-deportiva-de-felpa-suave-para-sala-de-estar-decoracion-del-hogar-cojin-de-asiento-en-forma-de-futbol-baloncesto-cojin-trasero\/#breadcrumb"},"inLanguage":"es","potentialAction":[{"@type":"ReadAction","target":["https:\/\/alllira.com\/product\/ins-cojin-de-almohada-deportiva-de-felpa-suave-para-sala-de-estar-decoracion-del-hogar-cojin-de-asiento-en-forma-de-futbol-baloncesto-cojin-trasero\/"]}]},{"@type":"ImageObject","inLanguage":"es","@id":"https:\/\/alllira.com\/product\/ins-cojin-de-almohada-deportiva-de-felpa-suave-para-sala-de-estar-decoracion-del-hogar-cojin-de-asiento-en-forma-de-futbol-baloncesto-cojin-trasero\/#primaryimage","url":"https:\/\/ae01.alicdn.com\/kf\/S9e130cfc9f8a443d87be369520df44e1X\/Ins-coj-n-de-almohada-deportiva-de-felpa-suave-para-sala-de-estar-decoraci-n-del.jpg","contentUrl":"https:\/\/ae01.alicdn.com\/kf\/S9e130cfc9f8a443d87be369520df44e1X\/Ins-coj-n-de-almohada-deportiva-de-felpa-suave-para-sala-de-estar-decoraci-n-del.jpg","width":800,"height":800,"caption":"8595-53b436.jpg"},{"@type":"BreadcrumbList","@id":"https:\/\/alllira.com\/product\/ins-cojin-de-almohada-deportiva-de-felpa-suave-para-sala-de-estar-decoracion-del-hogar-cojin-de-asiento-en-forma-de-futbol-baloncesto-cojin-trasero\/#breadcrumb","itemListElement":[{"@type":"ListItem","position":1,"name":"Home","item":"https:\/\/alllira.com\/"},{"@type":"ListItem","position":2,"name":"Shop","item":"https:\/\/alllira.com\/shop\/"},{"@type":"ListItem","position":3,"name":"Coj\u00edn de almohada deportiva de felpa suave para sala de estar, decoraci\u00f3n del hogar, coj\u00edn de asiento en forma de f\u00fatbol\/baloncesto, coj\u00edn trasero"}]},{"@type":"WebSite","@id":"https:\/\/alllira.com\/#website","url":"https:\/\/alllira.com\/","name":"Alllira","description":"","publisher":{"@id":"https:\/\/alllira.com\/#organization"},"potentialAction":[{"@type":"SearchAction","target":{"@type":"EntryPoint","urlTemplate":"https:\/\/alllira.com\/?s={search_term_string}"},"query-input":{"@type":"PropertyValueSpecification","valueRequired":true,"valueName":"search_term_string"}}],"inLanguage":"es"},{"@type":"Organization","@id":"https:\/\/alllira.com\/#organization","name":"Alllira","url":"https:\/\/alllira.com\/","logo":{"@type":"ImageObject","inLanguage":"es","@id":"https:\/\/alllira.com\/#\/schema\/logo\/image\/","url":"https:\/\/alllira.com\/wp-content\/uploads\/2023\/11\/399982192_122102027870105445_276710788166891880_n.jpg","contentUrl":"https:\/\/alllira.com\/wp-content\/uploads\/2023\/11\/399982192_122102027870105445_276710788166891880_n.jpg","width":400,"height":400,"caption":"Alllira"},"image":{"@id":"https:\/\/alllira.com\/#\/schema\/logo\/image\/"},"sameAs":["https:\/\/www.facebook.com\/profile.php?id=61553163366147"]}]}},"jetpack_sharing_enabled":true,"_links":{"self":[{"href":"https:\/\/alllira.com\/es\/wp-json\/wp\/v2\/product\/8595","targetHints":{"allow":["GET"]}}],"collection":[{"href":"https:\/\/alllira.com\/es\/wp-json\/wp\/v2\/product"}],"about":[{"href":"https:\/\/alllira.com\/es\/wp-json\/wp\/v2\/types\/product"}],"replies":[{"embeddable":true,"href":"https:\/\/alllira.com\/es\/wp-json\/wp\/v2\/comments?post=8595"}],"wp:featuredmedia":[{"embeddable":true,"href":"https:\/\/alllira.com\/es\/wp-json\/wp\/v2\/media\/8606"}],"wp:attachment":[{"href":"https:\/\/alllira.com\/es\/wp-json\/wp\/v2\/media?parent=8595"}],"wp:term":[{"taxonomy":"product_brand","embeddable":true,"href":"https:\/\/alllira.com\/es\/wp-json\/wp\/v2\/product_brand?post=8595"},{"taxonomy":"product_cat","embeddable":true,"href":"https:\/\/alllira.com\/es\/wp-json\/wp\/v2\/product_cat?post=8595"},{"taxonomy":"product_tag","embeddable":true,"href":"https:\/\/alllira.com\/es\/wp-json\/wp\/v2\/product_tag?post=8595"}],"curies":[{"name":"wp","href":"https:\/\/api.w.org\/{rel}","templated":true}]}}