{"id":8664,"date":"2023-11-23T00:25:12","date_gmt":"2023-11-23T05:25:12","guid":{"rendered":"https:\/\/alllira.com\/es\/producto\/pegatina-de-pared-3d-de-imitacion-de-ladrillo-para-decoracion-del-hogar-papel-tapiz-autoadhesivo-impermeable-para-sala-de-estar-1-10-piezas-77cm-x-70cm\/"},"modified":"2025-07-22T12:21:33","modified_gmt":"2025-07-22T17:21:33","slug":"pegatina-de-pared-3d-de-imitacion-de-ladrillo-para-decoracion-del-hogar-papel-tapiz-autoadhesivo-impermeable-para-sala-de-estar-1-10-piezas-77cm-x-70cm","status":"publish","type":"product","link":"https:\/\/alllira.com\/es\/producto\/pegatina-de-pared-3d-de-imitacion-de-ladrillo-para-decoracion-del-hogar-papel-tapiz-autoadhesivo-impermeable-para-sala-de-estar-1-10-piezas-77cm-x-70cm\/","title":{"rendered":"Pegatina de pared 3D de imitaci\u00f3n de ladrillo para decoraci\u00f3n del hogar 1-10 piezas, 77cm x 70cm"},"content":{"rendered":"<div>\n<div>\n<p id=\"tl_1\">Calidad superior: construido con espuma XPE de alta calidad, anticolisi\u00f3n infantil, cuida de tu familia. Impermeable, a prueba de humedad y con aislamiento ac\u00fastico. F\u00e1cil limpieza y mantenimiento, no t\u00f3xico, inodoro.<\/p>\n<p id=\"tl_2\">Dise\u00f1o autoadhesivo: autoadhesivo para pelar y pegar papel tapiz, f\u00e1cil de pegar y quitar.<\/p>\n<p id=\"tl_3\">Seguro para su familia: el material del papel tapiz de espuma de ladrillo 3D es seguro, no se detecta metal pesado da\u00f1ino, paneles de decoraci\u00f3n de pared ambiental de alta calidad.<\/p>\n<p id=\"tl_4\">Aplicaci\u00f3n: Ideal para paredes destacadas, paredes de TV, Fondo de sof\u00e1, sala de estar, dormitorio, cocina, habitaci\u00f3n de ni\u00f1os, escaleras, comedor, etc.<\/p>\n<p id=\"tl_5\">Decoraci\u00f3n perfecta: efecto 3D y textura, la textura del papel tapiz 3D est\u00e1 hecha con material de espuma XPE suave.<\/p>\n<p id=\"tl_6\">Caracter\u00edsticas:<\/p>\n<p id=\"tl_7\">* 100% nuevo y de alta calidad.<\/p>\n<p id=\"tl_8\">* Efecto 3D, buena Decoraci\u00f3n<\/p>\n<p id=\"tl_9\">* Autoadhesivo, f\u00e1cil de instalar<\/p>\n<p id=\"tl_10\">* Despegar y pegar, no se necesitan herramientas<\/p>\n<p id=\"tl_11\">* Decoraci\u00f3n de espuma suave, evita colisiones de ni\u00f1os<\/p>\n<p id=\"tl_12\">* Ideal para cocina, dormitorio, sala de estar y m\u00e1s<\/p>\n<p id=\"tl_13\">Especificaci\u00f3n:<\/p>\n<p id=\"tl_14\">Tama\u00f1o: 77cm x 70cm<\/p>\n<p id=\"tl_15\">Cantidad: Como usted elija<\/p>\n<p id=\"tl_16\">Material: Espuma XPE<\/p>\n<p id=\"tl_17\">Color: como muestra la imagen<\/p>\n<p id=\"tl_18\">Espesor: 3,5mm<\/p>\n<p id=\"tl_19\">F<img decoding=\"async\" src=\"\/\/ae01.alicdn.com\/kf\/Aed4ef93749b746acad582a455ad260a9R.jpg\" \/><img decoding=\"async\" src=\"\/\/ae01.alicdn.com\/kf\/A4815df7788324cc6adc6d6437b3f67b3n.jpg\" \/><img decoding=\"async\" src=\"\/\/ae01.alicdn.com\/kf\/A274e6acc1a9d423f86cd4ba1099fc319Z.jpg\" \/><img decoding=\"async\" src=\"\/\/ae01.alicdn.com\/kf\/A5f6ddec570f040ae8d89c5481d691178o.jpg\" \/><img decoding=\"async\" src=\"\/\/ae01.alicdn.com\/kf\/Af423f70a4f02429c854cc186125ed720s.jpg\" \/><img decoding=\"async\" src=\"\/\/ae01.alicdn.com\/kf\/A20ff1038ff7b4b8c844fd1f95aef45e80.jpg\" \/><img decoding=\"async\" src=\"\/\/ae01.alicdn.com\/kf\/Aa2b26563ec854ceeac8696485be5e5c9f.jpg\" \/><\/p>\n<\/div>\n<\/div>","protected":false},"excerpt":{"rendered":"<p>Calidad superior: construido con espuma XPE de alta calidad, anticolisi\u00f3n infantil, cuida de tu familia. Impermeable, a prueba de humedad y con aislamiento ac\u00fastico. F\u00e1cil limpieza y mantenimiento, no t\u00f3xico, inodoro. Dise\u00f1o autoadhesivo: autoadhesivo para pelar y pegar papel tapiz, f\u00e1cil de pegar y quitar. Seguro para su familia: el material del papel tapiz de [&hellip;]<\/p>\n","protected":false},"featured_media":8740,"comment_status":"open","ping_status":"closed","template":"","meta":[],"product_brand":[],"product_cat":[31],"product_tag":[],"class_list":{"0":"post-8664","1":"product","2":"type-product","3":"status-publish","4":"has-post-thumbnail","6":"product_cat-home","8":"first","9":"instock","10":"sale","11":"taxable","12":"shipping-taxable","13":"purchasable","14":"product-type-variable"},"yoast_head":"<!-- This site is optimized with the Yoast SEO plugin v27.5 - https:\/\/yoast.com\/product\/yoast-seo-wordpress\/ -->\n<title>Pegatina de pared 3D de imitaci\u00f3n de ladrillo para decoraci\u00f3n del hogar 1-10 piezas, 77cm x 70cm - Alllira<\/title>\n<meta name=\"robots\" content=\"index, follow, max-snippet:-1, max-image-preview:large, max-video-preview:-1\" \/>\n<link rel=\"canonical\" href=\"https:\/\/alllira.com\/es\/producto\/pegatina-de-pared-3d-de-imitacion-de-ladrillo-para-decoracion-del-hogar-papel-tapiz-autoadhesivo-impermeable-para-sala-de-estar-1-10-piezas-77cm-x-70cm\/\" \/>\n<meta property=\"og:locale\" content=\"es_ES\" \/>\n<meta property=\"og:type\" content=\"article\" \/>\n<meta property=\"og:title\" content=\"Pegatina de pared 3D de imitaci\u00f3n de ladrillo para decoraci\u00f3n del hogar 1-10 piezas, 77cm x 70cm - Alllira\" \/>\n<meta property=\"og:description\" content=\"Calidad superior: construido con espuma XPE de alta calidad, anticolisi\u00f3n infantil, cuida de tu familia. Impermeable, a prueba de humedad y con aislamiento ac\u00fastico. F\u00e1cil limpieza y mantenimiento, no t\u00f3xico, inodoro. Dise\u00f1o autoadhesivo: autoadhesivo para pelar y pegar papel tapiz, f\u00e1cil de pegar y quitar. Seguro para su familia: el material del papel tapiz de [&hellip;]\" \/>\n<meta property=\"og:url\" content=\"https:\/\/alllira.com\/es\/producto\/pegatina-de-pared-3d-de-imitacion-de-ladrillo-para-decoracion-del-hogar-papel-tapiz-autoadhesivo-impermeable-para-sala-de-estar-1-10-piezas-77cm-x-70cm\/\" \/>\n<meta property=\"og:site_name\" content=\"Alllira\" \/>\n<meta property=\"article:publisher\" content=\"https:\/\/www.facebook.com\/profile.php?id=61553163366147\" \/>\n<meta property=\"article:modified_time\" content=\"2025-07-22T17:21:33+00:00\" \/>\n<meta property=\"og:image\" content=\"https:\/\/ae01.alicdn.com\/kf\/S31ee9eaa5efb46ae83aab3582977c8e27\/Pegatina-de-pared-3D-de-imitaci-n-de-ladrillo-para-decoraci-n-del-hogar-papel-tapiz.jpg\" \/>\n\t<meta property=\"og:image:width\" content=\"800\" \/>\n\t<meta property=\"og:image:height\" content=\"800\" \/>\n\t<meta property=\"og:image:type\" content=\"image\/jpeg\" \/>\n<meta name=\"twitter:card\" content=\"summary_large_image\" \/>\n<meta name=\"twitter:label1\" content=\"Tiempo de lectura\" \/>\n\t<meta name=\"twitter:data1\" content=\"3 minutos\" \/>\n<script type=\"application\/ld+json\" class=\"yoast-schema-graph\">{\"@context\":\"https:\\\/\\\/schema.org\",\"@graph\":[{\"@type\":\"WebPage\",\"@id\":\"https:\\\/\\\/alllira.com\\\/product\\\/pegatina-de-pared-3d-de-imitacion-de-ladrillo-para-decoracion-del-hogar-papel-tapiz-autoadhesivo-impermeable-para-sala-de-estar-1-10-piezas-77cm-x-70cm\\\/\",\"url\":\"https:\\\/\\\/alllira.com\\\/product\\\/pegatina-de-pared-3d-de-imitacion-de-ladrillo-para-decoracion-del-hogar-papel-tapiz-autoadhesivo-impermeable-para-sala-de-estar-1-10-piezas-77cm-x-70cm\\\/\",\"name\":\"Pegatina de pared 3D de imitaci\u00f3n de ladrillo para decoraci\u00f3n del hogar 1-10 piezas, 77cm x 70cm - Alllira\",\"isPartOf\":{\"@id\":\"https:\\\/\\\/alllira.com\\\/#website\"},\"primaryImageOfPage\":{\"@id\":\"https:\\\/\\\/alllira.com\\\/product\\\/pegatina-de-pared-3d-de-imitacion-de-ladrillo-para-decoracion-del-hogar-papel-tapiz-autoadhesivo-impermeable-para-sala-de-estar-1-10-piezas-77cm-x-70cm\\\/#primaryimage\"},\"image\":{\"@id\":\"https:\\\/\\\/alllira.com\\\/product\\\/pegatina-de-pared-3d-de-imitacion-de-ladrillo-para-decoracion-del-hogar-papel-tapiz-autoadhesivo-impermeable-para-sala-de-estar-1-10-piezas-77cm-x-70cm\\\/#primaryimage\"},\"thumbnailUrl\":\"https:\\\/\\\/ae01.alicdn.com\\\/kf\\\/S31ee9eaa5efb46ae83aab3582977c8e27\\\/Pegatina-de-pared-3D-de-imitaci-n-de-ladrillo-para-decoraci-n-del-hogar-papel-tapiz.jpg\",\"datePublished\":\"2023-11-23T05:25:12+00:00\",\"dateModified\":\"2025-07-22T17:21:33+00:00\",\"breadcrumb\":{\"@id\":\"https:\\\/\\\/alllira.com\\\/product\\\/pegatina-de-pared-3d-de-imitacion-de-ladrillo-para-decoracion-del-hogar-papel-tapiz-autoadhesivo-impermeable-para-sala-de-estar-1-10-piezas-77cm-x-70cm\\\/#breadcrumb\"},\"inLanguage\":\"es\",\"potentialAction\":[{\"@type\":\"ReadAction\",\"target\":[\"https:\\\/\\\/alllira.com\\\/product\\\/pegatina-de-pared-3d-de-imitacion-de-ladrillo-para-decoracion-del-hogar-papel-tapiz-autoadhesivo-impermeable-para-sala-de-estar-1-10-piezas-77cm-x-70cm\\\/\"]}]},{\"@type\":\"ImageObject\",\"inLanguage\":\"es\",\"@id\":\"https:\\\/\\\/alllira.com\\\/product\\\/pegatina-de-pared-3d-de-imitacion-de-ladrillo-para-decoracion-del-hogar-papel-tapiz-autoadhesivo-impermeable-para-sala-de-estar-1-10-piezas-77cm-x-70cm\\\/#primaryimage\",\"url\":\"https:\\\/\\\/ae01.alicdn.com\\\/kf\\\/S31ee9eaa5efb46ae83aab3582977c8e27\\\/Pegatina-de-pared-3D-de-imitaci-n-de-ladrillo-para-decoraci-n-del-hogar-papel-tapiz.jpg\",\"contentUrl\":\"https:\\\/\\\/ae01.alicdn.com\\\/kf\\\/S31ee9eaa5efb46ae83aab3582977c8e27\\\/Pegatina-de-pared-3D-de-imitaci-n-de-ladrillo-para-decoraci-n-del-hogar-papel-tapiz.jpg\",\"width\":800,\"height\":800,\"caption\":\"8664-4bc76b.jpg\"},{\"@type\":\"BreadcrumbList\",\"@id\":\"https:\\\/\\\/alllira.com\\\/product\\\/pegatina-de-pared-3d-de-imitacion-de-ladrillo-para-decoracion-del-hogar-papel-tapiz-autoadhesivo-impermeable-para-sala-de-estar-1-10-piezas-77cm-x-70cm\\\/#breadcrumb\",\"itemListElement\":[{\"@type\":\"ListItem\",\"position\":1,\"name\":\"Home\",\"item\":\"https:\\\/\\\/alllira.com\\\/\"},{\"@type\":\"ListItem\",\"position\":2,\"name\":\"Shop\",\"item\":\"https:\\\/\\\/alllira.com\\\/shop\\\/\"},{\"@type\":\"ListItem\",\"position\":3,\"name\":\"Pegatina de pared 3D de imitaci\u00f3n de ladrillo para decoraci\u00f3n del hogar 1-10 piezas, 77cm x 70cm\"}]},{\"@type\":\"WebSite\",\"@id\":\"https:\\\/\\\/alllira.com\\\/#website\",\"url\":\"https:\\\/\\\/alllira.com\\\/\",\"name\":\"Alllira\",\"description\":\"\",\"publisher\":{\"@id\":\"https:\\\/\\\/alllira.com\\\/#organization\"},\"potentialAction\":[{\"@type\":\"SearchAction\",\"target\":{\"@type\":\"EntryPoint\",\"urlTemplate\":\"https:\\\/\\\/alllira.com\\\/?s={search_term_string}\"},\"query-input\":{\"@type\":\"PropertyValueSpecification\",\"valueRequired\":true,\"valueName\":\"search_term_string\"}}],\"inLanguage\":\"es\"},{\"@type\":\"Organization\",\"@id\":\"https:\\\/\\\/alllira.com\\\/#organization\",\"name\":\"Alllira\",\"url\":\"https:\\\/\\\/alllira.com\\\/\",\"logo\":{\"@type\":\"ImageObject\",\"inLanguage\":\"es\",\"@id\":\"https:\\\/\\\/alllira.com\\\/#\\\/schema\\\/logo\\\/image\\\/\",\"url\":\"https:\\\/\\\/alllira.com\\\/wp-content\\\/uploads\\\/2023\\\/11\\\/399982192_122102027870105445_276710788166891880_n.jpg\",\"contentUrl\":\"https:\\\/\\\/alllira.com\\\/wp-content\\\/uploads\\\/2023\\\/11\\\/399982192_122102027870105445_276710788166891880_n.jpg\",\"width\":400,\"height\":400,\"caption\":\"Alllira\"},\"image\":{\"@id\":\"https:\\\/\\\/alllira.com\\\/#\\\/schema\\\/logo\\\/image\\\/\"},\"sameAs\":[\"https:\\\/\\\/www.facebook.com\\\/profile.php?id=61553163366147\"]}]}<\/script>\n<!-- \/ Yoast SEO plugin. -->","yoast_head_json":{"title":"Pegatina de pared 3D de imitaci\u00f3n de ladrillo para decoraci\u00f3n del hogar 1-10 piezas, 77cm x 70cm - Alllira","robots":{"index":"index","follow":"follow","max-snippet":"max-snippet:-1","max-image-preview":"max-image-preview:large","max-video-preview":"max-video-preview:-1"},"canonical":"https:\/\/alllira.com\/es\/producto\/pegatina-de-pared-3d-de-imitacion-de-ladrillo-para-decoracion-del-hogar-papel-tapiz-autoadhesivo-impermeable-para-sala-de-estar-1-10-piezas-77cm-x-70cm\/","og_locale":"es_ES","og_type":"article","og_title":"Pegatina de pared 3D de imitaci\u00f3n de ladrillo para decoraci\u00f3n del hogar 1-10 piezas, 77cm x 70cm - Alllira","og_description":"Calidad superior: construido con espuma XPE de alta calidad, anticolisi\u00f3n infantil, cuida de tu familia. Impermeable, a prueba de humedad y con aislamiento ac\u00fastico. F\u00e1cil limpieza y mantenimiento, no t\u00f3xico, inodoro. Dise\u00f1o autoadhesivo: autoadhesivo para pelar y pegar papel tapiz, f\u00e1cil de pegar y quitar. Seguro para su familia: el material del papel tapiz de [&hellip;]","og_url":"https:\/\/alllira.com\/es\/producto\/pegatina-de-pared-3d-de-imitacion-de-ladrillo-para-decoracion-del-hogar-papel-tapiz-autoadhesivo-impermeable-para-sala-de-estar-1-10-piezas-77cm-x-70cm\/","og_site_name":"Alllira","article_publisher":"https:\/\/www.facebook.com\/profile.php?id=61553163366147","article_modified_time":"2025-07-22T17:21:33+00:00","og_image":[{"width":800,"height":800,"url":"https:\/\/ae01.alicdn.com\/kf\/S31ee9eaa5efb46ae83aab3582977c8e27\/Pegatina-de-pared-3D-de-imitaci-n-de-ladrillo-para-decoraci-n-del-hogar-papel-tapiz.jpg","type":"image\/jpeg"}],"twitter_card":"summary_large_image","twitter_misc":{"Tiempo de lectura":"3 minutos"},"schema":{"@context":"https:\/\/schema.org","@graph":[{"@type":"WebPage","@id":"https:\/\/alllira.com\/product\/pegatina-de-pared-3d-de-imitacion-de-ladrillo-para-decoracion-del-hogar-papel-tapiz-autoadhesivo-impermeable-para-sala-de-estar-1-10-piezas-77cm-x-70cm\/","url":"https:\/\/alllira.com\/product\/pegatina-de-pared-3d-de-imitacion-de-ladrillo-para-decoracion-del-hogar-papel-tapiz-autoadhesivo-impermeable-para-sala-de-estar-1-10-piezas-77cm-x-70cm\/","name":"Pegatina de pared 3D de imitaci\u00f3n de ladrillo para decoraci\u00f3n del hogar 1-10 piezas, 77cm x 70cm - Alllira","isPartOf":{"@id":"https:\/\/alllira.com\/#website"},"primaryImageOfPage":{"@id":"https:\/\/alllira.com\/product\/pegatina-de-pared-3d-de-imitacion-de-ladrillo-para-decoracion-del-hogar-papel-tapiz-autoadhesivo-impermeable-para-sala-de-estar-1-10-piezas-77cm-x-70cm\/#primaryimage"},"image":{"@id":"https:\/\/alllira.com\/product\/pegatina-de-pared-3d-de-imitacion-de-ladrillo-para-decoracion-del-hogar-papel-tapiz-autoadhesivo-impermeable-para-sala-de-estar-1-10-piezas-77cm-x-70cm\/#primaryimage"},"thumbnailUrl":"https:\/\/ae01.alicdn.com\/kf\/S31ee9eaa5efb46ae83aab3582977c8e27\/Pegatina-de-pared-3D-de-imitaci-n-de-ladrillo-para-decoraci-n-del-hogar-papel-tapiz.jpg","datePublished":"2023-11-23T05:25:12+00:00","dateModified":"2025-07-22T17:21:33+00:00","breadcrumb":{"@id":"https:\/\/alllira.com\/product\/pegatina-de-pared-3d-de-imitacion-de-ladrillo-para-decoracion-del-hogar-papel-tapiz-autoadhesivo-impermeable-para-sala-de-estar-1-10-piezas-77cm-x-70cm\/#breadcrumb"},"inLanguage":"es","potentialAction":[{"@type":"ReadAction","target":["https:\/\/alllira.com\/product\/pegatina-de-pared-3d-de-imitacion-de-ladrillo-para-decoracion-del-hogar-papel-tapiz-autoadhesivo-impermeable-para-sala-de-estar-1-10-piezas-77cm-x-70cm\/"]}]},{"@type":"ImageObject","inLanguage":"es","@id":"https:\/\/alllira.com\/product\/pegatina-de-pared-3d-de-imitacion-de-ladrillo-para-decoracion-del-hogar-papel-tapiz-autoadhesivo-impermeable-para-sala-de-estar-1-10-piezas-77cm-x-70cm\/#primaryimage","url":"https:\/\/ae01.alicdn.com\/kf\/S31ee9eaa5efb46ae83aab3582977c8e27\/Pegatina-de-pared-3D-de-imitaci-n-de-ladrillo-para-decoraci-n-del-hogar-papel-tapiz.jpg","contentUrl":"https:\/\/ae01.alicdn.com\/kf\/S31ee9eaa5efb46ae83aab3582977c8e27\/Pegatina-de-pared-3D-de-imitaci-n-de-ladrillo-para-decoraci-n-del-hogar-papel-tapiz.jpg","width":800,"height":800,"caption":"8664-4bc76b.jpg"},{"@type":"BreadcrumbList","@id":"https:\/\/alllira.com\/product\/pegatina-de-pared-3d-de-imitacion-de-ladrillo-para-decoracion-del-hogar-papel-tapiz-autoadhesivo-impermeable-para-sala-de-estar-1-10-piezas-77cm-x-70cm\/#breadcrumb","itemListElement":[{"@type":"ListItem","position":1,"name":"Home","item":"https:\/\/alllira.com\/"},{"@type":"ListItem","position":2,"name":"Shop","item":"https:\/\/alllira.com\/shop\/"},{"@type":"ListItem","position":3,"name":"Pegatina de pared 3D de imitaci\u00f3n de ladrillo para decoraci\u00f3n del hogar 1-10 piezas, 77cm x 70cm"}]},{"@type":"WebSite","@id":"https:\/\/alllira.com\/#website","url":"https:\/\/alllira.com\/","name":"Alllira","description":"","publisher":{"@id":"https:\/\/alllira.com\/#organization"},"potentialAction":[{"@type":"SearchAction","target":{"@type":"EntryPoint","urlTemplate":"https:\/\/alllira.com\/?s={search_term_string}"},"query-input":{"@type":"PropertyValueSpecification","valueRequired":true,"valueName":"search_term_string"}}],"inLanguage":"es"},{"@type":"Organization","@id":"https:\/\/alllira.com\/#organization","name":"Alllira","url":"https:\/\/alllira.com\/","logo":{"@type":"ImageObject","inLanguage":"es","@id":"https:\/\/alllira.com\/#\/schema\/logo\/image\/","url":"https:\/\/alllira.com\/wp-content\/uploads\/2023\/11\/399982192_122102027870105445_276710788166891880_n.jpg","contentUrl":"https:\/\/alllira.com\/wp-content\/uploads\/2023\/11\/399982192_122102027870105445_276710788166891880_n.jpg","width":400,"height":400,"caption":"Alllira"},"image":{"@id":"https:\/\/alllira.com\/#\/schema\/logo\/image\/"},"sameAs":["https:\/\/www.facebook.com\/profile.php?id=61553163366147"]}]}},"jetpack_sharing_enabled":true,"_links":{"self":[{"href":"https:\/\/alllira.com\/es\/wp-json\/wp\/v2\/product\/8664","targetHints":{"allow":["GET"]}}],"collection":[{"href":"https:\/\/alllira.com\/es\/wp-json\/wp\/v2\/product"}],"about":[{"href":"https:\/\/alllira.com\/es\/wp-json\/wp\/v2\/types\/product"}],"replies":[{"embeddable":true,"href":"https:\/\/alllira.com\/es\/wp-json\/wp\/v2\/comments?post=8664"}],"wp:featuredmedia":[{"embeddable":true,"href":"https:\/\/alllira.com\/es\/wp-json\/wp\/v2\/media\/8740"}],"wp:attachment":[{"href":"https:\/\/alllira.com\/es\/wp-json\/wp\/v2\/media?parent=8664"}],"wp:term":[{"taxonomy":"product_brand","embeddable":true,"href":"https:\/\/alllira.com\/es\/wp-json\/wp\/v2\/product_brand?post=8664"},{"taxonomy":"product_cat","embeddable":true,"href":"https:\/\/alllira.com\/es\/wp-json\/wp\/v2\/product_cat?post=8664"},{"taxonomy":"product_tag","embeddable":true,"href":"https:\/\/alllira.com\/es\/wp-json\/wp\/v2\/product_tag?post=8664"}],"curies":[{"name":"wp","href":"https:\/\/api.w.org\/{rel}","templated":true}]}}