{"id":8772,"date":"2023-11-23T00:29:01","date_gmt":"2023-11-23T05:29:01","guid":{"rendered":"https:\/\/alllira.com\/es\/producto\/cojin-de-flores-con-forma-circular-tela-suave-para-siesta-oficina-aula-silla-almohada-para-sofa-dormitorio-suelo-invierno-grueso\/"},"modified":"2025-07-22T12:21:39","modified_gmt":"2025-07-22T17:21:39","slug":"cojin-de-flores-con-forma-circular-tela-suave-para-siesta-oficina-aula-silla-almohada-para-sofa-dormitorio-suelo-invierno-grueso","status":"publish","type":"product","link":"https:\/\/alllira.com\/es\/producto\/cojin-de-flores-con-forma-circular-tela-suave-para-siesta-oficina-aula-silla-almohada-para-sofa-dormitorio-suelo-invierno-grueso\/","title":{"rendered":"Coj\u00edn de flores con forma Circular, tela suave para siesta"},"content":{"rendered":"<div>\n<p><span id=\"tl_1\">Nuevo y de alta calidad<\/span><br \/>\n<span id=\"tl_2\">Material: poli\u00e9ster<\/span><\/p>\n<p><span id=\"tl_3\">Tama\u00f1o: el di\u00e1metro es de aproximadamente 35cm, el grosor es de aproximadamente 6cm y el error es de aproximadamente 1cm<\/span><\/p>\n<p><span id=\"tl_4\">Conversi\u00f3n: 1 pulgada = 2,54 cm, 1cm = 0.393 pulgadas<\/span><\/p>\n<p>&nbsp;<\/p>\n<p><span id=\"tl_5\">Consejo: recuerda que debido a los efectos de iluminaci\u00f3n, la configuraci\u00f3n de brillo\/contraste del monitor, etc., podr\u00eda haber algunas ligeras diferencias en el tono de color de la foto del sitio web y el art\u00edculo real.<\/span><\/p>\n<p><span id=\"tl_6\">Art\u00edculo medido a mano, podr\u00eda ser 1cm diferente, su amable comprensi\u00f3n ser\u00e1 muy apreciada.<\/span><\/p>\n<p>&nbsp;<\/p>\n<p><img decoding=\"async\" style=\"width: 800px;\" src=\"\/\/ae01.alicdn.com\/kf\/S423e78d1275849b79e5ca277bad3b769f.jpg\" width=\"800px\" \/><\/p>\n<p>&nbsp;<\/p>\n<p><img decoding=\"async\" style=\"width: 800px;\" src=\"\/\/ae01.alicdn.com\/kf\/S57bf8ae63c2b452bb429f77c5a3719f5X.jpg\" width=\"800px\" \/><\/p>\n<p>&nbsp;<\/p>\n<p>&nbsp;<\/p>\n<p>&nbsp;<\/p>\n<p><img decoding=\"async\" style=\"width: 800px;\" src=\"\/\/ae01.alicdn.com\/kf\/S6caa9cdfcb7f4e94bbff31b2444779a2m.jpg\" width=\"800px\" \/><\/p>\n<p>&nbsp;<\/p>\n<p><img decoding=\"async\" style=\"width: 800px;\" src=\"\/\/ae01.alicdn.com\/kf\/S0095231fd8e24939a21fe1d8aa603c93t.jpg\" width=\"800px\" \/><\/p>\n<p><img decoding=\"async\" style=\"width: 800px;\" src=\"\/\/ae01.alicdn.com\/kf\/S8195c5dca46d4f71ad5a20262e85e1fdF.jpg\" width=\"800px\" \/><\/p>\n<p><img decoding=\"async\" style=\"width: 800px;\" src=\"\/\/ae01.alicdn.com\/kf\/S2bd3045848db42f9a796bdd4dce5b4bbW.jpg\" width=\"800px\" \/><\/p>\n<p><img decoding=\"async\" style=\"width: 800px;\" src=\"\/\/ae01.alicdn.com\/kf\/S7504c8c5f59145bdb03c37b5edc67f2dh.jpg\" width=\"800px\" \/><\/p>\n<p><img decoding=\"async\" style=\"width: 800px;\" src=\"\/\/ae01.alicdn.com\/kf\/S54fad620b4804f58938cc2c90c8af945M.jpg\" width=\"800px\" \/><\/p>\n<p><img decoding=\"async\" style=\"width: 800px;\" src=\"\/\/ae01.alicdn.com\/kf\/S8a214bec047648c0873df00971b9858ei.jpg\" width=\"800px\" \/><\/p>\n<p><img decoding=\"async\" style=\"width: 800px;\" src=\"\/\/ae01.alicdn.com\/kf\/S15b96363bae44f86a38cc95eef18e55ev.jpg\" width=\"800px\" \/><\/p>\n<p><img decoding=\"async\" style=\"width: 800px;\" src=\"\/\/ae01.alicdn.com\/kf\/S148e65164ab3422dbb89f262ff1255bfn.jpg\" width=\"800px\" \/><\/p>\n<\/div>","protected":false},"excerpt":{"rendered":"<p>Nuevo y de alta calidad Material: poli\u00e9ster Tama\u00f1o: el di\u00e1metro es de aproximadamente 35cm, el grosor es de aproximadamente 6cm y el error es de aproximadamente 1cm Conversi\u00f3n: 1 pulgada = 2,54 cm, 1cm = 0.393 pulgadas &nbsp; Consejo: recuerda que debido a los efectos de iluminaci\u00f3n, la configuraci\u00f3n de brillo\/contraste del monitor, etc., podr\u00eda [&hellip;]<\/p>\n","protected":false},"featured_media":8781,"comment_status":"open","ping_status":"closed","template":"","meta":[],"product_brand":[],"product_cat":[31],"product_tag":[],"class_list":{"0":"post-8772","1":"product","2":"type-product","3":"status-publish","4":"has-post-thumbnail","6":"product_cat-home","8":"first","9":"instock","10":"sale","11":"taxable","12":"shipping-taxable","13":"purchasable","14":"product-type-variable"},"yoast_head":"<!-- This site is optimized with the Yoast SEO plugin v27.5 - https:\/\/yoast.com\/product\/yoast-seo-wordpress\/ -->\n<title>Coj\u00edn de flores con forma Circular, tela suave para siesta - Alllira<\/title>\n<meta name=\"robots\" content=\"index, follow, max-snippet:-1, max-image-preview:large, max-video-preview:-1\" \/>\n<link rel=\"canonical\" href=\"https:\/\/alllira.com\/es\/producto\/cojin-de-flores-con-forma-circular-tela-suave-para-siesta-oficina-aula-silla-almohada-para-sofa-dormitorio-suelo-invierno-grueso\/\" \/>\n<meta property=\"og:locale\" content=\"es_ES\" \/>\n<meta property=\"og:type\" content=\"article\" \/>\n<meta property=\"og:title\" content=\"Coj\u00edn de flores con forma Circular, tela suave para siesta - Alllira\" \/>\n<meta property=\"og:description\" content=\"Nuevo y de alta calidad Material: poli\u00e9ster Tama\u00f1o: el di\u00e1metro es de aproximadamente 35cm, el grosor es de aproximadamente 6cm y el error es de aproximadamente 1cm Conversi\u00f3n: 1 pulgada = 2,54 cm, 1cm = 0.393 pulgadas &nbsp; Consejo: recuerda que debido a los efectos de iluminaci\u00f3n, la configuraci\u00f3n de brillo\/contraste del monitor, etc., podr\u00eda [&hellip;]\" \/>\n<meta property=\"og:url\" content=\"https:\/\/alllira.com\/es\/producto\/cojin-de-flores-con-forma-circular-tela-suave-para-siesta-oficina-aula-silla-almohada-para-sofa-dormitorio-suelo-invierno-grueso\/\" \/>\n<meta property=\"og:site_name\" content=\"Alllira\" \/>\n<meta property=\"article:publisher\" content=\"https:\/\/www.facebook.com\/profile.php?id=61553163366147\" \/>\n<meta property=\"article:modified_time\" content=\"2025-07-22T17:21:39+00:00\" \/>\n<meta property=\"og:image\" content=\"https:\/\/ae01.alicdn.com\/kf\/Sd5a09070dc484408ae5b4357fac39b06y\/Coj-n-de-flores-con-forma-Circular-tela-suave-para-siesta-oficina-aula-silla-almohada-para.jpg\" \/>\n\t<meta property=\"og:image:width\" content=\"800\" \/>\n\t<meta property=\"og:image:height\" content=\"800\" \/>\n\t<meta property=\"og:image:type\" content=\"image\/jpeg\" \/>\n<meta name=\"twitter:card\" content=\"summary_large_image\" \/>\n<meta name=\"twitter:label1\" content=\"Tiempo de lectura\" \/>\n\t<meta name=\"twitter:data1\" content=\"3 minutos\" \/>\n<script type=\"application\/ld+json\" class=\"yoast-schema-graph\">{\"@context\":\"https:\\\/\\\/schema.org\",\"@graph\":[{\"@type\":\"WebPage\",\"@id\":\"https:\\\/\\\/alllira.com\\\/product\\\/cojin-de-flores-con-forma-circular-tela-suave-para-siesta-oficina-aula-silla-almohada-para-sofa-dormitorio-suelo-invierno-grueso\\\/\",\"url\":\"https:\\\/\\\/alllira.com\\\/product\\\/cojin-de-flores-con-forma-circular-tela-suave-para-siesta-oficina-aula-silla-almohada-para-sofa-dormitorio-suelo-invierno-grueso\\\/\",\"name\":\"Coj\u00edn de flores con forma Circular, tela suave para siesta - Alllira\",\"isPartOf\":{\"@id\":\"https:\\\/\\\/alllira.com\\\/#website\"},\"primaryImageOfPage\":{\"@id\":\"https:\\\/\\\/alllira.com\\\/product\\\/cojin-de-flores-con-forma-circular-tela-suave-para-siesta-oficina-aula-silla-almohada-para-sofa-dormitorio-suelo-invierno-grueso\\\/#primaryimage\"},\"image\":{\"@id\":\"https:\\\/\\\/alllira.com\\\/product\\\/cojin-de-flores-con-forma-circular-tela-suave-para-siesta-oficina-aula-silla-almohada-para-sofa-dormitorio-suelo-invierno-grueso\\\/#primaryimage\"},\"thumbnailUrl\":\"https:\\\/\\\/ae01.alicdn.com\\\/kf\\\/Sd5a09070dc484408ae5b4357fac39b06y\\\/Coj-n-de-flores-con-forma-Circular-tela-suave-para-siesta-oficina-aula-silla-almohada-para.jpg\",\"datePublished\":\"2023-11-23T05:29:01+00:00\",\"dateModified\":\"2025-07-22T17:21:39+00:00\",\"breadcrumb\":{\"@id\":\"https:\\\/\\\/alllira.com\\\/product\\\/cojin-de-flores-con-forma-circular-tela-suave-para-siesta-oficina-aula-silla-almohada-para-sofa-dormitorio-suelo-invierno-grueso\\\/#breadcrumb\"},\"inLanguage\":\"es\",\"potentialAction\":[{\"@type\":\"ReadAction\",\"target\":[\"https:\\\/\\\/alllira.com\\\/product\\\/cojin-de-flores-con-forma-circular-tela-suave-para-siesta-oficina-aula-silla-almohada-para-sofa-dormitorio-suelo-invierno-grueso\\\/\"]}]},{\"@type\":\"ImageObject\",\"inLanguage\":\"es\",\"@id\":\"https:\\\/\\\/alllira.com\\\/product\\\/cojin-de-flores-con-forma-circular-tela-suave-para-siesta-oficina-aula-silla-almohada-para-sofa-dormitorio-suelo-invierno-grueso\\\/#primaryimage\",\"url\":\"https:\\\/\\\/ae01.alicdn.com\\\/kf\\\/Sd5a09070dc484408ae5b4357fac39b06y\\\/Coj-n-de-flores-con-forma-Circular-tela-suave-para-siesta-oficina-aula-silla-almohada-para.jpg\",\"contentUrl\":\"https:\\\/\\\/ae01.alicdn.com\\\/kf\\\/Sd5a09070dc484408ae5b4357fac39b06y\\\/Coj-n-de-flores-con-forma-Circular-tela-suave-para-siesta-oficina-aula-silla-almohada-para.jpg\",\"width\":800,\"height\":800,\"caption\":\"8772-687da1.jpg\"},{\"@type\":\"BreadcrumbList\",\"@id\":\"https:\\\/\\\/alllira.com\\\/product\\\/cojin-de-flores-con-forma-circular-tela-suave-para-siesta-oficina-aula-silla-almohada-para-sofa-dormitorio-suelo-invierno-grueso\\\/#breadcrumb\",\"itemListElement\":[{\"@type\":\"ListItem\",\"position\":1,\"name\":\"Home\",\"item\":\"https:\\\/\\\/alllira.com\\\/\"},{\"@type\":\"ListItem\",\"position\":2,\"name\":\"Shop\",\"item\":\"https:\\\/\\\/alllira.com\\\/shop\\\/\"},{\"@type\":\"ListItem\",\"position\":3,\"name\":\"Coj\u00edn de flores con forma Circular, tela suave para siesta\"}]},{\"@type\":\"WebSite\",\"@id\":\"https:\\\/\\\/alllira.com\\\/#website\",\"url\":\"https:\\\/\\\/alllira.com\\\/\",\"name\":\"Alllira\",\"description\":\"\",\"publisher\":{\"@id\":\"https:\\\/\\\/alllira.com\\\/#organization\"},\"potentialAction\":[{\"@type\":\"SearchAction\",\"target\":{\"@type\":\"EntryPoint\",\"urlTemplate\":\"https:\\\/\\\/alllira.com\\\/?s={search_term_string}\"},\"query-input\":{\"@type\":\"PropertyValueSpecification\",\"valueRequired\":true,\"valueName\":\"search_term_string\"}}],\"inLanguage\":\"es\"},{\"@type\":\"Organization\",\"@id\":\"https:\\\/\\\/alllira.com\\\/#organization\",\"name\":\"Alllira\",\"url\":\"https:\\\/\\\/alllira.com\\\/\",\"logo\":{\"@type\":\"ImageObject\",\"inLanguage\":\"es\",\"@id\":\"https:\\\/\\\/alllira.com\\\/#\\\/schema\\\/logo\\\/image\\\/\",\"url\":\"https:\\\/\\\/alllira.com\\\/wp-content\\\/uploads\\\/2023\\\/11\\\/399982192_122102027870105445_276710788166891880_n.jpg\",\"contentUrl\":\"https:\\\/\\\/alllira.com\\\/wp-content\\\/uploads\\\/2023\\\/11\\\/399982192_122102027870105445_276710788166891880_n.jpg\",\"width\":400,\"height\":400,\"caption\":\"Alllira\"},\"image\":{\"@id\":\"https:\\\/\\\/alllira.com\\\/#\\\/schema\\\/logo\\\/image\\\/\"},\"sameAs\":[\"https:\\\/\\\/www.facebook.com\\\/profile.php?id=61553163366147\"]}]}<\/script>\n<!-- \/ Yoast SEO plugin. -->","yoast_head_json":{"title":"Coj\u00edn de flores con forma Circular, tela suave para siesta - Alllira","robots":{"index":"index","follow":"follow","max-snippet":"max-snippet:-1","max-image-preview":"max-image-preview:large","max-video-preview":"max-video-preview:-1"},"canonical":"https:\/\/alllira.com\/es\/producto\/cojin-de-flores-con-forma-circular-tela-suave-para-siesta-oficina-aula-silla-almohada-para-sofa-dormitorio-suelo-invierno-grueso\/","og_locale":"es_ES","og_type":"article","og_title":"Coj\u00edn de flores con forma Circular, tela suave para siesta - Alllira","og_description":"Nuevo y de alta calidad Material: poli\u00e9ster Tama\u00f1o: el di\u00e1metro es de aproximadamente 35cm, el grosor es de aproximadamente 6cm y el error es de aproximadamente 1cm Conversi\u00f3n: 1 pulgada = 2,54 cm, 1cm = 0.393 pulgadas &nbsp; Consejo: recuerda que debido a los efectos de iluminaci\u00f3n, la configuraci\u00f3n de brillo\/contraste del monitor, etc., podr\u00eda [&hellip;]","og_url":"https:\/\/alllira.com\/es\/producto\/cojin-de-flores-con-forma-circular-tela-suave-para-siesta-oficina-aula-silla-almohada-para-sofa-dormitorio-suelo-invierno-grueso\/","og_site_name":"Alllira","article_publisher":"https:\/\/www.facebook.com\/profile.php?id=61553163366147","article_modified_time":"2025-07-22T17:21:39+00:00","og_image":[{"width":800,"height":800,"url":"https:\/\/ae01.alicdn.com\/kf\/Sd5a09070dc484408ae5b4357fac39b06y\/Coj-n-de-flores-con-forma-Circular-tela-suave-para-siesta-oficina-aula-silla-almohada-para.jpg","type":"image\/jpeg"}],"twitter_card":"summary_large_image","twitter_misc":{"Tiempo de lectura":"3 minutos"},"schema":{"@context":"https:\/\/schema.org","@graph":[{"@type":"WebPage","@id":"https:\/\/alllira.com\/product\/cojin-de-flores-con-forma-circular-tela-suave-para-siesta-oficina-aula-silla-almohada-para-sofa-dormitorio-suelo-invierno-grueso\/","url":"https:\/\/alllira.com\/product\/cojin-de-flores-con-forma-circular-tela-suave-para-siesta-oficina-aula-silla-almohada-para-sofa-dormitorio-suelo-invierno-grueso\/","name":"Coj\u00edn de flores con forma Circular, tela suave para siesta - Alllira","isPartOf":{"@id":"https:\/\/alllira.com\/#website"},"primaryImageOfPage":{"@id":"https:\/\/alllira.com\/product\/cojin-de-flores-con-forma-circular-tela-suave-para-siesta-oficina-aula-silla-almohada-para-sofa-dormitorio-suelo-invierno-grueso\/#primaryimage"},"image":{"@id":"https:\/\/alllira.com\/product\/cojin-de-flores-con-forma-circular-tela-suave-para-siesta-oficina-aula-silla-almohada-para-sofa-dormitorio-suelo-invierno-grueso\/#primaryimage"},"thumbnailUrl":"https:\/\/ae01.alicdn.com\/kf\/Sd5a09070dc484408ae5b4357fac39b06y\/Coj-n-de-flores-con-forma-Circular-tela-suave-para-siesta-oficina-aula-silla-almohada-para.jpg","datePublished":"2023-11-23T05:29:01+00:00","dateModified":"2025-07-22T17:21:39+00:00","breadcrumb":{"@id":"https:\/\/alllira.com\/product\/cojin-de-flores-con-forma-circular-tela-suave-para-siesta-oficina-aula-silla-almohada-para-sofa-dormitorio-suelo-invierno-grueso\/#breadcrumb"},"inLanguage":"es","potentialAction":[{"@type":"ReadAction","target":["https:\/\/alllira.com\/product\/cojin-de-flores-con-forma-circular-tela-suave-para-siesta-oficina-aula-silla-almohada-para-sofa-dormitorio-suelo-invierno-grueso\/"]}]},{"@type":"ImageObject","inLanguage":"es","@id":"https:\/\/alllira.com\/product\/cojin-de-flores-con-forma-circular-tela-suave-para-siesta-oficina-aula-silla-almohada-para-sofa-dormitorio-suelo-invierno-grueso\/#primaryimage","url":"https:\/\/ae01.alicdn.com\/kf\/Sd5a09070dc484408ae5b4357fac39b06y\/Coj-n-de-flores-con-forma-Circular-tela-suave-para-siesta-oficina-aula-silla-almohada-para.jpg","contentUrl":"https:\/\/ae01.alicdn.com\/kf\/Sd5a09070dc484408ae5b4357fac39b06y\/Coj-n-de-flores-con-forma-Circular-tela-suave-para-siesta-oficina-aula-silla-almohada-para.jpg","width":800,"height":800,"caption":"8772-687da1.jpg"},{"@type":"BreadcrumbList","@id":"https:\/\/alllira.com\/product\/cojin-de-flores-con-forma-circular-tela-suave-para-siesta-oficina-aula-silla-almohada-para-sofa-dormitorio-suelo-invierno-grueso\/#breadcrumb","itemListElement":[{"@type":"ListItem","position":1,"name":"Home","item":"https:\/\/alllira.com\/"},{"@type":"ListItem","position":2,"name":"Shop","item":"https:\/\/alllira.com\/shop\/"},{"@type":"ListItem","position":3,"name":"Coj\u00edn de flores con forma Circular, tela suave para siesta"}]},{"@type":"WebSite","@id":"https:\/\/alllira.com\/#website","url":"https:\/\/alllira.com\/","name":"Alllira","description":"","publisher":{"@id":"https:\/\/alllira.com\/#organization"},"potentialAction":[{"@type":"SearchAction","target":{"@type":"EntryPoint","urlTemplate":"https:\/\/alllira.com\/?s={search_term_string}"},"query-input":{"@type":"PropertyValueSpecification","valueRequired":true,"valueName":"search_term_string"}}],"inLanguage":"es"},{"@type":"Organization","@id":"https:\/\/alllira.com\/#organization","name":"Alllira","url":"https:\/\/alllira.com\/","logo":{"@type":"ImageObject","inLanguage":"es","@id":"https:\/\/alllira.com\/#\/schema\/logo\/image\/","url":"https:\/\/alllira.com\/wp-content\/uploads\/2023\/11\/399982192_122102027870105445_276710788166891880_n.jpg","contentUrl":"https:\/\/alllira.com\/wp-content\/uploads\/2023\/11\/399982192_122102027870105445_276710788166891880_n.jpg","width":400,"height":400,"caption":"Alllira"},"image":{"@id":"https:\/\/alllira.com\/#\/schema\/logo\/image\/"},"sameAs":["https:\/\/www.facebook.com\/profile.php?id=61553163366147"]}]}},"jetpack_sharing_enabled":true,"_links":{"self":[{"href":"https:\/\/alllira.com\/es\/wp-json\/wp\/v2\/product\/8772","targetHints":{"allow":["GET"]}}],"collection":[{"href":"https:\/\/alllira.com\/es\/wp-json\/wp\/v2\/product"}],"about":[{"href":"https:\/\/alllira.com\/es\/wp-json\/wp\/v2\/types\/product"}],"replies":[{"embeddable":true,"href":"https:\/\/alllira.com\/es\/wp-json\/wp\/v2\/comments?post=8772"}],"wp:featuredmedia":[{"embeddable":true,"href":"https:\/\/alllira.com\/es\/wp-json\/wp\/v2\/media\/8781"}],"wp:attachment":[{"href":"https:\/\/alllira.com\/es\/wp-json\/wp\/v2\/media?parent=8772"}],"wp:term":[{"taxonomy":"product_brand","embeddable":true,"href":"https:\/\/alllira.com\/es\/wp-json\/wp\/v2\/product_brand?post=8772"},{"taxonomy":"product_cat","embeddable":true,"href":"https:\/\/alllira.com\/es\/wp-json\/wp\/v2\/product_cat?post=8772"},{"taxonomy":"product_tag","embeddable":true,"href":"https:\/\/alllira.com\/es\/wp-json\/wp\/v2\/product_tag?post=8772"}],"curies":[{"name":"wp","href":"https:\/\/api.w.org\/{rel}","templated":true}]}}