{"id":8952,"date":"2023-11-29T01:02:28","date_gmt":"2023-11-29T06:02:28","guid":{"rendered":"https:\/\/alllira.com\/es\/producto\/anillos-ajustables-para-dedo-del-pie-para-mujer-juego-de-anillos-hipoalergenicos-para-punta-abierta-joyeria-para-el-pie-de-playa-joyeria-para-el-cuidado-del-pie-9-piezas\/"},"modified":"2025-07-22T12:21:59","modified_gmt":"2025-07-22T17:21:59","slug":"anillos-ajustables-para-dedo-del-pie-para-mujer-juego-de-anillos-hipoalergenicos-para-punta-abierta-joyeria-para-el-pie-de-playa-joyeria-para-el-cuidado-del-pie-9-piezas","status":"publish","type":"product","link":"https:\/\/alllira.com\/es\/producto\/anillos-ajustables-para-dedo-del-pie-para-mujer-juego-de-anillos-hipoalergenicos-para-punta-abierta-joyeria-para-el-pie-de-playa-joyeria-para-el-cuidado-del-pie-9-piezas\/","title":{"rendered":"Anillos ajustables para dedo del pie para mujer"},"content":{"rendered":"<p>Juego de anillos hipoalerg\u00e9nicos para punta abierta, joyer\u00eda para el pie de playa, joyer\u00eda para el cuidado del pie, 9 piezas<\/p>\n<p><span style=\"font-size: 16px;\"><span style=\"font-family: Arial,Helvetica,sans-serif;\">Especificaci\u00f3n del producto<\/span><\/span><\/p>\n<p><span style=\"font-size: 16px;\"><span style=\"font-family: Arial,Helvetica,sans-serif;\">Material: aleaci\u00f3n<\/span><\/span><\/p>\n<p><span style=\"font-size: 16px;\"><span style=\"font-family: Arial,Helvetica,sans-serif;\">Tama\u00f1o: aproximadamente 1,4-1,5 cm de di\u00e1metro<\/span><\/span><\/p>\n<p><span style=\"font-size: 16px;\"><span style=\"font-family: Arial,Helvetica,sans-serif;\">Color: oro, plata<br \/>\n<img decoding=\"async\" style=\"width: 800px;\" src=\"\/\/ae01.alicdn.com\/kf\/S23743d9c1276467a9c344354a02646c6L.jpg?width=1920&amp;height=1920&amp;hash=3840\" \/><img decoding=\"async\" style=\"width: 800px;\" src=\"\/\/ae01.alicdn.com\/kf\/Sc9cc3da73a3045d9abcae2fffd0b751e7.jpg?width=1000&amp;height=1000&amp;hash=2000\" \/><img decoding=\"async\" style=\"width: 800px;\" src=\"\/\/ae01.alicdn.com\/kf\/Sca8b534f6a2f48ee88f4455a5843cff1a.jpg?width=1000&amp;height=1000&amp;hash=2000\" \/><img decoding=\"async\" style=\"width: 800px;\" src=\"\/\/ae01.alicdn.com\/kf\/Se12646c836f64eda98a3cb57ceca38e7G.jpg?width=1000&amp;height=1000&amp;hash=2000\" \/><img decoding=\"async\" style=\"width: 800px;\" src=\"\/\/ae01.alicdn.com\/kf\/S4ab01999fe9942479310234a4daa20d12.jpg?width=1000&amp;height=1000&amp;hash=2000\" \/><img decoding=\"async\" style=\"width: 800px;\" src=\"\/\/ae01.alicdn.com\/kf\/S5301f3beb5de46f19e98b87c8bdcfa8et.jpg?width=1000&amp;height=1000&amp;hash=2000\" \/><\/span><\/span><\/p>\n<div style=\"margin: 0px auto;\"><\/div>","protected":false},"excerpt":{"rendered":"<p>Juego de anillos hipoalerg\u00e9nicos para punta abierta, joyer\u00eda para el pie de playa, joyer\u00eda para el cuidado del pie, 9 piezas Especificaci\u00f3n del producto Material: aleaci\u00f3n Tama\u00f1o: aproximadamente 1,4-1,5 cm de di\u00e1metro Color: oro, plata<\/p>","protected":false},"featured_media":8955,"comment_status":"open","ping_status":"closed","template":"","meta":[],"product_brand":[],"product_cat":[37],"product_tag":[],"class_list":{"0":"post-8952","1":"product","2":"type-product","3":"status-publish","4":"has-post-thumbnail","6":"product_cat-jewelry","8":"first","9":"instock","10":"taxable","11":"shipping-taxable","12":"purchasable","13":"product-type-variable"},"yoast_head":"<!-- This site is optimized with the Yoast SEO plugin v27.5 - https:\/\/yoast.com\/product\/yoast-seo-wordpress\/ -->\n<title>Anillos ajustables para dedo del pie para mujer - Alllira<\/title>\n<meta name=\"robots\" content=\"index, follow, max-snippet:-1, max-image-preview:large, max-video-preview:-1\" \/>\n<link rel=\"canonical\" href=\"https:\/\/alllira.com\/es\/producto\/anillos-ajustables-para-dedo-del-pie-para-mujer-juego-de-anillos-hipoalergenicos-para-punta-abierta-joyeria-para-el-pie-de-playa-joyeria-para-el-cuidado-del-pie-9-piezas\/\" \/>\n<meta property=\"og:locale\" content=\"es_ES\" \/>\n<meta property=\"og:type\" content=\"article\" \/>\n<meta property=\"og:title\" content=\"Anillos ajustables para dedo del pie para mujer - Alllira\" \/>\n<meta property=\"og:description\" content=\"Juego de anillos hipoalerg\u00e9nicos para punta abierta, joyer\u00eda para el pie de playa, joyer\u00eda para el cuidado del pie, 9 piezas Especificaci\u00f3n del producto Material: aleaci\u00f3n Tama\u00f1o: aproximadamente 1,4-1,5 cm de di\u00e1metro Color: oro, plata\" \/>\n<meta property=\"og:url\" content=\"https:\/\/alllira.com\/es\/producto\/anillos-ajustables-para-dedo-del-pie-para-mujer-juego-de-anillos-hipoalergenicos-para-punta-abierta-joyeria-para-el-pie-de-playa-joyeria-para-el-cuidado-del-pie-9-piezas\/\" \/>\n<meta property=\"og:site_name\" content=\"Alllira\" \/>\n<meta property=\"article:publisher\" content=\"https:\/\/www.facebook.com\/profile.php?id=61553163366147\" \/>\n<meta property=\"article:modified_time\" content=\"2025-07-22T17:21:59+00:00\" \/>\n<meta property=\"og:image\" content=\"https:\/\/ae01.alicdn.com\/kf\/S323444ee319b40d08170a16601b58175v\/Anillos-ajustables-para-dedo-del-pie-para-mujer-juego-de-anillos-hipoalerg-nicos-para-punta-abierta.jpg\" \/>\n\t<meta property=\"og:image:width\" content=\"800\" \/>\n\t<meta property=\"og:image:height\" content=\"800\" \/>\n\t<meta property=\"og:image:type\" content=\"image\/jpeg\" \/>\n<meta name=\"twitter:card\" content=\"summary_large_image\" \/>\n<meta name=\"twitter:label1\" content=\"Tiempo de lectura\" \/>\n\t<meta name=\"twitter:data1\" content=\"2 minutos\" \/>\n<script type=\"application\/ld+json\" class=\"yoast-schema-graph\">{\"@context\":\"https:\\\/\\\/schema.org\",\"@graph\":[{\"@type\":\"WebPage\",\"@id\":\"https:\\\/\\\/alllira.com\\\/product\\\/anillos-ajustables-para-dedo-del-pie-para-mujer-juego-de-anillos-hipoalergenicos-para-punta-abierta-joyeria-para-el-pie-de-playa-joyeria-para-el-cuidado-del-pie-9-piezas\\\/\",\"url\":\"https:\\\/\\\/alllira.com\\\/product\\\/anillos-ajustables-para-dedo-del-pie-para-mujer-juego-de-anillos-hipoalergenicos-para-punta-abierta-joyeria-para-el-pie-de-playa-joyeria-para-el-cuidado-del-pie-9-piezas\\\/\",\"name\":\"Anillos ajustables para dedo del pie para mujer - Alllira\",\"isPartOf\":{\"@id\":\"https:\\\/\\\/alllira.com\\\/#website\"},\"primaryImageOfPage\":{\"@id\":\"https:\\\/\\\/alllira.com\\\/product\\\/anillos-ajustables-para-dedo-del-pie-para-mujer-juego-de-anillos-hipoalergenicos-para-punta-abierta-joyeria-para-el-pie-de-playa-joyeria-para-el-cuidado-del-pie-9-piezas\\\/#primaryimage\"},\"image\":{\"@id\":\"https:\\\/\\\/alllira.com\\\/product\\\/anillos-ajustables-para-dedo-del-pie-para-mujer-juego-de-anillos-hipoalergenicos-para-punta-abierta-joyeria-para-el-pie-de-playa-joyeria-para-el-cuidado-del-pie-9-piezas\\\/#primaryimage\"},\"thumbnailUrl\":\"https:\\\/\\\/ae01.alicdn.com\\\/kf\\\/S323444ee319b40d08170a16601b58175v\\\/Anillos-ajustables-para-dedo-del-pie-para-mujer-juego-de-anillos-hipoalerg-nicos-para-punta-abierta.jpg\",\"datePublished\":\"2023-11-29T06:02:28+00:00\",\"dateModified\":\"2025-07-22T17:21:59+00:00\",\"breadcrumb\":{\"@id\":\"https:\\\/\\\/alllira.com\\\/product\\\/anillos-ajustables-para-dedo-del-pie-para-mujer-juego-de-anillos-hipoalergenicos-para-punta-abierta-joyeria-para-el-pie-de-playa-joyeria-para-el-cuidado-del-pie-9-piezas\\\/#breadcrumb\"},\"inLanguage\":\"es\",\"potentialAction\":[{\"@type\":\"ReadAction\",\"target\":[\"https:\\\/\\\/alllira.com\\\/product\\\/anillos-ajustables-para-dedo-del-pie-para-mujer-juego-de-anillos-hipoalergenicos-para-punta-abierta-joyeria-para-el-pie-de-playa-joyeria-para-el-cuidado-del-pie-9-piezas\\\/\"]}]},{\"@type\":\"ImageObject\",\"inLanguage\":\"es\",\"@id\":\"https:\\\/\\\/alllira.com\\\/product\\\/anillos-ajustables-para-dedo-del-pie-para-mujer-juego-de-anillos-hipoalergenicos-para-punta-abierta-joyeria-para-el-pie-de-playa-joyeria-para-el-cuidado-del-pie-9-piezas\\\/#primaryimage\",\"url\":\"https:\\\/\\\/ae01.alicdn.com\\\/kf\\\/S323444ee319b40d08170a16601b58175v\\\/Anillos-ajustables-para-dedo-del-pie-para-mujer-juego-de-anillos-hipoalerg-nicos-para-punta-abierta.jpg\",\"contentUrl\":\"https:\\\/\\\/ae01.alicdn.com\\\/kf\\\/S323444ee319b40d08170a16601b58175v\\\/Anillos-ajustables-para-dedo-del-pie-para-mujer-juego-de-anillos-hipoalerg-nicos-para-punta-abierta.jpg\",\"width\":800,\"height\":800,\"caption\":\"8952-859be5.jpg\"},{\"@type\":\"BreadcrumbList\",\"@id\":\"https:\\\/\\\/alllira.com\\\/product\\\/anillos-ajustables-para-dedo-del-pie-para-mujer-juego-de-anillos-hipoalergenicos-para-punta-abierta-joyeria-para-el-pie-de-playa-joyeria-para-el-cuidado-del-pie-9-piezas\\\/#breadcrumb\",\"itemListElement\":[{\"@type\":\"ListItem\",\"position\":1,\"name\":\"Home\",\"item\":\"https:\\\/\\\/alllira.com\\\/\"},{\"@type\":\"ListItem\",\"position\":2,\"name\":\"Shop\",\"item\":\"https:\\\/\\\/alllira.com\\\/shop\\\/\"},{\"@type\":\"ListItem\",\"position\":3,\"name\":\"Anillos ajustables para dedo del pie para mujer\"}]},{\"@type\":\"WebSite\",\"@id\":\"https:\\\/\\\/alllira.com\\\/#website\",\"url\":\"https:\\\/\\\/alllira.com\\\/\",\"name\":\"Alllira\",\"description\":\"\",\"publisher\":{\"@id\":\"https:\\\/\\\/alllira.com\\\/#organization\"},\"potentialAction\":[{\"@type\":\"SearchAction\",\"target\":{\"@type\":\"EntryPoint\",\"urlTemplate\":\"https:\\\/\\\/alllira.com\\\/?s={search_term_string}\"},\"query-input\":{\"@type\":\"PropertyValueSpecification\",\"valueRequired\":true,\"valueName\":\"search_term_string\"}}],\"inLanguage\":\"es\"},{\"@type\":\"Organization\",\"@id\":\"https:\\\/\\\/alllira.com\\\/#organization\",\"name\":\"Alllira\",\"url\":\"https:\\\/\\\/alllira.com\\\/\",\"logo\":{\"@type\":\"ImageObject\",\"inLanguage\":\"es\",\"@id\":\"https:\\\/\\\/alllira.com\\\/#\\\/schema\\\/logo\\\/image\\\/\",\"url\":\"https:\\\/\\\/alllira.com\\\/wp-content\\\/uploads\\\/2023\\\/11\\\/399982192_122102027870105445_276710788166891880_n.jpg\",\"contentUrl\":\"https:\\\/\\\/alllira.com\\\/wp-content\\\/uploads\\\/2023\\\/11\\\/399982192_122102027870105445_276710788166891880_n.jpg\",\"width\":400,\"height\":400,\"caption\":\"Alllira\"},\"image\":{\"@id\":\"https:\\\/\\\/alllira.com\\\/#\\\/schema\\\/logo\\\/image\\\/\"},\"sameAs\":[\"https:\\\/\\\/www.facebook.com\\\/profile.php?id=61553163366147\"]}]}<\/script>\n<!-- \/ Yoast SEO plugin. -->","yoast_head_json":{"title":"Anillos ajustables para dedo del pie para mujer - Alllira","robots":{"index":"index","follow":"follow","max-snippet":"max-snippet:-1","max-image-preview":"max-image-preview:large","max-video-preview":"max-video-preview:-1"},"canonical":"https:\/\/alllira.com\/es\/producto\/anillos-ajustables-para-dedo-del-pie-para-mujer-juego-de-anillos-hipoalergenicos-para-punta-abierta-joyeria-para-el-pie-de-playa-joyeria-para-el-cuidado-del-pie-9-piezas\/","og_locale":"es_ES","og_type":"article","og_title":"Anillos ajustables para dedo del pie para mujer - Alllira","og_description":"Juego de anillos hipoalerg\u00e9nicos para punta abierta, joyer\u00eda para el pie de playa, joyer\u00eda para el cuidado del pie, 9 piezas Especificaci\u00f3n del producto Material: aleaci\u00f3n Tama\u00f1o: aproximadamente 1,4-1,5 cm de di\u00e1metro Color: oro, plata","og_url":"https:\/\/alllira.com\/es\/producto\/anillos-ajustables-para-dedo-del-pie-para-mujer-juego-de-anillos-hipoalergenicos-para-punta-abierta-joyeria-para-el-pie-de-playa-joyeria-para-el-cuidado-del-pie-9-piezas\/","og_site_name":"Alllira","article_publisher":"https:\/\/www.facebook.com\/profile.php?id=61553163366147","article_modified_time":"2025-07-22T17:21:59+00:00","og_image":[{"width":800,"height":800,"url":"https:\/\/ae01.alicdn.com\/kf\/S323444ee319b40d08170a16601b58175v\/Anillos-ajustables-para-dedo-del-pie-para-mujer-juego-de-anillos-hipoalerg-nicos-para-punta-abierta.jpg","type":"image\/jpeg"}],"twitter_card":"summary_large_image","twitter_misc":{"Tiempo de lectura":"2 minutos"},"schema":{"@context":"https:\/\/schema.org","@graph":[{"@type":"WebPage","@id":"https:\/\/alllira.com\/product\/anillos-ajustables-para-dedo-del-pie-para-mujer-juego-de-anillos-hipoalergenicos-para-punta-abierta-joyeria-para-el-pie-de-playa-joyeria-para-el-cuidado-del-pie-9-piezas\/","url":"https:\/\/alllira.com\/product\/anillos-ajustables-para-dedo-del-pie-para-mujer-juego-de-anillos-hipoalergenicos-para-punta-abierta-joyeria-para-el-pie-de-playa-joyeria-para-el-cuidado-del-pie-9-piezas\/","name":"Anillos ajustables para dedo del pie para mujer - Alllira","isPartOf":{"@id":"https:\/\/alllira.com\/#website"},"primaryImageOfPage":{"@id":"https:\/\/alllira.com\/product\/anillos-ajustables-para-dedo-del-pie-para-mujer-juego-de-anillos-hipoalergenicos-para-punta-abierta-joyeria-para-el-pie-de-playa-joyeria-para-el-cuidado-del-pie-9-piezas\/#primaryimage"},"image":{"@id":"https:\/\/alllira.com\/product\/anillos-ajustables-para-dedo-del-pie-para-mujer-juego-de-anillos-hipoalergenicos-para-punta-abierta-joyeria-para-el-pie-de-playa-joyeria-para-el-cuidado-del-pie-9-piezas\/#primaryimage"},"thumbnailUrl":"https:\/\/ae01.alicdn.com\/kf\/S323444ee319b40d08170a16601b58175v\/Anillos-ajustables-para-dedo-del-pie-para-mujer-juego-de-anillos-hipoalerg-nicos-para-punta-abierta.jpg","datePublished":"2023-11-29T06:02:28+00:00","dateModified":"2025-07-22T17:21:59+00:00","breadcrumb":{"@id":"https:\/\/alllira.com\/product\/anillos-ajustables-para-dedo-del-pie-para-mujer-juego-de-anillos-hipoalergenicos-para-punta-abierta-joyeria-para-el-pie-de-playa-joyeria-para-el-cuidado-del-pie-9-piezas\/#breadcrumb"},"inLanguage":"es","potentialAction":[{"@type":"ReadAction","target":["https:\/\/alllira.com\/product\/anillos-ajustables-para-dedo-del-pie-para-mujer-juego-de-anillos-hipoalergenicos-para-punta-abierta-joyeria-para-el-pie-de-playa-joyeria-para-el-cuidado-del-pie-9-piezas\/"]}]},{"@type":"ImageObject","inLanguage":"es","@id":"https:\/\/alllira.com\/product\/anillos-ajustables-para-dedo-del-pie-para-mujer-juego-de-anillos-hipoalergenicos-para-punta-abierta-joyeria-para-el-pie-de-playa-joyeria-para-el-cuidado-del-pie-9-piezas\/#primaryimage","url":"https:\/\/ae01.alicdn.com\/kf\/S323444ee319b40d08170a16601b58175v\/Anillos-ajustables-para-dedo-del-pie-para-mujer-juego-de-anillos-hipoalerg-nicos-para-punta-abierta.jpg","contentUrl":"https:\/\/ae01.alicdn.com\/kf\/S323444ee319b40d08170a16601b58175v\/Anillos-ajustables-para-dedo-del-pie-para-mujer-juego-de-anillos-hipoalerg-nicos-para-punta-abierta.jpg","width":800,"height":800,"caption":"8952-859be5.jpg"},{"@type":"BreadcrumbList","@id":"https:\/\/alllira.com\/product\/anillos-ajustables-para-dedo-del-pie-para-mujer-juego-de-anillos-hipoalergenicos-para-punta-abierta-joyeria-para-el-pie-de-playa-joyeria-para-el-cuidado-del-pie-9-piezas\/#breadcrumb","itemListElement":[{"@type":"ListItem","position":1,"name":"Home","item":"https:\/\/alllira.com\/"},{"@type":"ListItem","position":2,"name":"Shop","item":"https:\/\/alllira.com\/shop\/"},{"@type":"ListItem","position":3,"name":"Anillos ajustables para dedo del pie para mujer"}]},{"@type":"WebSite","@id":"https:\/\/alllira.com\/#website","url":"https:\/\/alllira.com\/","name":"Alllira","description":"","publisher":{"@id":"https:\/\/alllira.com\/#organization"},"potentialAction":[{"@type":"SearchAction","target":{"@type":"EntryPoint","urlTemplate":"https:\/\/alllira.com\/?s={search_term_string}"},"query-input":{"@type":"PropertyValueSpecification","valueRequired":true,"valueName":"search_term_string"}}],"inLanguage":"es"},{"@type":"Organization","@id":"https:\/\/alllira.com\/#organization","name":"Alllira","url":"https:\/\/alllira.com\/","logo":{"@type":"ImageObject","inLanguage":"es","@id":"https:\/\/alllira.com\/#\/schema\/logo\/image\/","url":"https:\/\/alllira.com\/wp-content\/uploads\/2023\/11\/399982192_122102027870105445_276710788166891880_n.jpg","contentUrl":"https:\/\/alllira.com\/wp-content\/uploads\/2023\/11\/399982192_122102027870105445_276710788166891880_n.jpg","width":400,"height":400,"caption":"Alllira"},"image":{"@id":"https:\/\/alllira.com\/#\/schema\/logo\/image\/"},"sameAs":["https:\/\/www.facebook.com\/profile.php?id=61553163366147"]}]}},"jetpack_sharing_enabled":true,"_links":{"self":[{"href":"https:\/\/alllira.com\/es\/wp-json\/wp\/v2\/product\/8952","targetHints":{"allow":["GET"]}}],"collection":[{"href":"https:\/\/alllira.com\/es\/wp-json\/wp\/v2\/product"}],"about":[{"href":"https:\/\/alllira.com\/es\/wp-json\/wp\/v2\/types\/product"}],"replies":[{"embeddable":true,"href":"https:\/\/alllira.com\/es\/wp-json\/wp\/v2\/comments?post=8952"}],"wp:featuredmedia":[{"embeddable":true,"href":"https:\/\/alllira.com\/es\/wp-json\/wp\/v2\/media\/8955"}],"wp:attachment":[{"href":"https:\/\/alllira.com\/es\/wp-json\/wp\/v2\/media?parent=8952"}],"wp:term":[{"taxonomy":"product_brand","embeddable":true,"href":"https:\/\/alllira.com\/es\/wp-json\/wp\/v2\/product_brand?post=8952"},{"taxonomy":"product_cat","embeddable":true,"href":"https:\/\/alllira.com\/es\/wp-json\/wp\/v2\/product_cat?post=8952"},{"taxonomy":"product_tag","embeddable":true,"href":"https:\/\/alllira.com\/es\/wp-json\/wp\/v2\/product_tag?post=8952"}],"curies":[{"name":"wp","href":"https:\/\/api.w.org\/{rel}","templated":true}]}}