{"id":8963,"date":"2023-11-29T01:03:22","date_gmt":"2023-11-29T06:03:22","guid":{"rendered":"https:\/\/alllira.com\/es\/producto\/migga-pendientes-de-cristal-de-circonita-cubica-para-mujer-juego-de-aretes-colgantes-de-princesa-cuento-de-hadas-original-joyeria-de-fiesta-6-piezas\/"},"modified":"2025-07-22T12:22:04","modified_gmt":"2025-07-22T17:22:04","slug":"migga-pendientes-de-cristal-de-circonita-cubica-para-mujer-juego-de-aretes-colgantes-de-princesa-cuento-de-hadas-original-joyeria-de-fiesta-6-piezas","status":"publish","type":"product","link":"https:\/\/alllira.com\/es\/producto\/migga-pendientes-de-cristal-de-circonita-cubica-para-mujer-juego-de-aretes-colgantes-de-princesa-cuento-de-hadas-original-joyeria-de-fiesta-6-piezas\/","title":{"rendered":"Pendientes de cristal de circonita c\u00fabica para mujer"},"content":{"rendered":"<div>\n<div>\n<div>\n<div>\n<p>Juego de aretes colgantes de princesa, cuento de hadas Original, joyer\u00eda de fiesta, 6 piezas.<\/p>\n<p><img loading=\"lazy\" decoding=\"async\" src=\"\/\/ae01.alicdn.com\/kf\/HTB17n77NXXXXXXDXpXXq6xXFXXX4.jpg\" width=\"950\" height=\"75\" \/><\/p>\n<div><\/div>\n<p><span id=\"tl_1\" style=\"font-size: 18px; font-family: verdana, geneva, sans-serif;\">Est\u00e1ndar internacional ROHS, sin plomo, sin n\u00edquel<\/span><\/p>\n<p><span style=\"font-family: tahoma, geneva, sans-serif;\"><span style=\"font-size: 20px;\"><u id=\"tl_2\">Material:<\/u><\/span><\/span><span style=\"font-family: tahoma, geneva, sans-serif;\"><span id=\"tl_3\" style=\"font-size: 20px;\">Cobre, piedra de ojo de gato<\/span><\/span><\/p>\n<p><span style=\"font-size: 20px;\"><u id=\"tl_4\">Proceso:<\/u><\/span><span id=\"tl_5\" style=\"font-size: 20px;\">Protecci\u00f3n color dorado chapada<\/span><\/p>\n<p><span style=\"font-size: 20px;\"><span style=\"font-family: tahoma, geneva, sans-serif;\"><u id=\"tl_6\">Paquete:<\/u><\/span><\/span><span id=\"tl_7\" style=\"font-size: 20px; font-family: tahoma, geneva, sans-serif;\">Bolsa opp<\/span><\/p>\n<div><\/div>\n<div style=\"text-align: center;\" align=\"center\"><img decoding=\"async\" src=\"\/\/ae01.alicdn.com\/kf\/S4135463c7809408192b8b71f6dcf0b32H.jpg\" \/><br \/>\n<img decoding=\"async\" src=\"\/\/ae01.alicdn.com\/kf\/Sec6a8b482b6e49cbbcd3f78f546f01ceq.jpg\" \/><br \/>\n<img decoding=\"async\" src=\"\/\/ae01.alicdn.com\/kf\/Sd5b2db72ebfa48fb8ff4e2b3cdb7b0a9t.jpg\" \/><br \/>\n<img decoding=\"async\" src=\"\/\/ae01.alicdn.com\/kf\/Saf191f6bdd6f4bb49d3323544037aca73.jpg\" \/><br \/>\n<img decoding=\"async\" src=\"\/\/ae01.alicdn.com\/kf\/S44e667f2cc2849f7aeceabbbb1de0369A.jpg\" \/><\/div>\n<\/div>\n<\/div>\n<p>&nbsp;<\/p>\n<\/div>\n<\/div>","protected":false},"excerpt":{"rendered":"<p>Juego de aretes colgantes de princesa, cuento de hadas Original, joyer\u00eda de fiesta, 6 piezas. Est\u00e1ndar internacional ROHS, sin plomo, sin n\u00edquel Material:Cobre, piedra de ojo de gato Proceso:Protecci\u00f3n color dorado chapada Paquete:Bolsa opp &nbsp;<\/p>","protected":false},"featured_media":8971,"comment_status":"open","ping_status":"closed","template":"","meta":[],"product_brand":[],"product_cat":[37],"product_tag":[],"class_list":{"0":"post-8963","1":"product","2":"type-product","3":"status-publish","4":"has-post-thumbnail","6":"product_cat-jewelry","8":"first","9":"instock","10":"taxable","11":"shipping-taxable","12":"purchasable","13":"product-type-variable"},"yoast_head":"<!-- This site is optimized with the Yoast SEO plugin v27.5 - https:\/\/yoast.com\/product\/yoast-seo-wordpress\/ -->\n<title>Pendientes de cristal de circonita c\u00fabica para mujer - Alllira<\/title>\n<meta name=\"robots\" content=\"index, follow, max-snippet:-1, max-image-preview:large, max-video-preview:-1\" \/>\n<link rel=\"canonical\" href=\"https:\/\/alllira.com\/es\/producto\/migga-pendientes-de-cristal-de-circonita-cubica-para-mujer-juego-de-aretes-colgantes-de-princesa-cuento-de-hadas-original-joyeria-de-fiesta-6-piezas\/\" \/>\n<meta property=\"og:locale\" content=\"es_ES\" \/>\n<meta property=\"og:type\" content=\"article\" \/>\n<meta property=\"og:title\" content=\"Pendientes de cristal de circonita c\u00fabica para mujer - Alllira\" \/>\n<meta property=\"og:description\" content=\"Juego de aretes colgantes de princesa, cuento de hadas Original, joyer\u00eda de fiesta, 6 piezas. Est\u00e1ndar internacional ROHS, sin plomo, sin n\u00edquel Material:Cobre, piedra de ojo de gato Proceso:Protecci\u00f3n color dorado chapada Paquete:Bolsa opp &nbsp;\" \/>\n<meta property=\"og:url\" content=\"https:\/\/alllira.com\/es\/producto\/migga-pendientes-de-cristal-de-circonita-cubica-para-mujer-juego-de-aretes-colgantes-de-princesa-cuento-de-hadas-original-joyeria-de-fiesta-6-piezas\/\" \/>\n<meta property=\"og:site_name\" content=\"Alllira\" \/>\n<meta property=\"article:publisher\" content=\"https:\/\/www.facebook.com\/profile.php?id=61553163366147\" \/>\n<meta property=\"article:modified_time\" content=\"2025-07-22T17:22:04+00:00\" \/>\n<meta property=\"og:image\" content=\"https:\/\/ae01.alicdn.com\/kf\/S1190b5e8b6de43b99b8277d7df800ab0u\/MIGGA-pendientes-de-cristal-de-circonita-c-bica-para-mujer-juego-de-aretes-colgantes-de-princesa.jpg\" \/>\n\t<meta property=\"og:image:width\" content=\"800\" \/>\n\t<meta property=\"og:image:height\" content=\"800\" \/>\n\t<meta property=\"og:image:type\" content=\"image\/jpeg\" \/>\n<meta name=\"twitter:card\" content=\"summary_large_image\" \/>\n<meta name=\"twitter:label1\" content=\"Tiempo de lectura\" \/>\n\t<meta name=\"twitter:data1\" content=\"2 minutos\" \/>\n<script type=\"application\/ld+json\" class=\"yoast-schema-graph\">{\"@context\":\"https:\\\/\\\/schema.org\",\"@graph\":[{\"@type\":\"WebPage\",\"@id\":\"https:\\\/\\\/alllira.com\\\/product\\\/migga-pendientes-de-cristal-de-circonita-cubica-para-mujer-juego-de-aretes-colgantes-de-princesa-cuento-de-hadas-original-joyeria-de-fiesta-6-piezas\\\/\",\"url\":\"https:\\\/\\\/alllira.com\\\/product\\\/migga-pendientes-de-cristal-de-circonita-cubica-para-mujer-juego-de-aretes-colgantes-de-princesa-cuento-de-hadas-original-joyeria-de-fiesta-6-piezas\\\/\",\"name\":\"Pendientes de cristal de circonita c\u00fabica para mujer - Alllira\",\"isPartOf\":{\"@id\":\"https:\\\/\\\/alllira.com\\\/#website\"},\"primaryImageOfPage\":{\"@id\":\"https:\\\/\\\/alllira.com\\\/product\\\/migga-pendientes-de-cristal-de-circonita-cubica-para-mujer-juego-de-aretes-colgantes-de-princesa-cuento-de-hadas-original-joyeria-de-fiesta-6-piezas\\\/#primaryimage\"},\"image\":{\"@id\":\"https:\\\/\\\/alllira.com\\\/product\\\/migga-pendientes-de-cristal-de-circonita-cubica-para-mujer-juego-de-aretes-colgantes-de-princesa-cuento-de-hadas-original-joyeria-de-fiesta-6-piezas\\\/#primaryimage\"},\"thumbnailUrl\":\"https:\\\/\\\/ae01.alicdn.com\\\/kf\\\/S1190b5e8b6de43b99b8277d7df800ab0u\\\/MIGGA-pendientes-de-cristal-de-circonita-c-bica-para-mujer-juego-de-aretes-colgantes-de-princesa.jpg\",\"datePublished\":\"2023-11-29T06:03:22+00:00\",\"dateModified\":\"2025-07-22T17:22:04+00:00\",\"breadcrumb\":{\"@id\":\"https:\\\/\\\/alllira.com\\\/product\\\/migga-pendientes-de-cristal-de-circonita-cubica-para-mujer-juego-de-aretes-colgantes-de-princesa-cuento-de-hadas-original-joyeria-de-fiesta-6-piezas\\\/#breadcrumb\"},\"inLanguage\":\"es\",\"potentialAction\":[{\"@type\":\"ReadAction\",\"target\":[\"https:\\\/\\\/alllira.com\\\/product\\\/migga-pendientes-de-cristal-de-circonita-cubica-para-mujer-juego-de-aretes-colgantes-de-princesa-cuento-de-hadas-original-joyeria-de-fiesta-6-piezas\\\/\"]}]},{\"@type\":\"ImageObject\",\"inLanguage\":\"es\",\"@id\":\"https:\\\/\\\/alllira.com\\\/product\\\/migga-pendientes-de-cristal-de-circonita-cubica-para-mujer-juego-de-aretes-colgantes-de-princesa-cuento-de-hadas-original-joyeria-de-fiesta-6-piezas\\\/#primaryimage\",\"url\":\"https:\\\/\\\/ae01.alicdn.com\\\/kf\\\/S1190b5e8b6de43b99b8277d7df800ab0u\\\/MIGGA-pendientes-de-cristal-de-circonita-c-bica-para-mujer-juego-de-aretes-colgantes-de-princesa.jpg\",\"contentUrl\":\"https:\\\/\\\/ae01.alicdn.com\\\/kf\\\/S1190b5e8b6de43b99b8277d7df800ab0u\\\/MIGGA-pendientes-de-cristal-de-circonita-c-bica-para-mujer-juego-de-aretes-colgantes-de-princesa.jpg\",\"width\":800,\"height\":800,\"caption\":\"8963-558f29.jpg\"},{\"@type\":\"BreadcrumbList\",\"@id\":\"https:\\\/\\\/alllira.com\\\/product\\\/migga-pendientes-de-cristal-de-circonita-cubica-para-mujer-juego-de-aretes-colgantes-de-princesa-cuento-de-hadas-original-joyeria-de-fiesta-6-piezas\\\/#breadcrumb\",\"itemListElement\":[{\"@type\":\"ListItem\",\"position\":1,\"name\":\"Home\",\"item\":\"https:\\\/\\\/alllira.com\\\/\"},{\"@type\":\"ListItem\",\"position\":2,\"name\":\"Shop\",\"item\":\"https:\\\/\\\/alllira.com\\\/shop\\\/\"},{\"@type\":\"ListItem\",\"position\":3,\"name\":\"Pendientes de cristal de circonita c\u00fabica para mujer\"}]},{\"@type\":\"WebSite\",\"@id\":\"https:\\\/\\\/alllira.com\\\/#website\",\"url\":\"https:\\\/\\\/alllira.com\\\/\",\"name\":\"Alllira\",\"description\":\"\",\"publisher\":{\"@id\":\"https:\\\/\\\/alllira.com\\\/#organization\"},\"potentialAction\":[{\"@type\":\"SearchAction\",\"target\":{\"@type\":\"EntryPoint\",\"urlTemplate\":\"https:\\\/\\\/alllira.com\\\/?s={search_term_string}\"},\"query-input\":{\"@type\":\"PropertyValueSpecification\",\"valueRequired\":true,\"valueName\":\"search_term_string\"}}],\"inLanguage\":\"es\"},{\"@type\":\"Organization\",\"@id\":\"https:\\\/\\\/alllira.com\\\/#organization\",\"name\":\"Alllira\",\"url\":\"https:\\\/\\\/alllira.com\\\/\",\"logo\":{\"@type\":\"ImageObject\",\"inLanguage\":\"es\",\"@id\":\"https:\\\/\\\/alllira.com\\\/#\\\/schema\\\/logo\\\/image\\\/\",\"url\":\"https:\\\/\\\/alllira.com\\\/wp-content\\\/uploads\\\/2023\\\/11\\\/399982192_122102027870105445_276710788166891880_n.jpg\",\"contentUrl\":\"https:\\\/\\\/alllira.com\\\/wp-content\\\/uploads\\\/2023\\\/11\\\/399982192_122102027870105445_276710788166891880_n.jpg\",\"width\":400,\"height\":400,\"caption\":\"Alllira\"},\"image\":{\"@id\":\"https:\\\/\\\/alllira.com\\\/#\\\/schema\\\/logo\\\/image\\\/\"},\"sameAs\":[\"https:\\\/\\\/www.facebook.com\\\/profile.php?id=61553163366147\"]}]}<\/script>\n<!-- \/ Yoast SEO plugin. -->","yoast_head_json":{"title":"Pendientes de cristal de circonita c\u00fabica para mujer - Alllira","robots":{"index":"index","follow":"follow","max-snippet":"max-snippet:-1","max-image-preview":"max-image-preview:large","max-video-preview":"max-video-preview:-1"},"canonical":"https:\/\/alllira.com\/es\/producto\/migga-pendientes-de-cristal-de-circonita-cubica-para-mujer-juego-de-aretes-colgantes-de-princesa-cuento-de-hadas-original-joyeria-de-fiesta-6-piezas\/","og_locale":"es_ES","og_type":"article","og_title":"Pendientes de cristal de circonita c\u00fabica para mujer - Alllira","og_description":"Juego de aretes colgantes de princesa, cuento de hadas Original, joyer\u00eda de fiesta, 6 piezas. Est\u00e1ndar internacional ROHS, sin plomo, sin n\u00edquel Material:Cobre, piedra de ojo de gato Proceso:Protecci\u00f3n color dorado chapada Paquete:Bolsa opp &nbsp;","og_url":"https:\/\/alllira.com\/es\/producto\/migga-pendientes-de-cristal-de-circonita-cubica-para-mujer-juego-de-aretes-colgantes-de-princesa-cuento-de-hadas-original-joyeria-de-fiesta-6-piezas\/","og_site_name":"Alllira","article_publisher":"https:\/\/www.facebook.com\/profile.php?id=61553163366147","article_modified_time":"2025-07-22T17:22:04+00:00","og_image":[{"width":800,"height":800,"url":"https:\/\/ae01.alicdn.com\/kf\/S1190b5e8b6de43b99b8277d7df800ab0u\/MIGGA-pendientes-de-cristal-de-circonita-c-bica-para-mujer-juego-de-aretes-colgantes-de-princesa.jpg","type":"image\/jpeg"}],"twitter_card":"summary_large_image","twitter_misc":{"Tiempo de lectura":"2 minutos"},"schema":{"@context":"https:\/\/schema.org","@graph":[{"@type":"WebPage","@id":"https:\/\/alllira.com\/product\/migga-pendientes-de-cristal-de-circonita-cubica-para-mujer-juego-de-aretes-colgantes-de-princesa-cuento-de-hadas-original-joyeria-de-fiesta-6-piezas\/","url":"https:\/\/alllira.com\/product\/migga-pendientes-de-cristal-de-circonita-cubica-para-mujer-juego-de-aretes-colgantes-de-princesa-cuento-de-hadas-original-joyeria-de-fiesta-6-piezas\/","name":"Pendientes de cristal de circonita c\u00fabica para mujer - Alllira","isPartOf":{"@id":"https:\/\/alllira.com\/#website"},"primaryImageOfPage":{"@id":"https:\/\/alllira.com\/product\/migga-pendientes-de-cristal-de-circonita-cubica-para-mujer-juego-de-aretes-colgantes-de-princesa-cuento-de-hadas-original-joyeria-de-fiesta-6-piezas\/#primaryimage"},"image":{"@id":"https:\/\/alllira.com\/product\/migga-pendientes-de-cristal-de-circonita-cubica-para-mujer-juego-de-aretes-colgantes-de-princesa-cuento-de-hadas-original-joyeria-de-fiesta-6-piezas\/#primaryimage"},"thumbnailUrl":"https:\/\/ae01.alicdn.com\/kf\/S1190b5e8b6de43b99b8277d7df800ab0u\/MIGGA-pendientes-de-cristal-de-circonita-c-bica-para-mujer-juego-de-aretes-colgantes-de-princesa.jpg","datePublished":"2023-11-29T06:03:22+00:00","dateModified":"2025-07-22T17:22:04+00:00","breadcrumb":{"@id":"https:\/\/alllira.com\/product\/migga-pendientes-de-cristal-de-circonita-cubica-para-mujer-juego-de-aretes-colgantes-de-princesa-cuento-de-hadas-original-joyeria-de-fiesta-6-piezas\/#breadcrumb"},"inLanguage":"es","potentialAction":[{"@type":"ReadAction","target":["https:\/\/alllira.com\/product\/migga-pendientes-de-cristal-de-circonita-cubica-para-mujer-juego-de-aretes-colgantes-de-princesa-cuento-de-hadas-original-joyeria-de-fiesta-6-piezas\/"]}]},{"@type":"ImageObject","inLanguage":"es","@id":"https:\/\/alllira.com\/product\/migga-pendientes-de-cristal-de-circonita-cubica-para-mujer-juego-de-aretes-colgantes-de-princesa-cuento-de-hadas-original-joyeria-de-fiesta-6-piezas\/#primaryimage","url":"https:\/\/ae01.alicdn.com\/kf\/S1190b5e8b6de43b99b8277d7df800ab0u\/MIGGA-pendientes-de-cristal-de-circonita-c-bica-para-mujer-juego-de-aretes-colgantes-de-princesa.jpg","contentUrl":"https:\/\/ae01.alicdn.com\/kf\/S1190b5e8b6de43b99b8277d7df800ab0u\/MIGGA-pendientes-de-cristal-de-circonita-c-bica-para-mujer-juego-de-aretes-colgantes-de-princesa.jpg","width":800,"height":800,"caption":"8963-558f29.jpg"},{"@type":"BreadcrumbList","@id":"https:\/\/alllira.com\/product\/migga-pendientes-de-cristal-de-circonita-cubica-para-mujer-juego-de-aretes-colgantes-de-princesa-cuento-de-hadas-original-joyeria-de-fiesta-6-piezas\/#breadcrumb","itemListElement":[{"@type":"ListItem","position":1,"name":"Home","item":"https:\/\/alllira.com\/"},{"@type":"ListItem","position":2,"name":"Shop","item":"https:\/\/alllira.com\/shop\/"},{"@type":"ListItem","position":3,"name":"Pendientes de cristal de circonita c\u00fabica para mujer"}]},{"@type":"WebSite","@id":"https:\/\/alllira.com\/#website","url":"https:\/\/alllira.com\/","name":"Alllira","description":"","publisher":{"@id":"https:\/\/alllira.com\/#organization"},"potentialAction":[{"@type":"SearchAction","target":{"@type":"EntryPoint","urlTemplate":"https:\/\/alllira.com\/?s={search_term_string}"},"query-input":{"@type":"PropertyValueSpecification","valueRequired":true,"valueName":"search_term_string"}}],"inLanguage":"es"},{"@type":"Organization","@id":"https:\/\/alllira.com\/#organization","name":"Alllira","url":"https:\/\/alllira.com\/","logo":{"@type":"ImageObject","inLanguage":"es","@id":"https:\/\/alllira.com\/#\/schema\/logo\/image\/","url":"https:\/\/alllira.com\/wp-content\/uploads\/2023\/11\/399982192_122102027870105445_276710788166891880_n.jpg","contentUrl":"https:\/\/alllira.com\/wp-content\/uploads\/2023\/11\/399982192_122102027870105445_276710788166891880_n.jpg","width":400,"height":400,"caption":"Alllira"},"image":{"@id":"https:\/\/alllira.com\/#\/schema\/logo\/image\/"},"sameAs":["https:\/\/www.facebook.com\/profile.php?id=61553163366147"]}]}},"jetpack_sharing_enabled":true,"_links":{"self":[{"href":"https:\/\/alllira.com\/es\/wp-json\/wp\/v2\/product\/8963","targetHints":{"allow":["GET"]}}],"collection":[{"href":"https:\/\/alllira.com\/es\/wp-json\/wp\/v2\/product"}],"about":[{"href":"https:\/\/alllira.com\/es\/wp-json\/wp\/v2\/types\/product"}],"replies":[{"embeddable":true,"href":"https:\/\/alllira.com\/es\/wp-json\/wp\/v2\/comments?post=8963"}],"wp:featuredmedia":[{"embeddable":true,"href":"https:\/\/alllira.com\/es\/wp-json\/wp\/v2\/media\/8971"}],"wp:attachment":[{"href":"https:\/\/alllira.com\/es\/wp-json\/wp\/v2\/media?parent=8963"}],"wp:term":[{"taxonomy":"product_brand","embeddable":true,"href":"https:\/\/alllira.com\/es\/wp-json\/wp\/v2\/product_brand?post=8963"},{"taxonomy":"product_cat","embeddable":true,"href":"https:\/\/alllira.com\/es\/wp-json\/wp\/v2\/product_cat?post=8963"},{"taxonomy":"product_tag","embeddable":true,"href":"https:\/\/alllira.com\/es\/wp-json\/wp\/v2\/product_tag?post=8963"}],"curies":[{"name":"wp","href":"https:\/\/api.w.org\/{rel}","templated":true}]}}