{"id":9161,"date":"2023-11-29T01:13:44","date_gmt":"2023-11-29T06:13:44","guid":{"rendered":"https:\/\/alllira.com\/es\/producto\/funda-magnetica-de-moda-para-magsafe-cubierta-de-carga-inalambrica-de-silicona-suave-transparente-chapada-para-iphone-14-13-12-1115-pro-max-14-plus\/"},"modified":"2025-07-22T12:22:34","modified_gmt":"2025-07-22T17:22:34","slug":"funda-magnetica-de-moda-para-magsafe-cubierta-de-carga-inalambrica-de-silicona-suave-transparente-chapada-para-iphone-14-13-12-1115-pro-max-14-plus","status":"publish","type":"product","link":"https:\/\/alllira.com\/es\/producto\/funda-magnetica-de-moda-para-magsafe-cubierta-de-carga-inalambrica-de-silicona-suave-transparente-chapada-para-iphone-14-13-12-1115-pro-max-14-plus\/","title":{"rendered":"Funda magn\u00e9tica de moda para iPhone 14, 13, 12, 11,15  Pro Max, 14 Plus"},"content":{"rendered":"<div>\n<div>\n<div><strong><span style=\"font-size: 16px;\">Funda magn\u00e9tica de moda para iPhone 14 13 12 11 Pro Max 14 Plus chapado transparente funda de carga inal\u00e1mbrica de silicona suave.<\/span><\/strong><\/div>\n<div><img decoding=\"async\" src=\"\/\/ae01.alicdn.com\/kf\/S4a11697a45734ea787d11e3a2673b10eO.jpg?width=790&amp;height=906&amp;hash=1696\" \/> <img decoding=\"async\" src=\"\/\/ae01.alicdn.com\/kf\/S8286636d3555440c8aea8ca2e66f6fc6Y.jpg?width=790&amp;height=850&amp;hash=1640\" \/> <img decoding=\"async\" src=\"\/\/ae01.alicdn.com\/kf\/S314f34c1382a4b1e84476a236f12e4dao.jpg?width=790&amp;height=856&amp;hash=1646\" \/> <img decoding=\"async\" src=\"\/\/ae01.alicdn.com\/kf\/S21c97ec5e41c4fe88e2a253d2cb2b56e1.jpg?width=790&amp;height=838&amp;hash=1628\" \/> <img decoding=\"async\" src=\"\/\/ae01.alicdn.com\/kf\/S2a95005e90804c39a0c2f9f0a4693c25P.jpg?width=790&amp;height=840&amp;hash=1630\" \/> <img decoding=\"async\" src=\"\/\/ae01.alicdn.com\/kf\/S714cfed3aefa43ecb63073a5506c9995i.jpg?width=790&amp;height=851&amp;hash=1641\" \/> <img decoding=\"async\" src=\"\/\/ae01.alicdn.com\/kf\/S98417716c7fb48d78f1fdf63ab4d815bW.jpg?width=790&amp;height=840&amp;hash=1630\" \/> <img decoding=\"async\" src=\"\/\/ae01.alicdn.com\/kf\/S6be9463de2d947bc8be0a9d954e212ae4.jpg?width=790&amp;height=862&amp;hash=1652\" \/> <img decoding=\"async\" src=\"\/\/ae01.alicdn.com\/kf\/Saf3921be459d4e8788ddb7e862245735j.jpg?width=790&amp;height=951&amp;hash=1741\" \/> <img decoding=\"async\" src=\"\/\/ae01.alicdn.com\/kf\/S1df54483ef7d48478424acc1e8b898bbV.jpg?width=790&amp;height=853&amp;hash=1643\" \/><\/div>\n<div><img decoding=\"async\" src=\"\/\/ae01.alicdn.com\/kf\/S2e40e0700b4f4ccbaf3a6bbd85fe2662a.jpg?width=790&amp;height=845&amp;hash=1635\" \/> <img decoding=\"async\" src=\"\/\/ae01.alicdn.com\/kf\/Sbf41e653f5ae4abb97b49bce50651e63O.jpg?width=790&amp;height=840&amp;hash=1630\" \/> <img decoding=\"async\" src=\"\/\/ae01.alicdn.com\/kf\/S892d66f321fc4e589d32cae6f2983a362.jpg?width=790&amp;height=748&amp;hash=1538\" \/> <img decoding=\"async\" src=\"\/\/ae01.alicdn.com\/kf\/Sa076dd11ac534645a2e83e5a3dfd2824g.jpg?width=790&amp;height=789&amp;hash=1579\" \/> <img decoding=\"async\" src=\"\/\/ae01.alicdn.com\/kf\/S21200fbe9859457b82e25b008fef7706e.jpg?width=790&amp;height=796&amp;hash=1586\" \/> <img decoding=\"async\" src=\"\/\/ae01.alicdn.com\/kf\/S844fdb3aa42940669287bdf242ad42367.jpg?width=790&amp;height=791&amp;hash=1581\" \/> <img decoding=\"async\" src=\"\/\/ae01.alicdn.com\/kf\/S590429ac386d41a89f870841be85069co.jpg?width=790&amp;height=808&amp;hash=1598\" \/><\/div>\n<p>&nbsp;<\/p>\n<\/div>\n<\/div>","protected":false},"excerpt":{"rendered":"<p>Funda magn\u00e9tica de moda para iPhone 14 13 12 11 Pro Max 14 Plus chapado transparente funda de carga inal\u00e1mbrica de silicona suave. &nbsp;<\/p>","protected":false},"featured_media":9292,"comment_status":"open","ping_status":"closed","template":"","meta":[],"product_brand":[],"product_cat":[32],"product_tag":[],"class_list":{"0":"post-9161","1":"product","2":"type-product","3":"status-publish","4":"has-post-thumbnail","6":"product_cat-technology","8":"first","9":"instock","10":"sale","11":"taxable","12":"shipping-taxable","13":"purchasable","14":"product-type-variable"},"yoast_head":"<!-- This site is optimized with the Yoast SEO plugin v27.5 - https:\/\/yoast.com\/product\/yoast-seo-wordpress\/ -->\n<title>Funda magn\u00e9tica de moda para iPhone 14, 13, 12, 11,15 Pro Max, 14 Plus - Alllira<\/title>\n<meta name=\"robots\" content=\"index, follow, max-snippet:-1, max-image-preview:large, max-video-preview:-1\" \/>\n<link rel=\"canonical\" href=\"https:\/\/alllira.com\/es\/producto\/funda-magnetica-de-moda-para-magsafe-cubierta-de-carga-inalambrica-de-silicona-suave-transparente-chapada-para-iphone-14-13-12-1115-pro-max-14-plus\/\" \/>\n<meta property=\"og:locale\" content=\"es_ES\" \/>\n<meta property=\"og:type\" content=\"article\" \/>\n<meta property=\"og:title\" content=\"Funda magn\u00e9tica de moda para iPhone 14, 13, 12, 11,15 Pro Max, 14 Plus - Alllira\" \/>\n<meta property=\"og:description\" content=\"Funda magn\u00e9tica de moda para iPhone 14 13 12 11 Pro Max 14 Plus chapado transparente funda de carga inal\u00e1mbrica de silicona suave. &nbsp;\" \/>\n<meta property=\"og:url\" content=\"https:\/\/alllira.com\/es\/producto\/funda-magnetica-de-moda-para-magsafe-cubierta-de-carga-inalambrica-de-silicona-suave-transparente-chapada-para-iphone-14-13-12-1115-pro-max-14-plus\/\" \/>\n<meta property=\"og:site_name\" content=\"Alllira\" \/>\n<meta property=\"article:publisher\" content=\"https:\/\/www.facebook.com\/profile.php?id=61553163366147\" \/>\n<meta property=\"article:modified_time\" content=\"2025-07-22T17:22:34+00:00\" \/>\n<meta property=\"og:image\" content=\"https:\/\/ae01.alicdn.com\/kf\/Safa84b5515744b9f99f12c6cd26d54e4o\/Funda-magn-tica-de-moda-para-Magsafe-cubierta-de-carga-inal-mbrica-de-silicona-suave-transparente.jpg\" \/>\n\t<meta property=\"og:image:width\" content=\"800\" \/>\n\t<meta property=\"og:image:height\" content=\"800\" \/>\n\t<meta property=\"og:image:type\" content=\"image\/jpeg\" \/>\n<meta name=\"twitter:card\" content=\"summary_large_image\" \/>\n<meta name=\"twitter:label1\" content=\"Tiempo de lectura\" \/>\n\t<meta name=\"twitter:data1\" content=\"4 minutos\" \/>\n<script type=\"application\/ld+json\" class=\"yoast-schema-graph\">{\"@context\":\"https:\\\/\\\/schema.org\",\"@graph\":[{\"@type\":\"WebPage\",\"@id\":\"https:\\\/\\\/alllira.com\\\/product\\\/funda-magnetica-de-moda-para-magsafe-cubierta-de-carga-inalambrica-de-silicona-suave-transparente-chapada-para-iphone-14-13-12-1115-pro-max-14-plus\\\/\",\"url\":\"https:\\\/\\\/alllira.com\\\/product\\\/funda-magnetica-de-moda-para-magsafe-cubierta-de-carga-inalambrica-de-silicona-suave-transparente-chapada-para-iphone-14-13-12-1115-pro-max-14-plus\\\/\",\"name\":\"Funda magn\u00e9tica de moda para iPhone 14, 13, 12, 11,15 Pro Max, 14 Plus - Alllira\",\"isPartOf\":{\"@id\":\"https:\\\/\\\/alllira.com\\\/#website\"},\"primaryImageOfPage\":{\"@id\":\"https:\\\/\\\/alllira.com\\\/product\\\/funda-magnetica-de-moda-para-magsafe-cubierta-de-carga-inalambrica-de-silicona-suave-transparente-chapada-para-iphone-14-13-12-1115-pro-max-14-plus\\\/#primaryimage\"},\"image\":{\"@id\":\"https:\\\/\\\/alllira.com\\\/product\\\/funda-magnetica-de-moda-para-magsafe-cubierta-de-carga-inalambrica-de-silicona-suave-transparente-chapada-para-iphone-14-13-12-1115-pro-max-14-plus\\\/#primaryimage\"},\"thumbnailUrl\":\"https:\\\/\\\/ae01.alicdn.com\\\/kf\\\/Safa84b5515744b9f99f12c6cd26d54e4o\\\/Funda-magn-tica-de-moda-para-Magsafe-cubierta-de-carga-inal-mbrica-de-silicona-suave-transparente.jpg\",\"datePublished\":\"2023-11-29T06:13:44+00:00\",\"dateModified\":\"2025-07-22T17:22:34+00:00\",\"breadcrumb\":{\"@id\":\"https:\\\/\\\/alllira.com\\\/product\\\/funda-magnetica-de-moda-para-magsafe-cubierta-de-carga-inalambrica-de-silicona-suave-transparente-chapada-para-iphone-14-13-12-1115-pro-max-14-plus\\\/#breadcrumb\"},\"inLanguage\":\"es\",\"potentialAction\":[{\"@type\":\"ReadAction\",\"target\":[\"https:\\\/\\\/alllira.com\\\/product\\\/funda-magnetica-de-moda-para-magsafe-cubierta-de-carga-inalambrica-de-silicona-suave-transparente-chapada-para-iphone-14-13-12-1115-pro-max-14-plus\\\/\"]}]},{\"@type\":\"ImageObject\",\"inLanguage\":\"es\",\"@id\":\"https:\\\/\\\/alllira.com\\\/product\\\/funda-magnetica-de-moda-para-magsafe-cubierta-de-carga-inalambrica-de-silicona-suave-transparente-chapada-para-iphone-14-13-12-1115-pro-max-14-plus\\\/#primaryimage\",\"url\":\"https:\\\/\\\/ae01.alicdn.com\\\/kf\\\/Safa84b5515744b9f99f12c6cd26d54e4o\\\/Funda-magn-tica-de-moda-para-Magsafe-cubierta-de-carga-inal-mbrica-de-silicona-suave-transparente.jpg\",\"contentUrl\":\"https:\\\/\\\/ae01.alicdn.com\\\/kf\\\/Safa84b5515744b9f99f12c6cd26d54e4o\\\/Funda-magn-tica-de-moda-para-Magsafe-cubierta-de-carga-inal-mbrica-de-silicona-suave-transparente.jpg\",\"width\":800,\"height\":800,\"caption\":\"9161-51fae2.jpg\"},{\"@type\":\"BreadcrumbList\",\"@id\":\"https:\\\/\\\/alllira.com\\\/product\\\/funda-magnetica-de-moda-para-magsafe-cubierta-de-carga-inalambrica-de-silicona-suave-transparente-chapada-para-iphone-14-13-12-1115-pro-max-14-plus\\\/#breadcrumb\",\"itemListElement\":[{\"@type\":\"ListItem\",\"position\":1,\"name\":\"Home\",\"item\":\"https:\\\/\\\/alllira.com\\\/\"},{\"@type\":\"ListItem\",\"position\":2,\"name\":\"Shop\",\"item\":\"https:\\\/\\\/alllira.com\\\/shop\\\/\"},{\"@type\":\"ListItem\",\"position\":3,\"name\":\"Funda magn\u00e9tica de moda para iPhone 14, 13, 12, 11,15 Pro Max, 14 Plus\"}]},{\"@type\":\"WebSite\",\"@id\":\"https:\\\/\\\/alllira.com\\\/#website\",\"url\":\"https:\\\/\\\/alllira.com\\\/\",\"name\":\"Alllira\",\"description\":\"\",\"publisher\":{\"@id\":\"https:\\\/\\\/alllira.com\\\/#organization\"},\"potentialAction\":[{\"@type\":\"SearchAction\",\"target\":{\"@type\":\"EntryPoint\",\"urlTemplate\":\"https:\\\/\\\/alllira.com\\\/?s={search_term_string}\"},\"query-input\":{\"@type\":\"PropertyValueSpecification\",\"valueRequired\":true,\"valueName\":\"search_term_string\"}}],\"inLanguage\":\"es\"},{\"@type\":\"Organization\",\"@id\":\"https:\\\/\\\/alllira.com\\\/#organization\",\"name\":\"Alllira\",\"url\":\"https:\\\/\\\/alllira.com\\\/\",\"logo\":{\"@type\":\"ImageObject\",\"inLanguage\":\"es\",\"@id\":\"https:\\\/\\\/alllira.com\\\/#\\\/schema\\\/logo\\\/image\\\/\",\"url\":\"https:\\\/\\\/alllira.com\\\/wp-content\\\/uploads\\\/2023\\\/11\\\/399982192_122102027870105445_276710788166891880_n.jpg\",\"contentUrl\":\"https:\\\/\\\/alllira.com\\\/wp-content\\\/uploads\\\/2023\\\/11\\\/399982192_122102027870105445_276710788166891880_n.jpg\",\"width\":400,\"height\":400,\"caption\":\"Alllira\"},\"image\":{\"@id\":\"https:\\\/\\\/alllira.com\\\/#\\\/schema\\\/logo\\\/image\\\/\"},\"sameAs\":[\"https:\\\/\\\/www.facebook.com\\\/profile.php?id=61553163366147\"]}]}<\/script>\n<!-- \/ Yoast SEO plugin. -->","yoast_head_json":{"title":"Funda magn\u00e9tica de moda para iPhone 14, 13, 12, 11,15 Pro Max, 14 Plus - Alllira","robots":{"index":"index","follow":"follow","max-snippet":"max-snippet:-1","max-image-preview":"max-image-preview:large","max-video-preview":"max-video-preview:-1"},"canonical":"https:\/\/alllira.com\/es\/producto\/funda-magnetica-de-moda-para-magsafe-cubierta-de-carga-inalambrica-de-silicona-suave-transparente-chapada-para-iphone-14-13-12-1115-pro-max-14-plus\/","og_locale":"es_ES","og_type":"article","og_title":"Funda magn\u00e9tica de moda para iPhone 14, 13, 12, 11,15 Pro Max, 14 Plus - Alllira","og_description":"Funda magn\u00e9tica de moda para iPhone 14 13 12 11 Pro Max 14 Plus chapado transparente funda de carga inal\u00e1mbrica de silicona suave. &nbsp;","og_url":"https:\/\/alllira.com\/es\/producto\/funda-magnetica-de-moda-para-magsafe-cubierta-de-carga-inalambrica-de-silicona-suave-transparente-chapada-para-iphone-14-13-12-1115-pro-max-14-plus\/","og_site_name":"Alllira","article_publisher":"https:\/\/www.facebook.com\/profile.php?id=61553163366147","article_modified_time":"2025-07-22T17:22:34+00:00","og_image":[{"width":800,"height":800,"url":"https:\/\/ae01.alicdn.com\/kf\/Safa84b5515744b9f99f12c6cd26d54e4o\/Funda-magn-tica-de-moda-para-Magsafe-cubierta-de-carga-inal-mbrica-de-silicona-suave-transparente.jpg","type":"image\/jpeg"}],"twitter_card":"summary_large_image","twitter_misc":{"Tiempo de lectura":"4 minutos"},"schema":{"@context":"https:\/\/schema.org","@graph":[{"@type":"WebPage","@id":"https:\/\/alllira.com\/product\/funda-magnetica-de-moda-para-magsafe-cubierta-de-carga-inalambrica-de-silicona-suave-transparente-chapada-para-iphone-14-13-12-1115-pro-max-14-plus\/","url":"https:\/\/alllira.com\/product\/funda-magnetica-de-moda-para-magsafe-cubierta-de-carga-inalambrica-de-silicona-suave-transparente-chapada-para-iphone-14-13-12-1115-pro-max-14-plus\/","name":"Funda magn\u00e9tica de moda para iPhone 14, 13, 12, 11,15 Pro Max, 14 Plus - Alllira","isPartOf":{"@id":"https:\/\/alllira.com\/#website"},"primaryImageOfPage":{"@id":"https:\/\/alllira.com\/product\/funda-magnetica-de-moda-para-magsafe-cubierta-de-carga-inalambrica-de-silicona-suave-transparente-chapada-para-iphone-14-13-12-1115-pro-max-14-plus\/#primaryimage"},"image":{"@id":"https:\/\/alllira.com\/product\/funda-magnetica-de-moda-para-magsafe-cubierta-de-carga-inalambrica-de-silicona-suave-transparente-chapada-para-iphone-14-13-12-1115-pro-max-14-plus\/#primaryimage"},"thumbnailUrl":"https:\/\/ae01.alicdn.com\/kf\/Safa84b5515744b9f99f12c6cd26d54e4o\/Funda-magn-tica-de-moda-para-Magsafe-cubierta-de-carga-inal-mbrica-de-silicona-suave-transparente.jpg","datePublished":"2023-11-29T06:13:44+00:00","dateModified":"2025-07-22T17:22:34+00:00","breadcrumb":{"@id":"https:\/\/alllira.com\/product\/funda-magnetica-de-moda-para-magsafe-cubierta-de-carga-inalambrica-de-silicona-suave-transparente-chapada-para-iphone-14-13-12-1115-pro-max-14-plus\/#breadcrumb"},"inLanguage":"es","potentialAction":[{"@type":"ReadAction","target":["https:\/\/alllira.com\/product\/funda-magnetica-de-moda-para-magsafe-cubierta-de-carga-inalambrica-de-silicona-suave-transparente-chapada-para-iphone-14-13-12-1115-pro-max-14-plus\/"]}]},{"@type":"ImageObject","inLanguage":"es","@id":"https:\/\/alllira.com\/product\/funda-magnetica-de-moda-para-magsafe-cubierta-de-carga-inalambrica-de-silicona-suave-transparente-chapada-para-iphone-14-13-12-1115-pro-max-14-plus\/#primaryimage","url":"https:\/\/ae01.alicdn.com\/kf\/Safa84b5515744b9f99f12c6cd26d54e4o\/Funda-magn-tica-de-moda-para-Magsafe-cubierta-de-carga-inal-mbrica-de-silicona-suave-transparente.jpg","contentUrl":"https:\/\/ae01.alicdn.com\/kf\/Safa84b5515744b9f99f12c6cd26d54e4o\/Funda-magn-tica-de-moda-para-Magsafe-cubierta-de-carga-inal-mbrica-de-silicona-suave-transparente.jpg","width":800,"height":800,"caption":"9161-51fae2.jpg"},{"@type":"BreadcrumbList","@id":"https:\/\/alllira.com\/product\/funda-magnetica-de-moda-para-magsafe-cubierta-de-carga-inalambrica-de-silicona-suave-transparente-chapada-para-iphone-14-13-12-1115-pro-max-14-plus\/#breadcrumb","itemListElement":[{"@type":"ListItem","position":1,"name":"Home","item":"https:\/\/alllira.com\/"},{"@type":"ListItem","position":2,"name":"Shop","item":"https:\/\/alllira.com\/shop\/"},{"@type":"ListItem","position":3,"name":"Funda magn\u00e9tica de moda para iPhone 14, 13, 12, 11,15 Pro Max, 14 Plus"}]},{"@type":"WebSite","@id":"https:\/\/alllira.com\/#website","url":"https:\/\/alllira.com\/","name":"Alllira","description":"","publisher":{"@id":"https:\/\/alllira.com\/#organization"},"potentialAction":[{"@type":"SearchAction","target":{"@type":"EntryPoint","urlTemplate":"https:\/\/alllira.com\/?s={search_term_string}"},"query-input":{"@type":"PropertyValueSpecification","valueRequired":true,"valueName":"search_term_string"}}],"inLanguage":"es"},{"@type":"Organization","@id":"https:\/\/alllira.com\/#organization","name":"Alllira","url":"https:\/\/alllira.com\/","logo":{"@type":"ImageObject","inLanguage":"es","@id":"https:\/\/alllira.com\/#\/schema\/logo\/image\/","url":"https:\/\/alllira.com\/wp-content\/uploads\/2023\/11\/399982192_122102027870105445_276710788166891880_n.jpg","contentUrl":"https:\/\/alllira.com\/wp-content\/uploads\/2023\/11\/399982192_122102027870105445_276710788166891880_n.jpg","width":400,"height":400,"caption":"Alllira"},"image":{"@id":"https:\/\/alllira.com\/#\/schema\/logo\/image\/"},"sameAs":["https:\/\/www.facebook.com\/profile.php?id=61553163366147"]}]}},"jetpack_sharing_enabled":true,"_links":{"self":[{"href":"https:\/\/alllira.com\/es\/wp-json\/wp\/v2\/product\/9161","targetHints":{"allow":["GET"]}}],"collection":[{"href":"https:\/\/alllira.com\/es\/wp-json\/wp\/v2\/product"}],"about":[{"href":"https:\/\/alllira.com\/es\/wp-json\/wp\/v2\/types\/product"}],"replies":[{"embeddable":true,"href":"https:\/\/alllira.com\/es\/wp-json\/wp\/v2\/comments?post=9161"}],"wp:featuredmedia":[{"embeddable":true,"href":"https:\/\/alllira.com\/es\/wp-json\/wp\/v2\/media\/9292"}],"wp:attachment":[{"href":"https:\/\/alllira.com\/es\/wp-json\/wp\/v2\/media?parent=9161"}],"wp:term":[{"taxonomy":"product_brand","embeddable":true,"href":"https:\/\/alllira.com\/es\/wp-json\/wp\/v2\/product_brand?post=9161"},{"taxonomy":"product_cat","embeddable":true,"href":"https:\/\/alllira.com\/es\/wp-json\/wp\/v2\/product_cat?post=9161"},{"taxonomy":"product_tag","embeddable":true,"href":"https:\/\/alllira.com\/es\/wp-json\/wp\/v2\/product_tag?post=9161"}],"curies":[{"name":"wp","href":"https:\/\/api.w.org\/{rel}","templated":true}]}}